{"id":8622,"date":"2020-04-10T10:05:15","date_gmt":"2020-04-10T10:05:15","guid":{"rendered":"https:\/\/demo.goodlayers.com\/canamed\/demo1\/?page_id=8622"},"modified":"2024-06-07T11:03:13","modified_gmt":"2024-06-07T11:03:13","slug":"om-oss","status":"publish","type":"page","link":"https:\/\/ograsmarknad.com\/cs\/om-oss\/","title":{"rendered":"O n\u00e1s"},"content":{"rendered":"","protected":false},"excerpt":{"rendered":"","protected":false},"author":1,"featured_media":0,"parent":0,"menu_order":0,"comment_status":"closed","ping_status":"closed","template":"","meta":{"_joinchat":[],"footnotes":""},"class_list":["post-8622","page","type-page","status-publish","hentry"],"yoast_head":"<!-- This site is optimized with the Yoast SEO plugin v26.3 - https:\/\/yoast.com\/wordpress\/plugins\/seo\/ -->\n<title>K\u00f6p ogr\u00e4s online \u2013 Medicinsk marijuana till salu \u2013 K\u00f6p marijuana<\/title>\n<meta name=\"description\" content=\"K\u00f6p ogr\u00e4s online, Sverige Gr\u00e4s till salu i Europa Marijuana k\u00f6per i Europa Medicinsk marijuana till salu i Europa kan best\u00e4llas online.\" \/>\n<meta name=\"robots\" content=\"index, follow, max-snippet:-1, max-image-preview:large, max-video-preview:-1\" \/>\n<link rel=\"canonical\" href=\"https:\/\/ograsmarknad.com\/cs\/om-oss\/\" \/>\n<meta property=\"og:locale\" content=\"cs_CZ\" \/>\n<meta property=\"og:type\" content=\"article\" \/>\n<meta property=\"og:title\" content=\"K\u00f6p ogr\u00e4s online \u2013 Medicinsk marijuana till salu \u2013 K\u00f6p marijuana\" \/>\n<meta property=\"og:description\" content=\"K\u00f6p ogr\u00e4s online, Sverige Gr\u00e4s till salu i Europa Marijuana k\u00f6per i Europa Medicinsk marijuana till salu i Europa kan best\u00e4llas online.\" \/>\n<meta property=\"og:url\" content=\"https:\/\/ograsmarknad.com\/cs\/om-oss\/\" \/>\n<meta property=\"og:site_name\" content=\"Ogras Marknad\" \/>\n<meta property=\"article:modified_time\" content=\"2024-06-07T11:03:13+00:00\" \/>\n<meta name=\"twitter:card\" content=\"summary_large_image\" \/>\n<meta name=\"twitter:label1\" content=\"Odhadovan\u00e1 doba \u010dten\u00ed\" \/>\n\t<meta name=\"twitter:data1\" content=\"6 minut\" \/>\n<!-- \/ Yoast SEO plugin. -->","yoast_head_json":{"title":"K\u00f6p ogr\u00e4s online \u2013 Medicinsk marijuana till salu \u2013 K\u00f6p marijuana","description":"K\u00f6p ogr\u00e4s online, Sverige Gr\u00e4s till salu i Europa Marijuana k\u00f6per i Europa Medicinsk marijuana till salu i Europa kan best\u00e4llas online.","robots":{"index":"index","follow":"follow","max-snippet":"max-snippet:-1","max-image-preview":"max-image-preview:large","max-video-preview":"max-video-preview:-1"},"canonical":"https:\/\/ograsmarknad.com\/cs\/om-oss\/","og_locale":"cs_CZ","og_type":"article","og_title":"K\u00f6p ogr\u00e4s online \u2013 Medicinsk marijuana till salu \u2013 K\u00f6p marijuana","og_description":"K\u00f6p ogr\u00e4s online, Sverige Gr\u00e4s till salu i Europa Marijuana k\u00f6per i Europa Medicinsk marijuana till salu i Europa kan best\u00e4llas online.","og_url":"https:\/\/ograsmarknad.com\/cs\/om-oss\/","og_site_name":"Ogras Marknad","article_modified_time":"2024-06-07T11:03:13+00:00","twitter_card":"summary_large_image","twitter_misc":{"Odhadovan\u00e1 doba \u010dten\u00ed":"6 minut"},"schema":{"@context":"https:\/\/schema.org","@graph":[{"@type":"WebPage","@id":"https:\/\/ograsmarknad.com\/om-oss\/","url":"https:\/\/ograsmarknad.com\/om-oss\/","name":"K\u00f6p ogr\u00e4s online \u2013 Medicinsk marijuana till salu \u2013 K\u00f6p marijuana","isPartOf":{"@id":"https:\/\/ograsmarknad.com\/#website"},"datePublished":"2020-04-10T10:05:15+00:00","dateModified":"2024-06-07T11:03:13+00:00","description":"K\u00f6p ogr\u00e4s online, Sverige Gr\u00e4s till salu i Europa Marijuana k\u00f6per i Europa Medicinsk marijuana till salu i Europa kan best\u00e4llas online.","breadcrumb":{"@id":"https:\/\/ograsmarknad.com\/om-oss\/#breadcrumb"},"inLanguage":"cs","potentialAction":[{"@type":"ReadAction","target":["https:\/\/ograsmarknad.com\/om-oss\/"]}]},{"@type":"BreadcrumbList","@id":"https:\/\/ograsmarknad.com\/om-oss\/#breadcrumb","itemListElement":[{"@type":"ListItem","position":1,"name":"Home","item":"https:\/\/ograsmarknad.com\/"},{"@type":"ListItem","position":2,"name":"Om Oss"}]},{"@type":"WebSite","@id":"https:\/\/ograsmarknad.com\/#website","url":"https:\/\/ograsmarknad.com\/","name":"Ogras Marknad","description":"Ogras Marknad","potentialAction":[{"@type":"SearchAction","target":{"@type":"EntryPoint","urlTemplate":"https:\/\/ograsmarknad.com\/?s={search_term_string}"},"query-input":{"@type":"PropertyValueSpecification","valueRequired":true,"valueName":"search_term_string"}}],"inLanguage":"cs"}]}},"_links":{"self":[{"href":"https:\/\/ograsmarknad.com\/cs\/wp-json\/wp\/v2\/pages\/8622","targetHints":{"allow":["GET"]}}],"collection":[{"href":"https:\/\/ograsmarknad.com\/cs\/wp-json\/wp\/v2\/pages"}],"about":[{"href":"https:\/\/ograsmarknad.com\/cs\/wp-json\/wp\/v2\/types\/page"}],"author":[{"embeddable":true,"href":"https:\/\/ograsmarknad.com\/cs\/wp-json\/wp\/v2\/users\/1"}],"replies":[{"embeddable":true,"href":"https:\/\/ograsmarknad.com\/cs\/wp-json\/wp\/v2\/comments?post=8622"}],"version-history":[{"count":6,"href":"https:\/\/ograsmarknad.com\/cs\/wp-json\/wp\/v2\/pages\/8622\/revisions"}],"predecessor-version":[{"id":10909,"href":"https:\/\/ograsmarknad.com\/cs\/wp-json\/wp\/v2\/pages\/8622\/revisions\/10909"}],"wp:attachment":[{"href":"https:\/\/ograsmarknad.com\/cs\/wp-json\/wp\/v2\/media?parent=8622"}],"curies":[{"name":"wp","href":"https:\/\/api.w.org\/{rel}","templated":true}]}}