{"id":10211,"date":"2022-08-04T06:11:07","date_gmt":"2022-08-04T06:11:07","guid":{"rendered":"https:\/\/ograsmarknad.com\/?post_type=product&#038;p=10211"},"modified":"2026-03-16T10:51:32","modified_gmt":"2026-03-16T10:51:32","slug":"moroccan-caramello-hash","status":"publish","type":"product","link":"https:\/\/ograsmarknad.com\/cs\/product\/moroccan-caramello-hash\/","title":{"rendered":"Moroccan Caramello Hash"},"content":{"rendered":"","protected":false},"excerpt":{"rendered":"<p>F\u00f6r partihandel kontakta oss p\u00e5<br \/>\nWickr ID: @williamspro<br \/>\neller via Whatsapp<br \/>\n<img loading=\"lazy\" decoding=\"async\" class=\"size-full wp-image-10162 alignleft\" src=\"https:\/\/ograsmarknad.com\/wp-content\/uploads\/2021\/11\/trust.jpg\" alt=\"Trust German\" width=\"300\" height=\"129\" srcset=\"https:\/\/ograsmarknad.com\/wp-content\/uploads\/2021\/11\/trust.jpg 300w, https:\/\/ograsmarknad.com\/wp-content\/uploads\/2021\/11\/trust-18x8.jpg 18w\" sizes=\"auto, (max-width: 300px) 100vw, 300px\" \/><\/p>","protected":false},"featured_media":10215,"comment_status":"open","ping_status":"closed","template":"","meta":{"_joinchat":[]},"product_cat":[72],"product_tag":[],"class_list":{"0":"post-10211","1":"product","2":"type-product","3":"status-publish","4":"has-post-thumbnail","6":"product_cat-hash","8":"first","9":"instock","10":"shipping-taxable","11":"purchasable","12":"product-type-variable"},"yoast_head":"<!-- This site is optimized with the Yoast SEO plugin v26.3 - https:\/\/yoast.com\/wordpress\/plugins\/seo\/ -->\n<title>Marockansk Caramello Hash till salu \u2013 K\u00f6p marockansk Online<\/title>\n<meta name=\"description\" content=\"K\u00f6p marockansk Caramello Hash online fr\u00e5n Ograsmarknad. Marockansk Caramello Hash till salu k\u00e4nd f\u00f6r sin lena konsistens och rika cannabissmak.\" \/>\n<meta name=\"robots\" content=\"index, follow, max-snippet:-1, max-image-preview:large, max-video-preview:-1\" \/>\n<link rel=\"canonical\" href=\"https:\/\/ograsmarknad.com\/cs\/product\/moroccan-caramello-hash\/\" \/>\n<meta property=\"og:locale\" content=\"cs_CZ\" \/>\n<meta property=\"og:type\" content=\"article\" \/>\n<meta property=\"og:title\" content=\"Marockansk Caramello Hash till salu \u2013 K\u00f6p marockansk Online\" \/>\n<meta property=\"og:description\" content=\"K\u00f6p marockansk Caramello Hash online fr\u00e5n Ograsmarknad. Marockansk Caramello Hash till salu k\u00e4nd f\u00f6r sin lena konsistens och rika cannabissmak.\" \/>\n<meta property=\"og:url\" content=\"https:\/\/ograsmarknad.com\/cs\/product\/moroccan-caramello-hash\/\" \/>\n<meta property=\"og:site_name\" content=\"Ogras Marknad\" \/>\n<meta property=\"article:modified_time\" content=\"2026-03-16T10:51:32+00:00\" \/>\n<meta property=\"og:image\" content=\"https:\/\/ograsmarknad.com\/wp-content\/uploads\/2022\/08\/Moroccan-Caramello-Hash.jpg\" \/>\n\t<meta property=\"og:image:width\" content=\"700\" \/>\n\t<meta property=\"og:image:height\" content=\"700\" \/>\n\t<meta property=\"og:image:type\" content=\"image\/jpeg\" \/>\n<meta name=\"twitter:card\" content=\"summary_large_image\" \/>\n<meta name=\"twitter:label1\" content=\"Odhadovan\u00e1 doba \u010dten\u00ed\" \/>\n\t<meta name=\"twitter:data1\" content=\"1 minuta\" \/>\n<!-- \/ Yoast SEO plugin. -->","yoast_head_json":{"title":"Marock\u00fd ha\u0161i\u0161 Caramello na prodej \u2013 Nakupujte marock\u00fd ha\u0161i\u0161 online","description":"Kupte si marock\u00fd ha\u0161i\u0161 Caramello online od Ograsmarknad. Marock\u00fd ha\u0161i\u0161 Caramello je k prodeji zn\u00e1m\u00fd pro svou jemnou texturu a bohatou konopnou chu\u0165.","robots":{"index":"index","follow":"follow","max-snippet":"max-snippet:-1","max-image-preview":"max-image-preview:large","max-video-preview":"max-video-preview:-1"},"canonical":"https:\/\/ograsmarknad.com\/cs\/product\/moroccan-caramello-hash\/","og_locale":"cs_CZ","og_type":"article","og_title":"Marockansk Caramello Hash till salu \u2013 K\u00f6p marockansk Online","og_description":"K\u00f6p marockansk Caramello Hash online fr\u00e5n Ograsmarknad. Marockansk Caramello Hash till salu k\u00e4nd f\u00f6r sin lena konsistens och rika cannabissmak.","og_url":"https:\/\/ograsmarknad.com\/cs\/product\/moroccan-caramello-hash\/","og_site_name":"Ogras Marknad","article_modified_time":"2026-03-16T10:51:32+00:00","og_image":[{"width":700,"height":700,"url":"https:\/\/ograsmarknad.com\/wp-content\/uploads\/2022\/08\/Moroccan-Caramello-Hash.jpg","type":"image\/jpeg"}],"twitter_card":"summary_large_image","twitter_misc":{"Odhadovan\u00e1 doba \u010dten\u00ed":"1 minuta"},"schema":{"@context":"https:\/\/schema.org","@graph":[{"@type":"WebPage","@id":"https:\/\/ograsmarknad.com\/product\/moroccan-caramello-hash\/","url":"https:\/\/ograsmarknad.com\/product\/moroccan-caramello-hash\/","name":"Marock\u00fd ha\u0161i\u0161 Caramello na prodej \u2013 Nakupujte marock\u00fd ha\u0161i\u0161 online","isPartOf":{"@id":"https:\/\/ograsmarknad.com\/#website"},"primaryImageOfPage":{"@id":"https:\/\/ograsmarknad.com\/product\/moroccan-caramello-hash\/#primaryimage"},"image":{"@id":"https:\/\/ograsmarknad.com\/product\/moroccan-caramello-hash\/#primaryimage"},"thumbnailUrl":"https:\/\/ograsmarknad.com\/wp-content\/uploads\/2022\/08\/Moroccan-Caramello-Hash.jpg","datePublished":"2022-08-04T06:11:07+00:00","dateModified":"2026-03-16T10:51:32+00:00","description":"Kupte si marock\u00fd ha\u0161i\u0161 Caramello online od Ograsmarknad. Marock\u00fd ha\u0161i\u0161 Caramello je k prodeji zn\u00e1m\u00fd pro svou jemnou texturu a bohatou konopnou chu\u0165.","breadcrumb":{"@id":"https:\/\/ograsmarknad.com\/product\/moroccan-caramello-hash\/#breadcrumb"},"inLanguage":"cs","potentialAction":[{"@type":"ReadAction","target":["https:\/\/ograsmarknad.com\/product\/moroccan-caramello-hash\/"]}]},{"@type":"ImageObject","inLanguage":"cs","@id":"https:\/\/ograsmarknad.com\/product\/moroccan-caramello-hash\/#primaryimage","url":"https:\/\/ograsmarknad.com\/wp-content\/uploads\/2022\/08\/Moroccan-Caramello-Hash.jpg","contentUrl":"https:\/\/ograsmarknad.com\/wp-content\/uploads\/2022\/08\/Moroccan-Caramello-Hash.jpg","width":700,"height":700,"caption":"Moroccan-Caramello-Hash"},{"@type":"BreadcrumbList","@id":"https:\/\/ograsmarknad.com\/product\/moroccan-caramello-hash\/#breadcrumb","itemListElement":[{"@type":"ListItem","position":1,"name":"Home","item":"https:\/\/ograsmarknad.com\/"},{"@type":"ListItem","position":2,"name":"Shop","item":"https:\/\/ograsmarknad.com\/shop\/"},{"@type":"ListItem","position":3,"name":"Moroccan Caramello Hash"}]},{"@type":"WebSite","@id":"https:\/\/ograsmarknad.com\/#website","url":"https:\/\/ograsmarknad.com\/","name":"Ogras Marknad","description":"Ogras Marknad","potentialAction":[{"@type":"SearchAction","target":{"@type":"EntryPoint","urlTemplate":"https:\/\/ograsmarknad.com\/?s={search_term_string}"},"query-input":{"@type":"PropertyValueSpecification","valueRequired":true,"valueName":"search_term_string"}}],"inLanguage":"cs"}]}},"_links":{"self":[{"href":"https:\/\/ograsmarknad.com\/cs\/wp-json\/wp\/v2\/product\/10211","targetHints":{"allow":["GET"]}}],"collection":[{"href":"https:\/\/ograsmarknad.com\/cs\/wp-json\/wp\/v2\/product"}],"about":[{"href":"https:\/\/ograsmarknad.com\/cs\/wp-json\/wp\/v2\/types\/product"}],"replies":[{"embeddable":true,"href":"https:\/\/ograsmarknad.com\/cs\/wp-json\/wp\/v2\/comments?post=10211"}],"wp:featuredmedia":[{"embeddable":true,"href":"https:\/\/ograsmarknad.com\/cs\/wp-json\/wp\/v2\/media\/10215"}],"wp:attachment":[{"href":"https:\/\/ograsmarknad.com\/cs\/wp-json\/wp\/v2\/media?parent=10211"}],"wp:term":[{"taxonomy":"product_cat","embeddable":true,"href":"https:\/\/ograsmarknad.com\/cs\/wp-json\/wp\/v2\/product_cat?post=10211"},{"taxonomy":"product_tag","embeddable":true,"href":"https:\/\/ograsmarknad.com\/cs\/wp-json\/wp\/v2\/product_tag?post=10211"}],"curies":[{"name":"wp","href":"https:\/\/api.w.org\/{rel}","templated":true}]}}