{"id":10221,"date":"2022-08-04T06:26:34","date_gmt":"2022-08-04T06:26:34","guid":{"rendered":"https:\/\/ograsmarknad.com\/?post_type=product&#038;p=10221"},"modified":"2026-03-16T10:49:01","modified_gmt":"2026-03-16T10:49:01","slug":"tahoe-og-cannabis-oil","status":"publish","type":"product","link":"https:\/\/ograsmarknad.com\/cs\/product\/tahoe-og-cannabis-oil\/","title":{"rendered":"Tahoe OG Cannabis Oil"},"content":{"rendered":"<h2>Kupte si origin\u00e1ln\u00ed konopn\u00fd olej Tahoe online<\/h2>\n<p><a href=\"https:\/\/ograsmarknad.com\/cs\/product\/tahoe-og-cannabis-oil\/\">Tahoe OG Konopn\u00fd olej online<\/a>Tato odr\u016fda konop\u00ed nab\u00edz\u00ed silnou kombinaci indiky zam\u011b\u0159en\u00e9 na t\u011blo a povzn\u00e1\u0161ej\u00edc\u00ed sativy s pom\u011brem sativa\/indika 90:10. Obsahuje a\u017e 20 % THC, tak\u017ee je obzvl\u00e1\u0161t\u011b vhodn\u00e1 pro lidi, kte\u0159\u00ed se cht\u011bj\u00ed c\u00edtit \u0161\u0165astn\u011bj\u0161\u00ed a m\u00e9n\u011b stresovan\u00ed. \u00da\u010dinky oleje jsou prim\u00e1rn\u011b uklid\u0148uj\u00edc\u00ed, a to jak psychicky, tak fyzicky, ale sativa nab\u00edz\u00ed siln\u00fd euforick\u00fd a povzn\u00e1\u0161ej\u00edc\u00ed z\u00e1\u017eitek. Tato odr\u016fda konop\u00ed se \u010dasto pou\u017e\u00edv\u00e1 k l\u00e9\u010db\u011b chronick\u00e9 bolesti, \u00fazkosti, deprese a migr\u00e9n.<\/p>\n<h3>Dal\u0161\u00ed informace o Tahoe OG<\/h3>\n<p>Bylo prok\u00e1z\u00e1no, \u017ee Tahoe OG navozuje relaxaci, \u0161t\u011bst\u00ed, euforii, ospalost a zv\u00fd\u0161en\u00fd hlad.<\/p>\n<p>Podle u\u017eivatel\u016f Tahoe OG zm\u00edr\u0148uje bolest, stres, smutek, nespavost a ztr\u00e1tu chuti k j\u00eddlu.<\/p>\n<p>Nejlep\u0161\u00ed odr\u016fdou pro de\u0161tiv\u00e9 dny je Tahoe OG. Nem\u011bla by se u\u017e\u00edvat t\u011bsn\u011b p\u0159ed odchodem z domu, proto\u017ee je siln\u00e1 a p\u016fsob\u00ed rychle. Tahoe OG je mezi indikov\u00fdmi odr\u016fdami dob\u0159e zn\u00e1m\u00e1 pro svou schopnost zm\u00edr\u0148ovat bolest, nespavost a ztr\u00e1tu chuti k j\u00eddlu. Proto\u017ee zp\u016fsobuje pocity t\u011b\u017ekosti a letargie, je skv\u011bl\u00e9 ji u\u017e\u00edvat ve\u010der. Krom\u011b obvykl\u00fdch v\u00fdhod indiky poskytuje vynikaj\u00edc\u00ed \u0161lecht\u011bn\u00ed Tahoe OG euforick\u00fd, sativa podobn\u00fd \u00fa\u010dinek. Tato odr\u016fda m\u00e1 zemitou citrusovou chu\u0165 a je variantou OG Kush. [Marihuana]<\/p>\n<h3>N\u011bkter\u00e9 z \u00fa\u010dink\u016f hl\u00e1\u0161en\u00fdch u konopn\u00e9ho oleje OG Kush jsou:<\/h3>\n<p>Uvoln\u011bn\u00fd<\/p>\n<p>R\u00e1d<\/p>\n<p>Euforisk<\/p>\n<p>S\u00f6mnig<\/p>\n<p>Hungrig<\/p>\n<h3>Pacienti uv\u00e1d\u011bj\u00ed, \u017ee konopn\u00fd olej OG Kush jim pom\u00e1h\u00e1 vypo\u0159\u00e1dat se s:<\/h3>\n<p>\u00c5ngest<\/p>\n<p>Sm\u00e4rta<\/p>\n<p>S\u00f6mnl\u00f6shet<\/p>\n<p>Depression<\/p>\n<p>Aptitl\u00f6shet<\/p>\n<p>Vikt:<\/p>\n<p>5 ml, 10 ml, 15 ml<\/p>","protected":false},"excerpt":{"rendered":"<p>F\u00f6r partihandel kontakta oss p\u00e5<br \/>\nWickr ID: @williamspro<br \/>\neller via Whatsapp<br \/>\n<img loading=\"lazy\" decoding=\"async\" class=\"size-full wp-image-10162 alignleft\" src=\"https:\/\/ograsmarknad.com\/wp-content\/uploads\/2021\/11\/trust.jpg\" alt=\"Trust German\" width=\"300\" height=\"129\" srcset=\"https:\/\/ograsmarknad.com\/wp-content\/uploads\/2021\/11\/trust.jpg 300w, https:\/\/ograsmarknad.com\/wp-content\/uploads\/2021\/11\/trust-18x8.jpg 18w\" sizes=\"auto, (max-width: 300px) 100vw, 300px\" \/><\/p>","protected":false},"featured_media":10230,"comment_status":"open","ping_status":"closed","template":"","meta":{"_joinchat":[]},"product_cat":[74],"product_tag":[],"class_list":{"0":"post-10221","1":"product","2":"type-product","3":"status-publish","4":"has-post-thumbnail","6":"product_cat-thc-olja","8":"first","9":"instock","10":"shipping-taxable","11":"purchasable","12":"product-type-variable"},"yoast_head":"<!-- This site is optimized with the Yoast SEO plugin v26.3 - https:\/\/yoast.com\/wordpress\/plugins\/seo\/ -->\n<title>Tahoe OG Cannabisolja till salu \u2013 K\u00f6p Tahoe OG Olja Online<\/title>\n<meta name=\"description\" content=\"K\u00f6p Tahoe OG cannabisolja online fr\u00e5n Ograsmarknad. Tahoe OG-olja till salu som ger avslappnande indica-cannabisextrakteffekter.\" \/>\n<meta name=\"robots\" content=\"index, follow, max-snippet:-1, max-image-preview:large, max-video-preview:-1\" \/>\n<link rel=\"canonical\" href=\"https:\/\/ograsmarknad.com\/cs\/product\/tahoe-og-cannabis-oil\/\" \/>\n<meta property=\"og:locale\" content=\"cs_CZ\" \/>\n<meta property=\"og:type\" content=\"article\" \/>\n<meta property=\"og:title\" content=\"Tahoe OG Cannabisolja till salu \u2013 K\u00f6p Tahoe OG Olja Online\" \/>\n<meta property=\"og:description\" content=\"K\u00f6p Tahoe OG cannabisolja online fr\u00e5n Ograsmarknad. Tahoe OG-olja till salu som ger avslappnande indica-cannabisextrakteffekter.\" \/>\n<meta property=\"og:url\" content=\"https:\/\/ograsmarknad.com\/cs\/product\/tahoe-og-cannabis-oil\/\" \/>\n<meta property=\"og:site_name\" content=\"Ogras Marknad\" \/>\n<meta property=\"article:modified_time\" content=\"2026-03-16T10:49:01+00:00\" \/>\n<meta property=\"og:image\" content=\"https:\/\/ograsmarknad.com\/wp-content\/uploads\/2022\/08\/Bubble-Gum-Cannabis-Oil-2.jpg\" \/>\n\t<meta property=\"og:image:width\" content=\"700\" \/>\n\t<meta property=\"og:image:height\" content=\"700\" \/>\n\t<meta property=\"og:image:type\" content=\"image\/jpeg\" \/>\n<meta name=\"twitter:card\" content=\"summary_large_image\" \/>\n<meta name=\"twitter:label1\" content=\"Odhadovan\u00e1 doba \u010dten\u00ed\" \/>\n\t<meta name=\"twitter:data1\" content=\"2 minuty\" \/>\n<!-- \/ Yoast SEO plugin. -->","yoast_head_json":{"title":"Konopn\u00fd olej Tahoe OG na prodej \u2013 Kupte si olej Tahoe OG online","description":"Kupte si konopn\u00fd olej Tahoe OG online od Ograsmarknad. Prodej oleje Tahoe OG, kter\u00fd poskytuje relaxa\u010dn\u00ed \u00fa\u010dinky extraktu z konop\u00ed indika.","robots":{"index":"index","follow":"follow","max-snippet":"max-snippet:-1","max-image-preview":"max-image-preview:large","max-video-preview":"max-video-preview:-1"},"canonical":"https:\/\/ograsmarknad.com\/cs\/product\/tahoe-og-cannabis-oil\/","og_locale":"cs_CZ","og_type":"article","og_title":"Tahoe OG Cannabisolja till salu \u2013 K\u00f6p Tahoe OG Olja Online","og_description":"K\u00f6p Tahoe OG cannabisolja online fr\u00e5n Ograsmarknad. Tahoe OG-olja till salu som ger avslappnande indica-cannabisextrakteffekter.","og_url":"https:\/\/ograsmarknad.com\/cs\/product\/tahoe-og-cannabis-oil\/","og_site_name":"Ogras Marknad","article_modified_time":"2026-03-16T10:49:01+00:00","og_image":[{"width":700,"height":700,"url":"https:\/\/ograsmarknad.com\/wp-content\/uploads\/2022\/08\/Bubble-Gum-Cannabis-Oil-2.jpg","type":"image\/jpeg"}],"twitter_card":"summary_large_image","twitter_misc":{"Odhadovan\u00e1 doba \u010dten\u00ed":"2 minuty"},"schema":{"@context":"https:\/\/schema.org","@graph":[{"@type":"WebPage","@id":"https:\/\/ograsmarknad.com\/product\/tahoe-og-cannabis-oil\/","url":"https:\/\/ograsmarknad.com\/product\/tahoe-og-cannabis-oil\/","name":"Konopn\u00fd olej Tahoe OG na prodej \u2013 Kupte si olej Tahoe OG online","isPartOf":{"@id":"https:\/\/ograsmarknad.com\/#website"},"primaryImageOfPage":{"@id":"https:\/\/ograsmarknad.com\/product\/tahoe-og-cannabis-oil\/#primaryimage"},"image":{"@id":"https:\/\/ograsmarknad.com\/product\/tahoe-og-cannabis-oil\/#primaryimage"},"thumbnailUrl":"https:\/\/ograsmarknad.com\/wp-content\/uploads\/2022\/08\/Bubble-Gum-Cannabis-Oil-2.jpg","datePublished":"2022-08-04T06:26:34+00:00","dateModified":"2026-03-16T10:49:01+00:00","description":"Kupte si konopn\u00fd olej Tahoe OG online od Ograsmarknad. Prodej oleje Tahoe OG, kter\u00fd poskytuje relaxa\u010dn\u00ed \u00fa\u010dinky extraktu z konop\u00ed indika.","breadcrumb":{"@id":"https:\/\/ograsmarknad.com\/product\/tahoe-og-cannabis-oil\/#breadcrumb"},"inLanguage":"cs","potentialAction":[{"@type":"ReadAction","target":["https:\/\/ograsmarknad.com\/product\/tahoe-og-cannabis-oil\/"]}]},{"@type":"ImageObject","inLanguage":"cs","@id":"https:\/\/ograsmarknad.com\/product\/tahoe-og-cannabis-oil\/#primaryimage","url":"https:\/\/ograsmarknad.com\/wp-content\/uploads\/2022\/08\/Bubble-Gum-Cannabis-Oil-2.jpg","contentUrl":"https:\/\/ograsmarknad.com\/wp-content\/uploads\/2022\/08\/Bubble-Gum-Cannabis-Oil-2.jpg","width":700,"height":700,"caption":"Bubble-Gum-Cannabis-Oil"},{"@type":"BreadcrumbList","@id":"https:\/\/ograsmarknad.com\/product\/tahoe-og-cannabis-oil\/#breadcrumb","itemListElement":[{"@type":"ListItem","position":1,"name":"Home","item":"https:\/\/ograsmarknad.com\/"},{"@type":"ListItem","position":2,"name":"Shop","item":"https:\/\/ograsmarknad.com\/shop\/"},{"@type":"ListItem","position":3,"name":"Tahoe OG Cannabis Oil"}]},{"@type":"WebSite","@id":"https:\/\/ograsmarknad.com\/#website","url":"https:\/\/ograsmarknad.com\/","name":"Ogras Marknad","description":"Ogras Marknad","potentialAction":[{"@type":"SearchAction","target":{"@type":"EntryPoint","urlTemplate":"https:\/\/ograsmarknad.com\/?s={search_term_string}"},"query-input":{"@type":"PropertyValueSpecification","valueRequired":true,"valueName":"search_term_string"}}],"inLanguage":"cs"}]}},"_links":{"self":[{"href":"https:\/\/ograsmarknad.com\/cs\/wp-json\/wp\/v2\/product\/10221","targetHints":{"allow":["GET"]}}],"collection":[{"href":"https:\/\/ograsmarknad.com\/cs\/wp-json\/wp\/v2\/product"}],"about":[{"href":"https:\/\/ograsmarknad.com\/cs\/wp-json\/wp\/v2\/types\/product"}],"replies":[{"embeddable":true,"href":"https:\/\/ograsmarknad.com\/cs\/wp-json\/wp\/v2\/comments?post=10221"}],"wp:featuredmedia":[{"embeddable":true,"href":"https:\/\/ograsmarknad.com\/cs\/wp-json\/wp\/v2\/media\/10230"}],"wp:attachment":[{"href":"https:\/\/ograsmarknad.com\/cs\/wp-json\/wp\/v2\/media?parent=10221"}],"wp:term":[{"taxonomy":"product_cat","embeddable":true,"href":"https:\/\/ograsmarknad.com\/cs\/wp-json\/wp\/v2\/product_cat?post=10221"},{"taxonomy":"product_tag","embeddable":true,"href":"https:\/\/ograsmarknad.com\/cs\/wp-json\/wp\/v2\/product_tag?post=10221"}],"curies":[{"name":"wp","href":"https:\/\/api.w.org\/{rel}","templated":true}]}}