{"id":10250,"date":"2022-08-04T06:45:21","date_gmt":"2022-08-04T06:45:21","guid":{"rendered":"https:\/\/ograsmarknad.com\/?post_type=product&#038;p=10250"},"modified":"2026-03-16T10:48:39","modified_gmt":"2026-03-16T10:48:39","slug":"cherry-pie-haschischol","status":"publish","type":"product","link":"https:\/\/ograsmarknad.com\/cs\/product\/cherry-pie-haschischol\/","title":{"rendered":"Cherry Pie Haschisch\u00f6l"},"content":{"rendered":"<p>Varov\u00e1n\u00ed!<\/p>\n<p><strong>Dosering:<\/strong> 6257mg<\/p>\n<p><strong>THC-procent:<\/strong> 75 %<\/p>\n<p><strong>CBD-procent:<\/strong> 3-5%<\/p>\n<p><strong>M\u00e4ngd:<\/strong> 10ml<\/p>\n<p>T\u0159e\u0161\u0148ov\u00fd olej z konop\u00ed m\u00e1 v chuti t\u0159e\u0161\u0148ov\u00e9 t\u00f3ny, je p\u0159\u00edjemn\u00fd a hladk\u00fd na kou\u0159en\u00ed. Jeho textura a barva jsou trochu tekut\u00e9 s tmav\u011b \u010derven\u00fdmi t\u00f3ny. Tento olej obsahuje dobr\u00e9 mno\u017estv\u00ed CBD, pro \u00falevu od chronick\u00e9 bolesti, bolest\u00ed hlavy\/migr\u00e9n a bolest\u00ed zad. Pom\u00e1h\u00e1 tak\u00e9 p\u0159i nespavosti. Hladina THC nen\u00ed p\u0159\u00edli\u0161 vysok\u00e1, je s CBD dob\u0159e vyv\u00e1\u017een\u00e1. T\u0159e\u0161\u0148ov\u00fd olej z konop\u00ed je dobr\u00fd ve\u010dern\u00ed\/no\u010dn\u00ed euforie. T\u0159e\u0161\u0148ov\u00fd olej z konop\u00ed je jednou z nejb\u011b\u017en\u011bj\u0161\u00edch forem konopn\u00e9ho oleje. D\u00edky sv\u00fdm siln\u00fdm l\u00e9\u010div\u00fdm vlastnostem lze T\u0159e\u0161\u0148ov\u00fd olej z konop\u00ed pou\u017e\u00edt jako n\u00e1lev do j\u00eddla, k lok\u00e1ln\u00ed aplikaci nebo k p\u0159\u00edm\u00e9 konzumaci sp\u00e1len\u00edm. T\u0159e\u0161\u0148ov\u00fd olej z konop\u00ed se vyr\u00e1b\u00ed z 99,9 % isopropanolu a nikoli z butanu jako BHO. T\u0159e\u0161\u0148ov\u00fd olej z konop\u00ed m\u00e1 zlatav\u00fd\/na\u010dervenal\u00fd odst\u00edn, kter\u00fd mu d\u00e1v\u00e1 charakteristick\u00fd n\u00e1zev t\u0159e\u0161e\u0148. Tento olej obsahuje v pr\u016fm\u011bru 68\u201375 % THC \u2013 3\u20135 % CBD a obsahuje vysok\u00e9 mno\u017estv\u00ed kanabinoid\u016f a terpen\u016f, kter\u00e9 mu dod\u00e1vaj\u00ed silnou chu\u0165 s vysokou l\u00e9\u010divou hodnotou. THC olej z t\u0159e\u0161\u0148ov\u00e9ho kol\u00e1\u010de lze pro jeho siln\u00e9 l\u00e9\u010div\u00e9 \u00fa\u010dinky pou\u017e\u00edt jako n\u00e1lev z j\u00eddla, k lok\u00e1ln\u00ed aplikaci nebo k p\u0159\u00edm\u00e9 konzumaci p\u00e1len\u00edm.<\/p>","protected":false},"excerpt":{"rendered":"<p>F\u00f6r partihandel kontakta oss p\u00e5<br \/>\nWickr ID: @williamspro<br \/>\neller via Whatsapp<br \/>\n<img loading=\"lazy\" decoding=\"async\" class=\"size-full wp-image-10162 alignleft\" src=\"https:\/\/ograsmarknad.com\/wp-content\/uploads\/2021\/11\/trust.jpg\" alt=\"Trust German\" width=\"300\" height=\"129\" srcset=\"https:\/\/ograsmarknad.com\/wp-content\/uploads\/2021\/11\/trust.jpg 300w, https:\/\/ograsmarknad.com\/wp-content\/uploads\/2021\/11\/trust-18x8.jpg 18w\" sizes=\"auto, (max-width: 300px) 100vw, 300px\" \/><\/p>","protected":false},"featured_media":10254,"comment_status":"open","ping_status":"closed","template":"","meta":{"_joinchat":[]},"product_cat":[79],"product_tag":[],"class_list":{"0":"post-10250","1":"product","2":"type-product","3":"status-publish","4":"has-post-thumbnail","6":"product_cat-hascholjor","8":"first","9":"instock","10":"shipping-taxable","11":"purchasable","12":"product-type-variable"},"yoast_head":"<!-- This site is optimized with the Yoast SEO plugin v26.3 - https:\/\/yoast.com\/wordpress\/plugins\/seo\/ -->\n<title>Cherry Pie Hash Oil till salu \u2013 K\u00f6p Cherry Pie Hash Oil Online<\/title>\n<meta name=\"description\" content=\"K\u00f6p Cherry Pie hasholja online fr\u00e5n Ograsmarknad. Cherry Pie hasholja till salu med s\u00f6t k\u00f6rsb\u00e4rssmak och avslappnande cannabisextrakteffekter.\" \/>\n<meta name=\"robots\" content=\"index, follow, max-snippet:-1, max-image-preview:large, max-video-preview:-1\" \/>\n<link rel=\"canonical\" href=\"https:\/\/ograsmarknad.com\/cs\/product\/cherry-pie-haschischol\/\" \/>\n<meta property=\"og:locale\" content=\"cs_CZ\" \/>\n<meta property=\"og:type\" content=\"article\" \/>\n<meta property=\"og:title\" content=\"Cherry Pie Hash Oil till salu \u2013 K\u00f6p Cherry Pie Hash Oil Online\" \/>\n<meta property=\"og:description\" content=\"K\u00f6p Cherry Pie hasholja online fr\u00e5n Ograsmarknad. Cherry Pie hasholja till salu med s\u00f6t k\u00f6rsb\u00e4rssmak och avslappnande cannabisextrakteffekter.\" \/>\n<meta property=\"og:url\" content=\"https:\/\/ograsmarknad.com\/cs\/product\/cherry-pie-haschischol\/\" \/>\n<meta property=\"og:site_name\" content=\"Ogras Marknad\" \/>\n<meta property=\"article:modified_time\" content=\"2026-03-16T10:48:39+00:00\" \/>\n<meta property=\"og:image\" content=\"https:\/\/ograsmarknad.com\/wp-content\/uploads\/2022\/08\/Cherry-Pie-THC-Hash-Oil.jpg\" \/>\n\t<meta property=\"og:image:width\" content=\"700\" \/>\n\t<meta property=\"og:image:height\" content=\"700\" \/>\n\t<meta property=\"og:image:type\" content=\"image\/jpeg\" \/>\n<meta name=\"twitter:card\" content=\"summary_large_image\" \/>\n<meta name=\"twitter:label1\" content=\"Odhadovan\u00e1 doba \u010dten\u00ed\" \/>\n\t<meta name=\"twitter:data1\" content=\"1 minuta\" \/>\n<!-- \/ Yoast SEO plugin. -->","yoast_head_json":{"title":"T\u0159e\u0161\u0148ov\u00fd ha\u0161i\u0161ov\u00fd olej na prodej - Kupte si t\u0159e\u0161\u0148ov\u00fd ha\u0161i\u0161ov\u00fd olej online","description":"Kupte si ha\u0161i\u0161ov\u00fd olej Cherry Pie online od Ograsmarknad. Ha\u0161i\u0161ov\u00fd olej Cherry Pie k prodeji se sladkou t\u0159e\u0161\u0148ovou p\u0159\u00edchut\u00ed a relaxa\u010dn\u00edmi \u00fa\u010dinky konopn\u00e9ho extraktu.","robots":{"index":"index","follow":"follow","max-snippet":"max-snippet:-1","max-image-preview":"max-image-preview:large","max-video-preview":"max-video-preview:-1"},"canonical":"https:\/\/ograsmarknad.com\/cs\/product\/cherry-pie-haschischol\/","og_locale":"cs_CZ","og_type":"article","og_title":"Cherry Pie Hash Oil till salu \u2013 K\u00f6p Cherry Pie Hash Oil Online","og_description":"K\u00f6p Cherry Pie hasholja online fr\u00e5n Ograsmarknad. Cherry Pie hasholja till salu med s\u00f6t k\u00f6rsb\u00e4rssmak och avslappnande cannabisextrakteffekter.","og_url":"https:\/\/ograsmarknad.com\/cs\/product\/cherry-pie-haschischol\/","og_site_name":"Ogras Marknad","article_modified_time":"2026-03-16T10:48:39+00:00","og_image":[{"width":700,"height":700,"url":"https:\/\/ograsmarknad.com\/wp-content\/uploads\/2022\/08\/Cherry-Pie-THC-Hash-Oil.jpg","type":"image\/jpeg"}],"twitter_card":"summary_large_image","twitter_misc":{"Odhadovan\u00e1 doba \u010dten\u00ed":"1 minuta"},"schema":{"@context":"https:\/\/schema.org","@graph":[{"@type":"WebPage","@id":"https:\/\/ograsmarknad.com\/product\/cherry-pie-haschischol\/","url":"https:\/\/ograsmarknad.com\/product\/cherry-pie-haschischol\/","name":"T\u0159e\u0161\u0148ov\u00fd ha\u0161i\u0161ov\u00fd olej na prodej - Kupte si t\u0159e\u0161\u0148ov\u00fd ha\u0161i\u0161ov\u00fd olej online","isPartOf":{"@id":"https:\/\/ograsmarknad.com\/#website"},"primaryImageOfPage":{"@id":"https:\/\/ograsmarknad.com\/product\/cherry-pie-haschischol\/#primaryimage"},"image":{"@id":"https:\/\/ograsmarknad.com\/product\/cherry-pie-haschischol\/#primaryimage"},"thumbnailUrl":"https:\/\/ograsmarknad.com\/wp-content\/uploads\/2022\/08\/Cherry-Pie-THC-Hash-Oil.jpg","datePublished":"2022-08-04T06:45:21+00:00","dateModified":"2026-03-16T10:48:39+00:00","description":"Kupte si ha\u0161i\u0161ov\u00fd olej Cherry Pie online od Ograsmarknad. Ha\u0161i\u0161ov\u00fd olej Cherry Pie k prodeji se sladkou t\u0159e\u0161\u0148ovou p\u0159\u00edchut\u00ed a relaxa\u010dn\u00edmi \u00fa\u010dinky konopn\u00e9ho extraktu.","breadcrumb":{"@id":"https:\/\/ograsmarknad.com\/product\/cherry-pie-haschischol\/#breadcrumb"},"inLanguage":"cs","potentialAction":[{"@type":"ReadAction","target":["https:\/\/ograsmarknad.com\/product\/cherry-pie-haschischol\/"]}]},{"@type":"ImageObject","inLanguage":"cs","@id":"https:\/\/ograsmarknad.com\/product\/cherry-pie-haschischol\/#primaryimage","url":"https:\/\/ograsmarknad.com\/wp-content\/uploads\/2022\/08\/Cherry-Pie-THC-Hash-Oil.jpg","contentUrl":"https:\/\/ograsmarknad.com\/wp-content\/uploads\/2022\/08\/Cherry-Pie-THC-Hash-Oil.jpg","width":700,"height":700,"caption":"Cherry-Pie-THC-Hash-Oil"},{"@type":"BreadcrumbList","@id":"https:\/\/ograsmarknad.com\/product\/cherry-pie-haschischol\/#breadcrumb","itemListElement":[{"@type":"ListItem","position":1,"name":"Home","item":"https:\/\/ograsmarknad.com\/"},{"@type":"ListItem","position":2,"name":"Shop","item":"https:\/\/ograsmarknad.com\/shop\/"},{"@type":"ListItem","position":3,"name":"Cherry Pie Haschisch\u00f6l"}]},{"@type":"WebSite","@id":"https:\/\/ograsmarknad.com\/#website","url":"https:\/\/ograsmarknad.com\/","name":"Ogras Marknad","description":"Ogras Marknad","potentialAction":[{"@type":"SearchAction","target":{"@type":"EntryPoint","urlTemplate":"https:\/\/ograsmarknad.com\/?s={search_term_string}"},"query-input":{"@type":"PropertyValueSpecification","valueRequired":true,"valueName":"search_term_string"}}],"inLanguage":"cs"}]}},"_links":{"self":[{"href":"https:\/\/ograsmarknad.com\/cs\/wp-json\/wp\/v2\/product\/10250","targetHints":{"allow":["GET"]}}],"collection":[{"href":"https:\/\/ograsmarknad.com\/cs\/wp-json\/wp\/v2\/product"}],"about":[{"href":"https:\/\/ograsmarknad.com\/cs\/wp-json\/wp\/v2\/types\/product"}],"replies":[{"embeddable":true,"href":"https:\/\/ograsmarknad.com\/cs\/wp-json\/wp\/v2\/comments?post=10250"}],"wp:featuredmedia":[{"embeddable":true,"href":"https:\/\/ograsmarknad.com\/cs\/wp-json\/wp\/v2\/media\/10254"}],"wp:attachment":[{"href":"https:\/\/ograsmarknad.com\/cs\/wp-json\/wp\/v2\/media?parent=10250"}],"wp:term":[{"taxonomy":"product_cat","embeddable":true,"href":"https:\/\/ograsmarknad.com\/cs\/wp-json\/wp\/v2\/product_cat?post=10250"},{"taxonomy":"product_tag","embeddable":true,"href":"https:\/\/ograsmarknad.com\/cs\/wp-json\/wp\/v2\/product_tag?post=10250"}],"curies":[{"name":"wp","href":"https:\/\/api.w.org\/{rel}","templated":true}]}}