{"id":10256,"date":"2022-08-04T06:50:13","date_gmt":"2022-08-04T06:50:13","guid":{"rendered":"https:\/\/ograsmarknad.com\/?post_type=product&#038;p=10256"},"modified":"2026-03-16T10:48:29","modified_gmt":"2026-03-16T10:48:29","slug":"holy-grail-og-wax","status":"publish","type":"product","link":"https:\/\/ograsmarknad.com\/cs\/product\/holy-grail-og-wax\/","title":{"rendered":"Holy Grail OG Wax"},"content":{"rendered":"","protected":false},"excerpt":{"rendered":"<p>F\u00f6r partihandel kontakta oss p\u00e5<br \/>\nWickr ID: @williamspro<br \/>\neller via Whatsapp<br \/>\n<img loading=\"lazy\" decoding=\"async\" class=\"size-full wp-image-10162 alignleft\" src=\"https:\/\/ograsmarknad.com\/wp-content\/uploads\/2021\/11\/trust.jpg\" alt=\"Trust German\" width=\"300\" height=\"129\" srcset=\"https:\/\/ograsmarknad.com\/wp-content\/uploads\/2021\/11\/trust.jpg 300w, https:\/\/ograsmarknad.com\/wp-content\/uploads\/2021\/11\/trust-18x8.jpg 18w\" sizes=\"auto, (max-width: 300px) 100vw, 300px\" \/><\/p>","protected":false},"featured_media":10260,"comment_status":"open","ping_status":"closed","template":"","meta":{"_joinchat":[]},"product_cat":[80],"product_tag":[],"class_list":{"0":"post-10256","1":"product","2":"type-product","3":"status-publish","4":"has-post-thumbnail","6":"product_cat-marihuana-wachs-shatter","8":"first","9":"instock","10":"shipping-taxable","11":"purchasable","12":"product-type-variable"},"yoast_head":"<!-- This site is optimized with the Yoast SEO plugin v26.3 - https:\/\/yoast.com\/wordpress\/plugins\/seo\/ -->\n<title>Holy Grail OG Wax till salu \u2013 K\u00f6p Holy Grail OG Wax Online<\/title>\n<meta name=\"description\" content=\"K\u00f6p Holy Grail OG vax online fr\u00e5n Ograsmarknad. Holy Grail OG vax till salu k\u00e4nt f\u00f6r sin starka kush-arom och potenta cannabiskoncentrateffekter.\" \/>\n<meta name=\"robots\" content=\"index, follow, max-snippet:-1, max-image-preview:large, max-video-preview:-1\" \/>\n<link rel=\"canonical\" href=\"https:\/\/ograsmarknad.com\/cs\/product\/holy-grail-og-wax\/\" \/>\n<meta property=\"og:locale\" content=\"cs_CZ\" \/>\n<meta property=\"og:type\" content=\"article\" \/>\n<meta property=\"og:title\" content=\"Holy Grail OG Wax till salu \u2013 K\u00f6p Holy Grail OG Wax Online\" \/>\n<meta property=\"og:description\" content=\"K\u00f6p Holy Grail OG vax online fr\u00e5n Ograsmarknad. Holy Grail OG vax till salu k\u00e4nt f\u00f6r sin starka kush-arom och potenta cannabiskoncentrateffekter.\" \/>\n<meta property=\"og:url\" content=\"https:\/\/ograsmarknad.com\/cs\/product\/holy-grail-og-wax\/\" \/>\n<meta property=\"og:site_name\" content=\"Ogras Marknad\" \/>\n<meta property=\"article:modified_time\" content=\"2026-03-16T10:48:29+00:00\" \/>\n<meta property=\"og:image\" content=\"https:\/\/ograsmarknad.com\/wp-content\/uploads\/2022\/08\/Holy-Grail-OG-Wax.jpg\" \/>\n\t<meta property=\"og:image:width\" content=\"700\" \/>\n\t<meta property=\"og:image:height\" content=\"700\" \/>\n\t<meta property=\"og:image:type\" content=\"image\/jpeg\" \/>\n<meta name=\"twitter:card\" content=\"summary_large_image\" \/>\n<meta name=\"twitter:label1\" content=\"Odhadovan\u00e1 doba \u010dten\u00ed\" \/>\n\t<meta name=\"twitter:data1\" content=\"1 minuta\" \/>\n<!-- \/ Yoast SEO plugin. -->","yoast_head_json":{"title":"Vosk Holy Grail OG na prodej \u2013 Kupte si vosk Holy Grail OG online","description":"Kupte si vosk Holy Grail OG online od Ograsmarknad. Vosk Holy Grail OG k prodeji je zn\u00e1m\u00fd pro sv\u00e9 siln\u00e9 aroma Kush a siln\u00e9 \u00fa\u010dinky konopn\u00e9ho koncentr\u00e1tu.","robots":{"index":"index","follow":"follow","max-snippet":"max-snippet:-1","max-image-preview":"max-image-preview:large","max-video-preview":"max-video-preview:-1"},"canonical":"https:\/\/ograsmarknad.com\/cs\/product\/holy-grail-og-wax\/","og_locale":"cs_CZ","og_type":"article","og_title":"Holy Grail OG Wax till salu \u2013 K\u00f6p Holy Grail OG Wax Online","og_description":"K\u00f6p Holy Grail OG vax online fr\u00e5n Ograsmarknad. Holy Grail OG vax till salu k\u00e4nt f\u00f6r sin starka kush-arom och potenta cannabiskoncentrateffekter.","og_url":"https:\/\/ograsmarknad.com\/cs\/product\/holy-grail-og-wax\/","og_site_name":"Ogras Marknad","article_modified_time":"2026-03-16T10:48:29+00:00","og_image":[{"width":700,"height":700,"url":"https:\/\/ograsmarknad.com\/wp-content\/uploads\/2022\/08\/Holy-Grail-OG-Wax.jpg","type":"image\/jpeg"}],"twitter_card":"summary_large_image","twitter_misc":{"Odhadovan\u00e1 doba \u010dten\u00ed":"1 minuta"},"schema":{"@context":"https:\/\/schema.org","@graph":[{"@type":"WebPage","@id":"https:\/\/ograsmarknad.com\/product\/holy-grail-og-wax\/","url":"https:\/\/ograsmarknad.com\/product\/holy-grail-og-wax\/","name":"Vosk Holy Grail OG na prodej \u2013 Kupte si vosk Holy Grail OG online","isPartOf":{"@id":"https:\/\/ograsmarknad.com\/#website"},"primaryImageOfPage":{"@id":"https:\/\/ograsmarknad.com\/product\/holy-grail-og-wax\/#primaryimage"},"image":{"@id":"https:\/\/ograsmarknad.com\/product\/holy-grail-og-wax\/#primaryimage"},"thumbnailUrl":"https:\/\/ograsmarknad.com\/wp-content\/uploads\/2022\/08\/Holy-Grail-OG-Wax.jpg","datePublished":"2022-08-04T06:50:13+00:00","dateModified":"2026-03-16T10:48:29+00:00","description":"Kupte si vosk Holy Grail OG online od Ograsmarknad. Vosk Holy Grail OG k prodeji je zn\u00e1m\u00fd pro sv\u00e9 siln\u00e9 aroma Kush a siln\u00e9 \u00fa\u010dinky konopn\u00e9ho koncentr\u00e1tu.","breadcrumb":{"@id":"https:\/\/ograsmarknad.com\/product\/holy-grail-og-wax\/#breadcrumb"},"inLanguage":"cs","potentialAction":[{"@type":"ReadAction","target":["https:\/\/ograsmarknad.com\/product\/holy-grail-og-wax\/"]}]},{"@type":"ImageObject","inLanguage":"cs","@id":"https:\/\/ograsmarknad.com\/product\/holy-grail-og-wax\/#primaryimage","url":"https:\/\/ograsmarknad.com\/wp-content\/uploads\/2022\/08\/Holy-Grail-OG-Wax.jpg","contentUrl":"https:\/\/ograsmarknad.com\/wp-content\/uploads\/2022\/08\/Holy-Grail-OG-Wax.jpg","width":700,"height":700,"caption":"Holy-Grail-OG-Wax"},{"@type":"BreadcrumbList","@id":"https:\/\/ograsmarknad.com\/product\/holy-grail-og-wax\/#breadcrumb","itemListElement":[{"@type":"ListItem","position":1,"name":"Home","item":"https:\/\/ograsmarknad.com\/"},{"@type":"ListItem","position":2,"name":"Shop","item":"https:\/\/ograsmarknad.com\/shop\/"},{"@type":"ListItem","position":3,"name":"Holy Grail OG Wax"}]},{"@type":"WebSite","@id":"https:\/\/ograsmarknad.com\/#website","url":"https:\/\/ograsmarknad.com\/","name":"Ogras Marknad","description":"Ogras Marknad","potentialAction":[{"@type":"SearchAction","target":{"@type":"EntryPoint","urlTemplate":"https:\/\/ograsmarknad.com\/?s={search_term_string}"},"query-input":{"@type":"PropertyValueSpecification","valueRequired":true,"valueName":"search_term_string"}}],"inLanguage":"cs"}]}},"_links":{"self":[{"href":"https:\/\/ograsmarknad.com\/cs\/wp-json\/wp\/v2\/product\/10256","targetHints":{"allow":["GET"]}}],"collection":[{"href":"https:\/\/ograsmarknad.com\/cs\/wp-json\/wp\/v2\/product"}],"about":[{"href":"https:\/\/ograsmarknad.com\/cs\/wp-json\/wp\/v2\/types\/product"}],"replies":[{"embeddable":true,"href":"https:\/\/ograsmarknad.com\/cs\/wp-json\/wp\/v2\/comments?post=10256"}],"wp:featuredmedia":[{"embeddable":true,"href":"https:\/\/ograsmarknad.com\/cs\/wp-json\/wp\/v2\/media\/10260"}],"wp:attachment":[{"href":"https:\/\/ograsmarknad.com\/cs\/wp-json\/wp\/v2\/media?parent=10256"}],"wp:term":[{"taxonomy":"product_cat","embeddable":true,"href":"https:\/\/ograsmarknad.com\/cs\/wp-json\/wp\/v2\/product_cat?post=10256"},{"taxonomy":"product_tag","embeddable":true,"href":"https:\/\/ograsmarknad.com\/cs\/wp-json\/wp\/v2\/product_tag?post=10256"}],"curies":[{"name":"wp","href":"https:\/\/api.w.org\/{rel}","templated":true}]}}