{"id":9734,"date":"2021-11-08T08:15:52","date_gmt":"2021-11-08T08:15:52","guid":{"rendered":"https:\/\/ograsmarknad.com\/?post_type=product&#038;p=9734"},"modified":"2026-03-14T06:51:24","modified_gmt":"2026-03-14T06:51:24","slug":"blueberry-kush","status":"publish","type":"product","link":"https:\/\/ograsmarknad.com\/cs\/product\/blueberry-kush\/","title":{"rendered":"Blueberry Kush"},"content":{"rendered":"<h2 style=\"text-align: justify;\">Objednejte si Orange Kush online v Evrop\u011b, \u0160v\u00e9dsku, Finsku, na Alandsk\u00fdch ostrovech, v D\u00e1nsku, Estonsku a Norsku za nejlep\u0161\u00ed ceny je\u0161t\u011b dnes na Ogras Market!<\/h2>\n<p style=\"text-align: justify;\">Detta v\u00e4stkustkors av lugnande bl\u00e5b\u00e4r och v\u00e4lk\u00e4nda OG Kush erbjuder djupt lugna, indica-drivna effekter som kan hj\u00e4lpa till med \u00e4ven den mest envisa s\u00f6mnl\u00f6sheten och sm\u00e4rtlindring. Du kan behandla sm\u00e4rta med Blueberry Kush till salu, ett helt naturligt alternativ till receptbelagda opioider och s\u00f6mntabletter som tidigare h\u00f6ll dig vaken. P\u00e5 <a href=\"https:\/\/ograsmarknad.com\/cs\/\">Ogras Marknad<\/a> hj\u00e4lper vi dig att k\u00f6pa Blueberry Kush online i Europa, Sverige, Finland, \u00c5land, Danmark, Estland, Norge till \u00f6verkomliga priser. L\u00e4gg en best\u00e4llning nu!<\/p>\n<h3 style=\"text-align: justify;\">\u00da\u010dinky<\/h3>\n<p style=\"text-align: justify;\">Innan du somnar kommer <a href=\"https:\/\/ograsmarknad.com\/cs\/product\/blueberry-kush\/\">Blueberry Kush online<\/a> fr\u00e5n v\u00e5r webbutik att f\u00e5 dig att k\u00e4nna dig glad, lugn och lite h\u00f6g. Blueberry Kush cannabis kan bota depression och \u00f6ka stress och sp\u00e4nningar p\u00e5 grund av de medicinska egenskaperna hos CBD och en unik blandning av andra indica cannabinoider. Den l\u00e4tta eufori av denna stam b\u00f6r inte avskr\u00e4cka m\u00e4nniskor som s\u00f6ker medicinsk hj\u00e4lp, eftersom s\u00f6mn snart kommer att f\u00f6lja.<\/p>\n<h3 style=\"text-align: justify;\">L\u00e9ka\u0159sk\u00e9 pou\u017eit\u00ed<\/h3>\n<p style=\"text-align: justify;\">Semena konop\u00ed Blueberry Kush se s vynikaj\u00edc\u00edmi v\u00fdsledky pou\u017e\u00edvaj\u00ed k l\u00e9\u010db\u011b \u00fazkosti a migr\u00e9n, nevolnosti, poruch n\u00e1lady a stav\u016f, jako je ADHD. Tato ovocn\u00e1 odr\u016fda byliny dok\u00e1\u017ee zm\u00edrnit p\u0159\u00edznaky chemoterapie a n\u011bkte\u0159\u00ed lid\u00e9 zji\u0161\u0165uj\u00ed, \u017ee m\u00edrn\u00e9 mno\u017estv\u00ed CBD jim pom\u00e1h\u00e1 vyhnout se k\u0159e\u010d\u00edm a z\u00e1chvat\u016fm.<\/p>\n<h3 style=\"text-align: justify;\">Pro\u010d jsme nejlep\u0161\u00ed volbou pro koupi Blueberry Kush?<\/h3>\n<p style=\"text-align: justify;\">Pot\u00e9, co va\u0161e sem\u00ednka konop\u00ed Blueberry Kush vykl\u00ed\u010d\u00ed, byste m\u011bli pozorovat st\u0159edn\u011b velk\u00e9 rostliny. Pro \u00fasp\u011b\u0161n\u00e9 p\u011bstov\u00e1n\u00ed je zapot\u0159eb\u00ed trochu znalost\u00ed. P\u0159i p\u011bstov\u00e1n\u00ed v interi\u00e9ru by \u0161estit\u00fddenn\u00ed a\u017e dev\u00edtit\u00fddenn\u00ed cyklus kv\u011btu m\u011bl p\u0159in\u00e9st st\u0159edn\u00ed \u00farodu prysky\u0159i\u010dn\u00fdch palic, a\u017e 400 gram\u016f na metr \u010dtvere\u010dn\u00ed.<\/p>\n<p style=\"text-align: justify;\">Venku m\u016f\u017eete za ide\u00e1ln\u00edho po\u010das\u00ed z\u00edskat a\u017e 600 gram\u016f na rostlinu. Ni\u017e\u0161\u00ed v\u00fdnosy jsou mo\u017en\u00e9 v z\u00e1vislosti na podm\u00ednk\u00e1ch, ale pacienti p\u011bstovan\u00ed doma se v\u00edce zaj\u00edmaj\u00ed o siln\u00e9 \u00fa\u010dinky t\u00e9to vynikaj\u00edc\u00ed l\u00e9\u010div\u00e9 odr\u016fdy ne\u017e o velkou \u00farodu.<\/p>\n<p style=\"text-align: justify;\">V Ogras Marknad prod\u00e1v\u00e1me pouze ty nejlep\u0161\u00ed produkty. Semena konop\u00ed Blueberry Kush jsou dal\u0161\u00edm d\u016fkazem na\u0161eho \u00fasil\u00ed o dokonalost. Na\u0161e semena konop\u00ed Blueberry Kush jsou balena do l\u00e9ka\u0159sk\u00fdch sklen\u011bn\u00fdch lahv\u00ed po genetick\u00e9m testov\u00e1n\u00ed v laborato\u0159i a ru\u010dn\u011b vybr\u00e1na p\u0159ed odesl\u00e1n\u00edm. D\u00edky tomu va\u0161e semena z\u016fstanou co nej\u010derstv\u011bj\u0161\u00ed a \u017eivotaschopn\u011bj\u0161\u00ed po co nejdel\u0161\u00ed dobu.<\/p>\n<p style=\"text-align: justify;\">Na\u0161e 90% z\u00e1ruka bakteri\u00ed chr\u00e1n\u00ed ka\u017edou objedn\u00e1vku. M\u00e1te-li jak\u00e9koli dotazy ohledn\u011b tohoto pr\u00e9miov\u00e9ho produktu, kontaktujte pros\u00edm n\u00e1\u0161 profesion\u00e1ln\u00ed a p\u0159\u00e1telsk\u00fd t\u00fdm podpory. Objednejte si Blueberry Kush online v Evrop\u011b, \u0160v\u00e9dsku, Finsku, na \u00c5landsk\u00fdch ostrovech, v D\u00e1nsku, Estonsku a Norsku!<\/p>","protected":false},"excerpt":{"rendered":"<p>For Wholesale please contact us at<br \/>\nWickr ID: @williamspro<br \/>\nor via Whatsapp<br \/>\n<img loading=\"lazy\" decoding=\"async\" class=\"size-full wp-image-10162 alignleft\" src=\"https:\/\/ograsmarknad.com\/wp-content\/uploads\/2021\/11\/trust.jpg\" alt=\"Trust German\" width=\"300\" height=\"129\" srcset=\"https:\/\/ograsmarknad.com\/wp-content\/uploads\/2021\/11\/trust.jpg 300w, https:\/\/ograsmarknad.com\/wp-content\/uploads\/2021\/11\/trust-18x8.jpg 18w\" sizes=\"auto, (max-width: 300px) 100vw, 300px\" \/><\/p>","protected":false},"featured_media":9739,"comment_status":"open","ping_status":"closed","template":"","meta":{"_joinchat":[]},"product_cat":[71],"product_tag":[],"class_list":{"0":"post-9734","1":"product","2":"type-product","3":"status-publish","4":"has-post-thumbnail","6":"product_cat-gras-sw","8":"first","9":"instock","10":"shipping-taxable","11":"purchasable","12":"product-type-variable","13":"has-default-attributes"},"yoast_head":"<!-- This site is optimized with the Yoast SEO plugin v26.3 - https:\/\/yoast.com\/wordpress\/plugins\/seo\/ -->\n<title>Blueberry Kush ogr\u00e4ssort till salu \u2013 K\u00f6p Blueberry Kush online<\/title>\n<meta name=\"description\" content=\"K\u00f6p Blueberry Kush ogr\u00e4ssort online fr\u00e5n Ograsmarknad. Blueberry Kush till salu k\u00e4nd f\u00f6r sin b\u00e4rsmak och djupt avslappnande cannabiseffekter.\" \/>\n<meta name=\"robots\" content=\"index, follow, max-snippet:-1, max-image-preview:large, max-video-preview:-1\" \/>\n<link rel=\"canonical\" href=\"https:\/\/ograsmarknad.com\/cs\/product\/blueberry-kush\/\" \/>\n<meta property=\"og:locale\" content=\"cs_CZ\" \/>\n<meta property=\"og:type\" content=\"article\" \/>\n<meta property=\"og:title\" content=\"Blueberry Kush ogr\u00e4ssort till salu \u2013 K\u00f6p Blueberry Kush online\" \/>\n<meta property=\"og:description\" content=\"K\u00f6p Blueberry Kush ogr\u00e4ssort online fr\u00e5n Ograsmarknad. Blueberry Kush till salu k\u00e4nd f\u00f6r sin b\u00e4rsmak och djupt avslappnande cannabiseffekter.\" \/>\n<meta property=\"og:url\" content=\"https:\/\/ograsmarknad.com\/cs\/product\/blueberry-kush\/\" \/>\n<meta property=\"og:site_name\" content=\"Ogras Marknad\" \/>\n<meta property=\"article:modified_time\" content=\"2026-03-14T06:51:24+00:00\" \/>\n<meta property=\"og:image\" content=\"https:\/\/ograsmarknad.com\/wp-content\/uploads\/2021\/11\/blueberry-kush.jpg\" \/>\n\t<meta property=\"og:image:width\" content=\"600\" \/>\n\t<meta property=\"og:image:height\" content=\"600\" \/>\n\t<meta property=\"og:image:type\" content=\"image\/jpeg\" \/>\n<meta name=\"twitter:card\" content=\"summary_large_image\" \/>\n<meta name=\"twitter:label1\" content=\"Odhadovan\u00e1 doba \u010dten\u00ed\" \/>\n\t<meta name=\"twitter:data1\" content=\"2 minuty\" \/>\n<!-- \/ Yoast SEO plugin. -->","yoast_head_json":{"title":"Odr\u016fda Blueberry Kush na prodej \u2013 Kupte si Blueberry Kush online","description":"Kupte si online odr\u016fdu Blueberry Kush od Ograsmarknad. Blueberry Kush je k prodeji zn\u00e1m\u00e1 pro svou bobulovou chu\u0165 a hluboce relaxa\u010dn\u00ed \u00fa\u010dinky konop\u00ed.","robots":{"index":"index","follow":"follow","max-snippet":"max-snippet:-1","max-image-preview":"max-image-preview:large","max-video-preview":"max-video-preview:-1"},"canonical":"https:\/\/ograsmarknad.com\/cs\/product\/blueberry-kush\/","og_locale":"cs_CZ","og_type":"article","og_title":"Blueberry Kush ogr\u00e4ssort till salu \u2013 K\u00f6p Blueberry Kush online","og_description":"K\u00f6p Blueberry Kush ogr\u00e4ssort online fr\u00e5n Ograsmarknad. Blueberry Kush till salu k\u00e4nd f\u00f6r sin b\u00e4rsmak och djupt avslappnande cannabiseffekter.","og_url":"https:\/\/ograsmarknad.com\/cs\/product\/blueberry-kush\/","og_site_name":"Ogras Marknad","article_modified_time":"2026-03-14T06:51:24+00:00","og_image":[{"width":600,"height":600,"url":"https:\/\/ograsmarknad.com\/wp-content\/uploads\/2021\/11\/blueberry-kush.jpg","type":"image\/jpeg"}],"twitter_card":"summary_large_image","twitter_misc":{"Odhadovan\u00e1 doba \u010dten\u00ed":"2 minuty"},"schema":{"@context":"https:\/\/schema.org","@graph":[{"@type":"WebPage","@id":"https:\/\/ograsmarknad.com\/product\/blueberry-kush\/","url":"https:\/\/ograsmarknad.com\/product\/blueberry-kush\/","name":"Odr\u016fda Blueberry Kush na prodej \u2013 Kupte si Blueberry Kush online","isPartOf":{"@id":"https:\/\/ograsmarknad.com\/#website"},"primaryImageOfPage":{"@id":"https:\/\/ograsmarknad.com\/product\/blueberry-kush\/#primaryimage"},"image":{"@id":"https:\/\/ograsmarknad.com\/product\/blueberry-kush\/#primaryimage"},"thumbnailUrl":"https:\/\/ograsmarknad.com\/wp-content\/uploads\/2021\/11\/blueberry-kush.jpg","datePublished":"2021-11-08T08:15:52+00:00","dateModified":"2026-03-14T06:51:24+00:00","description":"Kupte si online odr\u016fdu Blueberry Kush od Ograsmarknad. Blueberry Kush je k prodeji zn\u00e1m\u00e1 pro svou bobulovou chu\u0165 a hluboce relaxa\u010dn\u00ed \u00fa\u010dinky konop\u00ed.","breadcrumb":{"@id":"https:\/\/ograsmarknad.com\/product\/blueberry-kush\/#breadcrumb"},"inLanguage":"cs","potentialAction":[{"@type":"ReadAction","target":["https:\/\/ograsmarknad.com\/product\/blueberry-kush\/"]}]},{"@type":"ImageObject","inLanguage":"cs","@id":"https:\/\/ograsmarknad.com\/product\/blueberry-kush\/#primaryimage","url":"https:\/\/ograsmarknad.com\/wp-content\/uploads\/2021\/11\/blueberry-kush.jpg","contentUrl":"https:\/\/ograsmarknad.com\/wp-content\/uploads\/2021\/11\/blueberry-kush.jpg","width":600,"height":600,"caption":"blueberry-kush"},{"@type":"BreadcrumbList","@id":"https:\/\/ograsmarknad.com\/product\/blueberry-kush\/#breadcrumb","itemListElement":[{"@type":"ListItem","position":1,"name":"Home","item":"https:\/\/ograsmarknad.com\/"},{"@type":"ListItem","position":2,"name":"Shop","item":"https:\/\/ograsmarknad.com\/shop\/"},{"@type":"ListItem","position":3,"name":"Blueberry Kush"}]},{"@type":"WebSite","@id":"https:\/\/ograsmarknad.com\/#website","url":"https:\/\/ograsmarknad.com\/","name":"Ogras Marknad","description":"Ogras Marknad","potentialAction":[{"@type":"SearchAction","target":{"@type":"EntryPoint","urlTemplate":"https:\/\/ograsmarknad.com\/?s={search_term_string}"},"query-input":{"@type":"PropertyValueSpecification","valueRequired":true,"valueName":"search_term_string"}}],"inLanguage":"cs"}]}},"_links":{"self":[{"href":"https:\/\/ograsmarknad.com\/cs\/wp-json\/wp\/v2\/product\/9734","targetHints":{"allow":["GET"]}}],"collection":[{"href":"https:\/\/ograsmarknad.com\/cs\/wp-json\/wp\/v2\/product"}],"about":[{"href":"https:\/\/ograsmarknad.com\/cs\/wp-json\/wp\/v2\/types\/product"}],"replies":[{"embeddable":true,"href":"https:\/\/ograsmarknad.com\/cs\/wp-json\/wp\/v2\/comments?post=9734"}],"wp:featuredmedia":[{"embeddable":true,"href":"https:\/\/ograsmarknad.com\/cs\/wp-json\/wp\/v2\/media\/9739"}],"wp:attachment":[{"href":"https:\/\/ograsmarknad.com\/cs\/wp-json\/wp\/v2\/media?parent=9734"}],"wp:term":[{"taxonomy":"product_cat","embeddable":true,"href":"https:\/\/ograsmarknad.com\/cs\/wp-json\/wp\/v2\/product_cat?post=9734"},{"taxonomy":"product_tag","embeddable":true,"href":"https:\/\/ograsmarknad.com\/cs\/wp-json\/wp\/v2\/product_tag?post=9734"}],"curies":[{"name":"wp","href":"https:\/\/api.w.org\/{rel}","templated":true}]}}