{"id":9740,"date":"2021-11-08T08:21:35","date_gmt":"2021-11-08T08:21:35","guid":{"rendered":"https:\/\/ograsmarknad.com\/?post_type=product&#038;p=9740"},"modified":"2026-04-08T08:06:50","modified_gmt":"2026-04-08T08:06:50","slug":"cherry-pie","status":"publish","type":"product","link":"https:\/\/ograsmarknad.com\/cs\/product\/cherry-pie\/","title":{"rendered":"Cherry Pie"},"content":{"rendered":"<h2 style=\"text-align: justify;\">Kupte si odr\u016fdu Cherry Pie online ve \u0160v\u00e9dsku, Finsku, na \u00c5landech, v D\u00e1nsku, Estonsku, Norsku za n\u00edzk\u00e9 ceny na Ogras Marknad!<\/h2>\n<p style=\"text-align: justify;\">\n<p data-start=\"138\" data-end=\"646\"><a href=\"https:\/\/ograsmarknad.com\/cs\/product\/cherry-pie\/\">T\u0159e\u0161\u0148ov\u00fd kol\u00e1\u010d na prodej<\/a>, en <strong data-start=\"163\" data-end=\"184\">Cherry Pie-hybrid<\/strong> a <strong data-start=\"189\" data-end=\"215\">indica-dominant hybrid<\/strong>, \u00e4r en mycket indica (upp till 80%) dominerande hybrid. Denna <strong data-start=\"278\" data-end=\"299\">Cherry Pie indica<\/strong> a <strong data-start=\"304\" data-end=\"328\">Cherry Pie-marijuana<\/strong> \u00e4r ocks\u00e5 k\u00e4nd som <strong data-start=\"347\" data-end=\"366\">Cherry Pie Kush<\/strong> och representerar en <strong data-start=\"388\" data-end=\"413\">hybrid marijuana-stam<\/strong> med <strong data-start=\"418\" data-end=\"445\">premium cannabisgenetik<\/strong> och en <strong data-start=\"453\" data-end=\"477\">h\u00f6g THC-cannabisstam<\/strong> profil. Med s\u00e5dana rockstj\u00e4rnef\u00f6r\u00e4ldrar kan man f\u00f6rv\u00e4nta sig att denna stam \u00e4r av h\u00f6gsta kvalitet, och du kommer inte att vara missn\u00f6jd om du k\u00f6per den fr\u00e5n r\u00e4tt k\u00e4lla.<\/p>\n<p data-start=\"648\" data-end=\"1015\">Cherry Kush se vyzna\u010duje sv\u011btle oran\u017eov\u00fdmi chloupky, robustn\u00edmi palicemi a siln\u00fdm aroma. S tmav\u011b zelen\u00fdm st\u0159edem obklopen\u00fdm hust\u00fdmi hn\u011bd\u00fdmi chloupky a krystaly vypad\u00e1 \u00fa\u017easn\u011b. Nov\u00e9 krystaly, kter\u00e9 z\u00e1\u0159\u00ed ve sv\u011btle, m\u016f\u017eete vid\u011bt pouze tehdy, kdy\u017e palici rozlom\u00edte. Kontaktujte n\u00e1s a kupte si Cherry Pie online v Evrop\u011b, \u0160v\u00e9dsku, Finsku, \u00c5landsk\u00fdch ostrovech, D\u00e1nsku, Estonsku a Norsku za dostupn\u00e9 ceny. <a href=\"https:\/\/ograsmarknad.com\/cs\/\"><strong>ograsmarknad<\/strong><\/a><\/p>\n<h3 data-section-id=\"dd1ls4\" data-start=\"1017\" data-end=\"1029\">Pozad\u00ed<\/h3>\n<p data-start=\"1031\" data-end=\"1584\">Grand Daddy Purple korsade med Durban Poison f\u00f6r att skapa Cherry Pie, en <a href=\"https:\/\/www.leafly.com\/strains\/cherry-pie\"><strong data-start=\"1105\" data-end=\"1131\">Durban Poison-korsning<\/strong><\/a> a <strong data-start=\"1136\" data-end=\"1163\">Grandaddy Purple-hybrid<\/strong> som resulterar i en kraftfull <strong data-start=\"1194\" data-end=\"1220\">indica-dominant hybrid<\/strong>. Men den verkliga variationen av denna medicinska marijuana-stam \u00e4r sv\u00e5r att f\u00e5 tag p\u00e5. Det kommer inte att vara sv\u00e5rt att f\u00f6rst\u00e5 att detta \u00e4r den b\u00e4sta stammen. Den har t\u00e4ta knoppar med orange h\u00e5r och en l\u00e4tt lila nyans i sin strukturella struktur. Namnet p\u00e5 denna terapeutiska marijuanakultivar fungerade som inspiration. Cherry Pie har en doft av k\u00f6rsb\u00e4rskaka.<\/p>\n<p data-start=\"1586\" data-end=\"1933\">Patienter med uppenbara symtom p\u00e5 PTSD, \u00e5ngest, bipol\u00e4r sjukdom, migr\u00e4n och andra stressrelaterade st\u00f6rningar \u00e4r mest ben\u00e4gna att anv\u00e4nda det. Denna <strong data-start=\"1735\" data-end=\"1762\">lugnande marijuana-stam<\/strong> ger <a href=\"https:\/\/ograsmarknad.com\/cs\/product\/cherry-pie-haschischol\/\"><strong data-start=\"1767\" data-end=\"1797\">euforiska cannabiseffekter<\/strong>,<\/a> fungerar som <strong data-start=\"1812\" data-end=\"1844\">stresslindring f\u00f6r marijuana<\/strong> och erbjuder en <strong data-start=\"1861\" data-end=\"1888\">avslappnande kroppshigh<\/strong> samt <strong data-start=\"1894\" data-end=\"1921\">mental avslappningsstam<\/strong> upplevelse.<\/p>\n<p data-start=\"1935\" data-end=\"2664\">N\u00e4r det anv\u00e4nds av patienten kan det framkalla torra \u00f6gon och mun. Det kan hj\u00e4lpa dig att k\u00e4nna dig euforisk, slappna av i din kropp och ditt sinne, h\u00f6ja dina k\u00e4nslor och koncentrera ditt t\u00e4nkande, vilket g\u00f6r den till en <strong data-start=\"2156\" data-end=\"2181\">hum\u00f6rh\u00f6jande cannabis<\/strong> a <strong data-start=\"2186\" data-end=\"2212\">fokush\u00f6jande marijuana<\/strong>. Detta kan utan <strong><a href=\"https:\/\/en.wikipedia.org\/wiki\/Cannabis_strain\">tvekan fastst\u00e4lla dess<\/a><\/strong> besparingsf\u00f6rm\u00e5ga f\u00f6r patienter som letar efter n\u00e5got f\u00f6r att lindra muskelstelhet och \u00e5tf\u00f6ljande obehag. Sammanfattningsvis, m\u00e4nniskor f\u00f6redrar denna typ av medicinskt anv\u00e4ndbar marijuana-stam framf\u00f6r alla andra, eftersom den lindrar de ovan n\u00e4mnda syndromen i den mest avslappnande ordningen och fungerar som en <strong data-start=\"2566\" data-end=\"2595\">upplyftande indica-hybrid<\/strong>, och \u00e4ven om sedering kan skapa irritation, \u00e4r f\u00f6rdelen obestridlig.<\/p>\n<p data-start=\"2666\" data-end=\"2887\">Pokud si chcete koupit odr\u016fdu Cherry Pie online, jsme pro v\u00e1s t\u00edm nejlep\u0161\u00edm m\u00edstem. Pod\u011blte se s n\u00e1mi o podrobnosti o va\u0161\u00ed objedn\u00e1vce odr\u016fdy Cherry Pie, kter\u00e1 je k prodeji v Evrop\u011b, \u0160v\u00e9dsku, Finsku, na \u00c5landsk\u00fdch ostrovech, v D\u00e1nsku, Estonsku a Norsku! <a href=\"https:\/\/ograsmarknad.com\/cs\/product\/cherry-pie\/\"><strong>Utforska funktioner<\/strong><\/a><\/p>","protected":false},"excerpt":{"rendered":"<p>For Wholesale please contact us at<br \/>\nWickr ID: @williamspro<br \/>\nor via Whatsapp<br \/>\n<img loading=\"lazy\" decoding=\"async\" class=\"size-full wp-image-10162 alignleft\" src=\"https:\/\/ograsmarknad.com\/wp-content\/uploads\/2021\/11\/trust.jpg\" alt=\"Trust German\" width=\"300\" height=\"129\" srcset=\"https:\/\/ograsmarknad.com\/wp-content\/uploads\/2021\/11\/trust.jpg 300w, https:\/\/ograsmarknad.com\/wp-content\/uploads\/2021\/11\/trust-18x8.jpg 18w\" sizes=\"auto, (max-width: 300px) 100vw, 300px\" \/><\/p>","protected":false},"featured_media":9745,"comment_status":"open","ping_status":"closed","template":"","meta":{"_joinchat":[]},"product_cat":[71],"product_tag":[],"class_list":{"0":"post-9740","1":"product","2":"type-product","3":"status-publish","4":"has-post-thumbnail","6":"product_cat-gras-sw","8":"first","9":"instock","10":"shipping-taxable","11":"purchasable","12":"product-type-variable","13":"has-default-attributes"},"yoast_head":"<!-- This site is optimized with the Yoast SEO plugin v26.3 - https:\/\/yoast.com\/wordpress\/plugins\/seo\/ -->\n<title>Cherry Pie ogr\u00e4ssort till salu \u2013 K\u00f6p Cherry Pie online<\/title>\n<meta name=\"description\" content=\"K\u00f6p Cherry Pie ogr\u00e4ssort online fr\u00e5n Ograsmarknad. Cherry Pie till salu med s\u00f6t k\u00f6rsb\u00e4rssmak och balanserade avslappnande cannabiseffekter.\" \/>\n<meta name=\"robots\" content=\"index, follow, max-snippet:-1, max-image-preview:large, max-video-preview:-1\" \/>\n<link rel=\"canonical\" href=\"https:\/\/ograsmarknad.com\/cs\/product\/cherry-pie\/\" \/>\n<meta property=\"og:locale\" content=\"cs_CZ\" \/>\n<meta property=\"og:type\" content=\"article\" \/>\n<meta property=\"og:title\" content=\"Cherry Pie ogr\u00e4ssort till salu \u2013 K\u00f6p Cherry Pie online\" \/>\n<meta property=\"og:description\" content=\"K\u00f6p Cherry Pie ogr\u00e4ssort online fr\u00e5n Ograsmarknad. Cherry Pie till salu med s\u00f6t k\u00f6rsb\u00e4rssmak och balanserade avslappnande cannabiseffekter.\" \/>\n<meta property=\"og:url\" content=\"https:\/\/ograsmarknad.com\/cs\/product\/cherry-pie\/\" \/>\n<meta property=\"og:site_name\" content=\"Ogras Marknad\" \/>\n<meta property=\"article:modified_time\" content=\"2026-04-08T08:06:50+00:00\" \/>\n<meta property=\"og:image\" content=\"https:\/\/ograsmarknad.com\/wp-content\/uploads\/2021\/11\/cheery-pie.jpg\" \/>\n\t<meta property=\"og:image:width\" content=\"600\" \/>\n\t<meta property=\"og:image:height\" content=\"600\" \/>\n\t<meta property=\"og:image:type\" content=\"image\/jpeg\" \/>\n<meta name=\"twitter:card\" content=\"summary_large_image\" \/>\n<meta name=\"twitter:label1\" content=\"Odhadovan\u00e1 doba \u010dten\u00ed\" \/>\n\t<meta name=\"twitter:data1\" content=\"3 minuty\" \/>\n<!-- \/ Yoast SEO plugin. -->","yoast_head_json":{"title":"Prodej odr\u016fdy Cherry Pie \u2013 Kupte si Cherry Pie online","description":"Kupte si online odr\u016fdu konop\u00ed Cherry Pie od Ograsmarknad. Prod\u00e1v\u00e1 se odr\u016fda Cherry Pie se sladkou t\u0159e\u0161\u0148ovou p\u0159\u00edchut\u00ed a vyv\u00e1\u017een\u00fdmi relaxa\u010dn\u00edmi \u00fa\u010dinky konop\u00ed.","robots":{"index":"index","follow":"follow","max-snippet":"max-snippet:-1","max-image-preview":"max-image-preview:large","max-video-preview":"max-video-preview:-1"},"canonical":"https:\/\/ograsmarknad.com\/cs\/product\/cherry-pie\/","og_locale":"cs_CZ","og_type":"article","og_title":"Cherry Pie ogr\u00e4ssort till salu \u2013 K\u00f6p Cherry Pie online","og_description":"K\u00f6p Cherry Pie ogr\u00e4ssort online fr\u00e5n Ograsmarknad. Cherry Pie till salu med s\u00f6t k\u00f6rsb\u00e4rssmak och balanserade avslappnande cannabiseffekter.","og_url":"https:\/\/ograsmarknad.com\/cs\/product\/cherry-pie\/","og_site_name":"Ogras Marknad","article_modified_time":"2026-04-08T08:06:50+00:00","og_image":[{"width":600,"height":600,"url":"https:\/\/ograsmarknad.com\/wp-content\/uploads\/2021\/11\/cheery-pie.jpg","type":"image\/jpeg"}],"twitter_card":"summary_large_image","twitter_misc":{"Odhadovan\u00e1 doba \u010dten\u00ed":"3 minuty"},"schema":{"@context":"https:\/\/schema.org","@graph":[{"@type":"WebPage","@id":"https:\/\/ograsmarknad.com\/product\/cherry-pie\/","url":"https:\/\/ograsmarknad.com\/product\/cherry-pie\/","name":"Prodej odr\u016fdy Cherry Pie \u2013 Kupte si Cherry Pie online","isPartOf":{"@id":"https:\/\/ograsmarknad.com\/#website"},"primaryImageOfPage":{"@id":"https:\/\/ograsmarknad.com\/product\/cherry-pie\/#primaryimage"},"image":{"@id":"https:\/\/ograsmarknad.com\/product\/cherry-pie\/#primaryimage"},"thumbnailUrl":"https:\/\/ograsmarknad.com\/wp-content\/uploads\/2021\/11\/cheery-pie.jpg","datePublished":"2021-11-08T08:21:35+00:00","dateModified":"2026-04-08T08:06:50+00:00","description":"Kupte si online odr\u016fdu konop\u00ed Cherry Pie od Ograsmarknad. Prod\u00e1v\u00e1 se odr\u016fda Cherry Pie se sladkou t\u0159e\u0161\u0148ovou p\u0159\u00edchut\u00ed a vyv\u00e1\u017een\u00fdmi relaxa\u010dn\u00edmi \u00fa\u010dinky konop\u00ed.","breadcrumb":{"@id":"https:\/\/ograsmarknad.com\/product\/cherry-pie\/#breadcrumb"},"inLanguage":"cs","potentialAction":[{"@type":"ReadAction","target":["https:\/\/ograsmarknad.com\/product\/cherry-pie\/"]}]},{"@type":"ImageObject","inLanguage":"cs","@id":"https:\/\/ograsmarknad.com\/product\/cherry-pie\/#primaryimage","url":"https:\/\/ograsmarknad.com\/wp-content\/uploads\/2021\/11\/cheery-pie.jpg","contentUrl":"https:\/\/ograsmarknad.com\/wp-content\/uploads\/2021\/11\/cheery-pie.jpg","width":600,"height":600,"caption":"cheery-pie"},{"@type":"BreadcrumbList","@id":"https:\/\/ograsmarknad.com\/product\/cherry-pie\/#breadcrumb","itemListElement":[{"@type":"ListItem","position":1,"name":"Home","item":"https:\/\/ograsmarknad.com\/"},{"@type":"ListItem","position":2,"name":"Shop","item":"https:\/\/ograsmarknad.com\/shop\/"},{"@type":"ListItem","position":3,"name":"Cherry Pie"}]},{"@type":"WebSite","@id":"https:\/\/ograsmarknad.com\/#website","url":"https:\/\/ograsmarknad.com\/","name":"Ogras Marknad","description":"Ogras Marknad","potentialAction":[{"@type":"SearchAction","target":{"@type":"EntryPoint","urlTemplate":"https:\/\/ograsmarknad.com\/?s={search_term_string}"},"query-input":{"@type":"PropertyValueSpecification","valueRequired":true,"valueName":"search_term_string"}}],"inLanguage":"cs"}]}},"_links":{"self":[{"href":"https:\/\/ograsmarknad.com\/cs\/wp-json\/wp\/v2\/product\/9740","targetHints":{"allow":["GET"]}}],"collection":[{"href":"https:\/\/ograsmarknad.com\/cs\/wp-json\/wp\/v2\/product"}],"about":[{"href":"https:\/\/ograsmarknad.com\/cs\/wp-json\/wp\/v2\/types\/product"}],"replies":[{"embeddable":true,"href":"https:\/\/ograsmarknad.com\/cs\/wp-json\/wp\/v2\/comments?post=9740"}],"wp:featuredmedia":[{"embeddable":true,"href":"https:\/\/ograsmarknad.com\/cs\/wp-json\/wp\/v2\/media\/9745"}],"wp:attachment":[{"href":"https:\/\/ograsmarknad.com\/cs\/wp-json\/wp\/v2\/media?parent=9740"}],"wp:term":[{"taxonomy":"product_cat","embeddable":true,"href":"https:\/\/ograsmarknad.com\/cs\/wp-json\/wp\/v2\/product_cat?post=9740"},{"taxonomy":"product_tag","embeddable":true,"href":"https:\/\/ograsmarknad.com\/cs\/wp-json\/wp\/v2\/product_tag?post=9740"}],"curies":[{"name":"wp","href":"https:\/\/api.w.org\/{rel}","templated":true}]}}