{"id":9746,"date":"2021-11-08T08:24:29","date_gmt":"2021-11-08T08:24:29","guid":{"rendered":"https:\/\/ograsmarknad.com\/?post_type=product&#038;p=9746"},"modified":"2026-03-14T06:51:06","modified_gmt":"2026-03-14T06:51:06","slug":"hawaiian-snow","status":"publish","type":"product","link":"https:\/\/ograsmarknad.com\/cs\/product\/hawaiian-snow\/","title":{"rendered":"Hawaiian Snow"},"content":{"rendered":"<h2 style=\"text-align: justify;\">Nejlep\u0161\u00ed m\u00edsto pro n\u00e1kup havajsk\u00e9ho sn\u011bhu online ve \u0160v\u00e9dsku, Finsku, na Alandsk\u00fdch ostrovech, v D\u00e1nsku, Estonsku, Norsku za n\u00edzk\u00e9 ceny \u2013 Ogras Marknad!<\/h2>\n<p style=\"text-align: justify;\"><strong>Hawaiian Snow na prodej je \u010dist\u00e1 sativa, kter\u00e1 vyhr\u00e1la mnoho \u0161ampion\u00e1t\u016f a uv\u00e1d\u00ed se, \u017ee m\u00e1 hladinu THC a\u017e 24 %. Vzhledem ke sv\u00fdm siln\u00fdm, mlhav\u00fdm a matouc\u00edm mozkov\u00fdm \u00fa\u010dink\u016fm je tato odr\u016fda klasifikov\u00e1na jako Haze.<\/strong><\/p>\n<p style=\"text-align: justify;\"><a href=\"https:\/\/ograsmarknad.com\/cs\/product\/hawaiian-snow\/\">Hawaiian Snows<\/a> \u010dasto doprov\u00e1z\u00ed energie a originalita. Tyto vlny \u0161t\u011bst\u00ed za\u010d\u00ednaj\u00ed v hlav\u011b a \u0161\u00ed\u0159\u00ed se po cel\u00e9m t\u011ble, uklid\u0148uj\u00ed a uvol\u0148uj\u00ed ho. N\u011bkte\u0159\u00ed u\u017eivatel\u00e9 za\u017e\u00edvaj\u00ed siln\u00e9 okusov\u00e1n\u00ed, zat\u00edmco pro jin\u00e9 jsou mozkov\u00e9 \u00fa\u010dinky siln\u00e9 a vzru\u0161uj\u00edc\u00ed. V\u016fn\u011b t\u00e9to odr\u016fdy zahrnuje borovicov\u00e9 a kv\u011btinov\u00e9 t\u00f3ny. Vatov\u00e9 ty\u010dinky, such\u00e9 o\u010di, dezorientace, psych\u00f3zy nebo strach jsou mo\u017en\u00e9 vedlej\u0161\u00ed \u00fa\u010dinky \u2013 objednejte si Hawaiian Snow online v Evrop\u011b, \u0160v\u00e9dsku, Finsku, na \u00c5landech, v D\u00e1nsku, Estonsku a Norsku hned te\u010f!<\/p>\n<h3 style=\"text-align: justify;\">Nemovitosti<\/h3>\n<p style=\"text-align: justify;\">Havajsk\u00fd sn\u00edh je skv\u011bl\u00fd b\u011bhem dne a \u010dasto se doporu\u010duje lidem ve stresu, \u00fazkosti nebo deprese. Na druhou stranu, fyzick\u00e9 \u00fa\u010dinky mohou pomoci s chronickou bolest\u00ed, jako jsou bolesti kloub\u016f. Z\u00e1n\u011bt lze tak\u00e9 zm\u00edrnit expozic\u00ed. Pacienti ho n\u011bkdy pou\u017e\u00edvaj\u00ed k l\u00e9\u010db\u011b nevolnosti a poruch p\u0159\u00edjmu potravy. Migr\u00e9ny, glaukom, bolesti hlavy a nespavost se j\u00edm l\u00e9\u010d\u00ed v men\u0161\u00ed m\u00ed\u0159e.<\/p>\n<p style=\"text-align: justify;\">Zdrojem odr\u016fdy Hawaiian Snow jsou odr\u016fdy Haze, konkr\u00e9tn\u011b Pure Haze, Hawaiian Haze a Neville\u2019s Haze. Spole\u010dnost Green House Seeds vyvinula odr\u016fdu, kterou lze p\u011bstovat jak uvnit\u0159, tak venku. V interi\u00e9ru mohou tyto rostliny vyn\u00e9st a\u017e 700 gram\u016f na metr \u010dtvere\u010dn\u00ed a kvetou jeden\u00e1ct t\u00fddn\u016f. Na ji\u017en\u00ed polokouli obvykle dozr\u00e1vaj\u00ed kolem \u010dervna. Na severn\u00ed polokouli se p\u011bstuj\u00ed mezi \u0159\u00edjnem a listopadem a mohou vyn\u00e9st a\u017e 1200 gram\u016f na rostlinu.<\/p>\n<h3 style=\"text-align: justify;\">Sd\u00edlejte je\u0161t\u011b dnes podrobnosti o va\u0161\u00ed objedn\u00e1vce!<\/h3>\n<p style=\"text-align: justify;\"><a href=\"https:\/\/ograsmarknad.com\/cs\/\">Ogras Marknad<\/a> je v\u00e1m v\u017edy k dispozici, pokud si chcete koupit havajsk\u00fd sn\u00edh online v Evrop\u011b, \u0160v\u00e9dsku, Finsku, na \u00c5landech, v D\u00e1nsku, Estonsku a Norsku. Va\u0161i objedn\u00e1vku jist\u011b zabal\u00edme a bezpe\u010dn\u011b v\u00e1m ji ode\u0161leme v kr\u00e1tk\u00e9 dob\u011b. M\u016f\u017eete n\u00e1s p\u0159\u00edmo kontaktovat a sd\u011blit n\u00e1m sv\u00e9 po\u017eadavky na Ogras Marknad k prodeji. Jsme tu, abychom v\u00e1m ji doru\u010dili v\u010das. Objednejte si hned te\u010f!<\/p>","protected":false},"excerpt":{"rendered":"<p>For Wholesale please contact us at<br \/>\nWickr ID: @williamspro<br \/>\nor via Whatsapp<br \/>\n<img loading=\"lazy\" decoding=\"async\" class=\"size-full wp-image-10162 alignleft\" src=\"https:\/\/ograsmarknad.com\/wp-content\/uploads\/2021\/11\/trust.jpg\" alt=\"Trust German\" width=\"300\" height=\"129\" srcset=\"https:\/\/ograsmarknad.com\/wp-content\/uploads\/2021\/11\/trust.jpg 300w, https:\/\/ograsmarknad.com\/wp-content\/uploads\/2021\/11\/trust-18x8.jpg 18w\" sizes=\"auto, (max-width: 300px) 100vw, 300px\" \/><\/p>","protected":false},"featured_media":9751,"comment_status":"open","ping_status":"closed","template":"","meta":{"_joinchat":[]},"product_cat":[71],"product_tag":[],"class_list":{"0":"post-9746","1":"product","2":"type-product","3":"status-publish","4":"has-post-thumbnail","6":"product_cat-gras-sw","8":"first","9":"instock","10":"shipping-taxable","11":"purchasable","12":"product-type-variable","13":"has-default-attributes"},"yoast_head":"<!-- This site is optimized with the Yoast SEO plugin v26.3 - https:\/\/yoast.com\/wordpress\/plugins\/seo\/ -->\n<title>Hawaiian Snow ogr\u00e4ssort till salu \u2013 K\u00f6p Hawaiian Snow online<\/title>\n<meta name=\"description\" content=\"K\u00f6p Hawaiian Snow ogr\u00e4ssort online fr\u00e5n Ograsmarknad. Hawaiian Snow till salu k\u00e4nd f\u00f6r sina upplyftande sativaeffekter och tropiska cannabisarom.\" \/>\n<meta name=\"robots\" content=\"index, follow, max-snippet:-1, max-image-preview:large, max-video-preview:-1\" \/>\n<link rel=\"canonical\" href=\"https:\/\/ograsmarknad.com\/cs\/product\/hawaiian-snow\/\" \/>\n<meta property=\"og:locale\" content=\"cs_CZ\" \/>\n<meta property=\"og:type\" content=\"article\" \/>\n<meta property=\"og:title\" content=\"Hawaiian Snow ogr\u00e4ssort till salu \u2013 K\u00f6p Hawaiian Snow online\" \/>\n<meta property=\"og:description\" content=\"K\u00f6p Hawaiian Snow ogr\u00e4ssort online fr\u00e5n Ograsmarknad. Hawaiian Snow till salu k\u00e4nd f\u00f6r sina upplyftande sativaeffekter och tropiska cannabisarom.\" \/>\n<meta property=\"og:url\" content=\"https:\/\/ograsmarknad.com\/cs\/product\/hawaiian-snow\/\" \/>\n<meta property=\"og:site_name\" content=\"Ogras Marknad\" \/>\n<meta property=\"article:modified_time\" content=\"2026-03-14T06:51:06+00:00\" \/>\n<meta property=\"og:image\" content=\"https:\/\/ograsmarknad.com\/wp-content\/uploads\/2021\/11\/hawaiian-snow.jpg\" \/>\n\t<meta property=\"og:image:width\" content=\"600\" \/>\n\t<meta property=\"og:image:height\" content=\"600\" \/>\n\t<meta property=\"og:image:type\" content=\"image\/jpeg\" \/>\n<meta name=\"twitter:card\" content=\"summary_large_image\" \/>\n<meta name=\"twitter:label1\" content=\"Odhadovan\u00e1 doba \u010dten\u00ed\" \/>\n\t<meta name=\"twitter:data1\" content=\"2 minuty\" \/>\n<!-- \/ Yoast SEO plugin. -->","yoast_head_json":{"title":"Prodej odr\u016fdy Hawaiian Snow \u2013 Kupte si Hawaiian Snow online","description":"Kupte si online odr\u016fdu konop\u00ed Hawaiian Snow na Weed Market. Hawaiian Snow je k prodeji zn\u00e1m\u00e1 pro sv\u00e9 povzn\u00e1\u0161ej\u00edc\u00ed sativa \u00fa\u010dinky a tropick\u00e9 konopn\u00e9 aroma.","robots":{"index":"index","follow":"follow","max-snippet":"max-snippet:-1","max-image-preview":"max-image-preview:large","max-video-preview":"max-video-preview:-1"},"canonical":"https:\/\/ograsmarknad.com\/cs\/product\/hawaiian-snow\/","og_locale":"cs_CZ","og_type":"article","og_title":"Hawaiian Snow ogr\u00e4ssort till salu \u2013 K\u00f6p Hawaiian Snow online","og_description":"K\u00f6p Hawaiian Snow ogr\u00e4ssort online fr\u00e5n Ograsmarknad. Hawaiian Snow till salu k\u00e4nd f\u00f6r sina upplyftande sativaeffekter och tropiska cannabisarom.","og_url":"https:\/\/ograsmarknad.com\/cs\/product\/hawaiian-snow\/","og_site_name":"Ogras Marknad","article_modified_time":"2026-03-14T06:51:06+00:00","og_image":[{"width":600,"height":600,"url":"https:\/\/ograsmarknad.com\/wp-content\/uploads\/2021\/11\/hawaiian-snow.jpg","type":"image\/jpeg"}],"twitter_card":"summary_large_image","twitter_misc":{"Odhadovan\u00e1 doba \u010dten\u00ed":"2 minuty"},"schema":{"@context":"https:\/\/schema.org","@graph":[{"@type":"WebPage","@id":"https:\/\/ograsmarknad.com\/product\/hawaiian-snow\/","url":"https:\/\/ograsmarknad.com\/product\/hawaiian-snow\/","name":"Prodej odr\u016fdy Hawaiian Snow \u2013 Kupte si Hawaiian Snow online","isPartOf":{"@id":"https:\/\/ograsmarknad.com\/#website"},"primaryImageOfPage":{"@id":"https:\/\/ograsmarknad.com\/product\/hawaiian-snow\/#primaryimage"},"image":{"@id":"https:\/\/ograsmarknad.com\/product\/hawaiian-snow\/#primaryimage"},"thumbnailUrl":"https:\/\/ograsmarknad.com\/wp-content\/uploads\/2021\/11\/hawaiian-snow.jpg","datePublished":"2021-11-08T08:24:29+00:00","dateModified":"2026-03-14T06:51:06+00:00","description":"Kupte si online odr\u016fdu konop\u00ed Hawaiian Snow na Weed Market. Hawaiian Snow je k prodeji zn\u00e1m\u00e1 pro sv\u00e9 povzn\u00e1\u0161ej\u00edc\u00ed sativa \u00fa\u010dinky a tropick\u00e9 konopn\u00e9 aroma.","breadcrumb":{"@id":"https:\/\/ograsmarknad.com\/product\/hawaiian-snow\/#breadcrumb"},"inLanguage":"cs","potentialAction":[{"@type":"ReadAction","target":["https:\/\/ograsmarknad.com\/product\/hawaiian-snow\/"]}]},{"@type":"ImageObject","inLanguage":"cs","@id":"https:\/\/ograsmarknad.com\/product\/hawaiian-snow\/#primaryimage","url":"https:\/\/ograsmarknad.com\/wp-content\/uploads\/2021\/11\/hawaiian-snow.jpg","contentUrl":"https:\/\/ograsmarknad.com\/wp-content\/uploads\/2021\/11\/hawaiian-snow.jpg","width":600,"height":600,"caption":"hawaiian-snow"},{"@type":"BreadcrumbList","@id":"https:\/\/ograsmarknad.com\/product\/hawaiian-snow\/#breadcrumb","itemListElement":[{"@type":"ListItem","position":1,"name":"Home","item":"https:\/\/ograsmarknad.com\/"},{"@type":"ListItem","position":2,"name":"Shop","item":"https:\/\/ograsmarknad.com\/shop\/"},{"@type":"ListItem","position":3,"name":"Hawaiian Snow"}]},{"@type":"WebSite","@id":"https:\/\/ograsmarknad.com\/#website","url":"https:\/\/ograsmarknad.com\/","name":"Ogras Marknad","description":"Ogras Marknad","potentialAction":[{"@type":"SearchAction","target":{"@type":"EntryPoint","urlTemplate":"https:\/\/ograsmarknad.com\/?s={search_term_string}"},"query-input":{"@type":"PropertyValueSpecification","valueRequired":true,"valueName":"search_term_string"}}],"inLanguage":"cs"}]}},"_links":{"self":[{"href":"https:\/\/ograsmarknad.com\/cs\/wp-json\/wp\/v2\/product\/9746","targetHints":{"allow":["GET"]}}],"collection":[{"href":"https:\/\/ograsmarknad.com\/cs\/wp-json\/wp\/v2\/product"}],"about":[{"href":"https:\/\/ograsmarknad.com\/cs\/wp-json\/wp\/v2\/types\/product"}],"replies":[{"embeddable":true,"href":"https:\/\/ograsmarknad.com\/cs\/wp-json\/wp\/v2\/comments?post=9746"}],"wp:featuredmedia":[{"embeddable":true,"href":"https:\/\/ograsmarknad.com\/cs\/wp-json\/wp\/v2\/media\/9751"}],"wp:attachment":[{"href":"https:\/\/ograsmarknad.com\/cs\/wp-json\/wp\/v2\/media?parent=9746"}],"wp:term":[{"taxonomy":"product_cat","embeddable":true,"href":"https:\/\/ograsmarknad.com\/cs\/wp-json\/wp\/v2\/product_cat?post=9746"},{"taxonomy":"product_tag","embeddable":true,"href":"https:\/\/ograsmarknad.com\/cs\/wp-json\/wp\/v2\/product_tag?post=9746"}],"curies":[{"name":"wp","href":"https:\/\/api.w.org\/{rel}","templated":true}]}}