{"id":9752,"date":"2021-11-08T08:26:11","date_gmt":"2021-11-08T08:26:11","guid":{"rendered":"https:\/\/ograsmarknad.com\/?post_type=product&#038;p=9752"},"modified":"2026-03-14T06:50:54","modified_gmt":"2026-03-14T06:50:54","slug":"lemon-haze","status":"publish","type":"product","link":"https:\/\/ograsmarknad.com\/cs\/product\/lemon-haze\/","title":{"rendered":"Lemon Haze"},"content":{"rendered":"<h2 style=\"text-align: justify;\">Kupte si Lemon Haze online ve \u0160v\u00e9dsku, Finsku, na \u00c5landsk\u00fdch ostrovech, v D\u00e1nsku, Estonsku a Norsku za nejlep\u0161\u00ed ceny na Ogras Marknad!<\/h2>\n<p style=\"text-align: justify;\"><a href=\"https:\/\/ograsmarknad.com\/cs\/product\/lemon-haze\/\">Citr\u00f3nov\u00fd opar na prodej<\/a> je kalifornsk\u00e1 odr\u016fda s pevn\u00fdmi ko\u0159eny v konopn\u00e9 kultu\u0159e z\u00e1padn\u00edho pob\u0159e\u017e\u00ed. Silver Haze a Lemon Skunk byly zk\u0159\u00ed\u017eeny, aby vznikl tento rozko\u0161n\u00fd hybrid s p\u0159evahou Sativy. V\u00fdrazn\u00e1 kysel\u00e1, citrusov\u00e1 a borovicov\u00e1 v\u016fn\u011b a chu\u0165 v kombinaci s veselou a povzn\u00e1\u0161ej\u00edc\u00ed povahou odr\u016fdy z n\u00ed ud\u011blaly celosv\u011btov\u00fd favorit. Kupte si Lemon Haze online v Evrop\u011b, \u0160v\u00e9dsku, Finsku, na \u00c5landech, v D\u00e1nsku, Estonsku a Norsku v na\u0161em internetov\u00e9m obchod\u011b je\u0161t\u011b dnes!<\/p>\n<h3 style=\"text-align: justify;\">Genetika<\/h3>\n<p style=\"text-align: justify;\">Tato odr\u016fda konop\u00ed byla zk\u0159\u00ed\u017eena odr\u016fdami Lemon Skunk a Super Silver Haze.<\/p>\n<h3 style=\"text-align: justify;\">\u00da\u010dinky citronov\u00e9ho oparu<\/h3>\n<p style=\"text-align: justify;\">Laboratorn\u00ed testy ukazuj\u00ed \u00fa\u010dinnost t\u00e9to odr\u016fdy pro tento perfektn\u00ed hybrid. Tato odr\u016fda m\u00e1 pr\u016fm\u011brn\u00fd obsah THC 15-18 %, co\u017e je na hybrid s dominanc\u00ed Sativy pom\u011brn\u011b vysok\u00e9. Siln\u00fd pom\u011br THC a n\u00edzk\u00fd pom\u011br CBD (1 % CBD) u Lemon Haze vytv\u00e1\u0159\u00ed vzru\u0161uj\u00edc\u00ed, psychedelick\u00fd pocit pln\u00fd \u0161\u0165astn\u00fdch vibrac\u00ed a \u00fasm\u011bv\u016f.<\/p>\n<p style=\"text-align: justify;\">D\u00edky sv\u00fdm povzn\u00e1\u0161ej\u00edc\u00edm vlastnostem je tato odr\u016fda vynikaj\u00edc\u00ed pro l\u00e9\u010dbu \u00fazkosti, deprese a celkov\u00e9ho stresu z ka\u017edodenn\u00edho \u017eivota. D\u00edky tomu je v\u00fdbornou odr\u016fdou pro celodenn\u00ed u\u017e\u00edv\u00e1n\u00ed, proto\u017ee napom\u00e1h\u00e1 soust\u0159ed\u011bn\u00ed a podporuje spole\u010densk\u00e9 zapojen\u00ed. Analgetick\u00e9 a sedativn\u00ed \u00fa\u010dinky jsou m\u00edrn\u00e9, co\u017e je typick\u00e9 pro odr\u016fdy s p\u0159evahou Sativy.<\/p>\n<h3 style=\"text-align: justify;\">Vzhled a v\u016fn\u011b<\/h3>\n<p style=\"text-align: justify;\">Nejv\u00fdrazn\u011bj\u0161\u00edm rysem Lemon Haze je jeho l\u00e1kav\u00e1 v\u016fn\u011b, p\u0159ipom\u00ednaj\u00edc\u00ed \u010derstv\u011b vyma\u010dkanou limon\u00e1du \u2013 \u0161\u0165avnat\u00e1 citrusov\u00e1 k\u016fra se m\u00eds\u00ed se sladk\u00fdm, borovicov\u00fdm podt\u00f3nem a vytv\u00e1\u0159\u00ed p\u0159\u00edjemnou v\u016fni. Ku\u017eelovit\u00e9 pupeny jsou hust\u011b uspo\u0159\u00e1d\u00e1ny a maj\u00ed na sob\u011b mnoho viditeln\u00fdch, nad\u00fdchan\u00fdch trichom\u016f. N\u011bkolik sv\u011btle oran\u017eov\u00fdch pest\u00edk\u016f se \u00fahledn\u011b vm\u011bstn\u00e1v\u00e1 do sv\u011btle zelen\u00fdch kv\u011bt\u016f a kdy\u017e se rozpadnou, pupeny uvoln\u00ed je\u0161t\u011b v\u00edce THC.<\/p>\n<p style=\"text-align: justify;\">Tato odr\u016fda marihuany zp\u016fsobuje mozkovou euforii n\u00e1sledovanou pocitem p\u0159is\u00e1t\u00ed k gau\u010di. Zvy\u0161uje hladinu energie, sm\u00edch, soci\u00e1ln\u00ed vazby, \u00falevu od stresu, smutku a nevolnosti, m\u00e1 m\u00edrn\u00e9 \u00fa\u010dinky proti bolesti a stimuluje hlad.<\/p>\n<p style=\"text-align: justify;\"><a href=\"https:\/\/ograsmarknad.com\/cs\/\">Kontaktujte n\u00e1s<\/a> v Ogras Marknad a sd\u011blte n\u00e1m podrobnosti o va\u0161\u00ed objedn\u00e1vce Lemon Haze k prodeji za dostupn\u00e9 ceny. Objednejte si Lemon Haze online v Evrop\u011b, \u0160v\u00e9dsku, Finsku, na \u00c5landsk\u00fdch ostrovech, v D\u00e1nsku, Estonsku a Norsku hned te\u010f!<\/p>","protected":false},"excerpt":{"rendered":"<p>For Wholesale please contact us at<br \/>\nWickr ID: @williamspro<br \/>\nor via Whatsapp<br \/>\n<img loading=\"lazy\" decoding=\"async\" class=\"size-full wp-image-10162 alignleft\" src=\"https:\/\/ograsmarknad.com\/wp-content\/uploads\/2021\/11\/trust.jpg\" alt=\"Trust German\" width=\"300\" height=\"129\" srcset=\"https:\/\/ograsmarknad.com\/wp-content\/uploads\/2021\/11\/trust.jpg 300w, https:\/\/ograsmarknad.com\/wp-content\/uploads\/2021\/11\/trust-18x8.jpg 18w\" sizes=\"auto, (max-width: 300px) 100vw, 300px\" \/><\/p>","protected":false},"featured_media":9757,"comment_status":"open","ping_status":"closed","template":"","meta":{"_joinchat":[]},"product_cat":[71],"product_tag":[],"class_list":{"0":"post-9752","1":"product","2":"type-product","3":"status-publish","4":"has-post-thumbnail","6":"product_cat-gras-sw","8":"first","9":"instock","10":"shipping-taxable","11":"purchasable","12":"product-type-variable","13":"has-default-attributes"},"yoast_head":"<!-- This site is optimized with the Yoast SEO plugin v26.3 - https:\/\/yoast.com\/wordpress\/plugins\/seo\/ -->\n<title>Lemon Haze ogr\u00e4ssort till salu \u2013 K\u00f6p Lemon Haze online<\/title>\n<meta name=\"description\" content=\"K\u00f6p Lemon Haze ogr\u00e4ssort online fr\u00e5n Ograsmarknad. Lemon Haze till salu med citruscitronsmak och upplyftande energiska cannabiseffekter.\" \/>\n<meta name=\"robots\" content=\"index, follow, max-snippet:-1, max-image-preview:large, max-video-preview:-1\" \/>\n<link rel=\"canonical\" href=\"https:\/\/ograsmarknad.com\/cs\/product\/lemon-haze\/\" \/>\n<meta property=\"og:locale\" content=\"cs_CZ\" \/>\n<meta property=\"og:type\" content=\"article\" \/>\n<meta property=\"og:title\" content=\"Lemon Haze ogr\u00e4ssort till salu \u2013 K\u00f6p Lemon Haze online\" \/>\n<meta property=\"og:description\" content=\"K\u00f6p Lemon Haze ogr\u00e4ssort online fr\u00e5n Ograsmarknad. Lemon Haze till salu med citruscitronsmak och upplyftande energiska cannabiseffekter.\" \/>\n<meta property=\"og:url\" content=\"https:\/\/ograsmarknad.com\/cs\/product\/lemon-haze\/\" \/>\n<meta property=\"og:site_name\" content=\"Ogras Marknad\" \/>\n<meta property=\"article:modified_time\" content=\"2026-03-14T06:50:54+00:00\" \/>\n<meta property=\"og:image\" content=\"https:\/\/ograsmarknad.com\/wp-content\/uploads\/2021\/11\/lemon-haze.jpg\" \/>\n\t<meta property=\"og:image:width\" content=\"600\" \/>\n\t<meta property=\"og:image:height\" content=\"600\" \/>\n\t<meta property=\"og:image:type\" content=\"image\/jpeg\" \/>\n<meta name=\"twitter:card\" content=\"summary_large_image\" \/>\n<meta name=\"twitter:label1\" content=\"Odhadovan\u00e1 doba \u010dten\u00ed\" \/>\n\t<meta name=\"twitter:data1\" content=\"2 minuty\" \/>\n<!-- \/ Yoast SEO plugin. -->","yoast_head_json":{"title":"Prodej odr\u016fdy Lemon Haze \u2013 Kupte si Lemon Haze online","description":"Kupte si online odrodu konop\u00ed Lemon Haze od Ograsmarknad. Lemon Haze na prodej s citrusovou citronovou p\u0159\u00edchut\u00ed a povzn\u00e1\u0161ej\u00edc\u00edmi energick\u00fdmi \u00fa\u010dinky konop\u00ed.","robots":{"index":"index","follow":"follow","max-snippet":"max-snippet:-1","max-image-preview":"max-image-preview:large","max-video-preview":"max-video-preview:-1"},"canonical":"https:\/\/ograsmarknad.com\/cs\/product\/lemon-haze\/","og_locale":"cs_CZ","og_type":"article","og_title":"Lemon Haze ogr\u00e4ssort till salu \u2013 K\u00f6p Lemon Haze online","og_description":"K\u00f6p Lemon Haze ogr\u00e4ssort online fr\u00e5n Ograsmarknad. Lemon Haze till salu med citruscitronsmak och upplyftande energiska cannabiseffekter.","og_url":"https:\/\/ograsmarknad.com\/cs\/product\/lemon-haze\/","og_site_name":"Ogras Marknad","article_modified_time":"2026-03-14T06:50:54+00:00","og_image":[{"width":600,"height":600,"url":"https:\/\/ograsmarknad.com\/wp-content\/uploads\/2021\/11\/lemon-haze.jpg","type":"image\/jpeg"}],"twitter_card":"summary_large_image","twitter_misc":{"Odhadovan\u00e1 doba \u010dten\u00ed":"2 minuty"},"schema":{"@context":"https:\/\/schema.org","@graph":[{"@type":"WebPage","@id":"https:\/\/ograsmarknad.com\/product\/lemon-haze\/","url":"https:\/\/ograsmarknad.com\/product\/lemon-haze\/","name":"Prodej odr\u016fdy Lemon Haze \u2013 Kupte si Lemon Haze online","isPartOf":{"@id":"https:\/\/ograsmarknad.com\/#website"},"primaryImageOfPage":{"@id":"https:\/\/ograsmarknad.com\/product\/lemon-haze\/#primaryimage"},"image":{"@id":"https:\/\/ograsmarknad.com\/product\/lemon-haze\/#primaryimage"},"thumbnailUrl":"https:\/\/ograsmarknad.com\/wp-content\/uploads\/2021\/11\/lemon-haze.jpg","datePublished":"2021-11-08T08:26:11+00:00","dateModified":"2026-03-14T06:50:54+00:00","description":"Kupte si online odrodu konop\u00ed Lemon Haze od Ograsmarknad. Lemon Haze na prodej s citrusovou citronovou p\u0159\u00edchut\u00ed a povzn\u00e1\u0161ej\u00edc\u00edmi energick\u00fdmi \u00fa\u010dinky konop\u00ed.","breadcrumb":{"@id":"https:\/\/ograsmarknad.com\/product\/lemon-haze\/#breadcrumb"},"inLanguage":"cs","potentialAction":[{"@type":"ReadAction","target":["https:\/\/ograsmarknad.com\/product\/lemon-haze\/"]}]},{"@type":"ImageObject","inLanguage":"cs","@id":"https:\/\/ograsmarknad.com\/product\/lemon-haze\/#primaryimage","url":"https:\/\/ograsmarknad.com\/wp-content\/uploads\/2021\/11\/lemon-haze.jpg","contentUrl":"https:\/\/ograsmarknad.com\/wp-content\/uploads\/2021\/11\/lemon-haze.jpg","width":600,"height":600,"caption":"lemon-haze"},{"@type":"BreadcrumbList","@id":"https:\/\/ograsmarknad.com\/product\/lemon-haze\/#breadcrumb","itemListElement":[{"@type":"ListItem","position":1,"name":"Home","item":"https:\/\/ograsmarknad.com\/"},{"@type":"ListItem","position":2,"name":"Shop","item":"https:\/\/ograsmarknad.com\/shop\/"},{"@type":"ListItem","position":3,"name":"Lemon Haze"}]},{"@type":"WebSite","@id":"https:\/\/ograsmarknad.com\/#website","url":"https:\/\/ograsmarknad.com\/","name":"Ogras Marknad","description":"Ogras Marknad","potentialAction":[{"@type":"SearchAction","target":{"@type":"EntryPoint","urlTemplate":"https:\/\/ograsmarknad.com\/?s={search_term_string}"},"query-input":{"@type":"PropertyValueSpecification","valueRequired":true,"valueName":"search_term_string"}}],"inLanguage":"cs"}]}},"_links":{"self":[{"href":"https:\/\/ograsmarknad.com\/cs\/wp-json\/wp\/v2\/product\/9752","targetHints":{"allow":["GET"]}}],"collection":[{"href":"https:\/\/ograsmarknad.com\/cs\/wp-json\/wp\/v2\/product"}],"about":[{"href":"https:\/\/ograsmarknad.com\/cs\/wp-json\/wp\/v2\/types\/product"}],"replies":[{"embeddable":true,"href":"https:\/\/ograsmarknad.com\/cs\/wp-json\/wp\/v2\/comments?post=9752"}],"wp:featuredmedia":[{"embeddable":true,"href":"https:\/\/ograsmarknad.com\/cs\/wp-json\/wp\/v2\/media\/9757"}],"wp:attachment":[{"href":"https:\/\/ograsmarknad.com\/cs\/wp-json\/wp\/v2\/media?parent=9752"}],"wp:term":[{"taxonomy":"product_cat","embeddable":true,"href":"https:\/\/ograsmarknad.com\/cs\/wp-json\/wp\/v2\/product_cat?post=9752"},{"taxonomy":"product_tag","embeddable":true,"href":"https:\/\/ograsmarknad.com\/cs\/wp-json\/wp\/v2\/product_tag?post=9752"}],"curies":[{"name":"wp","href":"https:\/\/api.w.org\/{rel}","templated":true}]}}