{"id":9759,"date":"2021-11-08T08:46:54","date_gmt":"2021-11-08T08:46:54","guid":{"rendered":"https:\/\/ograsmarknad.com\/?post_type=product&#038;p=9759"},"modified":"2026-03-16T10:34:58","modified_gmt":"2026-03-16T10:34:58","slug":"orange-kush","status":"publish","type":"product","link":"https:\/\/ograsmarknad.com\/cs\/product\/orange-kush\/","title":{"rendered":"Orange Kush"},"content":{"rendered":"<h2 style=\"text-align: justify;\">Objednejte si Orange Kush online v Evrop\u011b, \u0160v\u00e9dsku, Finsku, na Alandsk\u00fdch ostrovech, v D\u00e1nsku, Estonsku a Norsku za nejlep\u0161\u00ed ceny je\u0161t\u011b dnes na Ogras Market!<\/h2>\n<p style=\"text-align: justify;\">Spole\u010dnost Green Devil Genetics vytvo\u0159ila odr\u016fdu Orange Kush, kter\u00e1 je potomkem odr\u016fdy Orange Bud a... <a href=\"https:\/\/ograsmarknad.com\/cs\/product\/orange-kush\/\">OG Kush<\/a>. M\u00e1 sladkou a pikantn\u00ed citrusovou chu\u0165, kter\u00e1 uklid\u0148uje t\u011blo a zved\u00e1 n\u00e1ladu. Tento kmen m\u00e1 dlouh\u00e9, hust\u00e9 pupeny se spoustou oran\u017eov\u00fdch chloupk\u016f a trichomov\u00fdch krystalk\u016f a je odoln\u00fd v\u016f\u010di v\u011bt\u0161in\u011b \u0161k\u016fdc\u016f a pl\u00edsn\u00ed. Kupte si Orange Kush online v Evrop\u011b, \u0160v\u00e9dsku, Finsku, na Alandsk\u00fdch ostrovech, v D\u00e1nsku, Estonsku a Norsku v na\u0161em internetov\u00e9m obchod\u011b je\u0161t\u011b dnes.<\/p>\n<p style=\"text-align: justify;\">Orange Kush na prodej je potomkem Orange Bud a OG Kush. M\u00e1 sladkou a ko\u0159en\u011bnou citrusovou chu\u0165, kter\u00e1 uklid\u0148uje t\u011blo a zved\u00e1 n\u00e1ladu. Tento kmen m\u00e1 dlouh\u00e9, hust\u00e9 pupeny se spoustou oran\u017eov\u00fdch chloupk\u016f a trichomov\u00fdch krystalk\u016f a je odoln\u00fd v\u016f\u010di v\u011bt\u0161in\u011b \u0161k\u016fdc\u016f a pl\u00edsn\u00edm.<\/p>\n<p style=\"text-align: justify;\">Tento hybridn\u00ed kmen marihuany s dominanc\u00ed sativy byl vytvo\u0159en jako udr\u017eiteln\u00fd a spolehliv\u00fd p\u011bstitel. Rostliny Organic Kush poch\u00e1zej\u00ed z rodi\u010d\u016f OG Kush a SAGE a stejn\u011b jako mnoho jin\u00fdch sativ trv\u00e1 10-11 t\u00fddn\u016f, ne\u017e vykvetou. Tyto rostliny maj\u00ed na v\u011btv\u00edch mnoho tmav\u011b zelen\u00fdch list\u016f, ale jejich pupeny jsou sv\u011btle zelen\u00e9 a von\u00ed po \u010derstv\u011b na\u0159ezan\u00fdch \u0161i\u0161k\u00e1ch. Organic Kush je skv\u011blou volbou pro cerebr\u00e1ln\u00ed opojen\u00ed, kter\u00e9 v\u00e1s m\u016f\u017ee inspirovat k v\u011bt\u0161\u00ed kreativit\u011b.<\/p>\n<h3 style=\"text-align: justify;\">Vzhled<\/h3>\n<p style=\"text-align: justify;\">Je sv\u011btle zelen\u00fd s jasn\u011b oran\u017eov\u00fdmi chlupy. Krystaly na n\u011bm ve sv\u011btle tak\u00e9 z\u00e1\u0159\u00ed.<\/p>\n<h3 style=\"text-align: justify;\">Aroma<\/h3>\n<p style=\"text-align: justify;\">Je c\u00edtit m\u00edrn\u00e1 v\u016fn\u011b zemit\u00fdch bylin, ale \u017e\u00e1dn\u00e9 dal\u0161\u00ed pachy. Samoz\u0159ejm\u011b tajn\u011b.<\/p>\n<h3 style=\"text-align: justify;\">Chu\u0165<\/h3>\n<p style=\"text-align: justify;\">Ani chu\u0165 nen\u00ed nijak v\u00fdrazn\u00e1, stejn\u011b jako nen\u00ed nijak v\u00fdrazn\u00e1 v\u016fn\u011b. M\u00e1 jemnou, lehce zemitou, bylinnou p\u0159\u00edchu\u0165.<\/p>\n<h3 style=\"text-align: justify;\">\u00da\u010dinky<\/h3>\n<p style=\"text-align: justify;\">Nejl\u00e9pe se pou\u017e\u00edv\u00e1 v noci. M\u00e1 siln\u00e9 indick\u00e9 \u00fa\u010dinky s pom\u011brn\u011b jasnou hlavou. Je \u00fa\u010dinn\u00e1 proti bolesti a tajn\u00e9 p\u0159\u00edtomnosti.<\/p>\n<h3 style=\"text-align: justify;\">V\u00fdhody<\/h3>\n<p style=\"text-align: justify;\">Orange Kush pom\u00e1h\u00e1 zvy\u0161ovat chu\u0165 k j\u00eddlu a je vhodn\u00fd p\u0159i nevolnosti, m\u00edrn\u00ed bolesti, stresu, astmatu a relaxaci. M\u00e1te-li z\u00e1jem o koupi Orange Kush online v Evrop\u011b, \u0160v\u00e9dsku, Finsku, na Alandsk\u00fdch ostrovech, v D\u00e1nsku, Estonsku a Norsku, kontaktujte n\u00e1s pros\u00edm p\u0159\u00edmo a sd\u011blte n\u00e1m podrobnosti o sv\u00e9 objedn\u00e1vce. Kontaktujte n\u00e1s je\u0161t\u011b dnes!<\/p>","protected":false},"excerpt":{"rendered":"<p>For Wholesale please contact us at<br \/>\nWickr ID: @williamspro<br \/>\nor via Whatsapp<br \/>\n<img loading=\"lazy\" decoding=\"async\" class=\"size-full wp-image-10162 alignleft\" src=\"https:\/\/ograsmarknad.com\/wp-content\/uploads\/2021\/11\/trust.jpg\" alt=\"Trust German\" width=\"300\" height=\"129\" srcset=\"https:\/\/ograsmarknad.com\/wp-content\/uploads\/2021\/11\/trust.jpg 300w, https:\/\/ograsmarknad.com\/wp-content\/uploads\/2021\/11\/trust-18x8.jpg 18w\" sizes=\"auto, (max-width: 300px) 100vw, 300px\" \/><\/p>","protected":false},"featured_media":9764,"comment_status":"open","ping_status":"closed","template":"","meta":{"_joinchat":[]},"product_cat":[71],"product_tag":[],"class_list":{"0":"post-9759","1":"product","2":"type-product","3":"status-publish","4":"has-post-thumbnail","6":"product_cat-gras-sw","8":"first","9":"instock","10":"shipping-taxable","11":"purchasable","12":"product-type-variable","13":"has-default-attributes"},"yoast_head":"<!-- This site is optimized with the Yoast SEO plugin v26.3 - https:\/\/yoast.com\/wordpress\/plugins\/seo\/ -->\n<title>Orange Kush ogr\u00e4ssort till salu \u2013 K\u00f6p Orange Kush online<\/title>\n<meta name=\"description\" content=\"K\u00f6p Orange Kush ogr\u00e4ssort online fr\u00e5n Ograsmarknad. Orange Kush till salu med citrusarom och avslappnande indica-dominanta cannabiseffekter.\" \/>\n<meta name=\"robots\" content=\"index, follow, max-snippet:-1, max-image-preview:large, max-video-preview:-1\" \/>\n<link rel=\"canonical\" href=\"https:\/\/ograsmarknad.com\/cs\/product\/orange-kush\/\" \/>\n<meta property=\"og:locale\" content=\"cs_CZ\" \/>\n<meta property=\"og:type\" content=\"article\" \/>\n<meta property=\"og:title\" content=\"Orange Kush ogr\u00e4ssort till salu \u2013 K\u00f6p Orange Kush online\" \/>\n<meta property=\"og:description\" content=\"K\u00f6p Orange Kush ogr\u00e4ssort online fr\u00e5n Ograsmarknad. Orange Kush till salu med citrusarom och avslappnande indica-dominanta cannabiseffekter.\" \/>\n<meta property=\"og:url\" content=\"https:\/\/ograsmarknad.com\/cs\/product\/orange-kush\/\" \/>\n<meta property=\"og:site_name\" content=\"Ogras Marknad\" \/>\n<meta property=\"article:modified_time\" content=\"2026-03-16T10:34:58+00:00\" \/>\n<meta property=\"og:image\" content=\"https:\/\/ograsmarknad.com\/wp-content\/uploads\/2021\/11\/orange-kush.jpg\" \/>\n\t<meta property=\"og:image:width\" content=\"600\" \/>\n\t<meta property=\"og:image:height\" content=\"600\" \/>\n\t<meta property=\"og:image:type\" content=\"image\/jpeg\" \/>\n<meta name=\"twitter:card\" content=\"summary_large_image\" \/>\n<meta name=\"twitter:label1\" content=\"Odhadovan\u00e1 doba \u010dten\u00ed\" \/>\n\t<meta name=\"twitter:data1\" content=\"2 minuty\" \/>\n<!-- \/ Yoast SEO plugin. -->","yoast_head_json":{"title":"Odr\u016fda plevele Orange Kush na prodej \u2013 Kupte si Orange Kush online","description":"Kupte si online odr\u016fdu Orange Kush od Ograsmarknad. Orange Kush na prodej s citrusovou v\u016fn\u00ed a relaxa\u010dn\u00edmi \u00fa\u010dinky konop\u00ed s p\u0159evahou indiky.","robots":{"index":"index","follow":"follow","max-snippet":"max-snippet:-1","max-image-preview":"max-image-preview:large","max-video-preview":"max-video-preview:-1"},"canonical":"https:\/\/ograsmarknad.com\/cs\/product\/orange-kush\/","og_locale":"cs_CZ","og_type":"article","og_title":"Orange Kush ogr\u00e4ssort till salu \u2013 K\u00f6p Orange Kush online","og_description":"K\u00f6p Orange Kush ogr\u00e4ssort online fr\u00e5n Ograsmarknad. Orange Kush till salu med citrusarom och avslappnande indica-dominanta cannabiseffekter.","og_url":"https:\/\/ograsmarknad.com\/cs\/product\/orange-kush\/","og_site_name":"Ogras Marknad","article_modified_time":"2026-03-16T10:34:58+00:00","og_image":[{"width":600,"height":600,"url":"https:\/\/ograsmarknad.com\/wp-content\/uploads\/2021\/11\/orange-kush.jpg","type":"image\/jpeg"}],"twitter_card":"summary_large_image","twitter_misc":{"Odhadovan\u00e1 doba \u010dten\u00ed":"2 minuty"},"schema":{"@context":"https:\/\/schema.org","@graph":[{"@type":"WebPage","@id":"https:\/\/ograsmarknad.com\/product\/orange-kush\/","url":"https:\/\/ograsmarknad.com\/product\/orange-kush\/","name":"Odr\u016fda plevele Orange Kush na prodej \u2013 Kupte si Orange Kush online","isPartOf":{"@id":"https:\/\/ograsmarknad.com\/#website"},"primaryImageOfPage":{"@id":"https:\/\/ograsmarknad.com\/product\/orange-kush\/#primaryimage"},"image":{"@id":"https:\/\/ograsmarknad.com\/product\/orange-kush\/#primaryimage"},"thumbnailUrl":"https:\/\/ograsmarknad.com\/wp-content\/uploads\/2021\/11\/orange-kush.jpg","datePublished":"2021-11-08T08:46:54+00:00","dateModified":"2026-03-16T10:34:58+00:00","description":"Kupte si online odr\u016fdu Orange Kush od Ograsmarknad. Orange Kush na prodej s citrusovou v\u016fn\u00ed a relaxa\u010dn\u00edmi \u00fa\u010dinky konop\u00ed s p\u0159evahou indiky.","breadcrumb":{"@id":"https:\/\/ograsmarknad.com\/product\/orange-kush\/#breadcrumb"},"inLanguage":"cs","potentialAction":[{"@type":"ReadAction","target":["https:\/\/ograsmarknad.com\/product\/orange-kush\/"]}]},{"@type":"ImageObject","inLanguage":"cs","@id":"https:\/\/ograsmarknad.com\/product\/orange-kush\/#primaryimage","url":"https:\/\/ograsmarknad.com\/wp-content\/uploads\/2021\/11\/orange-kush.jpg","contentUrl":"https:\/\/ograsmarknad.com\/wp-content\/uploads\/2021\/11\/orange-kush.jpg","width":600,"height":600,"caption":"orange-kush"},{"@type":"BreadcrumbList","@id":"https:\/\/ograsmarknad.com\/product\/orange-kush\/#breadcrumb","itemListElement":[{"@type":"ListItem","position":1,"name":"Home","item":"https:\/\/ograsmarknad.com\/"},{"@type":"ListItem","position":2,"name":"Shop","item":"https:\/\/ograsmarknad.com\/shop\/"},{"@type":"ListItem","position":3,"name":"Orange Kush"}]},{"@type":"WebSite","@id":"https:\/\/ograsmarknad.com\/#website","url":"https:\/\/ograsmarknad.com\/","name":"Ogras Marknad","description":"Ogras Marknad","potentialAction":[{"@type":"SearchAction","target":{"@type":"EntryPoint","urlTemplate":"https:\/\/ograsmarknad.com\/?s={search_term_string}"},"query-input":{"@type":"PropertyValueSpecification","valueRequired":true,"valueName":"search_term_string"}}],"inLanguage":"cs"}]}},"_links":{"self":[{"href":"https:\/\/ograsmarknad.com\/cs\/wp-json\/wp\/v2\/product\/9759","targetHints":{"allow":["GET"]}}],"collection":[{"href":"https:\/\/ograsmarknad.com\/cs\/wp-json\/wp\/v2\/product"}],"about":[{"href":"https:\/\/ograsmarknad.com\/cs\/wp-json\/wp\/v2\/types\/product"}],"replies":[{"embeddable":true,"href":"https:\/\/ograsmarknad.com\/cs\/wp-json\/wp\/v2\/comments?post=9759"}],"wp:featuredmedia":[{"embeddable":true,"href":"https:\/\/ograsmarknad.com\/cs\/wp-json\/wp\/v2\/media\/9764"}],"wp:attachment":[{"href":"https:\/\/ograsmarknad.com\/cs\/wp-json\/wp\/v2\/media?parent=9759"}],"wp:term":[{"taxonomy":"product_cat","embeddable":true,"href":"https:\/\/ograsmarknad.com\/cs\/wp-json\/wp\/v2\/product_cat?post=9759"},{"taxonomy":"product_tag","embeddable":true,"href":"https:\/\/ograsmarknad.com\/cs\/wp-json\/wp\/v2\/product_tag?post=9759"}],"curies":[{"name":"wp","href":"https:\/\/api.w.org\/{rel}","templated":true}]}}