{"id":9765,"date":"2021-11-08T08:50:29","date_gmt":"2021-11-08T08:50:29","guid":{"rendered":"https:\/\/ograsmarknad.com\/?post_type=product&#038;p=9765"},"modified":"2026-03-16T10:34:46","modified_gmt":"2026-03-16T10:34:46","slug":"pineapple-express","status":"publish","type":"product","link":"https:\/\/ograsmarknad.com\/cs\/product\/pineapple-express\/","title":{"rendered":"Pineapple Express"},"content":{"rendered":"<h2 style=\"text-align: justify;\">Kupte si Pineapple Express online ve \u0160v\u00e9dsku, Finsku, na \u00c5landech, v D\u00e1nsku, Estonsku, Norsku na Ogras Market za n\u00edzk\u00e9 ceny!<\/h2>\n<p style=\"text-align: justify;\">I dessa tider kan <a href=\"https:\/\/ograsmarknad.com\/cs\/product\/pineapple-express\/\">Pineapple Express till salu<\/a> k\u00f6pas p\u00e5 <a href=\"https:\/\/ograsmarknad.com\/cs\/\">Ogras Marknad<\/a> till ett rimligt pris. Hela v\u00e5rt n\u00e4tverk av s\u00e4ljare och leverant\u00f6rer \u00e4r h\u00e4r f\u00f6r att hj\u00e4lpa dig att k\u00f6pa Pineapple Express online n\u00e4r som helst, var som helst. Vi \u00e4r en erfaren online\u00e5terf\u00f6rs\u00e4ljare med stor f\u00f6rst\u00e5else f\u00f6r v\u00e5ra kunders behov. Du kan f\u00e5 de b\u00e4sta produkterna h\u00e4r. Best\u00e4ll Pineapple Express online nu!<\/p>\n<h3 style=\"text-align: justify;\">Nemovitosti<\/h3>\n<p style=\"text-align: justify;\">Pineapple Express, kter\u00fd se prod\u00e1v\u00e1 v Evrop\u011b, \u0160v\u00e9dsku, Finsku, na \u00c5landsk\u00fdch ostrovech, v D\u00e1nsku, Estonsku a Norsku, je obl\u00edben\u00fdm hybridem odr\u016fd Trainwreck a Hawaiian. Je to odr\u016fda z trop\u016f. Produkuje hladk\u00fd, sladk\u00fd kou\u0159, kter\u00fd u ku\u0159\u00e1k\u016f vyvol\u00e1v\u00e1 euforii. Je to siln\u00e1 odr\u016fda, kter\u00e1 si z\u00edskala velkou oblibu na internetu. Tato odr\u016fda m\u00e1 obvykle koncentraci THC p\u0159es 24 %. M\u00e1 v\u016fni ovocn\u00e9ho stoj\u00e1nku. Pineapple Express m\u00e1 olivov\u011b zbarven\u00e9 pupeny ve tvaru kamene. Maj\u00ed chu\u0165 \u010derstv\u011b nakr\u00e1jen\u00e9ho kusu ananasu. S touto odr\u016fdou si m\u016f\u017eete b\u011bhem chvilky vytvo\u0159it mal\u00fd seznam \u00fakol\u016f. Tato rostlina se snadno p\u011bstuje uvnit\u0159 i venku. Kveten\u00ed rostliny trv\u00e1 asi 7\u20138 t\u00fddn\u016f.<\/p>\n<h3 style=\"text-align: justify;\">V\u00fdhody<\/h3>\n<ul style=\"text-align: justify;\">\n<li>T\u00e1 an blas i nd\u00e1ir\u00edre dian.<\/li>\n<li>Het zorgt voor behoorlijk wat ophef.<\/li>\n<li>Tugann s\u00e9 an moth\u00fach\u00e1n duit go bhfuil t\u00fa ag sn\u00e1mh tr\u00edd an aer.<\/li>\n<li>Het geeft je een licht verdoofd gevoel, maar ook een opwindende en prettige high.<\/li>\n<li>Spreagann s\u00e9 daoine chun a bheith cruthaitheach agus cumars\u00e1ideach.<\/li>\n<li>Het bevordert de concentratie en productiviteit.<\/li>\n<li>T\u00e1 s\u00e9 tairbheach do dhaoine a bhfuil imn\u00ed, tuirse, d\u00falagar, strus ainsealach n\u00f3 m\u00edshuaimhneas ginear\u00e1lta orthu.<\/li>\n<li>M\u00e1 tak\u00e9 m\u00edrn\u00e9 relaxa\u010dn\u00ed vlastnosti.<\/li>\n<\/ul>\n<h3 style=\"text-align: justify;\">Jak si mohu objednat Pineapple Express online?<\/h3>\n<p style=\"text-align: justify;\">Chcete-li si objednat Pineapple Express online, m\u016f\u017eete se p\u0159ipojit p\u0159\u00edmo k na\u0161emu internetov\u00e9mu obchodu. Va\u0161i objedn\u00e1vku doru\u010d\u00edme v kr\u00e1tk\u00e9 dob\u011b. V\u0161echny objedn\u00e1vky bezpe\u010dn\u011b bal\u00edme a doru\u010dujeme do cel\u00e9ho sv\u011bta. Na na\u0161e produkty nikdy nebudete m\u00edt \u017e\u00e1dn\u00e9 st\u00ed\u017enosti. Nev\u00e1hejte a objednejte si je\u0161t\u011b dnes!<\/p>","protected":false},"excerpt":{"rendered":"<p>For Wholesale please contact us at<br \/>\nWickr ID: @williamspro<br \/>\nor via Whatsapp<br \/>\n<img loading=\"lazy\" decoding=\"async\" class=\"size-full wp-image-10162 alignleft\" src=\"https:\/\/ograsmarknad.com\/wp-content\/uploads\/2021\/11\/trust.jpg\" alt=\"Trust German\" width=\"300\" height=\"129\" srcset=\"https:\/\/ograsmarknad.com\/wp-content\/uploads\/2021\/11\/trust.jpg 300w, https:\/\/ograsmarknad.com\/wp-content\/uploads\/2021\/11\/trust-18x8.jpg 18w\" sizes=\"auto, (max-width: 300px) 100vw, 300px\" \/><\/p>","protected":false},"featured_media":9770,"comment_status":"open","ping_status":"closed","template":"","meta":{"_joinchat":[]},"product_cat":[71],"product_tag":[],"class_list":{"0":"post-9765","1":"product","2":"type-product","3":"status-publish","4":"has-post-thumbnail","6":"product_cat-gras-sw","8":"first","9":"instock","10":"shipping-taxable","11":"purchasable","12":"product-type-variable","13":"has-default-attributes"},"yoast_head":"<!-- This site is optimized with the Yoast SEO plugin v26.3 - https:\/\/yoast.com\/wordpress\/plugins\/seo\/ -->\n<title>Pineapple Express ogr\u00e4ssort till salu \u2013 K\u00f6p Pineapple online<\/title>\n<meta name=\"description\" content=\"K\u00f6p Pineapple Express ogr\u00e4ssort online fr\u00e5n Ograsmarknad. Pineapple Express till salu, k\u00e4nd f\u00f6r sin tropiska smak och energiska upplyftande cannabiseffekter.\" \/>\n<meta name=\"robots\" content=\"index, follow, max-snippet:-1, max-image-preview:large, max-video-preview:-1\" \/>\n<link rel=\"canonical\" href=\"https:\/\/ograsmarknad.com\/cs\/product\/pineapple-express\/\" \/>\n<meta property=\"og:locale\" content=\"cs_CZ\" \/>\n<meta property=\"og:type\" content=\"article\" \/>\n<meta property=\"og:title\" content=\"Pineapple Express ogr\u00e4ssort till salu \u2013 K\u00f6p Pineapple online\" \/>\n<meta property=\"og:description\" content=\"K\u00f6p Pineapple Express ogr\u00e4ssort online fr\u00e5n Ograsmarknad. Pineapple Express till salu, k\u00e4nd f\u00f6r sin tropiska smak och energiska upplyftande cannabiseffekter.\" \/>\n<meta property=\"og:url\" content=\"https:\/\/ograsmarknad.com\/cs\/product\/pineapple-express\/\" \/>\n<meta property=\"og:site_name\" content=\"Ogras Marknad\" \/>\n<meta property=\"article:modified_time\" content=\"2026-03-16T10:34:46+00:00\" \/>\n<meta property=\"og:image\" content=\"https:\/\/ograsmarknad.com\/wp-content\/uploads\/2021\/11\/pineapple-express.jpg\" \/>\n\t<meta property=\"og:image:width\" content=\"600\" \/>\n\t<meta property=\"og:image:height\" content=\"600\" \/>\n\t<meta property=\"og:image:type\" content=\"image\/jpeg\" \/>\n<meta name=\"twitter:card\" content=\"summary_large_image\" \/>\n<meta name=\"twitter:label1\" content=\"Odhadovan\u00e1 doba \u010dten\u00ed\" \/>\n\t<meta name=\"twitter:data1\" content=\"2 minuty\" \/>\n<!-- \/ Yoast SEO plugin. -->","yoast_head_json":{"title":"Prodej odr\u016fdy konop\u00ed Pineapple Express \u2013 Kupte si ananas online","description":"Kupte si online odr\u016fdu konop\u00ed Pineapple Express od Ograsmarknad. Pineapple Express na prodej, zn\u00e1m\u00e1 pro svou tropickou chu\u0165 a energick\u00e9 povzn\u00e1\u0161ej\u00edc\u00ed \u00fa\u010dinky konop\u00ed.","robots":{"index":"index","follow":"follow","max-snippet":"max-snippet:-1","max-image-preview":"max-image-preview:large","max-video-preview":"max-video-preview:-1"},"canonical":"https:\/\/ograsmarknad.com\/cs\/product\/pineapple-express\/","og_locale":"cs_CZ","og_type":"article","og_title":"Pineapple Express ogr\u00e4ssort till salu \u2013 K\u00f6p Pineapple online","og_description":"K\u00f6p Pineapple Express ogr\u00e4ssort online fr\u00e5n Ograsmarknad. Pineapple Express till salu, k\u00e4nd f\u00f6r sin tropiska smak och energiska upplyftande cannabiseffekter.","og_url":"https:\/\/ograsmarknad.com\/cs\/product\/pineapple-express\/","og_site_name":"Ogras Marknad","article_modified_time":"2026-03-16T10:34:46+00:00","og_image":[{"width":600,"height":600,"url":"https:\/\/ograsmarknad.com\/wp-content\/uploads\/2021\/11\/pineapple-express.jpg","type":"image\/jpeg"}],"twitter_card":"summary_large_image","twitter_misc":{"Odhadovan\u00e1 doba \u010dten\u00ed":"2 minuty"},"schema":{"@context":"https:\/\/schema.org","@graph":[{"@type":"WebPage","@id":"https:\/\/ograsmarknad.com\/product\/pineapple-express\/","url":"https:\/\/ograsmarknad.com\/product\/pineapple-express\/","name":"Prodej odr\u016fdy konop\u00ed Pineapple Express \u2013 Kupte si ananas online","isPartOf":{"@id":"https:\/\/ograsmarknad.com\/#website"},"primaryImageOfPage":{"@id":"https:\/\/ograsmarknad.com\/product\/pineapple-express\/#primaryimage"},"image":{"@id":"https:\/\/ograsmarknad.com\/product\/pineapple-express\/#primaryimage"},"thumbnailUrl":"https:\/\/ograsmarknad.com\/wp-content\/uploads\/2021\/11\/pineapple-express.jpg","datePublished":"2021-11-08T08:50:29+00:00","dateModified":"2026-03-16T10:34:46+00:00","description":"Kupte si online odr\u016fdu konop\u00ed Pineapple Express od Ograsmarknad. Pineapple Express na prodej, zn\u00e1m\u00e1 pro svou tropickou chu\u0165 a energick\u00e9 povzn\u00e1\u0161ej\u00edc\u00ed \u00fa\u010dinky konop\u00ed.","breadcrumb":{"@id":"https:\/\/ograsmarknad.com\/product\/pineapple-express\/#breadcrumb"},"inLanguage":"cs","potentialAction":[{"@type":"ReadAction","target":["https:\/\/ograsmarknad.com\/product\/pineapple-express\/"]}]},{"@type":"ImageObject","inLanguage":"cs","@id":"https:\/\/ograsmarknad.com\/product\/pineapple-express\/#primaryimage","url":"https:\/\/ograsmarknad.com\/wp-content\/uploads\/2021\/11\/pineapple-express.jpg","contentUrl":"https:\/\/ograsmarknad.com\/wp-content\/uploads\/2021\/11\/pineapple-express.jpg","width":600,"height":600,"caption":"pineapple-express"},{"@type":"BreadcrumbList","@id":"https:\/\/ograsmarknad.com\/product\/pineapple-express\/#breadcrumb","itemListElement":[{"@type":"ListItem","position":1,"name":"Home","item":"https:\/\/ograsmarknad.com\/"},{"@type":"ListItem","position":2,"name":"Shop","item":"https:\/\/ograsmarknad.com\/shop\/"},{"@type":"ListItem","position":3,"name":"Pineapple Express"}]},{"@type":"WebSite","@id":"https:\/\/ograsmarknad.com\/#website","url":"https:\/\/ograsmarknad.com\/","name":"Ogras Marknad","description":"Ogras Marknad","potentialAction":[{"@type":"SearchAction","target":{"@type":"EntryPoint","urlTemplate":"https:\/\/ograsmarknad.com\/?s={search_term_string}"},"query-input":{"@type":"PropertyValueSpecification","valueRequired":true,"valueName":"search_term_string"}}],"inLanguage":"cs"}]}},"_links":{"self":[{"href":"https:\/\/ograsmarknad.com\/cs\/wp-json\/wp\/v2\/product\/9765","targetHints":{"allow":["GET"]}}],"collection":[{"href":"https:\/\/ograsmarknad.com\/cs\/wp-json\/wp\/v2\/product"}],"about":[{"href":"https:\/\/ograsmarknad.com\/cs\/wp-json\/wp\/v2\/types\/product"}],"replies":[{"embeddable":true,"href":"https:\/\/ograsmarknad.com\/cs\/wp-json\/wp\/v2\/comments?post=9765"}],"wp:featuredmedia":[{"embeddable":true,"href":"https:\/\/ograsmarknad.com\/cs\/wp-json\/wp\/v2\/media\/9770"}],"wp:attachment":[{"href":"https:\/\/ograsmarknad.com\/cs\/wp-json\/wp\/v2\/media?parent=9765"}],"wp:term":[{"taxonomy":"product_cat","embeddable":true,"href":"https:\/\/ograsmarknad.com\/cs\/wp-json\/wp\/v2\/product_cat?post=9765"},{"taxonomy":"product_tag","embeddable":true,"href":"https:\/\/ograsmarknad.com\/cs\/wp-json\/wp\/v2\/product_tag?post=9765"}],"curies":[{"name":"wp","href":"https:\/\/api.w.org\/{rel}","templated":true}]}}