{"id":9771,"date":"2021-11-08T08:52:15","date_gmt":"2021-11-08T08:52:15","guid":{"rendered":"https:\/\/ograsmarknad.com\/?post_type=product&#038;p=9771"},"modified":"2026-03-16T10:34:10","modified_gmt":"2026-03-16T10:34:10","slug":"sour-diesel","status":"publish","type":"product","link":"https:\/\/ograsmarknad.com\/cs\/product\/sour-diesel\/","title":{"rendered":"Sour Diesel"},"content":{"rendered":"<h2 style=\"text-align: justify;\">Z\u00edskejte Sour Diesel z Evropy , za n\u00edzk\u00e9 ceny u Ogras Marknad!<\/h2>\n<p style=\"text-align: justify;\">Av en bra anledning \u00e4r <a href=\"https:\/\/ograsmarknad.com\/cs\/product\/sour-diesel\/\">Sour Diesel till salu<\/a> zn\u00e1m\u00fd jako jeden z nejost\u0159ej\u0161\u00edch kmen\u016f v\u0161ech dob. Je z n\u011bj c\u00edtit \u0161tiplav\u00fd z\u00e1pach skunku, benz\u00ednu a citronu. A\u010dkoli tedy mo\u017en\u00e1 nen\u00ed nejchutn\u011bj\u0161\u00ed (pokud tedy nepreferujete dank kmeny), rozhodn\u011b je \u00fadern\u00fd, co se t\u00fd\u010de \u00fa\u010dink\u016f. D\u00edky sv\u00e9 mimo\u0159\u00e1dn\u00e9 stimula\u010dn\u00ed a povzbuzuj\u00edc\u00ed s\u00edle je Sour Diesel skv\u011blou volbou pro lidi, kte\u0159\u00ed proch\u00e1zej\u00ed poruchami n\u00e1lady, jako jsou deprese nebo bipol\u00e1rn\u00ed porucha. Kupte si Sour Diesel online v Evrop\u011b, \u0160v\u00e9dsku, Finsku, na Alandsk\u00fdch ostrovech, v D\u00e1nsku, Estonsku a Norsku v na\u0161em obchod\u011b je\u0161t\u011b dnes!<\/p>\n<h3 style=\"text-align: justify;\">Z\u00e1pach, chu\u0165 a vzhled kysel\u00e9 nafty<\/h3>\n<p style=\"text-align: justify;\">Slovo \"diesel\" se v n\u00e1zvu odr\u016fdy Sour Diesel objevuje z velmi specifick\u00e9ho d\u016fvodu. Sour Diesel m\u00e1 \u0161tiplav\u00e9 aroma jak\u00e9koliv marihuany, co\u017e je jeden z d\u016fvod\u016f jeho celosv\u011btov\u00e9ho \u00fasp\u011bchu a n\u00e1zvu.<\/p>\n<p style=\"text-align: justify;\">M\u00e1 \u0161tiplavou a \u0161tiplavou v\u016fni, ale tak\u00e9 podt\u00f3ny citronov\u00e9 k\u016fry a dal\u0161\u00edch citrusov\u00fdch plod\u016f v chuti, co\u017e je pravd\u011bpodobn\u011b d\u016fvod, pro\u010d se j\u00ed \u0159\u00edk\u00e1 \"kysel\u00e1\". Chu\u0165 tohoto kmene marihuany je zemit\u00e1 a p\u0159i kou\u0159en\u00ed se n\u011bkdy m\u00eds\u00ed s n\u00e1dechem citrus\u016f. P\u0159edev\u0161\u00edm o\u010dek\u00e1vejte, \u017ee dusiv\u00e1 a \u0161tiplav\u00e1 kvalita Sour Diesel p\u0159ebije ostatn\u00ed chut\u011b ve sm\u011bsi a citrusy a ko\u0159en\u00ed z\u016fstane stranou.<\/p>\n<p style=\"text-align: justify;\">Sour Diesel online m\u00e1 klasick\u00fd hrnkov\u00fd vzhled se sv\u011b\u017e\u00edmi zelen\u00fdmi cukrov\u00fdmi listy a lehce r\u016f\u017eovooran\u017eov\u00fdmi pest\u00edky, kter\u00e9 dod\u00e1vaj\u00ed obrazu t\u00e9to studen\u00e9 sklizn\u011b barvu a \u017eivost. Hrudky Sour Diesel jsou \u010dasto mraziv\u00e9, s mno\u017estv\u00edm drobn\u00fdch t\u0159pytiv\u00fdch krystalk\u016f, kter\u00e9 symbolizuj\u00ed nesm\u00edrnou s\u00edlu Sour D.<\/p>\n<p style=\"text-align: justify;\">V\u016fn\u011b marihuany Sour Diesel z\u016fstane c\u00edtit i po dokou\u0159en\u00ed. Pokud se sna\u017e\u00edte b\u00fdt p\u0159i u\u017e\u00edv\u00e1n\u00ed diskr\u00e9tn\u00ed, m\u011bjte to na pam\u011bti. Ji\u017e po n\u011bkolika \u0161luc\u00edch byste m\u011bli v \u00fastech c\u00edtit chu\u0165 marihuany.<\/p>\n<p style=\"text-align: justify;\">Objednejte si kyselou naftu online v Evrop\u011b, \u0160v\u00e9dsku, Finsku, na Alandsk\u00fdch ostrovech, v D\u00e1nsku, Estonsku a Norsku za nejlep\u0161\u00ed ceny je\u0161t\u011b dnes na <a href=\"https:\/\/ograsmarknad.com\/cs\/\">Ogras Marknad!<\/a><\/p>","protected":false},"excerpt":{"rendered":"<p>For Wholesale please contact us at<br \/>\nWickr ID: @williamspro<br \/>\nor via Whatsapp<br \/>\n<img loading=\"lazy\" decoding=\"async\" class=\"size-full wp-image-10162 alignleft\" src=\"https:\/\/ograsmarknad.com\/wp-content\/uploads\/2021\/11\/trust.jpg\" alt=\"Trust German\" width=\"300\" height=\"129\" srcset=\"https:\/\/ograsmarknad.com\/wp-content\/uploads\/2021\/11\/trust.jpg 300w, https:\/\/ograsmarknad.com\/wp-content\/uploads\/2021\/11\/trust-18x8.jpg 18w\" sizes=\"auto, (max-width: 300px) 100vw, 300px\" \/><\/p>","protected":false},"featured_media":9739,"comment_status":"open","ping_status":"closed","template":"","meta":{"_joinchat":[]},"product_cat":[71],"product_tag":[],"class_list":{"0":"post-9771","1":"product","2":"type-product","3":"status-publish","4":"has-post-thumbnail","6":"product_cat-gras-sw","8":"first","9":"instock","10":"shipping-taxable","11":"purchasable","12":"product-type-variable","13":"has-default-attributes"},"yoast_head":"<!-- This site is optimized with the Yoast SEO plugin v26.3 - https:\/\/yoast.com\/wordpress\/plugins\/seo\/ -->\n<title>Sour Diesel Weed-sort till salu \u2013 K\u00f6p Sour Diesel Online<\/title>\n<meta name=\"description\" content=\"K\u00f6p Sour Diesel-w\u00e4issort online fr\u00e5n Ograsmarknad. Sour Diesel till salu k\u00e4nd f\u00f6r sin dieselarom och energigivande sativa-cannabiseffekter.\" \/>\n<meta name=\"robots\" content=\"index, follow, max-snippet:-1, max-image-preview:large, max-video-preview:-1\" \/>\n<link rel=\"canonical\" href=\"https:\/\/ograsmarknad.com\/cs\/product\/sour-diesel\/\" \/>\n<meta property=\"og:locale\" content=\"cs_CZ\" \/>\n<meta property=\"og:type\" content=\"article\" \/>\n<meta property=\"og:title\" content=\"Sour Diesel Weed-sort till salu \u2013 K\u00f6p Sour Diesel Online\" \/>\n<meta property=\"og:description\" content=\"K\u00f6p Sour Diesel-w\u00e4issort online fr\u00e5n Ograsmarknad. Sour Diesel till salu k\u00e4nd f\u00f6r sin dieselarom och energigivande sativa-cannabiseffekter.\" \/>\n<meta property=\"og:url\" content=\"https:\/\/ograsmarknad.com\/cs\/product\/sour-diesel\/\" \/>\n<meta property=\"og:site_name\" content=\"Ogras Marknad\" \/>\n<meta property=\"article:modified_time\" content=\"2026-03-16T10:34:10+00:00\" \/>\n<meta property=\"og:image\" content=\"https:\/\/ograsmarknad.com\/wp-content\/uploads\/2021\/11\/blueberry-kush.jpg\" \/>\n\t<meta property=\"og:image:width\" content=\"600\" \/>\n\t<meta property=\"og:image:height\" content=\"600\" \/>\n\t<meta property=\"og:image:type\" content=\"image\/jpeg\" \/>\n<meta name=\"twitter:card\" content=\"summary_large_image\" \/>\n<meta name=\"twitter:label1\" content=\"Odhadovan\u00e1 doba \u010dten\u00ed\" \/>\n\t<meta name=\"twitter:data1\" content=\"2 minuty\" \/>\n<!-- \/ Yoast SEO plugin. -->","yoast_head_json":{"title":"Prodej odr\u016fdy Sour Diesel \u2013 Kupte si Sour Diesel online","description":"Kupte si tr\u00e1vu Sour Diesel online od Ograsmarknad. Sour Diesel je na prodej zn\u00e1m\u00fd pro sv\u00e9 naftov\u00e9 aroma a energizuj\u00edc\u00ed \u00fa\u010dinky sativa konop\u00ed.","robots":{"index":"index","follow":"follow","max-snippet":"max-snippet:-1","max-image-preview":"max-image-preview:large","max-video-preview":"max-video-preview:-1"},"canonical":"https:\/\/ograsmarknad.com\/cs\/product\/sour-diesel\/","og_locale":"cs_CZ","og_type":"article","og_title":"Sour Diesel Weed-sort till salu \u2013 K\u00f6p Sour Diesel Online","og_description":"K\u00f6p Sour Diesel-w\u00e4issort online fr\u00e5n Ograsmarknad. Sour Diesel till salu k\u00e4nd f\u00f6r sin dieselarom och energigivande sativa-cannabiseffekter.","og_url":"https:\/\/ograsmarknad.com\/cs\/product\/sour-diesel\/","og_site_name":"Ogras Marknad","article_modified_time":"2026-03-16T10:34:10+00:00","og_image":[{"width":600,"height":600,"url":"https:\/\/ograsmarknad.com\/wp-content\/uploads\/2021\/11\/blueberry-kush.jpg","type":"image\/jpeg"}],"twitter_card":"summary_large_image","twitter_misc":{"Odhadovan\u00e1 doba \u010dten\u00ed":"2 minuty"},"schema":{"@context":"https:\/\/schema.org","@graph":[{"@type":"WebPage","@id":"https:\/\/ograsmarknad.com\/product\/sour-diesel\/","url":"https:\/\/ograsmarknad.com\/product\/sour-diesel\/","name":"Prodej odr\u016fdy Sour Diesel \u2013 Kupte si Sour Diesel online","isPartOf":{"@id":"https:\/\/ograsmarknad.com\/#website"},"primaryImageOfPage":{"@id":"https:\/\/ograsmarknad.com\/product\/sour-diesel\/#primaryimage"},"image":{"@id":"https:\/\/ograsmarknad.com\/product\/sour-diesel\/#primaryimage"},"thumbnailUrl":"https:\/\/ograsmarknad.com\/wp-content\/uploads\/2021\/11\/blueberry-kush.jpg","datePublished":"2021-11-08T08:52:15+00:00","dateModified":"2026-03-16T10:34:10+00:00","description":"Kupte si tr\u00e1vu Sour Diesel online od Ograsmarknad. Sour Diesel je na prodej zn\u00e1m\u00fd pro sv\u00e9 naftov\u00e9 aroma a energizuj\u00edc\u00ed \u00fa\u010dinky sativa konop\u00ed.","breadcrumb":{"@id":"https:\/\/ograsmarknad.com\/product\/sour-diesel\/#breadcrumb"},"inLanguage":"cs","potentialAction":[{"@type":"ReadAction","target":["https:\/\/ograsmarknad.com\/product\/sour-diesel\/"]}]},{"@type":"ImageObject","inLanguage":"cs","@id":"https:\/\/ograsmarknad.com\/product\/sour-diesel\/#primaryimage","url":"https:\/\/ograsmarknad.com\/wp-content\/uploads\/2021\/11\/blueberry-kush.jpg","contentUrl":"https:\/\/ograsmarknad.com\/wp-content\/uploads\/2021\/11\/blueberry-kush.jpg","width":600,"height":600,"caption":"blueberry-kush"},{"@type":"BreadcrumbList","@id":"https:\/\/ograsmarknad.com\/product\/sour-diesel\/#breadcrumb","itemListElement":[{"@type":"ListItem","position":1,"name":"Home","item":"https:\/\/ograsmarknad.com\/"},{"@type":"ListItem","position":2,"name":"Shop","item":"https:\/\/ograsmarknad.com\/shop\/"},{"@type":"ListItem","position":3,"name":"Sour Diesel"}]},{"@type":"WebSite","@id":"https:\/\/ograsmarknad.com\/#website","url":"https:\/\/ograsmarknad.com\/","name":"Ogras Marknad","description":"Ogras Marknad","potentialAction":[{"@type":"SearchAction","target":{"@type":"EntryPoint","urlTemplate":"https:\/\/ograsmarknad.com\/?s={search_term_string}"},"query-input":{"@type":"PropertyValueSpecification","valueRequired":true,"valueName":"search_term_string"}}],"inLanguage":"cs"}]}},"_links":{"self":[{"href":"https:\/\/ograsmarknad.com\/cs\/wp-json\/wp\/v2\/product\/9771","targetHints":{"allow":["GET"]}}],"collection":[{"href":"https:\/\/ograsmarknad.com\/cs\/wp-json\/wp\/v2\/product"}],"about":[{"href":"https:\/\/ograsmarknad.com\/cs\/wp-json\/wp\/v2\/types\/product"}],"replies":[{"embeddable":true,"href":"https:\/\/ograsmarknad.com\/cs\/wp-json\/wp\/v2\/comments?post=9771"}],"wp:featuredmedia":[{"embeddable":true,"href":"https:\/\/ograsmarknad.com\/cs\/wp-json\/wp\/v2\/media\/9739"}],"wp:attachment":[{"href":"https:\/\/ograsmarknad.com\/cs\/wp-json\/wp\/v2\/media?parent=9771"}],"wp:term":[{"taxonomy":"product_cat","embeddable":true,"href":"https:\/\/ograsmarknad.com\/cs\/wp-json\/wp\/v2\/product_cat?post=9771"},{"taxonomy":"product_tag","embeddable":true,"href":"https:\/\/ograsmarknad.com\/cs\/wp-json\/wp\/v2\/product_tag?post=9771"}],"curies":[{"name":"wp","href":"https:\/\/api.w.org\/{rel}","templated":true}]}}