{"id":9776,"date":"2021-11-08T08:54:37","date_gmt":"2021-11-08T08:54:37","guid":{"rendered":"https:\/\/ograsmarknad.com\/?post_type=product&#038;p=9776"},"modified":"2026-03-16T10:33:59","modified_gmt":"2026-03-16T10:33:59","slug":"strawberry-haze","status":"publish","type":"product","link":"https:\/\/ograsmarknad.com\/cs\/product\/strawberry-haze\/","title":{"rendered":"Strawberry Haze"},"content":{"rendered":"<h2 style=\"text-align: justify;\">Koupit Strawberry Haze online za n\u00edzk\u00e9 ceny od Ogras Marknad<\/h2>\n<p style=\"text-align: justify;\"><a href=\"https:\/\/ograsmarknad.com\/cs\/product\/strawberry-haze\/\">Strawberry Haze<\/a>, zn\u00e1m\u00e1 tak\u00e9 jako Arjan's Strawberry Haze, je kultivar s p\u0159evahou sativy pojmenovan\u00fd po Arjanu Roskamovi, v\u00fdznamn\u00e9m producentovi konop\u00ed a zakladateli spole\u010dnosti Green House Seed Co. v Nizozemsku. Strawberry Haze se p\u016fvodn\u011b objevila na trhu v polovin\u011b roku 2000 a jej\u00ed slo\u017eit\u00fd rodokmen \u00fadajn\u011b zahrnuje sm\u011bs odr\u016fd Swiss Sativa, Northern Lights #5, Haze a Kali Mist. Kupte si Strawberry Haze online v Evrop\u011b, \u0160v\u00e9dsku, Finsku, na Alandsk\u00fdch ostrovech, v D\u00e1nsku, Estonsku, Portugalsku a Norsku u Ogras Marknad. <a href=\"https:\/\/ograsmarknad.com\/cs\/\">Ogras Marknad<\/a>.<\/p>\n<p style=\"text-align: justify;\">Strawberry Haze na prodej m\u00e1 kr\u00e1snou v\u016fni lahodn\u00fdch jahod s kv\u011btinov\u00fdmi podt\u00f3ny, kter\u00e1 se prom\u00edt\u00e1 do sladk\u00e9 a zemit\u00e9 chuti. Tento kmen vytv\u00e1\u0159\u00ed m\u00edrnou t\u011blesnou v\u00fd\u0161ku a siln\u00e9 mozkov\u00e9 \u00fa\u010dinky. Strawberry Haze je d\u00edky tomu l\u00e1kavou volbou pro toke\u0159i, kte\u0159\u00ed hledaj\u00ed kreativn\u00ed nebo spole\u010densk\u00fd buzz.<\/p>\n<h3 style=\"text-align: justify;\">V\u00edce informac\u00ed<\/h3>\n<p style=\"text-align: justify;\"><strong>Strawberry Haze online <\/strong>je vysok\u00e1 rostlina s dlouh\u00fdmi v\u011btvemi, kterou lze p\u011bstovat v interi\u00e9ru i exteri\u00e9ru, tak\u017ee je vhodn\u00fdm kandid\u00e1tem pro metodu ScrOG (Screen of Green), kter\u00e1 spo\u010d\u00edv\u00e1 v nastaven\u00ed z\u00e1st\u011bny pro maxim\u00e1ln\u00ed osv\u011btlen\u00ed. P\u011bstitel\u00e9 mohou o\u010dek\u00e1vat v\u00fdnosy a\u017e 600 gram\u016f na metr \u010dtvere\u010dn\u00ed v interi\u00e9ru a a\u017e 800 gram\u016f na rostlinu venku po 10 t\u00fddnech kveten\u00ed. Na severn\u00ed polokouli jsou pro venkovn\u00ed p\u011bstov\u00e1n\u00ed ide\u00e1ln\u00ed rovn\u00edkov\u00e9 nebo tropick\u00e9 podm\u00ednky a rostlina by m\u011bla vykv\u00e9st do poloviny \u0159\u00edjna na severn\u00ed polokouli a do poloviny dubna na ji\u017en\u00ed polokouli.<\/p>\n<h3 style=\"text-align: justify;\">V\u00fdhody<\/h3>\n<p style=\"text-align: justify;\">Na rozd\u00edl od mnoha jin\u00fdch hybridn\u00edch odr\u016fd obsahuje Strawberry Haze p\u0159ibli\u017en\u011b 1 % CBD, co\u017e z n\u00ed \u010din\u00ed vynikaj\u00edc\u00ed volbu pro l\u00e9\u010dbu zdravotn\u00edch pot\u00ed\u017e\u00ed. Mnoho lid\u00ed uvedlo, \u017ee jim tento kmen pom\u00e1h\u00e1 vyrovnat se s \u00fazkost\u00ed a zoufalstv\u00edm a \u017ee m\u016f\u017ee tak\u00e9 pomoci s p\u0159\u00edznaky ADD nebo ADHD. Strawberry Haze m\u016f\u017ee pomoci p\u0159i r\u016fzn\u00fdch t\u011blesn\u00fdch bolestech, v\u010detn\u011b migr\u00e9ny, svalov\u00fdch k\u0159e\u010d\u00ed, bolesti kloub\u016f a dal\u0161\u00edch. S t\u00edmto kmenem je lep\u0161\u00ed se m\u00edrnit, proto\u017ee jeho lahodn\u00e1 chu\u0165 v\u00e1s m\u016f\u017ee sv\u00e1d\u011bt k p\u0159ej\u00edd\u00e1n\u00ed.<\/p>\n<p style=\"text-align: justify;\">Objednejte si Strawberry Haze v Evrop\u011b, \u0160v\u00e9dsku, Finsku, N\u011bmecku, D\u00e1nsku, Estonsku a Norsku v na\u0161em internetov\u00e9m obchod\u011b a o\u010dek\u00e1vejte brzk\u00e9 doru\u010den\u00ed!<\/p>","protected":false},"excerpt":{"rendered":"<p>For Wholesale please contact us at<br \/>\nWickr ID: @williamspro<br \/>\nor via Whatsapp<br \/>\n<img loading=\"lazy\" decoding=\"async\" class=\"size-full wp-image-10162 alignleft\" src=\"https:\/\/ograsmarknad.com\/wp-content\/uploads\/2021\/11\/trust.jpg\" alt=\"Trust German\" width=\"300\" height=\"129\" srcset=\"https:\/\/ograsmarknad.com\/wp-content\/uploads\/2021\/11\/trust.jpg 300w, https:\/\/ograsmarknad.com\/wp-content\/uploads\/2021\/11\/trust-18x8.jpg 18w\" sizes=\"auto, (max-width: 300px) 100vw, 300px\" \/><\/p>","protected":false},"featured_media":9781,"comment_status":"open","ping_status":"closed","template":"","meta":{"_joinchat":[]},"product_cat":[71],"product_tag":[],"class_list":{"0":"post-9776","1":"product","2":"type-product","3":"status-publish","4":"has-post-thumbnail","6":"product_cat-gras-sw","8":"first","9":"instock","10":"shipping-taxable","11":"purchasable","12":"product-type-variable","13":"has-default-attributes"},"yoast_head":"<!-- This site is optimized with the Yoast SEO plugin v26.3 - https:\/\/yoast.com\/wordpress\/plugins\/seo\/ -->\n<title>Strawberry Haze ogr\u00e4ssort till salu \u2013 K\u00f6p Strawberry Haze online<\/title>\n<meta name=\"description\" content=\"K\u00f6p Strawberry Haze ogr\u00e4ssort online fr\u00e5n Ograsmarknad. Strawberry Haze till salu med s\u00f6t b\u00e4rsmak och upplyftande sativa-cannabiseffekter.\" \/>\n<meta name=\"robots\" content=\"index, follow, max-snippet:-1, max-image-preview:large, max-video-preview:-1\" \/>\n<link rel=\"canonical\" href=\"https:\/\/ograsmarknad.com\/cs\/product\/strawberry-haze\/\" \/>\n<meta property=\"og:locale\" content=\"cs_CZ\" \/>\n<meta property=\"og:type\" content=\"article\" \/>\n<meta property=\"og:title\" content=\"Strawberry Haze ogr\u00e4ssort till salu \u2013 K\u00f6p Strawberry Haze online\" \/>\n<meta property=\"og:description\" content=\"K\u00f6p Strawberry Haze ogr\u00e4ssort online fr\u00e5n Ograsmarknad. Strawberry Haze till salu med s\u00f6t b\u00e4rsmak och upplyftande sativa-cannabiseffekter.\" \/>\n<meta property=\"og:url\" content=\"https:\/\/ograsmarknad.com\/cs\/product\/strawberry-haze\/\" \/>\n<meta property=\"og:site_name\" content=\"Ogras Marknad\" \/>\n<meta property=\"article:modified_time\" content=\"2026-03-16T10:33:59+00:00\" \/>\n<meta property=\"og:image\" content=\"https:\/\/ograsmarknad.com\/wp-content\/uploads\/2021\/11\/strawberry-haze.jpg\" \/>\n\t<meta property=\"og:image:width\" content=\"600\" \/>\n\t<meta property=\"og:image:height\" content=\"600\" \/>\n\t<meta property=\"og:image:type\" content=\"image\/jpeg\" \/>\n<meta name=\"twitter:card\" content=\"summary_large_image\" \/>\n<meta name=\"twitter:label1\" content=\"Odhadovan\u00e1 doba \u010dten\u00ed\" \/>\n\t<meta name=\"twitter:data1\" content=\"2 minuty\" \/>\n<!-- \/ Yoast SEO plugin. -->","yoast_head_json":{"title":"Prodej odr\u016fdy Strawberry Haze \u2013 Kupte si Strawberry Haze online","description":"Kupte si online odr\u016fdu konop\u00ed Strawberry Haze od Ograsmarknad. Prod\u00e1v\u00e1 se Strawberry Haze se sladkou bobulovou chut\u00ed a povzn\u00e1\u0161ej\u00edc\u00edmi \u00fa\u010dinky sativa konop\u00ed.","robots":{"index":"index","follow":"follow","max-snippet":"max-snippet:-1","max-image-preview":"max-image-preview:large","max-video-preview":"max-video-preview:-1"},"canonical":"https:\/\/ograsmarknad.com\/cs\/product\/strawberry-haze\/","og_locale":"cs_CZ","og_type":"article","og_title":"Strawberry Haze ogr\u00e4ssort till salu \u2013 K\u00f6p Strawberry Haze online","og_description":"K\u00f6p Strawberry Haze ogr\u00e4ssort online fr\u00e5n Ograsmarknad. Strawberry Haze till salu med s\u00f6t b\u00e4rsmak och upplyftande sativa-cannabiseffekter.","og_url":"https:\/\/ograsmarknad.com\/cs\/product\/strawberry-haze\/","og_site_name":"Ogras Marknad","article_modified_time":"2026-03-16T10:33:59+00:00","og_image":[{"width":600,"height":600,"url":"https:\/\/ograsmarknad.com\/wp-content\/uploads\/2021\/11\/strawberry-haze.jpg","type":"image\/jpeg"}],"twitter_card":"summary_large_image","twitter_misc":{"Odhadovan\u00e1 doba \u010dten\u00ed":"2 minuty"},"schema":{"@context":"https:\/\/schema.org","@graph":[{"@type":"WebPage","@id":"https:\/\/ograsmarknad.com\/product\/strawberry-haze\/","url":"https:\/\/ograsmarknad.com\/product\/strawberry-haze\/","name":"Prodej odr\u016fdy Strawberry Haze \u2013 Kupte si Strawberry Haze online","isPartOf":{"@id":"https:\/\/ograsmarknad.com\/#website"},"primaryImageOfPage":{"@id":"https:\/\/ograsmarknad.com\/product\/strawberry-haze\/#primaryimage"},"image":{"@id":"https:\/\/ograsmarknad.com\/product\/strawberry-haze\/#primaryimage"},"thumbnailUrl":"https:\/\/ograsmarknad.com\/wp-content\/uploads\/2021\/11\/strawberry-haze.jpg","datePublished":"2021-11-08T08:54:37+00:00","dateModified":"2026-03-16T10:33:59+00:00","description":"Kupte si online odr\u016fdu konop\u00ed Strawberry Haze od Ograsmarknad. Prod\u00e1v\u00e1 se Strawberry Haze se sladkou bobulovou chut\u00ed a povzn\u00e1\u0161ej\u00edc\u00edmi \u00fa\u010dinky sativa konop\u00ed.","breadcrumb":{"@id":"https:\/\/ograsmarknad.com\/product\/strawberry-haze\/#breadcrumb"},"inLanguage":"cs","potentialAction":[{"@type":"ReadAction","target":["https:\/\/ograsmarknad.com\/product\/strawberry-haze\/"]}]},{"@type":"ImageObject","inLanguage":"cs","@id":"https:\/\/ograsmarknad.com\/product\/strawberry-haze\/#primaryimage","url":"https:\/\/ograsmarknad.com\/wp-content\/uploads\/2021\/11\/strawberry-haze.jpg","contentUrl":"https:\/\/ograsmarknad.com\/wp-content\/uploads\/2021\/11\/strawberry-haze.jpg","width":600,"height":600,"caption":"strawberry-haze"},{"@type":"BreadcrumbList","@id":"https:\/\/ograsmarknad.com\/product\/strawberry-haze\/#breadcrumb","itemListElement":[{"@type":"ListItem","position":1,"name":"Home","item":"https:\/\/ograsmarknad.com\/"},{"@type":"ListItem","position":2,"name":"Shop","item":"https:\/\/ograsmarknad.com\/shop\/"},{"@type":"ListItem","position":3,"name":"Strawberry Haze"}]},{"@type":"WebSite","@id":"https:\/\/ograsmarknad.com\/#website","url":"https:\/\/ograsmarknad.com\/","name":"Ogras Marknad","description":"Ogras Marknad","potentialAction":[{"@type":"SearchAction","target":{"@type":"EntryPoint","urlTemplate":"https:\/\/ograsmarknad.com\/?s={search_term_string}"},"query-input":{"@type":"PropertyValueSpecification","valueRequired":true,"valueName":"search_term_string"}}],"inLanguage":"cs"}]}},"_links":{"self":[{"href":"https:\/\/ograsmarknad.com\/cs\/wp-json\/wp\/v2\/product\/9776","targetHints":{"allow":["GET"]}}],"collection":[{"href":"https:\/\/ograsmarknad.com\/cs\/wp-json\/wp\/v2\/product"}],"about":[{"href":"https:\/\/ograsmarknad.com\/cs\/wp-json\/wp\/v2\/types\/product"}],"replies":[{"embeddable":true,"href":"https:\/\/ograsmarknad.com\/cs\/wp-json\/wp\/v2\/comments?post=9776"}],"wp:featuredmedia":[{"embeddable":true,"href":"https:\/\/ograsmarknad.com\/cs\/wp-json\/wp\/v2\/media\/9781"}],"wp:attachment":[{"href":"https:\/\/ograsmarknad.com\/cs\/wp-json\/wp\/v2\/media?parent=9776"}],"wp:term":[{"taxonomy":"product_cat","embeddable":true,"href":"https:\/\/ograsmarknad.com\/cs\/wp-json\/wp\/v2\/product_cat?post=9776"},{"taxonomy":"product_tag","embeddable":true,"href":"https:\/\/ograsmarknad.com\/cs\/wp-json\/wp\/v2\/product_tag?post=9776"}],"curies":[{"name":"wp","href":"https:\/\/api.w.org\/{rel}","templated":true}]}}