{"id":9782,"date":"2021-11-08T09:02:04","date_gmt":"2021-11-08T09:02:04","guid":{"rendered":"https:\/\/ograsmarknad.com\/?post_type=product&#038;p=9782"},"modified":"2026-03-16T10:33:50","modified_gmt":"2026-03-16T10:33:50","slug":"super-silver-haze","status":"publish","type":"product","link":"https:\/\/ograsmarknad.com\/cs\/product\/super-silver-haze\/","title":{"rendered":"Super Silver Haze"},"content":{"rendered":"<h2 style=\"text-align: justify;\">Koupit Super Silver Haze Online za n\u00edzk\u00e9 ceny od Ogras Marknad<\/h2>\n<p style=\"text-align: justify;\"><a href=\"https:\/\/ograsmarknad.com\/cs\/product\/super-silver-haze\/\">Super Silver Haze<\/a> je k\u0159\u00ed\u017eenec odr\u016fd Haze, Northern Lights a Skunk. Super Silver Haze m\u00e1me na prodej za nejlep\u0161\u00ed ceny. Kone\u010dn\u00fd v\u00fdsledek je neuv\u011b\u0159iteln\u00fd a poskytne v\u00e1m jedine\u010dn\u00fd z\u00e1\u017eitek ze sativy, po kter\u00e9m jste v\u017edy tou\u017eili. Super Silver Haze v\u00e1m poskytne nejv\u00edce energizuj\u00edc\u00ed t\u011blesn\u00fd high, kter\u00fd trv\u00e1 dlouhou dobu. Maj\u00ed tak\u00e9 siln\u00fd a inspiruj\u00edc\u00ed vliv. V\u00fdsledkem je, \u017ee pokud jste nemocn\u00ed nebo jste dlouho nejedli, budete m\u00edt v\u011bt\u0161\u00ed \u0161anci zvl\u00e1dnout vysokou hladinu stresu. To v\u0161e se obnov\u00ed d\u00edky p\u0159\u00edpravku Super Silver Haze. Kupte si Super Silver Haze ve \u0160v\u00e9dsku, Finsku, na Alandsk\u00fdch ostrovech, v D\u00e1nsku, Estonsku a Norsku v na\u0161em obchod\u011b!<\/p>\n<p style=\"text-align: justify;\">Super Silver Haze online v Evrop\u011b je hybrid s dominanc\u00ed sativy, kter\u00fd poskytuje dlouhotrvaj\u00edc\u00ed opojen\u00ed. M\u00e1 pr\u016fm\u011brn\u00fd obsah THC 18 % a obsah CBD 0,10 %. Nejen\u017ee se budete c\u00edtit klidn\u00ed a uvoln\u011bn\u00ed, ale budete tak\u00e9 schopni plnit d\u016fle\u017eit\u00e9 \u00fakoly b\u011bhem dne. To je v kontrastu s n\u011bkter\u00fdmi jin\u00fdmi strainy, kter\u00e9 maj\u00ed tendenci zp\u016fsobit, \u017ee se budete c\u00edtit jako gau\u010dov\u00fd brambor.<\/p>\n<h3 style=\"text-align: justify;\">V\u00fdhody<\/h3>\n<p style=\"text-align: justify;\">Mnoho u\u017eivatel\u016f tohoto kmene uv\u00e1d\u00ed, \u017ee m\u00e1 vynikaj\u00edc\u00ed terapeutick\u00e9 vlastnosti. V Super Silver Haze lze nal\u00e9zt ko\u0159en\u00ed, skunk a citrusy, kter\u00e9 maj\u00ed siln\u00e9 psychotropn\u00ed a fyzick\u00e9 \u00fa\u010dinky. Super Silver Haze se v druh\u00e9 \u010d\u00e1sti sv\u00e9ho dlouhotrvaj\u00edc\u00edho opojen\u00ed posouv\u00e1 a za\u010d\u00edn\u00e1 uvol\u0148ovat t\u011blo, co\u017e je maxim\u00e1ln\u011b motivuj\u00edc\u00ed. Barvy se st\u00e1vaj\u00ed jasn\u011bj\u0161\u00edmi a t\u00f3ny ost\u0159ej\u0161\u00edmi, tak\u017ee si je u\u017eivatel\u00e9 mohou vychutnat. Pro v\u011bt\u0161inu u\u017eivatel\u016f m\u016f\u017ee b\u00fdt tento strain u\u017eite\u010dnou ka\u017edodenn\u00ed l\u00e9\u010dbou \u00fanavy, probl\u00e9m\u016f s n\u00e1ladou, nevolnosti a migr\u00e9ny. Jin\u00ed mohou poci\u0165ovat v\u00edce fyzick\u00fdch p\u0159\u00edznak\u016f ne\u017e ostatn\u00ed, ale m\u016f\u017ee pomoci p\u0159i chronick\u00fdch pot\u00ed\u017e\u00edch.<\/p>\n<p style=\"text-align: justify;\">Obliba tohoto kmene v posledn\u00edch letech nepochybn\u011b vzrostla. U\u017eivatel\u00e9 tohoto kmene v\u0161ak st\u00e1le maj\u00ed probl\u00e9my s vyhled\u00e1v\u00e1n\u00edm Super Silver Haze na internetu. Je to zp\u016fsobeno t\u00edm, \u017ee v\u011bt\u0161ina z nich d\u00e1v\u00e1 p\u0159ednost n\u00e1kup\u016fm v internetov\u00fdch l\u00e9k\u00e1rn\u00e1ch. P\u0159esto jsme v\u017edy p\u0159ipraveni splnit va\u0161e n\u00e1kupn\u00ed pot\u0159eby. U\u017eijte si den a u\u017eijte si nakupov\u00e1n\u00ed v na\u0161em internetov\u00e9m obchod\u011b. Najd\u011bte si svou objedn\u00e1vku na n\u00e1kup Super Silver Haze ve \u0160v\u00e9dsku, Finsku, na Alandsk\u00fdch ostrovech, v D\u00e1nsku, Estonsku a Norsku je\u0161t\u011b dnes!<\/p>","protected":false},"excerpt":{"rendered":"<p>For Wholesale please contact us at<br \/>\nWickr ID: @williamspro<br \/>\nor via Whatsapp<br \/>\n<img loading=\"lazy\" decoding=\"async\" class=\"size-full wp-image-10162 alignleft\" src=\"https:\/\/ograsmarknad.com\/wp-content\/uploads\/2021\/11\/trust.jpg\" alt=\"Trust German\" width=\"300\" height=\"129\" srcset=\"https:\/\/ograsmarknad.com\/wp-content\/uploads\/2021\/11\/trust.jpg 300w, https:\/\/ograsmarknad.com\/wp-content\/uploads\/2021\/11\/trust-18x8.jpg 18w\" sizes=\"auto, (max-width: 300px) 100vw, 300px\" \/><\/p>","protected":false},"featured_media":9787,"comment_status":"open","ping_status":"closed","template":"","meta":{"_joinchat":[]},"product_cat":[71],"product_tag":[],"class_list":{"0":"post-9782","1":"product","2":"type-product","3":"status-publish","4":"has-post-thumbnail","6":"product_cat-gras-sw","8":"first","9":"instock","10":"shipping-taxable","11":"purchasable","12":"product-type-variable","13":"has-default-attributes"},"yoast_head":"<!-- This site is optimized with the Yoast SEO plugin v26.3 - https:\/\/yoast.com\/wordpress\/plugins\/seo\/ -->\n<title>Super Silver Haze ogr\u00e4ssort till salu \u2013 K\u00f6p Super Silver Haze online<\/title>\n<meta name=\"description\" content=\"K\u00f6p Super Silver Haze ogr\u00e4ssort online fr\u00e5n Ograsmarknad. Super Silver Haze till salu k\u00e4nd f\u00f6r sina energiska, upplyftande sativa-effekter och citrus-tallarom.\" \/>\n<meta name=\"robots\" content=\"index, follow, max-snippet:-1, max-image-preview:large, max-video-preview:-1\" \/>\n<link rel=\"canonical\" href=\"https:\/\/ograsmarknad.com\/cs\/product\/super-silver-haze\/\" \/>\n<meta property=\"og:locale\" content=\"cs_CZ\" \/>\n<meta property=\"og:type\" content=\"article\" \/>\n<meta property=\"og:title\" content=\"Super Silver Haze ogr\u00e4ssort till salu \u2013 K\u00f6p Super Silver Haze online\" \/>\n<meta property=\"og:description\" content=\"K\u00f6p Super Silver Haze ogr\u00e4ssort online fr\u00e5n Ograsmarknad. Super Silver Haze till salu k\u00e4nd f\u00f6r sina energiska, upplyftande sativa-effekter och citrus-tallarom.\" \/>\n<meta property=\"og:url\" content=\"https:\/\/ograsmarknad.com\/cs\/product\/super-silver-haze\/\" \/>\n<meta property=\"og:site_name\" content=\"Ogras Marknad\" \/>\n<meta property=\"article:modified_time\" content=\"2026-03-16T10:33:50+00:00\" \/>\n<meta property=\"og:image\" content=\"https:\/\/ograsmarknad.com\/wp-content\/uploads\/2021\/11\/super-silver-haze.jpg\" \/>\n\t<meta property=\"og:image:width\" content=\"600\" \/>\n\t<meta property=\"og:image:height\" content=\"600\" \/>\n\t<meta property=\"og:image:type\" content=\"image\/jpeg\" \/>\n<meta name=\"twitter:card\" content=\"summary_large_image\" \/>\n<meta name=\"twitter:label1\" content=\"Odhadovan\u00e1 doba \u010dten\u00ed\" \/>\n\t<meta name=\"twitter:data1\" content=\"2 minuty\" \/>\n<!-- \/ Yoast SEO plugin. -->","yoast_head_json":{"title":"Prodej odr\u016fdy plevele Super Silver Haze \u2013 Kupte si Super Silver Haze online","description":"Kupte si online na Weed Marketu odr\u016fdu konop\u00ed Super Silver Haze. Super Silver Haze je k prodeji zn\u00e1m\u00e1 sv\u00fdmi energick\u00fdmi, povzn\u00e1\u0161ej\u00edc\u00edmi sativa \u00fa\u010dinky a citrusovo-borovicovou v\u016fn\u00ed.","robots":{"index":"index","follow":"follow","max-snippet":"max-snippet:-1","max-image-preview":"max-image-preview:large","max-video-preview":"max-video-preview:-1"},"canonical":"https:\/\/ograsmarknad.com\/cs\/product\/super-silver-haze\/","og_locale":"cs_CZ","og_type":"article","og_title":"Super Silver Haze ogr\u00e4ssort till salu \u2013 K\u00f6p Super Silver Haze online","og_description":"K\u00f6p Super Silver Haze ogr\u00e4ssort online fr\u00e5n Ograsmarknad. Super Silver Haze till salu k\u00e4nd f\u00f6r sina energiska, upplyftande sativa-effekter och citrus-tallarom.","og_url":"https:\/\/ograsmarknad.com\/cs\/product\/super-silver-haze\/","og_site_name":"Ogras Marknad","article_modified_time":"2026-03-16T10:33:50+00:00","og_image":[{"width":600,"height":600,"url":"https:\/\/ograsmarknad.com\/wp-content\/uploads\/2021\/11\/super-silver-haze.jpg","type":"image\/jpeg"}],"twitter_card":"summary_large_image","twitter_misc":{"Odhadovan\u00e1 doba \u010dten\u00ed":"2 minuty"},"schema":{"@context":"https:\/\/schema.org","@graph":[{"@type":"WebPage","@id":"https:\/\/ograsmarknad.com\/product\/super-silver-haze\/","url":"https:\/\/ograsmarknad.com\/product\/super-silver-haze\/","name":"Prodej odr\u016fdy plevele Super Silver Haze \u2013 Kupte si Super Silver Haze online","isPartOf":{"@id":"https:\/\/ograsmarknad.com\/#website"},"primaryImageOfPage":{"@id":"https:\/\/ograsmarknad.com\/product\/super-silver-haze\/#primaryimage"},"image":{"@id":"https:\/\/ograsmarknad.com\/product\/super-silver-haze\/#primaryimage"},"thumbnailUrl":"https:\/\/ograsmarknad.com\/wp-content\/uploads\/2021\/11\/super-silver-haze.jpg","datePublished":"2021-11-08T09:02:04+00:00","dateModified":"2026-03-16T10:33:50+00:00","description":"Kupte si online na Weed Marketu odr\u016fdu konop\u00ed Super Silver Haze. Super Silver Haze je k prodeji zn\u00e1m\u00e1 sv\u00fdmi energick\u00fdmi, povzn\u00e1\u0161ej\u00edc\u00edmi sativa \u00fa\u010dinky a citrusovo-borovicovou v\u016fn\u00ed.","breadcrumb":{"@id":"https:\/\/ograsmarknad.com\/product\/super-silver-haze\/#breadcrumb"},"inLanguage":"cs","potentialAction":[{"@type":"ReadAction","target":["https:\/\/ograsmarknad.com\/product\/super-silver-haze\/"]}]},{"@type":"ImageObject","inLanguage":"cs","@id":"https:\/\/ograsmarknad.com\/product\/super-silver-haze\/#primaryimage","url":"https:\/\/ograsmarknad.com\/wp-content\/uploads\/2021\/11\/super-silver-haze.jpg","contentUrl":"https:\/\/ograsmarknad.com\/wp-content\/uploads\/2021\/11\/super-silver-haze.jpg","width":600,"height":600,"caption":"super-silver-haze"},{"@type":"BreadcrumbList","@id":"https:\/\/ograsmarknad.com\/product\/super-silver-haze\/#breadcrumb","itemListElement":[{"@type":"ListItem","position":1,"name":"Home","item":"https:\/\/ograsmarknad.com\/"},{"@type":"ListItem","position":2,"name":"Shop","item":"https:\/\/ograsmarknad.com\/shop\/"},{"@type":"ListItem","position":3,"name":"Super Silver Haze"}]},{"@type":"WebSite","@id":"https:\/\/ograsmarknad.com\/#website","url":"https:\/\/ograsmarknad.com\/","name":"Ogras Marknad","description":"Ogras Marknad","potentialAction":[{"@type":"SearchAction","target":{"@type":"EntryPoint","urlTemplate":"https:\/\/ograsmarknad.com\/?s={search_term_string}"},"query-input":{"@type":"PropertyValueSpecification","valueRequired":true,"valueName":"search_term_string"}}],"inLanguage":"cs"}]}},"_links":{"self":[{"href":"https:\/\/ograsmarknad.com\/cs\/wp-json\/wp\/v2\/product\/9782","targetHints":{"allow":["GET"]}}],"collection":[{"href":"https:\/\/ograsmarknad.com\/cs\/wp-json\/wp\/v2\/product"}],"about":[{"href":"https:\/\/ograsmarknad.com\/cs\/wp-json\/wp\/v2\/types\/product"}],"replies":[{"embeddable":true,"href":"https:\/\/ograsmarknad.com\/cs\/wp-json\/wp\/v2\/comments?post=9782"}],"wp:featuredmedia":[{"embeddable":true,"href":"https:\/\/ograsmarknad.com\/cs\/wp-json\/wp\/v2\/media\/9787"}],"wp:attachment":[{"href":"https:\/\/ograsmarknad.com\/cs\/wp-json\/wp\/v2\/media?parent=9782"}],"wp:term":[{"taxonomy":"product_cat","embeddable":true,"href":"https:\/\/ograsmarknad.com\/cs\/wp-json\/wp\/v2\/product_cat?post=9782"},{"taxonomy":"product_tag","embeddable":true,"href":"https:\/\/ograsmarknad.com\/cs\/wp-json\/wp\/v2\/product_tag?post=9782"}],"curies":[{"name":"wp","href":"https:\/\/api.w.org\/{rel}","templated":true}]}}