{"id":9811,"date":"2021-11-08T15:05:30","date_gmt":"2021-11-08T15:05:30","guid":{"rendered":"https:\/\/ograsmarknad.com\/?post_type=product&#038;p=9811"},"modified":"2026-04-02T09:12:02","modified_gmt":"2026-04-02T09:12:02","slug":"afghan-hash","status":"publish","type":"product","link":"https:\/\/ograsmarknad.com\/cs\/product\/afghan-hash\/","title":{"rendered":"Afghan Hash"},"content":{"rendered":"<h2 style=\"text-align: justify;\">Hashish Online v\u00e1s\u00e1rl\u00e1s, Weed elad\u00f3 Online Val\u00f3di marihu\u00e1na hash elad\u00f3 Magyarorsz\u00e1gon, D\u00e1ni\u00e1ban, \u00c9sztorsz\u00e1gban, Norv\u00e9gi\u00e1ban a legjobb \u00e1rakon itt!<\/h2>\n<p style=\"text-align: justify;\">Olika n\u00e4tbutiker som handlar med riktig afghansk Black Hash-stam kan hittas p\u00e5 onlinemarknaden. Du m\u00e5ste dock <a href=\"https:\/\/ograsmarknad.com\/cs\/product\/afghan-hash\/\">k\u00f6pa Afghan Black Hash-stam online<\/a> fr\u00e5n <a href=\"https:\/\/ograsmarknad.com\/cs\/\">Ogras Marknad<\/a> f\u00f6r att f\u00e5 den b\u00e4sta kvaliteten p\u00e5 gr\u00e4set till salu. Det finns inga kompromisser n\u00e4r det kommer till kvaliteten p\u00e5 v\u00e5ra produkter. De ges till klienter med b\u00e4sta m\u00f6jliga h\u00e4lsa.<\/p>\n<p>V\u00e5r personal av leverant\u00f6rer och leverant\u00f6rer p\u00e5 v\u00e5r Afghan Black Hash weed online-dispensary i Europa, Sverige, Finland, \u00c5land, Danmark, Estland, Norge kommer att\u00a0<a href=\"https:\/\/www.afghanistan-analysts.org\/en\/reports\/context-culture\/the-myth-of-afghan-black-a-cultural-history-of-cannabis-cultivation-and-hashish-production-in-afghanistan\/\"><strong>slutf\u00f6r din best\u00e4llning<\/strong><\/a>\u00a0f\u00f6r\u00a0<strong>s\u00e4kerhet f\u00f6r laglig afghansk svart hasch<\/strong>. Oroa dig inte f\u00f6r priset p\u00e5 Afghan Black Hash-stammen eftersom det \u00e4r tillg\u00e4ngligt h\u00e4r till ett\u00a0<strong>rimligt pris<\/strong>.<\/p>\n<h3>Afghan Black Hash Weed &#8211; vad \u00e4r det?<\/h3>\n<p>Afghan Black Hash \u00e4r en\u00a0<a href=\"https:\/\/en.wikipedia.org\/wiki\/Hashish\"><strong>hashklon<\/strong><\/a>\u00a0som \u00e4r\u00a0<strong>laglig \u00f6ver hela v\u00e4rlden<\/strong>\u00a0och kommer att\u00a0<strong>f\u00f6rblir laglig l\u00e4ngre.\u00a0Ingen THC, syntetiska cannabinoider eller forskningskemikalier<\/strong>\u00a0finns (som\u00a0<strong>JWH-018, JWH-073, JWH-250, AM-2209, etc.)<\/strong>. Det \u00e4r\u00a0<strong>utan tvekan den b\u00e4sta lagliga haschen som finns<\/strong>. Vi anv\u00e4nder\u00a0<strong>exklusivt h\u00f6gkvalitativa<\/strong> <strong>naturliga material<\/strong>\u00a0i v\u00e5ra produkter. Det\u00a0<strong>ser ut som hasch, k\u00e4nns som hasch, luktar som hampa, smakar fantastiskt<\/strong>. Den enda skillnaden mellan Afghan Black hasch och v\u00e5ra andra produkter \u00e4r\u00a0<strong>skillnaden \u00e4r bara f\u00e4rgen<\/strong>. Med en\u00a0<strong>tankfull och meditativ mental kvalitet<\/strong>\u00a0kommer du att uppleva\u00a0<strong>k\u00e4nslor av lycka, f\u00f6rtrogenhet och domningar<\/strong>. I ett n\u00f6tskal \u00e4r det en\u00a0<strong>lugnande effekt som g\u00f6r dig fridfull<\/strong>.<\/p>\n<h3>Jak najdu nejlep\u0161\u00ed obchod pro n\u00e1kup afgh\u00e1nsk\u00e9 \u010dern\u00e9 ha\u0161e? Bylinky online?<\/h3>\n<p>Ogras Marknad m\u00e5ste vara ditt f\u00f6rsta val om du letar efter den b\u00e4sta gr\u00e4sbutiken online f\u00f6r att <strong>k\u00f6pa Afghan Black Hash wee<\/strong>d i <strong>Europa, Sverige, Finland, \u00c5land, <a href=\"https:\/\/ograsmarknad.com\/cs\/product\/afghani-red-wrap-hash\/\">Danmark, Estland<\/a>, Norge<\/strong>. Inom en kort tid kommer din best\u00e4llning att levereras. Om du k\u00f6per fler av v\u00e5ra legala hashprodukter f\u00e5r du ett b\u00e4ttre erbjudande. Kontakta oss och k\u00f6p dina \u00f6nskade produkter nu! <a href=\"https:\/\/ograsmarknad.com\/cs\/product\/afghan-hash\/\"><strong>B\u00e4sts\u00e4ljare<\/strong><\/a><\/p>","protected":false},"excerpt":{"rendered":"<p>For Wholesale please contact us at<br \/>\nWickr ID: @williamspro<br \/>\nor via Whatsapp<br \/>\n<img loading=\"lazy\" decoding=\"async\" class=\"size-full wp-image-10162 alignleft\" src=\"https:\/\/ograsmarknad.com\/wp-content\/uploads\/2021\/11\/trust.jpg\" alt=\"Trust German\" width=\"300\" height=\"129\" srcset=\"https:\/\/ograsmarknad.com\/wp-content\/uploads\/2021\/11\/trust.jpg 300w, https:\/\/ograsmarknad.com\/wp-content\/uploads\/2021\/11\/trust-18x8.jpg 18w\" sizes=\"auto, (max-width: 300px) 100vw, 300px\" \/><\/p>","protected":false},"featured_media":9816,"comment_status":"open","ping_status":"closed","template":"","meta":{"_joinchat":[]},"product_cat":[72],"product_tag":[],"class_list":{"0":"post-9811","1":"product","2":"type-product","3":"status-publish","4":"has-post-thumbnail","6":"product_cat-hash","8":"first","9":"instock","10":"shipping-taxable","11":"purchasable","12":"product-type-variable"},"yoast_head":"<!-- This site is optimized with the Yoast SEO plugin v26.3 - https:\/\/yoast.com\/wordpress\/plugins\/seo\/ -->\n<title>K\u00f6p Afghan Hash Online - Afghan Hash till salu | OgarsMarknad<\/title>\n<meta name=\"description\" content=\"K\u00f6p Afghan Hash online och uppt\u00e4ck ett klassiskt cannabiskoncentrat beundrat f\u00f6r sin djupa smak och lena konsistens. Afghan Hash till salu utvunnen fr\u00e5n traditionella hartspressningstekniker.\" \/>\n<meta name=\"robots\" content=\"index, follow, max-snippet:-1, max-image-preview:large, max-video-preview:-1\" \/>\n<link rel=\"canonical\" href=\"https:\/\/ograsmarknad.com\/cs\/product\/afghan-hash\/\" \/>\n<meta property=\"og:locale\" content=\"cs_CZ\" \/>\n<meta property=\"og:type\" content=\"article\" \/>\n<meta property=\"og:title\" content=\"K\u00f6p Afghan Hash Online - Afghan Hash till salu | OgarsMarknad\" \/>\n<meta property=\"og:description\" content=\"K\u00f6p Afghan Hash online och uppt\u00e4ck ett klassiskt cannabiskoncentrat beundrat f\u00f6r sin djupa smak och lena konsistens. Afghan Hash till salu utvunnen fr\u00e5n traditionella hartspressningstekniker.\" \/>\n<meta property=\"og:url\" content=\"https:\/\/ograsmarknad.com\/cs\/product\/afghan-hash\/\" \/>\n<meta property=\"og:site_name\" content=\"Ogras Marknad\" \/>\n<meta property=\"article:modified_time\" content=\"2026-04-02T09:12:02+00:00\" \/>\n<meta property=\"og:image\" content=\"https:\/\/ograsmarknad.com\/wp-content\/uploads\/2021\/11\/afghan-hash.jpg\" \/>\n\t<meta property=\"og:image:width\" content=\"600\" \/>\n\t<meta property=\"og:image:height\" content=\"600\" \/>\n\t<meta property=\"og:image:type\" content=\"image\/jpeg\" \/>\n<meta name=\"twitter:card\" content=\"summary_large_image\" \/>\n<meta name=\"twitter:label1\" content=\"Odhadovan\u00e1 doba \u010dten\u00ed\" \/>\n\t<meta name=\"twitter:data1\" content=\"2 minuty\" \/>\n<!-- \/ Yoast SEO plugin. -->","yoast_head_json":{"title":"Kupte si afgh\u00e1nsk\u00fd ha\u0161i\u0161 online - afgh\u00e1nsk\u00fd ha\u0161i\u0161 na prodej | OgarsMarknad","description":"K\u00f6p Afghan Hash online och uppt\u00e4ck ett klassiskt cannabiskoncentrat beundrat f\u00f6r sin djupa smak och lena konsistens. Afghan Hash till salu utvunnen fr\u00e5n traditionella hartspressningstekniker.","robots":{"index":"index","follow":"follow","max-snippet":"max-snippet:-1","max-image-preview":"max-image-preview:large","max-video-preview":"max-video-preview:-1"},"canonical":"https:\/\/ograsmarknad.com\/cs\/product\/afghan-hash\/","og_locale":"cs_CZ","og_type":"article","og_title":"K\u00f6p Afghan Hash Online - Afghan Hash till salu | OgarsMarknad","og_description":"K\u00f6p Afghan Hash online och uppt\u00e4ck ett klassiskt cannabiskoncentrat beundrat f\u00f6r sin djupa smak och lena konsistens. Afghan Hash till salu utvunnen fr\u00e5n traditionella hartspressningstekniker.","og_url":"https:\/\/ograsmarknad.com\/cs\/product\/afghan-hash\/","og_site_name":"Ogras Marknad","article_modified_time":"2026-04-02T09:12:02+00:00","og_image":[{"width":600,"height":600,"url":"https:\/\/ograsmarknad.com\/wp-content\/uploads\/2021\/11\/afghan-hash.jpg","type":"image\/jpeg"}],"twitter_card":"summary_large_image","twitter_misc":{"Odhadovan\u00e1 doba \u010dten\u00ed":"2 minuty"},"schema":{"@context":"https:\/\/schema.org","@graph":[{"@type":"WebPage","@id":"https:\/\/ograsmarknad.com\/product\/afghan-hash\/","url":"https:\/\/ograsmarknad.com\/product\/afghan-hash\/","name":"Kupte si afgh\u00e1nsk\u00fd ha\u0161i\u0161 online - afgh\u00e1nsk\u00fd ha\u0161i\u0161 na prodej | OgarsMarknad","isPartOf":{"@id":"https:\/\/ograsmarknad.com\/#website"},"primaryImageOfPage":{"@id":"https:\/\/ograsmarknad.com\/product\/afghan-hash\/#primaryimage"},"image":{"@id":"https:\/\/ograsmarknad.com\/product\/afghan-hash\/#primaryimage"},"thumbnailUrl":"https:\/\/ograsmarknad.com\/wp-content\/uploads\/2021\/11\/afghan-hash.jpg","datePublished":"2021-11-08T15:05:30+00:00","dateModified":"2026-04-02T09:12:02+00:00","description":"K\u00f6p Afghan Hash online och uppt\u00e4ck ett klassiskt cannabiskoncentrat beundrat f\u00f6r sin djupa smak och lena konsistens. Afghan Hash till salu utvunnen fr\u00e5n traditionella hartspressningstekniker.","breadcrumb":{"@id":"https:\/\/ograsmarknad.com\/product\/afghan-hash\/#breadcrumb"},"inLanguage":"cs","potentialAction":[{"@type":"ReadAction","target":["https:\/\/ograsmarknad.com\/product\/afghan-hash\/"]}]},{"@type":"ImageObject","inLanguage":"cs","@id":"https:\/\/ograsmarknad.com\/product\/afghan-hash\/#primaryimage","url":"https:\/\/ograsmarknad.com\/wp-content\/uploads\/2021\/11\/afghan-hash.jpg","contentUrl":"https:\/\/ograsmarknad.com\/wp-content\/uploads\/2021\/11\/afghan-hash.jpg","width":600,"height":600,"caption":"afghan-hash"},{"@type":"BreadcrumbList","@id":"https:\/\/ograsmarknad.com\/product\/afghan-hash\/#breadcrumb","itemListElement":[{"@type":"ListItem","position":1,"name":"Home","item":"https:\/\/ograsmarknad.com\/"},{"@type":"ListItem","position":2,"name":"Shop","item":"https:\/\/ograsmarknad.com\/shop\/"},{"@type":"ListItem","position":3,"name":"Afghan Hash"}]},{"@type":"WebSite","@id":"https:\/\/ograsmarknad.com\/#website","url":"https:\/\/ograsmarknad.com\/","name":"Ogras Marknad","description":"Ogras Marknad","potentialAction":[{"@type":"SearchAction","target":{"@type":"EntryPoint","urlTemplate":"https:\/\/ograsmarknad.com\/?s={search_term_string}"},"query-input":{"@type":"PropertyValueSpecification","valueRequired":true,"valueName":"search_term_string"}}],"inLanguage":"cs"}]}},"_links":{"self":[{"href":"https:\/\/ograsmarknad.com\/cs\/wp-json\/wp\/v2\/product\/9811","targetHints":{"allow":["GET"]}}],"collection":[{"href":"https:\/\/ograsmarknad.com\/cs\/wp-json\/wp\/v2\/product"}],"about":[{"href":"https:\/\/ograsmarknad.com\/cs\/wp-json\/wp\/v2\/types\/product"}],"replies":[{"embeddable":true,"href":"https:\/\/ograsmarknad.com\/cs\/wp-json\/wp\/v2\/comments?post=9811"}],"wp:featuredmedia":[{"embeddable":true,"href":"https:\/\/ograsmarknad.com\/cs\/wp-json\/wp\/v2\/media\/9816"}],"wp:attachment":[{"href":"https:\/\/ograsmarknad.com\/cs\/wp-json\/wp\/v2\/media?parent=9811"}],"wp:term":[{"taxonomy":"product_cat","embeddable":true,"href":"https:\/\/ograsmarknad.com\/cs\/wp-json\/wp\/v2\/product_cat?post=9811"},{"taxonomy":"product_tag","embeddable":true,"href":"https:\/\/ograsmarknad.com\/cs\/wp-json\/wp\/v2\/product_tag?post=9811"}],"curies":[{"name":"wp","href":"https:\/\/api.w.org\/{rel}","templated":true}]}}