{"id":9817,"date":"2021-11-08T15:09:58","date_gmt":"2021-11-08T15:09:58","guid":{"rendered":"https:\/\/ograsmarknad.com\/?post_type=product&#038;p=9817"},"modified":"2024-05-31T05:26:05","modified_gmt":"2024-05-31T05:26:05","slug":"lemon-tree-hash","status":"publish","type":"product","link":"https:\/\/ograsmarknad.com\/cs\/product\/lemon-tree-hash\/","title":{"rendered":"Lemon Tree Hash"},"content":{"rendered":"<h2 style=\"text-align: justify;\">Kupte si Lemon Tree Hash za nejlep\u0161\u00ed ceny online na Ogras Market!<\/h2>\n<p style=\"text-align: justify;\">Lemon tree hash, nebo jen \"lemon tree\", je hybridn\u00ed kmen 50\/50, kter\u00fd vznikl sm\u00edch\u00e1n\u00edm n\u00e1dhern\u00fdch kmen\u016f lemon arts a sour diesel. D\u00edky sv\u00e9 oku lahod\u00edc\u00ed chuti a \u00fa\u017easn\u00e9 pr\u016fm\u011brn\u00e9 hladin\u011b THC 20-25 % z\u00edskalo toto monstrum v roce 2014 prvn\u00ed m\u00edsto v sout\u011b\u017ei Seattle Cannabis Cup za nejlep\u0161\u00ed hybrid. Pokud si chcete koupit ha\u0161i\u0161 z citronovn\u00edku online ve \u0160v\u00e9dsku, Finsku, na Alandsk\u00fdch ostrovech, v D\u00e1nsku, Estonsku a Norsku, pak jsme pro v\u00e1s tou nejlep\u0161\u00ed volbou. Objednejte si lemon tree online je\u0161t\u011b dnes!<\/p>\n<h3 style=\"text-align: justify;\">Chu\u0165<\/h3>\n<p style=\"text-align: justify;\">Prod\u00e1van\u00fd citronovn\u00edk m\u00e1 velmi kyselou citronovou p\u0159\u00edchu\u0165 a \u0161tiplavou chu\u0165 nafty, kterou byste podle jeho p\u016fvodu o\u010dek\u00e1vali. Stejn\u011b intenzivn\u00ed je i v\u016fn\u011b s dieselov\u00fdm zemit\u00fdm podt\u00f3nem a ostr\u00fdm, kysel\u00fdm skunkem a tvrd\u00fdm, \u0161tiplav\u00fdm citronem.<\/p>\n<h3 style=\"text-align: justify;\">Vzhled<\/h3>\n<p style=\"text-align: justify;\">Pupeny citron\u00edku obsahuj\u00ed kulat\u00e9, tmav\u011b olivov\u011b zelen\u00e9 pupeny s hust\u00fdm povlakem velmi tenk\u00fdch, oslniv\u011b b\u00edl\u00fdch krystalick\u00fdch trichom\u016f a hust\u00fdm povlakem chlupat\u00fdch \u017elut\u00fdch chloupk\u016f.<\/p>\n<h3 style=\"text-align: justify;\">\u00da\u010dinky<\/h3>\n<p style=\"text-align: justify;\">Citronovn\u00edk je typick\u00fd hybrid s \u00fa\u010dinky, kter\u00e9 p\u016fsob\u00ed na mysl i t\u011blo s ne\u010dekanou silou a jsou schopny ohromit i toho nejzku\u0161en\u011bj\u0161\u00edho u\u017eivatele. Na za\u010d\u00e1tku opojen\u00ed za\u017eijete euforick\u00fd n\u00e1val, kter\u00fd v\u00e1m zaplav\u00ed hlavu \u0161\u0165astn\u00fdmi vizemi a zanech\u00e1 v\u00e1s v radosti. Va\u0161e t\u011blo za\u010dne poci\u0165ovat m\u00edrn\u00e9 mraven\u010den\u00ed, kter\u00e9 brzy p\u0159ejde v plnohodnotn\u00fd bzukot, d\u00edky n\u011bmu\u017e se budete c\u00edtit p\u0159\u00edjemn\u011b a trochu otup\u011ble, bez fyzick\u00fdch bolest\u00ed \u010di z\u00e1n\u011bt\u016f, zat\u00edmco v\u00e1\u0161 du\u0161evn\u00ed stav poroste. Spolu s vysok\u00fdm obsahem THC d\u00e1vaj\u00ed tyto sm\u00ed\u0161en\u00e9 \u00fa\u010dinky citronovn\u00edku v\u00fdhodu p\u0159i l\u00e9\u010db\u011b pot\u00ed\u017e\u00ed, jako jsou chronick\u00e9 bolesti, z\u00e1n\u011bty, \u00fanava a nespavost.<\/p>\n<p style=\"text-align: justify;\"><em>Objednejte si ha\u0161i\u0161 z citronovn\u00edku online ve \u0160v\u00e9dsku, Finsku, na Alandsk\u00fdch ostrovech, v D\u00e1nsku, Estonsku a Norsku u Ogras Marknad je\u0161t\u011b dnes!<\/em><\/p>","protected":false},"excerpt":{"rendered":"<p>For Wholesale please contact us at<br \/>\nWickr ID: @williamspro<br \/>\nor via Whatsapp<br \/>\n<img loading=\"lazy\" decoding=\"async\" class=\"size-full wp-image-10162 alignleft\" src=\"https:\/\/ograsmarknad.com\/wp-content\/uploads\/2021\/11\/trust.jpg\" alt=\"Trust German\" width=\"300\" height=\"129\" srcset=\"https:\/\/ograsmarknad.com\/wp-content\/uploads\/2021\/11\/trust.jpg 300w, https:\/\/ograsmarknad.com\/wp-content\/uploads\/2021\/11\/trust-18x8.jpg 18w\" sizes=\"auto, (max-width: 300px) 100vw, 300px\" \/><\/p>","protected":false},"featured_media":9822,"comment_status":"open","ping_status":"closed","template":"","meta":{"_joinchat":[]},"product_cat":[72],"product_tag":[],"class_list":{"0":"post-9817","1":"product","2":"type-product","3":"status-publish","4":"has-post-thumbnail","6":"product_cat-hash","8":"first","9":"instock","10":"shipping-taxable","11":"purchasable","12":"product-type-variable","13":"has-default-attributes"},"yoast_head":"<!-- This site is optimized with the Yoast SEO plugin v26.3 - https:\/\/yoast.com\/wordpress\/plugins\/seo\/ -->\n<title>Lemon Tree Hash - Ogras Marknad<\/title>\n<meta name=\"robots\" content=\"index, follow, max-snippet:-1, max-image-preview:large, max-video-preview:-1\" \/>\n<link rel=\"canonical\" href=\"https:\/\/ograsmarknad.com\/cs\/product\/lemon-tree-hash\/\" \/>\n<meta property=\"og:locale\" content=\"cs_CZ\" \/>\n<meta property=\"og:type\" content=\"article\" \/>\n<meta property=\"og:title\" content=\"Lemon Tree Hash - Ogras Marknad\" \/>\n<meta property=\"og:description\" content=\"For Wholesale please contact us at Wickr ID: @williamspro or via Whatsapp\" \/>\n<meta property=\"og:url\" content=\"https:\/\/ograsmarknad.com\/cs\/product\/lemon-tree-hash\/\" \/>\n<meta property=\"og:site_name\" content=\"Ogras Marknad\" \/>\n<meta property=\"article:modified_time\" content=\"2024-05-31T05:26:05+00:00\" \/>\n<meta property=\"og:image\" content=\"https:\/\/ograsmarknad.com\/wp-content\/uploads\/2021\/11\/lemon-tree-hash.jpg\" \/>\n\t<meta property=\"og:image:width\" content=\"600\" \/>\n\t<meta property=\"og:image:height\" content=\"600\" \/>\n\t<meta property=\"og:image:type\" content=\"image\/jpeg\" \/>\n<meta name=\"twitter:card\" content=\"summary_large_image\" \/>\n<meta name=\"twitter:label1\" content=\"Odhadovan\u00e1 doba \u010dten\u00ed\" \/>\n\t<meta name=\"twitter:data1\" content=\"2 minuty\" \/>\n<!-- \/ Yoast SEO plugin. -->","yoast_head_json":{"title":"Citronov\u00fd ha\u0161i\u0161 - OgrasMarknad","robots":{"index":"index","follow":"follow","max-snippet":"max-snippet:-1","max-image-preview":"max-image-preview:large","max-video-preview":"max-video-preview:-1"},"canonical":"https:\/\/ograsmarknad.com\/cs\/product\/lemon-tree-hash\/","og_locale":"cs_CZ","og_type":"article","og_title":"Lemon Tree Hash - Ogras Marknad","og_description":"For Wholesale please contact us at Wickr ID: @williamspro or via Whatsapp","og_url":"https:\/\/ograsmarknad.com\/cs\/product\/lemon-tree-hash\/","og_site_name":"Ogras Marknad","article_modified_time":"2024-05-31T05:26:05+00:00","og_image":[{"width":600,"height":600,"url":"https:\/\/ograsmarknad.com\/wp-content\/uploads\/2021\/11\/lemon-tree-hash.jpg","type":"image\/jpeg"}],"twitter_card":"summary_large_image","twitter_misc":{"Odhadovan\u00e1 doba \u010dten\u00ed":"2 minuty"},"schema":{"@context":"https:\/\/schema.org","@graph":[{"@type":"WebPage","@id":"https:\/\/ograsmarknad.com\/product\/lemon-tree-hash\/","url":"https:\/\/ograsmarknad.com\/product\/lemon-tree-hash\/","name":"Citronov\u00fd ha\u0161i\u0161 - OgrasMarknad","isPartOf":{"@id":"https:\/\/ograsmarknad.com\/#website"},"primaryImageOfPage":{"@id":"https:\/\/ograsmarknad.com\/product\/lemon-tree-hash\/#primaryimage"},"image":{"@id":"https:\/\/ograsmarknad.com\/product\/lemon-tree-hash\/#primaryimage"},"thumbnailUrl":"https:\/\/ograsmarknad.com\/wp-content\/uploads\/2021\/11\/lemon-tree-hash.jpg","datePublished":"2021-11-08T15:09:58+00:00","dateModified":"2024-05-31T05:26:05+00:00","breadcrumb":{"@id":"https:\/\/ograsmarknad.com\/product\/lemon-tree-hash\/#breadcrumb"},"inLanguage":"cs","potentialAction":[{"@type":"ReadAction","target":["https:\/\/ograsmarknad.com\/product\/lemon-tree-hash\/"]}]},{"@type":"ImageObject","inLanguage":"cs","@id":"https:\/\/ograsmarknad.com\/product\/lemon-tree-hash\/#primaryimage","url":"https:\/\/ograsmarknad.com\/wp-content\/uploads\/2021\/11\/lemon-tree-hash.jpg","contentUrl":"https:\/\/ograsmarknad.com\/wp-content\/uploads\/2021\/11\/lemon-tree-hash.jpg","width":600,"height":600,"caption":"lemon-tree-hash"},{"@type":"BreadcrumbList","@id":"https:\/\/ograsmarknad.com\/product\/lemon-tree-hash\/#breadcrumb","itemListElement":[{"@type":"ListItem","position":1,"name":"Home","item":"https:\/\/ograsmarknad.com\/"},{"@type":"ListItem","position":2,"name":"Shop","item":"https:\/\/ograsmarknad.com\/shop\/"},{"@type":"ListItem","position":3,"name":"Lemon Tree Hash"}]},{"@type":"WebSite","@id":"https:\/\/ograsmarknad.com\/#website","url":"https:\/\/ograsmarknad.com\/","name":"Ogras Marknad","description":"Ogras Marknad","potentialAction":[{"@type":"SearchAction","target":{"@type":"EntryPoint","urlTemplate":"https:\/\/ograsmarknad.com\/?s={search_term_string}"},"query-input":{"@type":"PropertyValueSpecification","valueRequired":true,"valueName":"search_term_string"}}],"inLanguage":"cs"}]}},"_links":{"self":[{"href":"https:\/\/ograsmarknad.com\/cs\/wp-json\/wp\/v2\/product\/9817","targetHints":{"allow":["GET"]}}],"collection":[{"href":"https:\/\/ograsmarknad.com\/cs\/wp-json\/wp\/v2\/product"}],"about":[{"href":"https:\/\/ograsmarknad.com\/cs\/wp-json\/wp\/v2\/types\/product"}],"replies":[{"embeddable":true,"href":"https:\/\/ograsmarknad.com\/cs\/wp-json\/wp\/v2\/comments?post=9817"}],"wp:featuredmedia":[{"embeddable":true,"href":"https:\/\/ograsmarknad.com\/cs\/wp-json\/wp\/v2\/media\/9822"}],"wp:attachment":[{"href":"https:\/\/ograsmarknad.com\/cs\/wp-json\/wp\/v2\/media?parent=9817"}],"wp:term":[{"taxonomy":"product_cat","embeddable":true,"href":"https:\/\/ograsmarknad.com\/cs\/wp-json\/wp\/v2\/product_cat?post=9817"},{"taxonomy":"product_tag","embeddable":true,"href":"https:\/\/ograsmarknad.com\/cs\/wp-json\/wp\/v2\/product_tag?post=9817"}],"curies":[{"name":"wp","href":"https:\/\/api.w.org\/{rel}","templated":true}]}}