{"id":9867,"date":"2021-11-09T09:46:58","date_gmt":"2021-11-09T09:46:58","guid":{"rendered":"https:\/\/ograsmarknad.com\/?post_type=product&#038;p=9867"},"modified":"2026-03-16T10:48:49","modified_gmt":"2026-03-16T10:48:49","slug":"thc-olja-i-grossistledet","status":"publish","type":"product","link":"https:\/\/ograsmarknad.com\/cs\/product\/thc-olja-i-grossistledet\/","title":{"rendered":"\u00a0THC olej ve velkoobchod\u011b"},"content":{"rendered":"<h2 style=\"text-align: justify;\">Kupte si THC olej za n\u00edzk\u00e9 ceny zde - THC olej na prodej - Ogras Marknad!<\/h2>\n<p style=\"text-align: justify;\">Kvalitet <a href=\"https:\/\/ograsmarknad.com\/cs\/product\/thc-olja-i-grossistledet\/\">THC online till salu<\/a>Kvalitn\u00ed THC na prodej online, Kdy\u017e je kou\u0159en\u00ed konopn\u00fdch kv\u011bt\u016f pro z\u00edsk\u00e1n\u00ed THC (tetrahydrokanabinolu) st\u00e1le nejobl\u00edben\u011bj\u0161\u00edm zp\u016fsobem po\u017eit\u00ed, Thc Oils poskytuj\u00ed nov\u00fd zp\u016fsob, jak si konop\u00ed vychutnat. THC oleje se vyr\u00e1b\u011bj\u00ed extrakc\u00ed cenn\u00e9ho THC a dal\u0161\u00edch kanabinoid\u016f z rostliny konop\u00ed. m\u016f\u017eete si u n\u00e1s tak\u00e9 objednat k2 oleje nebo k2 pap\u00edrky. <a href=\"https:\/\/en.wikipedia.org\/w\/index.php?search=thc+oil+for+sale+&amp;title=Special%3ASearch&amp;go=Go&amp;ns0=1\">av<\/a> r\u016fzn\u00e9 extrak\u010dn\u00ed procesy a n\u00e1sledn\u011b suspenduj\u00ed kanabinoidy v nosn\u00e9m oleji, jako je MCT nebo konopn\u00fd olej. V Ogras Marknad nab\u00edz\u00edme THC olej k prodeji ve \u0160v\u00e9dsku, Finsku, na \u00c5landsk\u00fdch ostrovech, v D\u00e1nsku, Estonsku a Norsku. M\u016f\u017eete se s n\u00e1mi p\u0159\u00edmo spojit a bez probl\u00e9m\u016f si objednat.<\/p>\n<h3 style=\"text-align: justify;\">Jak\u00fd je nejlep\u0161\u00ed zp\u016fsob u\u017e\u00edv\u00e1n\u00ed thc oleje Cannabis online for sale online - Kde si mohu koupit kvalitn\u00ed marihuanu online ?<\/h3>\n<p style=\"text-align: justify;\">V\u011bt\u0161ina oleje je ur\u010dena pro pou\u017eit\u00ed v ohr\u00e1dk\u00e1ch pro zbran\u011b nebo ve voz\u00edc\u00edch. N\u011bkter\u00e9 THC oleje, zejm\u00e9na ty s hust\u0161\u00ed konzistenc\u00ed, jako je nap\u0159\u00edklad olej RSO, jsou vhodn\u00e9 pro pou\u017eit\u00ed s DAB soupravou, proto\u017ee je snaz\u0161\u00ed je kontrolovan\u011b kapat p\u0159es zah\u0159\u00e1t\u00fd h\u0159eb\u00edk. Sta\u010d\u00ed si vz\u00edt p\u0159edpln\u011bn\u00e9 pero nebo kartu\u0161i a pou\u017e\u00edt ji, kdykoli budete cht\u00edt. Dabing s <a href=\"https:\/\/ograsmarknad.com\/cs\/product\/thc-olja-i-grossistledet\/\">en<\/a> Na druhou stranu, za\u0159\u00edzen\u00ed v\u00e1m m\u016f\u017ee poskytnout v\u011bt\u0161\u00ed kontrolu; m\u016f\u017eete si na rozp\u00e1len\u00fd nehet nan\u00e9st p\u0159esn\u011b tolik oleje, kolik chcete. N\u011bkte\u0159\u00ed lid\u00e9 nav\u00edc tvrd\u00ed, \u017ee nan\u00e1\u0161en\u00ed dabbingem p\u0159in\u00e1\u0161\u00ed vynikaj\u00edc\u00ed v\u00fdsledky. Kupte si Thc olej online ve \u0160v\u00e9dsku, Finsku, na \u00c5landsk\u00fdch ostrovech, v D\u00e1nsku, Estonsku a Norsku je\u0161t\u011b dnes!<\/p>\n<h3 style=\"text-align: justify;\">Je konzumace THC oleje bezpe\u010dn\u00e1 ? - Koupit konopn\u00fd olej online<\/h3>\n<p style=\"text-align: justify;\">Olej THC lze po\u017e\u00edt, i kdy\u017e v\u011bt\u0161ina lid\u00ed d\u00e1v\u00e1 p\u0159ednost sublingv\u00e1ln\u00edmu d\u00e1vkov\u00e1n\u00ed (pod jazyk), proto\u017ee \u00fa\u010dinky lze poc\u00edtit, pokud <a href=\"https:\/\/ograsmarknad.com\/cs\/\">15<\/a> a\u017e 30 minut, co\u017e je jen o n\u011bkolik minut d\u00e9le ne\u017e inhalace. Stejn\u011b jako u jin\u00fdch typ\u016f konop\u00ed jedl\u00e9ho, i u oleje a jeho konzumace m\u016f\u017ee trvat 30 a\u017e 60 minut, ne\u017e se dos\u00e1hne pln\u00e9ho prosp\u011bchu.<\/p>\n<p style=\"text-align: justify;\">Jsme zde, abychom v\u00e1m pomohli objednat Thc Oil online za n\u00edzk\u00e9 ceny. Kontaktujte n\u00e1\u0161 internetov\u00fd obchod a zadejte sv\u00e9 po\u017eadavky!<\/p>\n<h3>Pou\u017eit\u00ed THC OLEJE<\/h3>\n<p>St\u0159\u00edka\u010dka s destil\u00e1tem THC je rafinovan\u00e1, koncentrovan\u00e1 verze THC, kter\u00e1 v\u00e1m zajist\u00ed, \u017ee si konop\u00ed u\u017eijete naplno. Destil\u00e1ty THC lze nav\u00edc pou\u017e\u00edt k rekrea\u010dn\u00edm \u00fa\u010del\u016fm, co\u017e v\u00e1m pom\u016f\u017ee vst\u00e1t b\u011bhem n\u011bkolika minut. Mo\u017en\u00e1 se budete c\u00edtit zahlceni obrovsk\u00fdm mno\u017estv\u00edm dostupn\u00fdch informac\u00ed, proto pro v\u00e1s Cannabud Post n\u00ed\u017ee sestavil stru\u010dn\u00e9ho pr\u016fvodce. N\u00ed\u017ee uveden\u00e9 informace v\u00e1m maj\u00ed pomoci st\u00e1t se profesion\u00e1lem ve vapov\u00e1n\u00ed konop\u00ed a douf\u00e1me, \u017ee v\u00e1m p\u0159ed dal\u0161\u00edm kou\u0159en\u00edm porad\u00edme.<\/p>\n<p>Pokud si chcete nechat na jazyku OLEJ z tr\u00e1vy, destil\u00e1ty THC se uk\u00e1zaly jako \u00fa\u010dinn\u00e1 volba, tak\u017ee je vyzkou\u0161ejte, uvid\u00edte, jak se budete c\u00edtit, a pak pokra\u010dujte. Nakupujte hromadn\u00e9 destil\u00e1ty THC online<\/p>\n<p>Ani dnes si mnoho nezku\u0161en\u00fdch spot\u0159ebitel\u016f nen\u00ed jisto rozd\u00edly mezi THC a CBD. S destilovan\u00fdmi cartridgemi je velmi snadn\u00e9 vybrat si mezi vysoce \u00fa\u010dinn\u00fdmi edibles s vysok\u00fdm obsahem THC a n\u00edzk\u00fdm obsahem CBD. U koncentr\u00e1t\u016f d\u00e1vaj\u00ed u\u017eivatel\u00e9 z \u0159ad l\u00e9ka\u0159\u016f p\u0159ednost edibl\u016fm s vysokou \u00fa\u010dinnost\u00ed, vysok\u00fdm obsahem CBD a\/nebo n\u00edzk\u00fdm obsahem THC.<\/p>\n<h3><strong>Velkoobchodn\u00ed THC olej online \\ Kvalitn\u00ed THC olej na prodej<\/strong><\/h3>\n<p>Dobr\u00fd den, lid\u00e9 v Evrop\u011b, kte\u0159\u00ed denn\u011b u\u017e\u00edvaj\u00ed thc olej, m\u00e1me pro v\u00e1s dobrou zpr\u00e1vu. Ograsmarknad v\u00e1m nab\u00edz\u00ed nejlep\u0161\u00ed konopn\u00e9 oleje online. Distribuujeme vysoce kvalitn\u00ed THC olej po cel\u00e9 Evrop\u011b, ve \u0160v\u00e9dsku, D\u00e1nsku, Belgii a ve zbytku sv\u011bta. M\u016f\u017eete n\u00e1s kontaktovat pro nejlep\u0161\u00ed cenu a objednat si thc olej pr\u00e1v\u011b te\u010f.<\/p>\n<p>&nbsp;<\/p>","protected":false},"excerpt":{"rendered":"<p>For Wholesale please contact us at<br \/>\nWickr ID: @williamspro<br \/>\nor via Whatsapp<br \/>\n<img loading=\"lazy\" decoding=\"async\" class=\"size-full wp-image-10162 alignleft\" src=\"https:\/\/ograsmarknad.com\/wp-content\/uploads\/2021\/11\/trust.jpg\" alt=\"Trust German\" width=\"300\" height=\"129\" srcset=\"https:\/\/ograsmarknad.com\/wp-content\/uploads\/2021\/11\/trust.jpg 300w, https:\/\/ograsmarknad.com\/wp-content\/uploads\/2021\/11\/trust-18x8.jpg 18w\" sizes=\"auto, (max-width: 300px) 100vw, 300px\" \/><\/p>","protected":false},"featured_media":9872,"comment_status":"open","ping_status":"closed","template":"","meta":{"_joinchat":[]},"product_cat":[74],"product_tag":[],"class_list":{"0":"post-9867","1":"product","2":"type-product","3":"status-publish","4":"has-post-thumbnail","6":"product_cat-thc-olja","8":"first","9":"instock","10":"shipping-taxable","11":"purchasable","12":"product-type-variable","13":"has-default-attributes"},"yoast_head":"<!-- This site is optimized with the Yoast SEO plugin v26.3 - https:\/\/yoast.com\/wordpress\/plugins\/seo\/ -->\n<title>THC-olja grossist till salu \u2013 K\u00f6p THC-olja i Grossistledet online<\/title>\n<meta name=\"description\" content=\"K\u00f6p THC-olja i Grossistledet online fr\u00e5n Ograsmarknad. THC-olja grossist till salu som erbjuder cannabisextrakt i bulk.\" \/>\n<meta name=\"robots\" content=\"index, follow, max-snippet:-1, max-image-preview:large, max-video-preview:-1\" \/>\n<link rel=\"canonical\" href=\"https:\/\/ograsmarknad.com\/cs\/product\/thc-olja-i-grossistledet\/\" \/>\n<meta property=\"og:locale\" content=\"cs_CZ\" \/>\n<meta property=\"og:type\" content=\"article\" \/>\n<meta property=\"og:title\" content=\"THC-olja grossist till salu \u2013 K\u00f6p THC-olja i Grossistledet online\" \/>\n<meta property=\"og:description\" content=\"K\u00f6p THC-olja i Grossistledet online fr\u00e5n Ograsmarknad. THC-olja grossist till salu som erbjuder cannabisextrakt i bulk.\" \/>\n<meta property=\"og:url\" content=\"https:\/\/ograsmarknad.com\/cs\/product\/thc-olja-i-grossistledet\/\" \/>\n<meta property=\"og:site_name\" content=\"Ogras Marknad\" \/>\n<meta property=\"article:modified_time\" content=\"2026-03-16T10:48:49+00:00\" \/>\n<meta property=\"og:image\" content=\"https:\/\/ograsmarknad.com\/wp-content\/uploads\/2021\/11\/thc-oil.jpg\" \/>\n\t<meta property=\"og:image:width\" content=\"600\" \/>\n\t<meta property=\"og:image:height\" content=\"600\" \/>\n\t<meta property=\"og:image:type\" content=\"image\/jpeg\" \/>\n<meta name=\"twitter:card\" content=\"summary_large_image\" \/>\n<meta name=\"twitter:label1\" content=\"Odhadovan\u00e1 doba \u010dten\u00ed\" \/>\n\t<meta name=\"twitter:data1\" content=\"3 minuty\" \/>\n<!-- \/ Yoast SEO plugin. -->","yoast_head_json":{"title":"Velkoobchodn\u00ed prodej THC oleje \u2013 Nakupujte THC olej velkoobchodn\u011b online","description":"Kupte si THC olej velkoobchodn\u011b online od Ograsmarknad. Velkoobchodn\u00edk s THC olejem nab\u00edz\u00ed konopn\u00fd extrakt ve velk\u00e9m.","robots":{"index":"index","follow":"follow","max-snippet":"max-snippet:-1","max-image-preview":"max-image-preview:large","max-video-preview":"max-video-preview:-1"},"canonical":"https:\/\/ograsmarknad.com\/cs\/product\/thc-olja-i-grossistledet\/","og_locale":"cs_CZ","og_type":"article","og_title":"THC-olja grossist till salu \u2013 K\u00f6p THC-olja i Grossistledet online","og_description":"K\u00f6p THC-olja i Grossistledet online fr\u00e5n Ograsmarknad. THC-olja grossist till salu som erbjuder cannabisextrakt i bulk.","og_url":"https:\/\/ograsmarknad.com\/cs\/product\/thc-olja-i-grossistledet\/","og_site_name":"Ogras Marknad","article_modified_time":"2026-03-16T10:48:49+00:00","og_image":[{"width":600,"height":600,"url":"https:\/\/ograsmarknad.com\/wp-content\/uploads\/2021\/11\/thc-oil.jpg","type":"image\/jpeg"}],"twitter_card":"summary_large_image","twitter_misc":{"Odhadovan\u00e1 doba \u010dten\u00ed":"3 minuty"},"schema":{"@context":"https:\/\/schema.org","@graph":[{"@type":"WebPage","@id":"https:\/\/ograsmarknad.com\/product\/thc-olja-i-grossistledet\/","url":"https:\/\/ograsmarknad.com\/product\/thc-olja-i-grossistledet\/","name":"Velkoobchodn\u00ed prodej THC oleje \u2013 Nakupujte THC olej velkoobchodn\u011b online","isPartOf":{"@id":"https:\/\/ograsmarknad.com\/#website"},"primaryImageOfPage":{"@id":"https:\/\/ograsmarknad.com\/product\/thc-olja-i-grossistledet\/#primaryimage"},"image":{"@id":"https:\/\/ograsmarknad.com\/product\/thc-olja-i-grossistledet\/#primaryimage"},"thumbnailUrl":"https:\/\/ograsmarknad.com\/wp-content\/uploads\/2021\/11\/thc-oil.jpg","datePublished":"2021-11-09T09:46:58+00:00","dateModified":"2026-03-16T10:48:49+00:00","description":"Kupte si THC olej velkoobchodn\u011b online od Ograsmarknad. Velkoobchodn\u00edk s THC olejem nab\u00edz\u00ed konopn\u00fd extrakt ve velk\u00e9m.","breadcrumb":{"@id":"https:\/\/ograsmarknad.com\/product\/thc-olja-i-grossistledet\/#breadcrumb"},"inLanguage":"cs","potentialAction":[{"@type":"ReadAction","target":["https:\/\/ograsmarknad.com\/product\/thc-olja-i-grossistledet\/"]}]},{"@type":"ImageObject","inLanguage":"cs","@id":"https:\/\/ograsmarknad.com\/product\/thc-olja-i-grossistledet\/#primaryimage","url":"https:\/\/ograsmarknad.com\/wp-content\/uploads\/2021\/11\/thc-oil.jpg","contentUrl":"https:\/\/ograsmarknad.com\/wp-content\/uploads\/2021\/11\/thc-oil.jpg","width":600,"height":600,"caption":"thc-oil"},{"@type":"BreadcrumbList","@id":"https:\/\/ograsmarknad.com\/product\/thc-olja-i-grossistledet\/#breadcrumb","itemListElement":[{"@type":"ListItem","position":1,"name":"Home","item":"https:\/\/ograsmarknad.com\/"},{"@type":"ListItem","position":2,"name":"Shop","item":"https:\/\/ograsmarknad.com\/shop\/"},{"@type":"ListItem","position":3,"name":"THC-olja i grossistledet"}]},{"@type":"WebSite","@id":"https:\/\/ograsmarknad.com\/#website","url":"https:\/\/ograsmarknad.com\/","name":"Ogras Marknad","description":"Ogras Marknad","potentialAction":[{"@type":"SearchAction","target":{"@type":"EntryPoint","urlTemplate":"https:\/\/ograsmarknad.com\/?s={search_term_string}"},"query-input":{"@type":"PropertyValueSpecification","valueRequired":true,"valueName":"search_term_string"}}],"inLanguage":"cs"}]}},"_links":{"self":[{"href":"https:\/\/ograsmarknad.com\/cs\/wp-json\/wp\/v2\/product\/9867","targetHints":{"allow":["GET"]}}],"collection":[{"href":"https:\/\/ograsmarknad.com\/cs\/wp-json\/wp\/v2\/product"}],"about":[{"href":"https:\/\/ograsmarknad.com\/cs\/wp-json\/wp\/v2\/types\/product"}],"replies":[{"embeddable":true,"href":"https:\/\/ograsmarknad.com\/cs\/wp-json\/wp\/v2\/comments?post=9867"}],"wp:featuredmedia":[{"embeddable":true,"href":"https:\/\/ograsmarknad.com\/cs\/wp-json\/wp\/v2\/media\/9872"}],"wp:attachment":[{"href":"https:\/\/ograsmarknad.com\/cs\/wp-json\/wp\/v2\/media?parent=9867"}],"wp:term":[{"taxonomy":"product_cat","embeddable":true,"href":"https:\/\/ograsmarknad.com\/cs\/wp-json\/wp\/v2\/product_cat?post=9867"},{"taxonomy":"product_tag","embeddable":true,"href":"https:\/\/ograsmarknad.com\/cs\/wp-json\/wp\/v2\/product_tag?post=9867"}],"curies":[{"name":"wp","href":"https:\/\/api.w.org\/{rel}","templated":true}]}}