{"id":10221,"date":"2022-08-04T06:26:34","date_gmt":"2022-08-04T06:26:34","guid":{"rendered":"https:\/\/ograsmarknad.com\/?post_type=product&#038;p=10221"},"modified":"2026-03-16T10:49:01","modified_gmt":"2026-03-16T10:49:01","slug":"tahoe-og-cannabis-oil","status":"publish","type":"product","link":"https:\/\/ograsmarknad.com\/de\/product\/tahoe-og-cannabis-oil\/","title":{"rendered":"Tahoe OG Cannabis Oil"},"content":{"rendered":"<h2>Kaufen Sie Tahoe Original Cannabis\u00f6l online<\/h2>\n<p><a href=\"https:\/\/ograsmarknad.com\/de\/product\/tahoe-og-cannabis-oil\/\">Tahoe OG Cannabis\u00f6l online<\/a>Diese Cannabissorte bietet eine kraftvolle Kombination aus k\u00f6rperbetonter Indica und stimmungsaufhellender Sativa mit einem Sativa\/Indica-Verh\u00e4ltnis von 90:10. Mit einem THC-Gehalt von bis zu 20 % eignet sie sich besonders f\u00fcr Menschen, die sich gl\u00fccklicher und weniger gestresst f\u00fchlen m\u00f6chten. Die Wirkung des \u00d6ls ist vorwiegend beruhigend, sowohl mental als auch k\u00f6rperlich, wobei die Sativa-Komponente ein starkes euphorisches und stimmungsaufhellendes Erlebnis bietet. Diese Cannabissorte wird h\u00e4ufig zur Behandlung von chronischen Schmerzen, Angstzust\u00e4nden, Depressionen und Migr\u00e4ne eingesetzt.<\/p>\n<h3>Weitere Informationen zu Tahoe OG<\/h3>\n<p>Es hat sich gezeigt, dass Tahoe OG Entspannung, Gl\u00fccksgef\u00fchle, Euphorie, Schl\u00e4frigkeit und gesteigerten Appetit hervorruft.<\/p>\n<p>Laut Anwendern lindert Tahoe OG Schmerzen, Stress, Traurigkeit, Schlaflosigkeit und Appetitlosigkeit.<\/p>\n<p>Die beste Sorte f\u00fcr Regentage ist Tahoe OG. Sie sollte nicht kurz vor dem Verlassen des Hauses konsumiert werden, da sie stark ist und schnell wirkt. Tahoe OG ist unter den Indica-Sorten bekannt f\u00fcr ihre F\u00e4higkeit, Schmerzen, Schlaflosigkeit und Appetitlosigkeit zu lindern. Da sie ein Gef\u00fchl von Schwere und Lethargie hervorruft, eignet sie sich hervorragend f\u00fcr den Abend. Zus\u00e4tzlich zu den typischen Indica-Vorteilen bietet die \u00fcberlegene Z\u00fcchtung von Tahoe OG eine euphorisierende, Sativa-\u00e4hnliche Wirkung. Diese Sorte hat ein erdiges Zitrusaroma und ist eine OG-Kush-Variante. [Marihuana]<\/p>\n<h3>Zu den berichteten Wirkungen von OG Kush Cannabis\u00f6l geh\u00f6ren:<\/h3>\n<p>Entspannt<\/p>\n<p>Froh<\/p>\n<p>Euforisk<\/p>\n<p>S\u00f6mnig<\/p>\n<p>Hungrig<\/p>\n<h3>Patienten berichten, dass OG Kush Cannabis\u00f6l ihnen bei folgenden Beschwerden hilft:<\/h3>\n<p>\u00c5ngest<\/p>\n<p>Sm\u00e4rta<\/p>\n<p>S\u00f6mnl\u00f6shet<\/p>\n<p>Depression<\/p>\n<p>Aptitl\u00f6shet<\/p>\n<p>Vikt:<\/p>\n<p>5 ml, 10 ml, 15 ml<\/p>","protected":false},"excerpt":{"rendered":"<p>F\u00f6r partihandel kontakta oss p\u00e5<br \/>\nWickr ID: @williamspro<br \/>\neller via Whatsapp<br \/>\n<img loading=\"lazy\" decoding=\"async\" class=\"size-full wp-image-10162 alignleft\" src=\"https:\/\/ograsmarknad.com\/wp-content\/uploads\/2021\/11\/trust.jpg\" alt=\"Trust German\" width=\"300\" height=\"129\" srcset=\"https:\/\/ograsmarknad.com\/wp-content\/uploads\/2021\/11\/trust.jpg 300w, https:\/\/ograsmarknad.com\/wp-content\/uploads\/2021\/11\/trust-18x8.jpg 18w\" sizes=\"auto, (max-width: 300px) 100vw, 300px\" \/><\/p>","protected":false},"featured_media":10230,"comment_status":"open","ping_status":"closed","template":"","meta":{"_joinchat":[]},"product_cat":[74],"product_tag":[],"class_list":{"0":"post-10221","1":"product","2":"type-product","3":"status-publish","4":"has-post-thumbnail","6":"product_cat-thc-olja","8":"first","9":"instock","10":"shipping-taxable","11":"purchasable","12":"product-type-variable"},"yoast_head":"<!-- This site is optimized with the Yoast SEO plugin v26.3 - https:\/\/yoast.com\/wordpress\/plugins\/seo\/ -->\n<title>Tahoe OG Cannabisolja till salu \u2013 K\u00f6p Tahoe OG Olja Online<\/title>\n<meta name=\"description\" content=\"K\u00f6p Tahoe OG cannabisolja online fr\u00e5n Ograsmarknad. Tahoe OG-olja till salu som ger avslappnande indica-cannabisextrakteffekter.\" \/>\n<meta name=\"robots\" content=\"index, follow, max-snippet:-1, max-image-preview:large, max-video-preview:-1\" \/>\n<link rel=\"canonical\" href=\"https:\/\/ograsmarknad.com\/de\/product\/tahoe-og-cannabis-oil\/\" \/>\n<meta property=\"og:locale\" content=\"de_DE\" \/>\n<meta property=\"og:type\" content=\"article\" \/>\n<meta property=\"og:title\" content=\"Tahoe OG Cannabisolja till salu \u2013 K\u00f6p Tahoe OG Olja Online\" \/>\n<meta property=\"og:description\" content=\"K\u00f6p Tahoe OG cannabisolja online fr\u00e5n Ograsmarknad. Tahoe OG-olja till salu som ger avslappnande indica-cannabisextrakteffekter.\" \/>\n<meta property=\"og:url\" content=\"https:\/\/ograsmarknad.com\/de\/product\/tahoe-og-cannabis-oil\/\" \/>\n<meta property=\"og:site_name\" content=\"Ogras Marknad\" \/>\n<meta property=\"article:modified_time\" content=\"2026-03-16T10:49:01+00:00\" \/>\n<meta property=\"og:image\" content=\"https:\/\/ograsmarknad.com\/wp-content\/uploads\/2022\/08\/Bubble-Gum-Cannabis-Oil-2.jpg\" \/>\n\t<meta property=\"og:image:width\" content=\"700\" \/>\n\t<meta property=\"og:image:height\" content=\"700\" \/>\n\t<meta property=\"og:image:type\" content=\"image\/jpeg\" \/>\n<meta name=\"twitter:card\" content=\"summary_large_image\" \/>\n<meta name=\"twitter:label1\" content=\"Gesch\u00e4tzte Lesezeit\" \/>\n\t<meta name=\"twitter:data1\" content=\"2\u00a0Minuten\" \/>\n<!-- \/ Yoast SEO plugin. -->","yoast_head_json":{"title":"Tahoe OG Cannabis\u00f6l zu verkaufen \u2013 Kaufen Sie Tahoe OG \u00d6l online","description":"Kaufen Sie Tahoe OG Cannabis\u00f6l online bei Ograsmarknad. Tahoe OG \u00d6l mit entspannender Indica-Cannabisextrakt-Wirkung ist erh\u00e4ltlich.","robots":{"index":"index","follow":"follow","max-snippet":"max-snippet:-1","max-image-preview":"max-image-preview:large","max-video-preview":"max-video-preview:-1"},"canonical":"https:\/\/ograsmarknad.com\/de\/product\/tahoe-og-cannabis-oil\/","og_locale":"de_DE","og_type":"article","og_title":"Tahoe OG Cannabisolja till salu \u2013 K\u00f6p Tahoe OG Olja Online","og_description":"K\u00f6p Tahoe OG cannabisolja online fr\u00e5n Ograsmarknad. Tahoe OG-olja till salu som ger avslappnande indica-cannabisextrakteffekter.","og_url":"https:\/\/ograsmarknad.com\/de\/product\/tahoe-og-cannabis-oil\/","og_site_name":"Ogras Marknad","article_modified_time":"2026-03-16T10:49:01+00:00","og_image":[{"width":700,"height":700,"url":"https:\/\/ograsmarknad.com\/wp-content\/uploads\/2022\/08\/Bubble-Gum-Cannabis-Oil-2.jpg","type":"image\/jpeg"}],"twitter_card":"summary_large_image","twitter_misc":{"Gesch\u00e4tzte Lesezeit":"2\u00a0Minuten"},"schema":{"@context":"https:\/\/schema.org","@graph":[{"@type":"WebPage","@id":"https:\/\/ograsmarknad.com\/product\/tahoe-og-cannabis-oil\/","url":"https:\/\/ograsmarknad.com\/product\/tahoe-og-cannabis-oil\/","name":"Tahoe OG Cannabis\u00f6l zu verkaufen \u2013 Kaufen Sie Tahoe OG \u00d6l online","isPartOf":{"@id":"https:\/\/ograsmarknad.com\/#website"},"primaryImageOfPage":{"@id":"https:\/\/ograsmarknad.com\/product\/tahoe-og-cannabis-oil\/#primaryimage"},"image":{"@id":"https:\/\/ograsmarknad.com\/product\/tahoe-og-cannabis-oil\/#primaryimage"},"thumbnailUrl":"https:\/\/ograsmarknad.com\/wp-content\/uploads\/2022\/08\/Bubble-Gum-Cannabis-Oil-2.jpg","datePublished":"2022-08-04T06:26:34+00:00","dateModified":"2026-03-16T10:49:01+00:00","description":"Kaufen Sie Tahoe OG Cannabis\u00f6l online bei Ograsmarknad. Tahoe OG \u00d6l mit entspannender Indica-Cannabisextrakt-Wirkung ist erh\u00e4ltlich.","breadcrumb":{"@id":"https:\/\/ograsmarknad.com\/product\/tahoe-og-cannabis-oil\/#breadcrumb"},"inLanguage":"de","potentialAction":[{"@type":"ReadAction","target":["https:\/\/ograsmarknad.com\/product\/tahoe-og-cannabis-oil\/"]}]},{"@type":"ImageObject","inLanguage":"de","@id":"https:\/\/ograsmarknad.com\/product\/tahoe-og-cannabis-oil\/#primaryimage","url":"https:\/\/ograsmarknad.com\/wp-content\/uploads\/2022\/08\/Bubble-Gum-Cannabis-Oil-2.jpg","contentUrl":"https:\/\/ograsmarknad.com\/wp-content\/uploads\/2022\/08\/Bubble-Gum-Cannabis-Oil-2.jpg","width":700,"height":700,"caption":"Bubble-Gum-Cannabis-Oil"},{"@type":"BreadcrumbList","@id":"https:\/\/ograsmarknad.com\/product\/tahoe-og-cannabis-oil\/#breadcrumb","itemListElement":[{"@type":"ListItem","position":1,"name":"Home","item":"https:\/\/ograsmarknad.com\/"},{"@type":"ListItem","position":2,"name":"Shop","item":"https:\/\/ograsmarknad.com\/shop\/"},{"@type":"ListItem","position":3,"name":"Tahoe OG Cannabis Oil"}]},{"@type":"WebSite","@id":"https:\/\/ograsmarknad.com\/#website","url":"https:\/\/ograsmarknad.com\/","name":"Ogras Marknad","description":"Ogras Marknad","potentialAction":[{"@type":"SearchAction","target":{"@type":"EntryPoint","urlTemplate":"https:\/\/ograsmarknad.com\/?s={search_term_string}"},"query-input":{"@type":"PropertyValueSpecification","valueRequired":true,"valueName":"search_term_string"}}],"inLanguage":"de"}]}},"_links":{"self":[{"href":"https:\/\/ograsmarknad.com\/de\/wp-json\/wp\/v2\/product\/10221","targetHints":{"allow":["GET"]}}],"collection":[{"href":"https:\/\/ograsmarknad.com\/de\/wp-json\/wp\/v2\/product"}],"about":[{"href":"https:\/\/ograsmarknad.com\/de\/wp-json\/wp\/v2\/types\/product"}],"replies":[{"embeddable":true,"href":"https:\/\/ograsmarknad.com\/de\/wp-json\/wp\/v2\/comments?post=10221"}],"wp:featuredmedia":[{"embeddable":true,"href":"https:\/\/ograsmarknad.com\/de\/wp-json\/wp\/v2\/media\/10230"}],"wp:attachment":[{"href":"https:\/\/ograsmarknad.com\/de\/wp-json\/wp\/v2\/media?parent=10221"}],"wp:term":[{"taxonomy":"product_cat","embeddable":true,"href":"https:\/\/ograsmarknad.com\/de\/wp-json\/wp\/v2\/product_cat?post=10221"},{"taxonomy":"product_tag","embeddable":true,"href":"https:\/\/ograsmarknad.com\/de\/wp-json\/wp\/v2\/product_tag?post=10221"}],"curies":[{"name":"wp","href":"https:\/\/api.w.org\/{rel}","templated":true}]}}