{"id":10250,"date":"2022-08-04T06:45:21","date_gmt":"2022-08-04T06:45:21","guid":{"rendered":"https:\/\/ograsmarknad.com\/?post_type=product&#038;p=10250"},"modified":"2026-03-16T10:48:39","modified_gmt":"2026-03-16T10:48:39","slug":"cherry-pie-haschischol","status":"publish","type":"product","link":"https:\/\/ograsmarknad.com\/de\/product\/cherry-pie-haschischol\/","title":{"rendered":"Cherry Pie Haschisch\u00f6l"},"content":{"rendered":"<p>Warnung!<\/p>\n<p><strong>Dosering:<\/strong> 6257mg<\/p>\n<p><strong>THC-procent:<\/strong> 75 %<\/p>\n<p><strong>CBD-procent:<\/strong> 3-5%<\/p>\n<p><strong>M\u00e4ngd:<\/strong> 10ml<\/p>\n<p>Cherry Pie Hash Oil hat einen Hauch von Kirsche im Geschmack und ist angenehm mild beim Rauchen. Es ist leicht fl\u00fcssig mit dunkelroten Farbt\u00f6nen. Dieses \u00d6l enth\u00e4lt eine gute Menge CBD und eignet sich zur Linderung chronischer Schmerzen, Kopfschmerzen\/Migr\u00e4ne und R\u00fcckenschmerzen. Es kann auch bei Schlaflosigkeit helfen. Der THC-Gehalt ist nicht zu hoch und steht in einem guten Verh\u00e4ltnis zu CBD. Cherry Pie Oil sorgt f\u00fcr ein angenehmes High am Abend oder in der Nacht. Es ist eine der g\u00e4ngigsten Formen von Cannabis\u00f6l. Aufgrund seiner starken medizinischen Eigenschaften kann Cherry Pie Oil als Lebensmittelzusatz, zur \u00e4u\u00dferlichen Anwendung oder zum direkten Konsum durch Verbrennen verwendet werden. Cherry Pie Oil wird mit 99,9 % Isopropanol und nicht wie BHO mit Butan hergestellt. Seine gold-r\u00f6tliche Farbe verleiht ihm den charakteristischen Namen \u201eCherry\u201c. Dieses \u00d6l enth\u00e4lt durchschnittlich 68\u201375 % THC und 3\u20135 % CBD sowie eine hohe Menge an Cannabinoiden und Terpenen, die ihm einen intensiven Geschmack und einen hohen medizinischen Wert verleihen. Cherry Pie THC-\u00d6l kann als Lebensmittelzusatz, zur \u00e4u\u00dferlichen Anwendung oder zum direkten Verzehr durch Verbrennen verwendet werden, um seine starke medizinische Wirkung zu entfalten.<\/p>","protected":false},"excerpt":{"rendered":"<p>F\u00f6r partihandel kontakta oss p\u00e5<br \/>\nWickr ID: @williamspro<br \/>\neller via Whatsapp<br \/>\n<img loading=\"lazy\" decoding=\"async\" class=\"size-full wp-image-10162 alignleft\" src=\"https:\/\/ograsmarknad.com\/wp-content\/uploads\/2021\/11\/trust.jpg\" alt=\"Trust German\" width=\"300\" height=\"129\" srcset=\"https:\/\/ograsmarknad.com\/wp-content\/uploads\/2021\/11\/trust.jpg 300w, https:\/\/ograsmarknad.com\/wp-content\/uploads\/2021\/11\/trust-18x8.jpg 18w\" sizes=\"auto, (max-width: 300px) 100vw, 300px\" \/><\/p>","protected":false},"featured_media":10254,"comment_status":"open","ping_status":"closed","template":"","meta":{"_joinchat":[]},"product_cat":[79],"product_tag":[],"class_list":{"0":"post-10250","1":"product","2":"type-product","3":"status-publish","4":"has-post-thumbnail","6":"product_cat-hascholjor","8":"first","9":"instock","10":"shipping-taxable","11":"purchasable","12":"product-type-variable"},"yoast_head":"<!-- This site is optimized with the Yoast SEO plugin v26.3 - https:\/\/yoast.com\/wordpress\/plugins\/seo\/ -->\n<title>Cherry Pie Hash Oil till salu \u2013 K\u00f6p Cherry Pie Hash Oil Online<\/title>\n<meta name=\"description\" content=\"K\u00f6p Cherry Pie hasholja online fr\u00e5n Ograsmarknad. Cherry Pie hasholja till salu med s\u00f6t k\u00f6rsb\u00e4rssmak och avslappnande cannabisextrakteffekter.\" \/>\n<meta name=\"robots\" content=\"index, follow, max-snippet:-1, max-image-preview:large, max-video-preview:-1\" \/>\n<link rel=\"canonical\" href=\"https:\/\/ograsmarknad.com\/de\/product\/cherry-pie-haschischol\/\" \/>\n<meta property=\"og:locale\" content=\"de_DE\" \/>\n<meta property=\"og:type\" content=\"article\" \/>\n<meta property=\"og:title\" content=\"Cherry Pie Hash Oil till salu \u2013 K\u00f6p Cherry Pie Hash Oil Online\" \/>\n<meta property=\"og:description\" content=\"K\u00f6p Cherry Pie hasholja online fr\u00e5n Ograsmarknad. Cherry Pie hasholja till salu med s\u00f6t k\u00f6rsb\u00e4rssmak och avslappnande cannabisextrakteffekter.\" \/>\n<meta property=\"og:url\" content=\"https:\/\/ograsmarknad.com\/de\/product\/cherry-pie-haschischol\/\" \/>\n<meta property=\"og:site_name\" content=\"Ogras Marknad\" \/>\n<meta property=\"article:modified_time\" content=\"2026-03-16T10:48:39+00:00\" \/>\n<meta property=\"og:image\" content=\"https:\/\/ograsmarknad.com\/wp-content\/uploads\/2022\/08\/Cherry-Pie-THC-Hash-Oil.jpg\" \/>\n\t<meta property=\"og:image:width\" content=\"700\" \/>\n\t<meta property=\"og:image:height\" content=\"700\" \/>\n\t<meta property=\"og:image:type\" content=\"image\/jpeg\" \/>\n<meta name=\"twitter:card\" content=\"summary_large_image\" \/>\n<meta name=\"twitter:label1\" content=\"Gesch\u00e4tzte Lesezeit\" \/>\n\t<meta name=\"twitter:data1\" content=\"1\u00a0Minute\" \/>\n<!-- \/ Yoast SEO plugin. -->","yoast_head_json":{"title":"Cherry Pie Haschisch\u00f6l zu verkaufen - Cherry Pie Haschisch\u00f6l online kaufen","description":"Kaufen Sie Cherry Pie Haschisch\u00f6l online bei Ograsmarknad. Cherry Pie Haschisch\u00f6l mit s\u00fc\u00dfem Kirschgeschmack und entspannender Wirkung durch Cannabisextrakt.","robots":{"index":"index","follow":"follow","max-snippet":"max-snippet:-1","max-image-preview":"max-image-preview:large","max-video-preview":"max-video-preview:-1"},"canonical":"https:\/\/ograsmarknad.com\/de\/product\/cherry-pie-haschischol\/","og_locale":"de_DE","og_type":"article","og_title":"Cherry Pie Hash Oil till salu \u2013 K\u00f6p Cherry Pie Hash Oil Online","og_description":"K\u00f6p Cherry Pie hasholja online fr\u00e5n Ograsmarknad. Cherry Pie hasholja till salu med s\u00f6t k\u00f6rsb\u00e4rssmak och avslappnande cannabisextrakteffekter.","og_url":"https:\/\/ograsmarknad.com\/de\/product\/cherry-pie-haschischol\/","og_site_name":"Ogras Marknad","article_modified_time":"2026-03-16T10:48:39+00:00","og_image":[{"width":700,"height":700,"url":"https:\/\/ograsmarknad.com\/wp-content\/uploads\/2022\/08\/Cherry-Pie-THC-Hash-Oil.jpg","type":"image\/jpeg"}],"twitter_card":"summary_large_image","twitter_misc":{"Gesch\u00e4tzte Lesezeit":"1\u00a0Minute"},"schema":{"@context":"https:\/\/schema.org","@graph":[{"@type":"WebPage","@id":"https:\/\/ograsmarknad.com\/product\/cherry-pie-haschischol\/","url":"https:\/\/ograsmarknad.com\/product\/cherry-pie-haschischol\/","name":"Cherry Pie Haschisch\u00f6l zu verkaufen - Cherry Pie Haschisch\u00f6l online kaufen","isPartOf":{"@id":"https:\/\/ograsmarknad.com\/#website"},"primaryImageOfPage":{"@id":"https:\/\/ograsmarknad.com\/product\/cherry-pie-haschischol\/#primaryimage"},"image":{"@id":"https:\/\/ograsmarknad.com\/product\/cherry-pie-haschischol\/#primaryimage"},"thumbnailUrl":"https:\/\/ograsmarknad.com\/wp-content\/uploads\/2022\/08\/Cherry-Pie-THC-Hash-Oil.jpg","datePublished":"2022-08-04T06:45:21+00:00","dateModified":"2026-03-16T10:48:39+00:00","description":"Kaufen Sie Cherry Pie Haschisch\u00f6l online bei Ograsmarknad. Cherry Pie Haschisch\u00f6l mit s\u00fc\u00dfem Kirschgeschmack und entspannender Wirkung durch Cannabisextrakt.","breadcrumb":{"@id":"https:\/\/ograsmarknad.com\/product\/cherry-pie-haschischol\/#breadcrumb"},"inLanguage":"de","potentialAction":[{"@type":"ReadAction","target":["https:\/\/ograsmarknad.com\/product\/cherry-pie-haschischol\/"]}]},{"@type":"ImageObject","inLanguage":"de","@id":"https:\/\/ograsmarknad.com\/product\/cherry-pie-haschischol\/#primaryimage","url":"https:\/\/ograsmarknad.com\/wp-content\/uploads\/2022\/08\/Cherry-Pie-THC-Hash-Oil.jpg","contentUrl":"https:\/\/ograsmarknad.com\/wp-content\/uploads\/2022\/08\/Cherry-Pie-THC-Hash-Oil.jpg","width":700,"height":700,"caption":"Cherry-Pie-THC-Hash-Oil"},{"@type":"BreadcrumbList","@id":"https:\/\/ograsmarknad.com\/product\/cherry-pie-haschischol\/#breadcrumb","itemListElement":[{"@type":"ListItem","position":1,"name":"Home","item":"https:\/\/ograsmarknad.com\/"},{"@type":"ListItem","position":2,"name":"Shop","item":"https:\/\/ograsmarknad.com\/shop\/"},{"@type":"ListItem","position":3,"name":"Cherry Pie Haschisch\u00f6l"}]},{"@type":"WebSite","@id":"https:\/\/ograsmarknad.com\/#website","url":"https:\/\/ograsmarknad.com\/","name":"Ogras Marknad","description":"Ogras Marknad","potentialAction":[{"@type":"SearchAction","target":{"@type":"EntryPoint","urlTemplate":"https:\/\/ograsmarknad.com\/?s={search_term_string}"},"query-input":{"@type":"PropertyValueSpecification","valueRequired":true,"valueName":"search_term_string"}}],"inLanguage":"de"}]}},"_links":{"self":[{"href":"https:\/\/ograsmarknad.com\/de\/wp-json\/wp\/v2\/product\/10250","targetHints":{"allow":["GET"]}}],"collection":[{"href":"https:\/\/ograsmarknad.com\/de\/wp-json\/wp\/v2\/product"}],"about":[{"href":"https:\/\/ograsmarknad.com\/de\/wp-json\/wp\/v2\/types\/product"}],"replies":[{"embeddable":true,"href":"https:\/\/ograsmarknad.com\/de\/wp-json\/wp\/v2\/comments?post=10250"}],"wp:featuredmedia":[{"embeddable":true,"href":"https:\/\/ograsmarknad.com\/de\/wp-json\/wp\/v2\/media\/10254"}],"wp:attachment":[{"href":"https:\/\/ograsmarknad.com\/de\/wp-json\/wp\/v2\/media?parent=10250"}],"wp:term":[{"taxonomy":"product_cat","embeddable":true,"href":"https:\/\/ograsmarknad.com\/de\/wp-json\/wp\/v2\/product_cat?post=10250"},{"taxonomy":"product_tag","embeddable":true,"href":"https:\/\/ograsmarknad.com\/de\/wp-json\/wp\/v2\/product_tag?post=10250"}],"curies":[{"name":"wp","href":"https:\/\/api.w.org\/{rel}","templated":true}]}}