{"id":9734,"date":"2021-11-08T08:15:52","date_gmt":"2021-11-08T08:15:52","guid":{"rendered":"https:\/\/ograsmarknad.com\/?post_type=product&#038;p=9734"},"modified":"2026-03-14T06:51:24","modified_gmt":"2026-03-14T06:51:24","slug":"blueberry-kush","status":"publish","type":"product","link":"https:\/\/ograsmarknad.com\/de\/product\/blueberry-kush\/","title":{"rendered":"Blueberry Kush"},"content":{"rendered":"<h2 style=\"text-align: justify;\">Bestellen Sie Orange Kush online in Europa, Schweden, Finnland, \u00c5land, D\u00e4nemark, Estland, Norwegen, zu den besten Preisen heute bei Ogras Market!<\/h2>\n<p style=\"text-align: justify;\">Detta v\u00e4stkustkors av lugnande bl\u00e5b\u00e4r och v\u00e4lk\u00e4nda OG Kush erbjuder djupt lugna, indica-drivna effekter som kan hj\u00e4lpa till med \u00e4ven den mest envisa s\u00f6mnl\u00f6sheten och sm\u00e4rtlindring. Du kan behandla sm\u00e4rta med Blueberry Kush till salu, ett helt naturligt alternativ till receptbelagda opioider och s\u00f6mntabletter som tidigare h\u00f6ll dig vaken. P\u00e5 <a href=\"https:\/\/ograsmarknad.com\/de\/\">Ogras Marknad<\/a> hj\u00e4lper vi dig att k\u00f6pa Blueberry Kush online i Europa, Sverige, Finland, \u00c5land, Danmark, Estland, Norge till \u00f6verkomliga priser. L\u00e4gg en best\u00e4llning nu!<\/p>\n<h3 style=\"text-align: justify;\">Effektor<\/h3>\n<p style=\"text-align: justify;\">Innan du somnar kommer <a href=\"https:\/\/ograsmarknad.com\/de\/product\/blueberry-kush\/\">Blueberry Kush online<\/a> fr\u00e5n v\u00e5r webbutik att f\u00e5 dig att k\u00e4nna dig glad, lugn och lite h\u00f6g. Blueberry Kush cannabis kan bota depression och \u00f6ka stress och sp\u00e4nningar p\u00e5 grund av de medicinska egenskaperna hos CBD och en unik blandning av andra indica cannabinoider. Den l\u00e4tta eufori av denna stam b\u00f6r inte avskr\u00e4cka m\u00e4nniskor som s\u00f6ker medicinsk hj\u00e4lp, eftersom s\u00f6mn snart kommer att f\u00f6lja.<\/p>\n<h3 style=\"text-align: justify;\">Medizinische Verwendung<\/h3>\n<p style=\"text-align: justify;\">Blueberry Kush-Hanfsamen werden mit gro\u00dfem Erfolg zur Behandlung von Angstzust\u00e4nden und Migr\u00e4ne, \u00dcbelkeit, Stimmungsst\u00f6rungen und Erkrankungen wie ADHS eingesetzt. Diese fruchtige Kr\u00e4utersorte kann die Symptome einer Chemotherapie stark lindern, und manche Menschen stellen fest, dass die moderaten Mengen an CBD ihnen helfen, Kr\u00e4mpfe und Anf\u00e4lle zu vermeiden.<\/p>\n<h3 style=\"text-align: justify;\">Warum sind wir die beste Wahl, um Blueberry Kush zu kaufen?<\/h3>\n<p style=\"text-align: justify;\">Nach der Keimung Ihrer Blueberry Kush Cannabissamen sollten Sie mittelgro\u00dfe Pflanzen beobachten. F\u00fcr den erfolgreichen Anbau ist ein wenig Wissen erforderlich. Im Innenbereich sollte ein sechs- bis neunw\u00f6chiger Bl\u00fctezyklus eine moderate Ernte harziger Bl\u00fcten von bis zu 400 Gramm pro Quadratmeter ergeben.<\/p>\n<p style=\"text-align: justify;\">Im Freien k\u00f6nnen bei optimalem Wetter bis zu 600 Gramm pro Pflanze geerntet werden. Je nach Bedingungen sind auch geringere Ertr\u00e4ge m\u00f6glich, aber Patienten, die selbst anbauen, sind mehr an der starken Wirkung dieser hervorragenden medizinischen Sorte interessiert als an der gro\u00dfen Ernte.<\/p>\n<p style=\"text-align: justify;\">Bei Ogras Marknad verkaufen wir nur die besten Produkte. Blueberry Kush Cannabissamen sind ein weiterer Beweis f\u00fcr unser Streben nach Exzellenz. Unsere Blueberry Kush Cannabissamen werden nach genetischen Tests im Labor und handverlesener Veredelung vor dem Versand in medizinische Glasflaschen verpackt. So bleiben Ihre Samen so lange wie m\u00f6glich frisch und lebensf\u00e4hig.<\/p>\n<p style=\"text-align: justify;\">Unsere 90%-Bakteriengarantie sch\u00fctzt jede Bestellung. Bei Fragen zu diesem Premiumprodukt wenden Sie sich bitte an unser professionelles und freundliches Support-Team. Bestellen Sie Blueberry Kush jetzt online in Europa, Schweden, Finnland, \u00c5land, D\u00e4nemark, Estland und Norwegen!<\/p>","protected":false},"excerpt":{"rendered":"<p>For Wholesale please contact us at<br \/>\nWickr ID: @williamspro<br \/>\nor via Whatsapp<br \/>\n<img loading=\"lazy\" decoding=\"async\" class=\"size-full wp-image-10162 alignleft\" src=\"https:\/\/ograsmarknad.com\/wp-content\/uploads\/2021\/11\/trust.jpg\" alt=\"Trust German\" width=\"300\" height=\"129\" srcset=\"https:\/\/ograsmarknad.com\/wp-content\/uploads\/2021\/11\/trust.jpg 300w, https:\/\/ograsmarknad.com\/wp-content\/uploads\/2021\/11\/trust-18x8.jpg 18w\" sizes=\"auto, (max-width: 300px) 100vw, 300px\" \/><\/p>","protected":false},"featured_media":9739,"comment_status":"open","ping_status":"closed","template":"","meta":{"_joinchat":[]},"product_cat":[71],"product_tag":[],"class_list":{"0":"post-9734","1":"product","2":"type-product","3":"status-publish","4":"has-post-thumbnail","6":"product_cat-gras-sw","8":"first","9":"instock","10":"shipping-taxable","11":"purchasable","12":"product-type-variable","13":"has-default-attributes"},"yoast_head":"<!-- This site is optimized with the Yoast SEO plugin v26.3 - https:\/\/yoast.com\/wordpress\/plugins\/seo\/ -->\n<title>Blueberry Kush ogr\u00e4ssort till salu \u2013 K\u00f6p Blueberry Kush online<\/title>\n<meta name=\"description\" content=\"K\u00f6p Blueberry Kush ogr\u00e4ssort online fr\u00e5n Ograsmarknad. Blueberry Kush till salu k\u00e4nd f\u00f6r sin b\u00e4rsmak och djupt avslappnande cannabiseffekter.\" \/>\n<meta name=\"robots\" content=\"index, follow, max-snippet:-1, max-image-preview:large, max-video-preview:-1\" \/>\n<link rel=\"canonical\" href=\"https:\/\/ograsmarknad.com\/de\/product\/blueberry-kush\/\" \/>\n<meta property=\"og:locale\" content=\"de_DE\" \/>\n<meta property=\"og:type\" content=\"article\" \/>\n<meta property=\"og:title\" content=\"Blueberry Kush ogr\u00e4ssort till salu \u2013 K\u00f6p Blueberry Kush online\" \/>\n<meta property=\"og:description\" content=\"K\u00f6p Blueberry Kush ogr\u00e4ssort online fr\u00e5n Ograsmarknad. Blueberry Kush till salu k\u00e4nd f\u00f6r sin b\u00e4rsmak och djupt avslappnande cannabiseffekter.\" \/>\n<meta property=\"og:url\" content=\"https:\/\/ograsmarknad.com\/de\/product\/blueberry-kush\/\" \/>\n<meta property=\"og:site_name\" content=\"Ogras Marknad\" \/>\n<meta property=\"article:modified_time\" content=\"2026-03-14T06:51:24+00:00\" \/>\n<meta property=\"og:image\" content=\"https:\/\/ograsmarknad.com\/wp-content\/uploads\/2021\/11\/blueberry-kush.jpg\" \/>\n\t<meta property=\"og:image:width\" content=\"600\" \/>\n\t<meta property=\"og:image:height\" content=\"600\" \/>\n\t<meta property=\"og:image:type\" content=\"image\/jpeg\" \/>\n<meta name=\"twitter:card\" content=\"summary_large_image\" \/>\n<meta name=\"twitter:label1\" content=\"Gesch\u00e4tzte Lesezeit\" \/>\n\t<meta name=\"twitter:data1\" content=\"2\u00a0Minuten\" \/>\n<!-- \/ Yoast SEO plugin. -->","yoast_head_json":{"title":"Blueberry Kush Cannabis-Sorte zu verkaufen \u2013 Blueberry Kush online kaufen","description":"Kaufen Sie die Cannabissorte Blueberry Kush online bei Ograsmarknad. Blueberry Kush steht zum Verkauf und ist bekannt f\u00fcr ihr beeriges Aroma sowie ihre tief entspannende Wirkung.","robots":{"index":"index","follow":"follow","max-snippet":"max-snippet:-1","max-image-preview":"max-image-preview:large","max-video-preview":"max-video-preview:-1"},"canonical":"https:\/\/ograsmarknad.com\/de\/product\/blueberry-kush\/","og_locale":"de_DE","og_type":"article","og_title":"Blueberry Kush ogr\u00e4ssort till salu \u2013 K\u00f6p Blueberry Kush online","og_description":"K\u00f6p Blueberry Kush ogr\u00e4ssort online fr\u00e5n Ograsmarknad. Blueberry Kush till salu k\u00e4nd f\u00f6r sin b\u00e4rsmak och djupt avslappnande cannabiseffekter.","og_url":"https:\/\/ograsmarknad.com\/de\/product\/blueberry-kush\/","og_site_name":"Ogras Marknad","article_modified_time":"2026-03-14T06:51:24+00:00","og_image":[{"width":600,"height":600,"url":"https:\/\/ograsmarknad.com\/wp-content\/uploads\/2021\/11\/blueberry-kush.jpg","type":"image\/jpeg"}],"twitter_card":"summary_large_image","twitter_misc":{"Gesch\u00e4tzte Lesezeit":"2\u00a0Minuten"},"schema":{"@context":"https:\/\/schema.org","@graph":[{"@type":"WebPage","@id":"https:\/\/ograsmarknad.com\/product\/blueberry-kush\/","url":"https:\/\/ograsmarknad.com\/product\/blueberry-kush\/","name":"Blueberry Kush Cannabis-Sorte zu verkaufen \u2013 Blueberry Kush online kaufen","isPartOf":{"@id":"https:\/\/ograsmarknad.com\/#website"},"primaryImageOfPage":{"@id":"https:\/\/ograsmarknad.com\/product\/blueberry-kush\/#primaryimage"},"image":{"@id":"https:\/\/ograsmarknad.com\/product\/blueberry-kush\/#primaryimage"},"thumbnailUrl":"https:\/\/ograsmarknad.com\/wp-content\/uploads\/2021\/11\/blueberry-kush.jpg","datePublished":"2021-11-08T08:15:52+00:00","dateModified":"2026-03-14T06:51:24+00:00","description":"Kaufen Sie die Cannabissorte Blueberry Kush online bei Ograsmarknad. Blueberry Kush steht zum Verkauf und ist bekannt f\u00fcr ihr beeriges Aroma sowie ihre tief entspannende Wirkung.","breadcrumb":{"@id":"https:\/\/ograsmarknad.com\/product\/blueberry-kush\/#breadcrumb"},"inLanguage":"de","potentialAction":[{"@type":"ReadAction","target":["https:\/\/ograsmarknad.com\/product\/blueberry-kush\/"]}]},{"@type":"ImageObject","inLanguage":"de","@id":"https:\/\/ograsmarknad.com\/product\/blueberry-kush\/#primaryimage","url":"https:\/\/ograsmarknad.com\/wp-content\/uploads\/2021\/11\/blueberry-kush.jpg","contentUrl":"https:\/\/ograsmarknad.com\/wp-content\/uploads\/2021\/11\/blueberry-kush.jpg","width":600,"height":600,"caption":"blueberry-kush"},{"@type":"BreadcrumbList","@id":"https:\/\/ograsmarknad.com\/product\/blueberry-kush\/#breadcrumb","itemListElement":[{"@type":"ListItem","position":1,"name":"Home","item":"https:\/\/ograsmarknad.com\/"},{"@type":"ListItem","position":2,"name":"Shop","item":"https:\/\/ograsmarknad.com\/shop\/"},{"@type":"ListItem","position":3,"name":"Blueberry Kush"}]},{"@type":"WebSite","@id":"https:\/\/ograsmarknad.com\/#website","url":"https:\/\/ograsmarknad.com\/","name":"Ogras Marknad","description":"Ogras Marknad","potentialAction":[{"@type":"SearchAction","target":{"@type":"EntryPoint","urlTemplate":"https:\/\/ograsmarknad.com\/?s={search_term_string}"},"query-input":{"@type":"PropertyValueSpecification","valueRequired":true,"valueName":"search_term_string"}}],"inLanguage":"de"}]}},"_links":{"self":[{"href":"https:\/\/ograsmarknad.com\/de\/wp-json\/wp\/v2\/product\/9734","targetHints":{"allow":["GET"]}}],"collection":[{"href":"https:\/\/ograsmarknad.com\/de\/wp-json\/wp\/v2\/product"}],"about":[{"href":"https:\/\/ograsmarknad.com\/de\/wp-json\/wp\/v2\/types\/product"}],"replies":[{"embeddable":true,"href":"https:\/\/ograsmarknad.com\/de\/wp-json\/wp\/v2\/comments?post=9734"}],"wp:featuredmedia":[{"embeddable":true,"href":"https:\/\/ograsmarknad.com\/de\/wp-json\/wp\/v2\/media\/9739"}],"wp:attachment":[{"href":"https:\/\/ograsmarknad.com\/de\/wp-json\/wp\/v2\/media?parent=9734"}],"wp:term":[{"taxonomy":"product_cat","embeddable":true,"href":"https:\/\/ograsmarknad.com\/de\/wp-json\/wp\/v2\/product_cat?post=9734"},{"taxonomy":"product_tag","embeddable":true,"href":"https:\/\/ograsmarknad.com\/de\/wp-json\/wp\/v2\/product_tag?post=9734"}],"curies":[{"name":"wp","href":"https:\/\/api.w.org\/{rel}","templated":true}]}}