{"id":9740,"date":"2021-11-08T08:21:35","date_gmt":"2021-11-08T08:21:35","guid":{"rendered":"https:\/\/ograsmarknad.com\/?post_type=product&#038;p=9740"},"modified":"2026-03-14T06:51:15","modified_gmt":"2026-03-14T06:51:15","slug":"cherry-pie","status":"publish","type":"product","link":"https:\/\/ograsmarknad.com\/de\/product\/cherry-pie\/","title":{"rendered":"Cherry Pie"},"content":{"rendered":"<h2 style=\"text-align: justify;\">Kaufen Sie Cherry Pie Strain online in Schweden, Finnland, \u00c5land, D\u00e4nemark, Estland und Norwegen zu g\u00fcnstigen Preisen auf Ogras Marknad!<\/h2>\n<p style=\"text-align: justify;\"><a href=\"https:\/\/ograsmarknad.com\/de\/product\/cherry-pie\/\">Kirschkuchen zu verkaufen<\/a>, eine Kreuzung aus Durban Poison und Granddaddy Purple, ist eine stark Indica-dominante (bis zu 80 %) Hybride. Dank dieser Superstar-Eltern kannst du von dieser Sorte h\u00f6chste Qualit\u00e4t erwarten und wirst nicht entt\u00e4uscht sein, wenn du sie aus der richtigen Quelle kaufst.<\/p>\n<p style=\"text-align: justify;\">Cherry Kush zeichnet sich durch blassorange H\u00e4rchen, eine robuste Bl\u00fcte und ein starkes Aroma aus. Mit ihrem dunkelgr\u00fcnen Kern, umgeben von dicken braunen H\u00e4rchen und Kristallen, sieht sie fantastisch aus. Wenn Sie eine Bl\u00fcte aufbrechen, k\u00f6nnen Sie neue Kristalle sehen, die nur im Licht leuchten. <a href=\"https:\/\/ograsmarknad.com\/de\/\">Kontakt<\/a> Bestellen Sie Kirschkuchen online in Europa, Schweden, Finnland, \u00c5land, D\u00e4nemark, Estland und Norwegen zu erschwinglichen Preisen.<\/p>\n<h3 style=\"text-align: justify;\">Hintergrund<\/h3>\n<p style=\"text-align: justify;\">Grand Daddy Purple wurde mit Durban Poison gekreuzt, um Cherry Pie, eine Indica-dominante Hybride, zu erschaffen. Die wahre Sorte dieser medizinischen Marihuanasorte ist jedoch schwer zu finden. Es ist nicht schwer zu erkennen, dass dies die beste Sorte ist. Sie hat dichte, orangefarbene Bl\u00fctenst\u00e4nde und einen leicht violetten Farbton in der Struktur. Der Name dieser therapeutischen Marihuanasorte diente als Inspiration. Cherry Pie duftet nach Kirschkuchen. Patienten mit offensichtlichen Symptomen von PTBS, Angstzust\u00e4nden, bipolaren St\u00f6rungen, Migr\u00e4ne und anderen stressbedingten St\u00f6rungen verwenden sie am h\u00e4ufigsten.<\/p>\n<p style=\"text-align: justify;\">Bei Patienten kann es trockene Augen und Mund verursachen. Es kann Euphorie ausl\u00f6sen, K\u00f6rper und Geist entspannen, die Emotionen anregen und das Denken fokussieren. Dies ist zweifellos eine wertvolle Hilfe f\u00fcr Patienten, die Muskelsteifheit und die damit verbundenen Beschwerden lindern m\u00f6chten. Zusammenfassend l\u00e4sst sich sagen, dass diese medizinisch wirksame Marihuanasorte allen anderen vorgezogen wird, da sie die oben genannten Beschwerden auf entspannendste Weise lindert. Obwohl die Sedierung zu Reizungen f\u00fchren kann, ist der Nutzen unbestreitbar.<\/p>\n<p style=\"text-align: justify;\">Wenn Sie Cherry Pie Strain online kaufen m\u00f6chten, sind Sie bei uns genau richtig. Teilen Sie uns jetzt Ihre Bestelldetails f\u00fcr Cherry Pie Strain mit, das in Europa, Schweden, Finnland, \u00c5land, D\u00e4nemark, Estland und Norwegen erh\u00e4ltlich ist!<\/p>","protected":false},"excerpt":{"rendered":"<p>For Wholesale please contact us at<br \/>\nWickr ID: @williamspro<br \/>\nor via Whatsapp<br \/>\n<img loading=\"lazy\" decoding=\"async\" class=\"size-full wp-image-10162 alignleft\" src=\"https:\/\/ograsmarknad.com\/wp-content\/uploads\/2021\/11\/trust.jpg\" alt=\"Trust German\" width=\"300\" height=\"129\" srcset=\"https:\/\/ograsmarknad.com\/wp-content\/uploads\/2021\/11\/trust.jpg 300w, https:\/\/ograsmarknad.com\/wp-content\/uploads\/2021\/11\/trust-18x8.jpg 18w\" sizes=\"auto, (max-width: 300px) 100vw, 300px\" \/><\/p>","protected":false},"featured_media":9745,"comment_status":"open","ping_status":"closed","template":"","meta":{"_joinchat":[]},"product_cat":[71],"product_tag":[],"class_list":{"0":"post-9740","1":"product","2":"type-product","3":"status-publish","4":"has-post-thumbnail","6":"product_cat-gras-sw","8":"first","9":"instock","10":"shipping-taxable","11":"purchasable","12":"product-type-variable","13":"has-default-attributes"},"yoast_head":"<!-- This site is optimized with the Yoast SEO plugin v26.3 - https:\/\/yoast.com\/wordpress\/plugins\/seo\/ -->\n<title>Cherry Pie ogr\u00e4ssort till salu \u2013 K\u00f6p Cherry Pie online<\/title>\n<meta name=\"description\" content=\"K\u00f6p Cherry Pie ogr\u00e4ssort online fr\u00e5n Ograsmarknad. Cherry Pie till salu med s\u00f6t k\u00f6rsb\u00e4rssmak och balanserade avslappnande cannabiseffekter.\" \/>\n<meta name=\"robots\" content=\"index, follow, max-snippet:-1, max-image-preview:large, max-video-preview:-1\" \/>\n<link rel=\"canonical\" href=\"https:\/\/ograsmarknad.com\/de\/product\/cherry-pie\/\" \/>\n<meta property=\"og:locale\" content=\"de_DE\" \/>\n<meta property=\"og:type\" content=\"article\" \/>\n<meta property=\"og:title\" content=\"Cherry Pie ogr\u00e4ssort till salu \u2013 K\u00f6p Cherry Pie online\" \/>\n<meta property=\"og:description\" content=\"K\u00f6p Cherry Pie ogr\u00e4ssort online fr\u00e5n Ograsmarknad. Cherry Pie till salu med s\u00f6t k\u00f6rsb\u00e4rssmak och balanserade avslappnande cannabiseffekter.\" \/>\n<meta property=\"og:url\" content=\"https:\/\/ograsmarknad.com\/de\/product\/cherry-pie\/\" \/>\n<meta property=\"og:site_name\" content=\"Ogras Marknad\" \/>\n<meta property=\"article:modified_time\" content=\"2026-03-14T06:51:15+00:00\" \/>\n<meta property=\"og:image\" content=\"https:\/\/ograsmarknad.com\/wp-content\/uploads\/2021\/11\/cheery-pie.jpg\" \/>\n\t<meta property=\"og:image:width\" content=\"600\" \/>\n\t<meta property=\"og:image:height\" content=\"600\" \/>\n\t<meta property=\"og:image:type\" content=\"image\/jpeg\" \/>\n<meta name=\"twitter:card\" content=\"summary_large_image\" \/>\n<meta name=\"twitter:label1\" content=\"Gesch\u00e4tzte Lesezeit\" \/>\n\t<meta name=\"twitter:data1\" content=\"2\u00a0Minuten\" \/>\n<!-- \/ Yoast SEO plugin. -->","yoast_head_json":{"title":"Cherry Pie Cannabis-Sorte zu verkaufen \u2013 Cherry Pie online kaufen","description":"Kaufen Sie die Cannabissorte Cherry Pie online bei Ograsmarknad. Cherry Pie steht zum Verkauf \u2013 mit s\u00fc\u00dfem Kirschgeschmack und ausgewogenen, entspannenden Cannabis-Wirkungen.","robots":{"index":"index","follow":"follow","max-snippet":"max-snippet:-1","max-image-preview":"max-image-preview:large","max-video-preview":"max-video-preview:-1"},"canonical":"https:\/\/ograsmarknad.com\/de\/product\/cherry-pie\/","og_locale":"de_DE","og_type":"article","og_title":"Cherry Pie ogr\u00e4ssort till salu \u2013 K\u00f6p Cherry Pie online","og_description":"K\u00f6p Cherry Pie ogr\u00e4ssort online fr\u00e5n Ograsmarknad. Cherry Pie till salu med s\u00f6t k\u00f6rsb\u00e4rssmak och balanserade avslappnande cannabiseffekter.","og_url":"https:\/\/ograsmarknad.com\/de\/product\/cherry-pie\/","og_site_name":"Ogras Marknad","article_modified_time":"2026-03-14T06:51:15+00:00","og_image":[{"width":600,"height":600,"url":"https:\/\/ograsmarknad.com\/wp-content\/uploads\/2021\/11\/cheery-pie.jpg","type":"image\/jpeg"}],"twitter_card":"summary_large_image","twitter_misc":{"Gesch\u00e4tzte Lesezeit":"2\u00a0Minuten"},"schema":{"@context":"https:\/\/schema.org","@graph":[{"@type":"WebPage","@id":"https:\/\/ograsmarknad.com\/product\/cherry-pie\/","url":"https:\/\/ograsmarknad.com\/product\/cherry-pie\/","name":"Cherry Pie Cannabis-Sorte zu verkaufen \u2013 Cherry Pie online kaufen","isPartOf":{"@id":"https:\/\/ograsmarknad.com\/#website"},"primaryImageOfPage":{"@id":"https:\/\/ograsmarknad.com\/product\/cherry-pie\/#primaryimage"},"image":{"@id":"https:\/\/ograsmarknad.com\/product\/cherry-pie\/#primaryimage"},"thumbnailUrl":"https:\/\/ograsmarknad.com\/wp-content\/uploads\/2021\/11\/cheery-pie.jpg","datePublished":"2021-11-08T08:21:35+00:00","dateModified":"2026-03-14T06:51:15+00:00","description":"Kaufen Sie die Cannabissorte Cherry Pie online bei Ograsmarknad. Cherry Pie steht zum Verkauf \u2013 mit s\u00fc\u00dfem Kirschgeschmack und ausgewogenen, entspannenden Cannabis-Wirkungen.","breadcrumb":{"@id":"https:\/\/ograsmarknad.com\/product\/cherry-pie\/#breadcrumb"},"inLanguage":"de","potentialAction":[{"@type":"ReadAction","target":["https:\/\/ograsmarknad.com\/product\/cherry-pie\/"]}]},{"@type":"ImageObject","inLanguage":"de","@id":"https:\/\/ograsmarknad.com\/product\/cherry-pie\/#primaryimage","url":"https:\/\/ograsmarknad.com\/wp-content\/uploads\/2021\/11\/cheery-pie.jpg","contentUrl":"https:\/\/ograsmarknad.com\/wp-content\/uploads\/2021\/11\/cheery-pie.jpg","width":600,"height":600,"caption":"cheery-pie"},{"@type":"BreadcrumbList","@id":"https:\/\/ograsmarknad.com\/product\/cherry-pie\/#breadcrumb","itemListElement":[{"@type":"ListItem","position":1,"name":"Home","item":"https:\/\/ograsmarknad.com\/"},{"@type":"ListItem","position":2,"name":"Shop","item":"https:\/\/ograsmarknad.com\/shop\/"},{"@type":"ListItem","position":3,"name":"Cherry Pie"}]},{"@type":"WebSite","@id":"https:\/\/ograsmarknad.com\/#website","url":"https:\/\/ograsmarknad.com\/","name":"Ogras Marknad","description":"Ogras Marknad","potentialAction":[{"@type":"SearchAction","target":{"@type":"EntryPoint","urlTemplate":"https:\/\/ograsmarknad.com\/?s={search_term_string}"},"query-input":{"@type":"PropertyValueSpecification","valueRequired":true,"valueName":"search_term_string"}}],"inLanguage":"de"}]}},"_links":{"self":[{"href":"https:\/\/ograsmarknad.com\/de\/wp-json\/wp\/v2\/product\/9740","targetHints":{"allow":["GET"]}}],"collection":[{"href":"https:\/\/ograsmarknad.com\/de\/wp-json\/wp\/v2\/product"}],"about":[{"href":"https:\/\/ograsmarknad.com\/de\/wp-json\/wp\/v2\/types\/product"}],"replies":[{"embeddable":true,"href":"https:\/\/ograsmarknad.com\/de\/wp-json\/wp\/v2\/comments?post=9740"}],"wp:featuredmedia":[{"embeddable":true,"href":"https:\/\/ograsmarknad.com\/de\/wp-json\/wp\/v2\/media\/9745"}],"wp:attachment":[{"href":"https:\/\/ograsmarknad.com\/de\/wp-json\/wp\/v2\/media?parent=9740"}],"wp:term":[{"taxonomy":"product_cat","embeddable":true,"href":"https:\/\/ograsmarknad.com\/de\/wp-json\/wp\/v2\/product_cat?post=9740"},{"taxonomy":"product_tag","embeddable":true,"href":"https:\/\/ograsmarknad.com\/de\/wp-json\/wp\/v2\/product_tag?post=9740"}],"curies":[{"name":"wp","href":"https:\/\/api.w.org\/{rel}","templated":true}]}}