{"id":9746,"date":"2021-11-08T08:24:29","date_gmt":"2021-11-08T08:24:29","guid":{"rendered":"https:\/\/ograsmarknad.com\/?post_type=product&#038;p=9746"},"modified":"2026-03-14T06:51:06","modified_gmt":"2026-03-14T06:51:06","slug":"hawaiian-snow","status":"publish","type":"product","link":"https:\/\/ograsmarknad.com\/de\/product\/hawaiian-snow\/","title":{"rendered":"Hawaiian Snow"},"content":{"rendered":"<h2 style=\"text-align: justify;\">Der beste Ort, um Hawaiian Snow online in Schweden, Finnland, \u00c5land, D\u00e4nemark, Estland und Norwegen zu g\u00fcnstigen Preisen zu kaufen \u2013 Ogras Marknad!<\/h2>\n<p style=\"text-align: justify;\"><strong>Hawaiian Snow ist eine reine Sativa-Sorte, die bereits viele Meisterschaften gewonnen hat und einen THC-Gehalt von bis zu 24 % aufweist. Aufgrund ihrer starken, benebelnden und verwirrenden zerebralen Wirkung wird diese Sorte als Haze klassifiziert.<\/strong><\/p>\n<p style=\"text-align: justify;\"><a href=\"https:\/\/ograsmarknad.com\/de\/product\/hawaiian-snow\/\">Hawaiian Snows<\/a> geht oft mit Energie und Originalit\u00e4t einher. Diese Gl\u00fcckswellen beginnen im Kopf und breiten sich im K\u00f6rper aus, beruhigen und entspannen ihn. Manche Konsumenten erleben ein starkes Knabbern, w\u00e4hrend die zerebralen Effekte f\u00fcr andere kraftvoll und aufregend sind. Der Duft dieser Sorte umfasst Kiefer und Blumen. Wattest\u00e4bchen, trockene Augen, Desorientierung, Psychosen oder Angst sind m\u00f6gliche Nebenwirkungen \u2013 bestellen Sie Hawaiian Snow jetzt online in Europa, Schweden, Finnland, \u00c5land, D\u00e4nemark, Estland und Norwegen!<\/p>\n<h3 style=\"text-align: justify;\">Merkmale<\/h3>\n<p style=\"text-align: justify;\">Hawaiian Snow ist tags\u00fcber ideal und wird oft f\u00fcr gestresste, \u00e4ngstliche oder depressive Menschen empfohlen. Die k\u00f6rperlichen Wirkungen k\u00f6nnen bei chronischen Schmerzen, wie Gelenkschmerzen, helfen. Auch Entz\u00fcndungen k\u00f6nnen durch die Einwirkung gelindert werden. Patienten nutzen es manchmal zur Behandlung von \u00dcbelkeit und Essst\u00f6rungen. Migr\u00e4ne, gr\u00fcner Star, Kopfschmerzen und Schlaflosigkeit werden in geringerem Ma\u00dfe damit behandelt.<\/p>\n<p style=\"text-align: justify;\">Haze-Sorten, insbesondere Pure Haze, Hawaiian Haze und Neville\u2019s Haze, sind die Quelle von Hawaiian Snow. Green House Seeds hat diese Sorte entwickelt, die sowohl drinnen als auch drau\u00dfen angebaut werden kann. Im Innenbereich k\u00f6nnen diese Pflanzen bis zu 700 Gramm pro Quadratmeter liefern und elf Wochen lang bl\u00fchen. Auf der S\u00fcdhalbkugel sind sie in der Regel etwa im Juni reif. Auf der Nordhalbkugel werden sie zwischen Oktober und November angebaut und k\u00f6nnen bis zu 1200 Gramm pro Pflanze liefern.<\/p>\n<h3 style=\"text-align: justify;\">Teilen Sie noch heute Ihre Bestelldetails mit!<\/h3>\n<p style=\"text-align: justify;\"><a href=\"https:\/\/ograsmarknad.com\/de\/\">Ogras Marknad<\/a> steht Ihnen jederzeit zur Verf\u00fcgung, wenn Sie Hawaiian Snow online in Europa, Schweden, Finnland, \u00c5land, D\u00e4nemark, Estland und Norwegen kaufen m\u00f6chten. Wir verpacken Ihre Bestellung und versenden sie innerhalb k\u00fcrzester Zeit sicher an Sie. Kontaktieren Sie uns direkt und teilen Sie uns Ihre W\u00fcnsche f\u00fcr Ogras Marknad mit. Wir liefern p\u00fcnktlich. Bestellen Sie jetzt!<\/p>","protected":false},"excerpt":{"rendered":"<p>For Wholesale please contact us at<br \/>\nWickr ID: @williamspro<br \/>\nor via Whatsapp<br \/>\n<img loading=\"lazy\" decoding=\"async\" class=\"size-full wp-image-10162 alignleft\" src=\"https:\/\/ograsmarknad.com\/wp-content\/uploads\/2021\/11\/trust.jpg\" alt=\"Trust German\" width=\"300\" height=\"129\" srcset=\"https:\/\/ograsmarknad.com\/wp-content\/uploads\/2021\/11\/trust.jpg 300w, https:\/\/ograsmarknad.com\/wp-content\/uploads\/2021\/11\/trust-18x8.jpg 18w\" sizes=\"auto, (max-width: 300px) 100vw, 300px\" \/><\/p>","protected":false},"featured_media":9751,"comment_status":"open","ping_status":"closed","template":"","meta":{"_joinchat":[]},"product_cat":[71],"product_tag":[],"class_list":{"0":"post-9746","1":"product","2":"type-product","3":"status-publish","4":"has-post-thumbnail","6":"product_cat-gras-sw","8":"first","9":"instock","10":"shipping-taxable","11":"purchasable","12":"product-type-variable","13":"has-default-attributes"},"yoast_head":"<!-- This site is optimized with the Yoast SEO plugin v26.3 - https:\/\/yoast.com\/wordpress\/plugins\/seo\/ -->\n<title>Hawaiian Snow ogr\u00e4ssort till salu \u2013 K\u00f6p Hawaiian Snow online<\/title>\n<meta name=\"description\" content=\"K\u00f6p Hawaiian Snow ogr\u00e4ssort online fr\u00e5n Ograsmarknad. Hawaiian Snow till salu k\u00e4nd f\u00f6r sina upplyftande sativaeffekter och tropiska cannabisarom.\" \/>\n<meta name=\"robots\" content=\"index, follow, max-snippet:-1, max-image-preview:large, max-video-preview:-1\" \/>\n<link rel=\"canonical\" href=\"https:\/\/ograsmarknad.com\/de\/product\/hawaiian-snow\/\" \/>\n<meta property=\"og:locale\" content=\"de_DE\" \/>\n<meta property=\"og:type\" content=\"article\" \/>\n<meta property=\"og:title\" content=\"Hawaiian Snow ogr\u00e4ssort till salu \u2013 K\u00f6p Hawaiian Snow online\" \/>\n<meta property=\"og:description\" content=\"K\u00f6p Hawaiian Snow ogr\u00e4ssort online fr\u00e5n Ograsmarknad. Hawaiian Snow till salu k\u00e4nd f\u00f6r sina upplyftande sativaeffekter och tropiska cannabisarom.\" \/>\n<meta property=\"og:url\" content=\"https:\/\/ograsmarknad.com\/de\/product\/hawaiian-snow\/\" \/>\n<meta property=\"og:site_name\" content=\"Ogras Marknad\" \/>\n<meta property=\"article:modified_time\" content=\"2026-03-14T06:51:06+00:00\" \/>\n<meta property=\"og:image\" content=\"https:\/\/ograsmarknad.com\/wp-content\/uploads\/2021\/11\/hawaiian-snow.jpg\" \/>\n\t<meta property=\"og:image:width\" content=\"600\" \/>\n\t<meta property=\"og:image:height\" content=\"600\" \/>\n\t<meta property=\"og:image:type\" content=\"image\/jpeg\" \/>\n<meta name=\"twitter:card\" content=\"summary_large_image\" \/>\n<meta name=\"twitter:label1\" content=\"Gesch\u00e4tzte Lesezeit\" \/>\n\t<meta name=\"twitter:data1\" content=\"2\u00a0Minuten\" \/>\n<!-- \/ Yoast SEO plugin. -->","yoast_head_json":{"title":"Hawaiian Snow Cannabis-Sorte zu verkaufen \u2013 Hawaiian Snow online kaufen","description":"Hawaiian Snow, die Cannabissorte, ist online bei Weed Market erh\u00e4ltlich. Hawaiian Snow ist bekannt f\u00fcr seine anregende Sativa-Wirkung und sein tropisches Cannabisaroma.","robots":{"index":"index","follow":"follow","max-snippet":"max-snippet:-1","max-image-preview":"max-image-preview:large","max-video-preview":"max-video-preview:-1"},"canonical":"https:\/\/ograsmarknad.com\/de\/product\/hawaiian-snow\/","og_locale":"de_DE","og_type":"article","og_title":"Hawaiian Snow ogr\u00e4ssort till salu \u2013 K\u00f6p Hawaiian Snow online","og_description":"K\u00f6p Hawaiian Snow ogr\u00e4ssort online fr\u00e5n Ograsmarknad. Hawaiian Snow till salu k\u00e4nd f\u00f6r sina upplyftande sativaeffekter och tropiska cannabisarom.","og_url":"https:\/\/ograsmarknad.com\/de\/product\/hawaiian-snow\/","og_site_name":"Ogras Marknad","article_modified_time":"2026-03-14T06:51:06+00:00","og_image":[{"width":600,"height":600,"url":"https:\/\/ograsmarknad.com\/wp-content\/uploads\/2021\/11\/hawaiian-snow.jpg","type":"image\/jpeg"}],"twitter_card":"summary_large_image","twitter_misc":{"Gesch\u00e4tzte Lesezeit":"2\u00a0Minuten"},"schema":{"@context":"https:\/\/schema.org","@graph":[{"@type":"WebPage","@id":"https:\/\/ograsmarknad.com\/product\/hawaiian-snow\/","url":"https:\/\/ograsmarknad.com\/product\/hawaiian-snow\/","name":"Hawaiian Snow Cannabis-Sorte zu verkaufen \u2013 Hawaiian Snow online kaufen","isPartOf":{"@id":"https:\/\/ograsmarknad.com\/#website"},"primaryImageOfPage":{"@id":"https:\/\/ograsmarknad.com\/product\/hawaiian-snow\/#primaryimage"},"image":{"@id":"https:\/\/ograsmarknad.com\/product\/hawaiian-snow\/#primaryimage"},"thumbnailUrl":"https:\/\/ograsmarknad.com\/wp-content\/uploads\/2021\/11\/hawaiian-snow.jpg","datePublished":"2021-11-08T08:24:29+00:00","dateModified":"2026-03-14T06:51:06+00:00","description":"Hawaiian Snow, die Cannabissorte, ist online bei Weed Market erh\u00e4ltlich. Hawaiian Snow ist bekannt f\u00fcr seine anregende Sativa-Wirkung und sein tropisches Cannabisaroma.","breadcrumb":{"@id":"https:\/\/ograsmarknad.com\/product\/hawaiian-snow\/#breadcrumb"},"inLanguage":"de","potentialAction":[{"@type":"ReadAction","target":["https:\/\/ograsmarknad.com\/product\/hawaiian-snow\/"]}]},{"@type":"ImageObject","inLanguage":"de","@id":"https:\/\/ograsmarknad.com\/product\/hawaiian-snow\/#primaryimage","url":"https:\/\/ograsmarknad.com\/wp-content\/uploads\/2021\/11\/hawaiian-snow.jpg","contentUrl":"https:\/\/ograsmarknad.com\/wp-content\/uploads\/2021\/11\/hawaiian-snow.jpg","width":600,"height":600,"caption":"hawaiian-snow"},{"@type":"BreadcrumbList","@id":"https:\/\/ograsmarknad.com\/product\/hawaiian-snow\/#breadcrumb","itemListElement":[{"@type":"ListItem","position":1,"name":"Home","item":"https:\/\/ograsmarknad.com\/"},{"@type":"ListItem","position":2,"name":"Shop","item":"https:\/\/ograsmarknad.com\/shop\/"},{"@type":"ListItem","position":3,"name":"Hawaiian Snow"}]},{"@type":"WebSite","@id":"https:\/\/ograsmarknad.com\/#website","url":"https:\/\/ograsmarknad.com\/","name":"Ogras Marknad","description":"Ogras Marknad","potentialAction":[{"@type":"SearchAction","target":{"@type":"EntryPoint","urlTemplate":"https:\/\/ograsmarknad.com\/?s={search_term_string}"},"query-input":{"@type":"PropertyValueSpecification","valueRequired":true,"valueName":"search_term_string"}}],"inLanguage":"de"}]}},"_links":{"self":[{"href":"https:\/\/ograsmarknad.com\/de\/wp-json\/wp\/v2\/product\/9746","targetHints":{"allow":["GET"]}}],"collection":[{"href":"https:\/\/ograsmarknad.com\/de\/wp-json\/wp\/v2\/product"}],"about":[{"href":"https:\/\/ograsmarknad.com\/de\/wp-json\/wp\/v2\/types\/product"}],"replies":[{"embeddable":true,"href":"https:\/\/ograsmarknad.com\/de\/wp-json\/wp\/v2\/comments?post=9746"}],"wp:featuredmedia":[{"embeddable":true,"href":"https:\/\/ograsmarknad.com\/de\/wp-json\/wp\/v2\/media\/9751"}],"wp:attachment":[{"href":"https:\/\/ograsmarknad.com\/de\/wp-json\/wp\/v2\/media?parent=9746"}],"wp:term":[{"taxonomy":"product_cat","embeddable":true,"href":"https:\/\/ograsmarknad.com\/de\/wp-json\/wp\/v2\/product_cat?post=9746"},{"taxonomy":"product_tag","embeddable":true,"href":"https:\/\/ograsmarknad.com\/de\/wp-json\/wp\/v2\/product_tag?post=9746"}],"curies":[{"name":"wp","href":"https:\/\/api.w.org\/{rel}","templated":true}]}}