{"id":9752,"date":"2021-11-08T08:26:11","date_gmt":"2021-11-08T08:26:11","guid":{"rendered":"https:\/\/ograsmarknad.com\/?post_type=product&#038;p=9752"},"modified":"2026-03-14T06:50:54","modified_gmt":"2026-03-14T06:50:54","slug":"lemon-haze","status":"publish","type":"product","link":"https:\/\/ograsmarknad.com\/de\/product\/lemon-haze\/","title":{"rendered":"Lemon Haze"},"content":{"rendered":"<h2 style=\"text-align: justify;\">Kaufen Sie Lemon Haze online in Schweden, Finnland, \u00c5land, D\u00e4nemark, Estland und Norwegen zu den besten Preisen auf Ogras Marknad!<\/h2>\n<p style=\"text-align: justify;\"><a href=\"https:\/\/ograsmarknad.com\/de\/product\/lemon-haze\/\">Lemon Haze zu verkaufen<\/a> ist eine kalifornische Sorte mit tiefen Wurzeln in der Cannabiskultur der Westk\u00fcste. Durch die Kreuzung von Silver Haze und Lemon Skunk entstand diese bezaubernde Sativa-dominante Hybride. Das ausgepr\u00e4gte saure, zitrus- und kiefernartige Aroma und der Geschmack, kombiniert mit der fr\u00f6hlichen und erhebenden Natur der Sorte, haben sie weltweit zu einem Favoriten gemacht. Kaufen Sie Lemon Haze noch heute online in Europa, Schweden, Finnland, \u00c5land, D\u00e4nemark, Estland und Norwegen in unserem Online-Shop!<\/p>\n<h3 style=\"text-align: justify;\">Genetik<\/h3>\n<p style=\"text-align: justify;\">Zur Schaffung dieser Cannabissorte wurden Lemon Skunk und Super Silver Haze gekreuzt.<\/p>\n<h3 style=\"text-align: justify;\">Wirkungen von Lemon Haze<\/h3>\n<p style=\"text-align: justify;\">Labortests belegen die Wirksamkeit dieser perfekten Hybridsorte. Sie hat einen durchschnittlichen THC-Gehalt von 15\u201318 %, was f\u00fcr eine Sativa-dominante Hybridsorte recht hoch ist. Der hohe THC-Gehalt und der niedrige CBD-Gehalt (1 % CBD) von Lemon Haze erzeugen ein aufregendes, psychedelisches High voller Gl\u00fccksgef\u00fchle und L\u00e4cheln.<\/p>\n<p style=\"text-align: justify;\">Die zerebralen, erhebenden Eigenschaften dieser Sorte machen sie hervorragend zur Behandlung von Angstzust\u00e4nden, Depressionen und allgemeinem Alltagsstress geeignet. Sie ist daher eine hervorragende Sorte f\u00fcr den Alltag, da sie die Konzentration f\u00f6rdert und soziales Engagement f\u00f6rdert. Die schmerzstillende und beruhigende Wirkung ist moderat, was typisch f\u00fcr Sativa-dominante Sorten ist.<\/p>\n<h3 style=\"text-align: justify;\">Aussehen und Aroma<\/h3>\n<p style=\"text-align: justify;\">Das auff\u00e4lligste Merkmal von Lemon Haze ist sein verf\u00fchrerisches Aroma, das an frisch gepresste Limonade erinnert \u2013 saftige Zitrusschale vermischt sich mit einem s\u00fc\u00dfen, harzigen Unterton und erzeugt ein angenehmes Aroma. Die konischen Bl\u00fcten sind dicht gepackt und tragen viele sichtbare, flauschige Trichome. Einige blassorange Bl\u00fctenstempel schmiegen sich elegant an die hellgr\u00fcnen Bl\u00fcten, und wenn sie auseinanderbrechen, setzen die Bl\u00fcten noch mehr THC frei.<\/p>\n<p style=\"text-align: justify;\">Diese Marihuanasorte verursacht eine zerebrale Euphorie, gefolgt von einem Couch-Lock. Sie steigert das Energieniveau, das Lachen, die sozialen Kontakte, den Stressabbau, Traurigkeit und \u00dcbelkeit, hat eine moderate schmerzlindernde Wirkung und regt den Appetit an.<\/p>\n<p style=\"text-align: justify;\"><a href=\"https:\/\/ograsmarknad.com\/de\/\">Kontakt<\/a> Sie uns bei Ogras Marknad und teilen Sie uns Ihre Bestelldetails f\u00fcr Lemon Haze zu g\u00fcnstigen Preisen mit. Bestellen Sie Lemon Haze jetzt online in Europa, Schweden, Finnland, \u00c5land, D\u00e4nemark, Estland und Norwegen!<\/p>","protected":false},"excerpt":{"rendered":"<p>For Wholesale please contact us at<br \/>\nWickr ID: @williamspro<br \/>\nor via Whatsapp<br \/>\n<img loading=\"lazy\" decoding=\"async\" class=\"size-full wp-image-10162 alignleft\" src=\"https:\/\/ograsmarknad.com\/wp-content\/uploads\/2021\/11\/trust.jpg\" alt=\"Trust German\" width=\"300\" height=\"129\" srcset=\"https:\/\/ograsmarknad.com\/wp-content\/uploads\/2021\/11\/trust.jpg 300w, https:\/\/ograsmarknad.com\/wp-content\/uploads\/2021\/11\/trust-18x8.jpg 18w\" sizes=\"auto, (max-width: 300px) 100vw, 300px\" \/><\/p>","protected":false},"featured_media":9757,"comment_status":"open","ping_status":"closed","template":"","meta":{"_joinchat":[]},"product_cat":[71],"product_tag":[],"class_list":{"0":"post-9752","1":"product","2":"type-product","3":"status-publish","4":"has-post-thumbnail","6":"product_cat-gras-sw","8":"first","9":"instock","10":"shipping-taxable","11":"purchasable","12":"product-type-variable","13":"has-default-attributes"},"yoast_head":"<!-- This site is optimized with the Yoast SEO plugin v26.3 - https:\/\/yoast.com\/wordpress\/plugins\/seo\/ -->\n<title>Lemon Haze ogr\u00e4ssort till salu \u2013 K\u00f6p Lemon Haze online<\/title>\n<meta name=\"description\" content=\"K\u00f6p Lemon Haze ogr\u00e4ssort online fr\u00e5n Ograsmarknad. Lemon Haze till salu med citruscitronsmak och upplyftande energiska cannabiseffekter.\" \/>\n<meta name=\"robots\" content=\"index, follow, max-snippet:-1, max-image-preview:large, max-video-preview:-1\" \/>\n<link rel=\"canonical\" href=\"https:\/\/ograsmarknad.com\/de\/product\/lemon-haze\/\" \/>\n<meta property=\"og:locale\" content=\"de_DE\" \/>\n<meta property=\"og:type\" content=\"article\" \/>\n<meta property=\"og:title\" content=\"Lemon Haze ogr\u00e4ssort till salu \u2013 K\u00f6p Lemon Haze online\" \/>\n<meta property=\"og:description\" content=\"K\u00f6p Lemon Haze ogr\u00e4ssort online fr\u00e5n Ograsmarknad. Lemon Haze till salu med citruscitronsmak och upplyftande energiska cannabiseffekter.\" \/>\n<meta property=\"og:url\" content=\"https:\/\/ograsmarknad.com\/de\/product\/lemon-haze\/\" \/>\n<meta property=\"og:site_name\" content=\"Ogras Marknad\" \/>\n<meta property=\"article:modified_time\" content=\"2026-03-14T06:50:54+00:00\" \/>\n<meta property=\"og:image\" content=\"https:\/\/ograsmarknad.com\/wp-content\/uploads\/2021\/11\/lemon-haze.jpg\" \/>\n\t<meta property=\"og:image:width\" content=\"600\" \/>\n\t<meta property=\"og:image:height\" content=\"600\" \/>\n\t<meta property=\"og:image:type\" content=\"image\/jpeg\" \/>\n<meta name=\"twitter:card\" content=\"summary_large_image\" \/>\n<meta name=\"twitter:label1\" content=\"Gesch\u00e4tzte Lesezeit\" \/>\n\t<meta name=\"twitter:data1\" content=\"2\u00a0Minuten\" \/>\n<!-- \/ Yoast SEO plugin. -->","yoast_head_json":{"title":"Lemon Haze Cannabis-Sorte zu verkaufen \u2013 Lemon Haze online kaufen","description":"Kaufen Sie die Cannabissorte Lemon Haze online bei Ograsmarknad. Lemon Haze mit zitronigem Geschmack und anregender, energetisierender Wirkung ist erh\u00e4ltlich.","robots":{"index":"index","follow":"follow","max-snippet":"max-snippet:-1","max-image-preview":"max-image-preview:large","max-video-preview":"max-video-preview:-1"},"canonical":"https:\/\/ograsmarknad.com\/de\/product\/lemon-haze\/","og_locale":"de_DE","og_type":"article","og_title":"Lemon Haze ogr\u00e4ssort till salu \u2013 K\u00f6p Lemon Haze online","og_description":"K\u00f6p Lemon Haze ogr\u00e4ssort online fr\u00e5n Ograsmarknad. Lemon Haze till salu med citruscitronsmak och upplyftande energiska cannabiseffekter.","og_url":"https:\/\/ograsmarknad.com\/de\/product\/lemon-haze\/","og_site_name":"Ogras Marknad","article_modified_time":"2026-03-14T06:50:54+00:00","og_image":[{"width":600,"height":600,"url":"https:\/\/ograsmarknad.com\/wp-content\/uploads\/2021\/11\/lemon-haze.jpg","type":"image\/jpeg"}],"twitter_card":"summary_large_image","twitter_misc":{"Gesch\u00e4tzte Lesezeit":"2\u00a0Minuten"},"schema":{"@context":"https:\/\/schema.org","@graph":[{"@type":"WebPage","@id":"https:\/\/ograsmarknad.com\/product\/lemon-haze\/","url":"https:\/\/ograsmarknad.com\/product\/lemon-haze\/","name":"Lemon Haze Cannabis-Sorte zu verkaufen \u2013 Lemon Haze online kaufen","isPartOf":{"@id":"https:\/\/ograsmarknad.com\/#website"},"primaryImageOfPage":{"@id":"https:\/\/ograsmarknad.com\/product\/lemon-haze\/#primaryimage"},"image":{"@id":"https:\/\/ograsmarknad.com\/product\/lemon-haze\/#primaryimage"},"thumbnailUrl":"https:\/\/ograsmarknad.com\/wp-content\/uploads\/2021\/11\/lemon-haze.jpg","datePublished":"2021-11-08T08:26:11+00:00","dateModified":"2026-03-14T06:50:54+00:00","description":"Kaufen Sie die Cannabissorte Lemon Haze online bei Ograsmarknad. Lemon Haze mit zitronigem Geschmack und anregender, energetisierender Wirkung ist erh\u00e4ltlich.","breadcrumb":{"@id":"https:\/\/ograsmarknad.com\/product\/lemon-haze\/#breadcrumb"},"inLanguage":"de","potentialAction":[{"@type":"ReadAction","target":["https:\/\/ograsmarknad.com\/product\/lemon-haze\/"]}]},{"@type":"ImageObject","inLanguage":"de","@id":"https:\/\/ograsmarknad.com\/product\/lemon-haze\/#primaryimage","url":"https:\/\/ograsmarknad.com\/wp-content\/uploads\/2021\/11\/lemon-haze.jpg","contentUrl":"https:\/\/ograsmarknad.com\/wp-content\/uploads\/2021\/11\/lemon-haze.jpg","width":600,"height":600,"caption":"lemon-haze"},{"@type":"BreadcrumbList","@id":"https:\/\/ograsmarknad.com\/product\/lemon-haze\/#breadcrumb","itemListElement":[{"@type":"ListItem","position":1,"name":"Home","item":"https:\/\/ograsmarknad.com\/"},{"@type":"ListItem","position":2,"name":"Shop","item":"https:\/\/ograsmarknad.com\/shop\/"},{"@type":"ListItem","position":3,"name":"Lemon Haze"}]},{"@type":"WebSite","@id":"https:\/\/ograsmarknad.com\/#website","url":"https:\/\/ograsmarknad.com\/","name":"Ogras Marknad","description":"Ogras Marknad","potentialAction":[{"@type":"SearchAction","target":{"@type":"EntryPoint","urlTemplate":"https:\/\/ograsmarknad.com\/?s={search_term_string}"},"query-input":{"@type":"PropertyValueSpecification","valueRequired":true,"valueName":"search_term_string"}}],"inLanguage":"de"}]}},"_links":{"self":[{"href":"https:\/\/ograsmarknad.com\/de\/wp-json\/wp\/v2\/product\/9752","targetHints":{"allow":["GET"]}}],"collection":[{"href":"https:\/\/ograsmarknad.com\/de\/wp-json\/wp\/v2\/product"}],"about":[{"href":"https:\/\/ograsmarknad.com\/de\/wp-json\/wp\/v2\/types\/product"}],"replies":[{"embeddable":true,"href":"https:\/\/ograsmarknad.com\/de\/wp-json\/wp\/v2\/comments?post=9752"}],"wp:featuredmedia":[{"embeddable":true,"href":"https:\/\/ograsmarknad.com\/de\/wp-json\/wp\/v2\/media\/9757"}],"wp:attachment":[{"href":"https:\/\/ograsmarknad.com\/de\/wp-json\/wp\/v2\/media?parent=9752"}],"wp:term":[{"taxonomy":"product_cat","embeddable":true,"href":"https:\/\/ograsmarknad.com\/de\/wp-json\/wp\/v2\/product_cat?post=9752"},{"taxonomy":"product_tag","embeddable":true,"href":"https:\/\/ograsmarknad.com\/de\/wp-json\/wp\/v2\/product_tag?post=9752"}],"curies":[{"name":"wp","href":"https:\/\/api.w.org\/{rel}","templated":true}]}}