{"id":9759,"date":"2021-11-08T08:46:54","date_gmt":"2021-11-08T08:46:54","guid":{"rendered":"https:\/\/ograsmarknad.com\/?post_type=product&#038;p=9759"},"modified":"2026-03-16T10:34:58","modified_gmt":"2026-03-16T10:34:58","slug":"orange-kush","status":"publish","type":"product","link":"https:\/\/ograsmarknad.com\/de\/product\/orange-kush\/","title":{"rendered":"Orange Kush"},"content":{"rendered":"<h2 style=\"text-align: justify;\">Bestellen Sie Orange Kush online in Europa, Schweden, Finnland, \u00c5land, D\u00e4nemark, Estland, Norwegen, zu den besten Preisen heute bei Ogras Market!<\/h2>\n<p style=\"text-align: justify;\">Green Devil Genetics hat Orange Kush erschaffen, eine Kreuzung aus Orange Bud und <a href=\"https:\/\/ograsmarknad.com\/de\/product\/orange-kush\/\">OG Kush<\/a>. Sie hat einen s\u00fc\u00dfen und w\u00fcrzigen Zitrusgeschmack, der den K\u00f6rper beruhigt und die Stimmung hebt. Diese Sorte hat lange, dichte Knospen mit vielen orangefarbenen Haaren und Trichomkristallen und ist resistent gegen die meisten Sch\u00e4dlinge und Schimmelpilze. Kaufen Sie Orange Kush online in Europa, Schweden, Finnland, \u00c5land, D\u00e4nemark, Estland, Norwegen in unserem Online Shop noch heute.<\/p>\n<p style=\"text-align: justify;\">Orange Kush zum Verkauf ist der Nachkomme von Orange Bud und OG Kush. Sie hat einen s\u00fc\u00dfen und w\u00fcrzigen Zitrusgeschmack, der den K\u00f6rper beruhigt und die Stimmung hebt. Diese Sorte hat lange, dichte Knospen mit vielen orangefarbenen Haaren und Trichom-Kristallen und ist resistent gegen die meisten Sch\u00e4dlinge und Schimmel.<\/p>\n<p style=\"text-align: justify;\">Diese Sativa-dominante Marihuana-Hybridsorte wurde als nachhaltiger und zuverl\u00e4ssiger Z\u00fcchter geschaffen. Organic Kush-Pflanzen stammen von OG Kush- und SAGE-Eltern ab und brauchen wie viele Sativas 10-11 Wochen bis zur Bl\u00fcte. Diese Pflanzen haben viele dunkelgr\u00fcne Bl\u00e4tter an ihren Zweigen, aber ihre Knospen sind hellgr\u00fcn und riechen wie frisch geschnittene Zapfen. Organic Kush ist eine gute Wahl f\u00fcr einen zerebralen Rausch, der Sie zu mehr Kreativit\u00e4t inspirieren kann.<\/p>\n<h3 style=\"text-align: justify;\">Erscheinungsbild<\/h3>\n<p style=\"text-align: justify;\">Er ist hellgr\u00fcn mit leuchtenden, dicken orangefarbenen Haaren. Auch die Kristalle auf ihm leuchten im Licht.<\/p>\n<h3 style=\"text-align: justify;\">Aroma<\/h3>\n<p style=\"text-align: justify;\">Es riecht leicht nach erdigen Kr\u00e4utern, aber es gibt keine weiteren Ger\u00fcche. Insgeheim, nat\u00fcrlich.<\/p>\n<h3 style=\"text-align: justify;\">Geschmack<\/h3>\n<p style=\"text-align: justify;\">Der Geschmack ist auch nicht besonders ausgepr\u00e4gt, genauso wenig wie der Geruch. Er hat einen milden, leicht erdigen, pflanzlichen Geschmack.<\/p>\n<h3 style=\"text-align: justify;\">Effektor<\/h3>\n<p style=\"text-align: justify;\">Sie ist am besten f\u00fcr die Nacht geeignet. Es hat starke Indica-Effekte mit einem ziemlich klaren Kopf. Es ist wirksam gegen Schmerzen und heimliche Anwesenheit.<\/p>\n<h3 style=\"text-align: justify;\">Vorteile<\/h3>\n<p style=\"text-align: justify;\">Orange Kush hilft, den Appetit zu steigern und ist gut f\u00fcr \u00dcbelkeit, leichte Schmerzlinderung, Stress, Asthma und Entspannung. Wenn Sie daran interessiert sind, Orange Kush online in Europa, Schweden, Finnland, \u00c5land, D\u00e4nemark, Estland, Norwegen zu kaufen, kontaktieren Sie uns bitte direkt und teilen Sie uns Ihre Bestelldaten mit. Kontaktieren Sie uns noch heute!<\/p>","protected":false},"excerpt":{"rendered":"<p>For Wholesale please contact us at<br \/>\nWickr ID: @williamspro<br \/>\nor via Whatsapp<br \/>\n<img loading=\"lazy\" decoding=\"async\" class=\"size-full wp-image-10162 alignleft\" src=\"https:\/\/ograsmarknad.com\/wp-content\/uploads\/2021\/11\/trust.jpg\" alt=\"Trust German\" width=\"300\" height=\"129\" srcset=\"https:\/\/ograsmarknad.com\/wp-content\/uploads\/2021\/11\/trust.jpg 300w, https:\/\/ograsmarknad.com\/wp-content\/uploads\/2021\/11\/trust-18x8.jpg 18w\" sizes=\"auto, (max-width: 300px) 100vw, 300px\" \/><\/p>","protected":false},"featured_media":9764,"comment_status":"open","ping_status":"closed","template":"","meta":{"_joinchat":[]},"product_cat":[71],"product_tag":[],"class_list":{"0":"post-9759","1":"product","2":"type-product","3":"status-publish","4":"has-post-thumbnail","6":"product_cat-gras-sw","8":"first","9":"instock","10":"shipping-taxable","11":"purchasable","12":"product-type-variable","13":"has-default-attributes"},"yoast_head":"<!-- This site is optimized with the Yoast SEO plugin v26.3 - https:\/\/yoast.com\/wordpress\/plugins\/seo\/ -->\n<title>Orange Kush ogr\u00e4ssort till salu \u2013 K\u00f6p Orange Kush online<\/title>\n<meta name=\"description\" content=\"K\u00f6p Orange Kush ogr\u00e4ssort online fr\u00e5n Ograsmarknad. Orange Kush till salu med citrusarom och avslappnande indica-dominanta cannabiseffekter.\" \/>\n<meta name=\"robots\" content=\"index, follow, max-snippet:-1, max-image-preview:large, max-video-preview:-1\" \/>\n<link rel=\"canonical\" href=\"https:\/\/ograsmarknad.com\/de\/product\/orange-kush\/\" \/>\n<meta property=\"og:locale\" content=\"de_DE\" \/>\n<meta property=\"og:type\" content=\"article\" \/>\n<meta property=\"og:title\" content=\"Orange Kush ogr\u00e4ssort till salu \u2013 K\u00f6p Orange Kush online\" \/>\n<meta property=\"og:description\" content=\"K\u00f6p Orange Kush ogr\u00e4ssort online fr\u00e5n Ograsmarknad. Orange Kush till salu med citrusarom och avslappnande indica-dominanta cannabiseffekter.\" \/>\n<meta property=\"og:url\" content=\"https:\/\/ograsmarknad.com\/de\/product\/orange-kush\/\" \/>\n<meta property=\"og:site_name\" content=\"Ogras Marknad\" \/>\n<meta property=\"article:modified_time\" content=\"2026-03-16T10:34:58+00:00\" \/>\n<meta property=\"og:image\" content=\"https:\/\/ograsmarknad.com\/wp-content\/uploads\/2021\/11\/orange-kush.jpg\" \/>\n\t<meta property=\"og:image:width\" content=\"600\" \/>\n\t<meta property=\"og:image:height\" content=\"600\" \/>\n\t<meta property=\"og:image:type\" content=\"image\/jpeg\" \/>\n<meta name=\"twitter:card\" content=\"summary_large_image\" \/>\n<meta name=\"twitter:label1\" content=\"Gesch\u00e4tzte Lesezeit\" \/>\n\t<meta name=\"twitter:data1\" content=\"2\u00a0Minuten\" \/>\n<!-- \/ Yoast SEO plugin. -->","yoast_head_json":{"title":"Orange Kush Cannabis-Sorte zu verkaufen \u2013 Orange Kush online kaufen","description":"Kaufen Sie die Cannabissorte Orange Kush online bei Ograsmarknad. Orange Kush ist erh\u00e4ltlich und zeichnet sich durch ein Zitrusaroma und eine entspannende, Indica-dominante Wirkung aus.","robots":{"index":"index","follow":"follow","max-snippet":"max-snippet:-1","max-image-preview":"max-image-preview:large","max-video-preview":"max-video-preview:-1"},"canonical":"https:\/\/ograsmarknad.com\/de\/product\/orange-kush\/","og_locale":"de_DE","og_type":"article","og_title":"Orange Kush ogr\u00e4ssort till salu \u2013 K\u00f6p Orange Kush online","og_description":"K\u00f6p Orange Kush ogr\u00e4ssort online fr\u00e5n Ograsmarknad. Orange Kush till salu med citrusarom och avslappnande indica-dominanta cannabiseffekter.","og_url":"https:\/\/ograsmarknad.com\/de\/product\/orange-kush\/","og_site_name":"Ogras Marknad","article_modified_time":"2026-03-16T10:34:58+00:00","og_image":[{"width":600,"height":600,"url":"https:\/\/ograsmarknad.com\/wp-content\/uploads\/2021\/11\/orange-kush.jpg","type":"image\/jpeg"}],"twitter_card":"summary_large_image","twitter_misc":{"Gesch\u00e4tzte Lesezeit":"2\u00a0Minuten"},"schema":{"@context":"https:\/\/schema.org","@graph":[{"@type":"WebPage","@id":"https:\/\/ograsmarknad.com\/product\/orange-kush\/","url":"https:\/\/ograsmarknad.com\/product\/orange-kush\/","name":"Orange Kush Cannabis-Sorte zu verkaufen \u2013 Orange Kush online kaufen","isPartOf":{"@id":"https:\/\/ograsmarknad.com\/#website"},"primaryImageOfPage":{"@id":"https:\/\/ograsmarknad.com\/product\/orange-kush\/#primaryimage"},"image":{"@id":"https:\/\/ograsmarknad.com\/product\/orange-kush\/#primaryimage"},"thumbnailUrl":"https:\/\/ograsmarknad.com\/wp-content\/uploads\/2021\/11\/orange-kush.jpg","datePublished":"2021-11-08T08:46:54+00:00","dateModified":"2026-03-16T10:34:58+00:00","description":"Kaufen Sie die Cannabissorte Orange Kush online bei Ograsmarknad. Orange Kush ist erh\u00e4ltlich und zeichnet sich durch ein Zitrusaroma und eine entspannende, Indica-dominante Wirkung aus.","breadcrumb":{"@id":"https:\/\/ograsmarknad.com\/product\/orange-kush\/#breadcrumb"},"inLanguage":"de","potentialAction":[{"@type":"ReadAction","target":["https:\/\/ograsmarknad.com\/product\/orange-kush\/"]}]},{"@type":"ImageObject","inLanguage":"de","@id":"https:\/\/ograsmarknad.com\/product\/orange-kush\/#primaryimage","url":"https:\/\/ograsmarknad.com\/wp-content\/uploads\/2021\/11\/orange-kush.jpg","contentUrl":"https:\/\/ograsmarknad.com\/wp-content\/uploads\/2021\/11\/orange-kush.jpg","width":600,"height":600,"caption":"orange-kush"},{"@type":"BreadcrumbList","@id":"https:\/\/ograsmarknad.com\/product\/orange-kush\/#breadcrumb","itemListElement":[{"@type":"ListItem","position":1,"name":"Home","item":"https:\/\/ograsmarknad.com\/"},{"@type":"ListItem","position":2,"name":"Shop","item":"https:\/\/ograsmarknad.com\/shop\/"},{"@type":"ListItem","position":3,"name":"Orange Kush"}]},{"@type":"WebSite","@id":"https:\/\/ograsmarknad.com\/#website","url":"https:\/\/ograsmarknad.com\/","name":"Ogras Marknad","description":"Ogras Marknad","potentialAction":[{"@type":"SearchAction","target":{"@type":"EntryPoint","urlTemplate":"https:\/\/ograsmarknad.com\/?s={search_term_string}"},"query-input":{"@type":"PropertyValueSpecification","valueRequired":true,"valueName":"search_term_string"}}],"inLanguage":"de"}]}},"_links":{"self":[{"href":"https:\/\/ograsmarknad.com\/de\/wp-json\/wp\/v2\/product\/9759","targetHints":{"allow":["GET"]}}],"collection":[{"href":"https:\/\/ograsmarknad.com\/de\/wp-json\/wp\/v2\/product"}],"about":[{"href":"https:\/\/ograsmarknad.com\/de\/wp-json\/wp\/v2\/types\/product"}],"replies":[{"embeddable":true,"href":"https:\/\/ograsmarknad.com\/de\/wp-json\/wp\/v2\/comments?post=9759"}],"wp:featuredmedia":[{"embeddable":true,"href":"https:\/\/ograsmarknad.com\/de\/wp-json\/wp\/v2\/media\/9764"}],"wp:attachment":[{"href":"https:\/\/ograsmarknad.com\/de\/wp-json\/wp\/v2\/media?parent=9759"}],"wp:term":[{"taxonomy":"product_cat","embeddable":true,"href":"https:\/\/ograsmarknad.com\/de\/wp-json\/wp\/v2\/product_cat?post=9759"},{"taxonomy":"product_tag","embeddable":true,"href":"https:\/\/ograsmarknad.com\/de\/wp-json\/wp\/v2\/product_tag?post=9759"}],"curies":[{"name":"wp","href":"https:\/\/api.w.org\/{rel}","templated":true}]}}