{"id":9771,"date":"2021-11-08T08:52:15","date_gmt":"2021-11-08T08:52:15","guid":{"rendered":"https:\/\/ograsmarknad.com\/?post_type=product&#038;p=9771"},"modified":"2026-03-16T10:34:10","modified_gmt":"2026-03-16T10:34:10","slug":"sour-diesel","status":"publish","type":"product","link":"https:\/\/ograsmarknad.com\/de\/product\/sour-diesel\/","title":{"rendered":"Sour Diesel"},"content":{"rendered":"<h2 style=\"text-align: justify;\">Holen Sie sich Sour Diesel aus Europa, zu g\u00fcnstigen Preisen bei Ogras Marknad!<\/h2>\n<p style=\"text-align: justify;\">Av en bra anledning \u00e4r <a href=\"https:\/\/ograsmarknad.com\/de\/product\/sour-diesel\/\">Sour Diesel till salu<\/a> stehende Sour Diesel daf\u00fcr bekannt, dass sie eine der stechendsten Sorten aller Zeiten ist. Sie verstr\u00f6mt einen stechenden Geruch nach Stinktier, Benzin und Zitrone. Auch wenn sie nicht die schmackhafteste Sorte ist (es sei denn, Sie bevorzugen geile Sorten), so hat sie doch eine starke Wirkung, wenn es um die Wirkung geht. Aufgrund ihrer au\u00dferordentlichen stimulierenden und erhebenden Wirkung ist Sour Diesel eine gute Wahl f\u00fcr Menschen, die unter Stimmungsschwankungen wie Depressionen oder bipolaren St\u00f6rungen leiden. Kaufen Sie Sour Diesel online in Europa, Schweden, Finnland, \u00c5land, D\u00e4nemark, Estland, Norwegen in unserem Shop noch heute!<\/p>\n<h3 style=\"text-align: justify;\">Geruch, Geschmack und Aussehen von saurem Diesel<\/h3>\n<p style=\"text-align: justify;\">Das Wort \"Diesel\" erscheint im Namen der Sorte Sour Diesel aus einem ganz bestimmten Grund. Sour Diesel hat scharfe Aromen von jedem Marihuana, was einer der Gr\u00fcnde f\u00fcr seinen weltweiten Erfolg und Namen ist.<\/p>\n<p style=\"text-align: justify;\">Sie hat ein stechendes und skunkiges Aroma, aber auch Untert\u00f6ne von Zitronenschalen und anderen Zitrusfr\u00fcchten im Geschmack, weshalb sie wahrscheinlich \"Sour\" genannt wird. Der Geschmack dieser Marihuanasorte ist erdig und manchmal mit einem Hauch von Zitrusfr\u00fcchten gemischt, wenn sie geraucht wird. Am wichtigsten ist, dass die d\u00fcstere und scharfe Qualit\u00e4t von Sour Diesel die anderen Aromen in der Mischung \u00fcberw\u00e4ltigt und Zitrusfr\u00fcchte und Gew\u00fcrze au\u00dfen vor l\u00e4sst.<\/p>\n<p style=\"text-align: justify;\">Sour Diesel online hat ein klassisches Pot-Erscheinungsbild mit sattgr\u00fcnen Zuckerbl\u00e4ttern und leicht rosa-orangefarbenen Stempeln, die dem Bild dieser kalten Ernte Farbe und Lebendigkeit verleihen. Sour Diesel Nuggets sind oft frostig, mit einer F\u00fclle von winzigen glitzernden Kristallen, die alle die immense Kraft von Sour D symbolisieren.<\/p>\n<p style=\"text-align: justify;\">Selbst nachdem Du mit dem Rauchen fertig bist, wird der Geruch von Sour Diesel Marihuana noch anhalten. Wenn Du versuchst, mit Deinem Konsum diskret zu sein, solltest Du das im Hinterkopf behalten. Schon nach wenigen Z\u00fcgen solltest Du das Marihuana in Deinem Mund schmecken k\u00f6nnen.<\/p>\n<p style=\"text-align: justify;\">Bestellen Sie Sour Diesel online in Europa, Schweden, Finnland, \u00c5land, D\u00e4nemark, Estland, Norwegen, zu den besten Preisen heute bei <a href=\"https:\/\/ograsmarknad.com\/de\/\">Ogras Marknad!<\/a><\/p>","protected":false},"excerpt":{"rendered":"<p>For Wholesale please contact us at<br \/>\nWickr ID: @williamspro<br \/>\nor via Whatsapp<br \/>\n<img loading=\"lazy\" decoding=\"async\" class=\"size-full wp-image-10162 alignleft\" src=\"https:\/\/ograsmarknad.com\/wp-content\/uploads\/2021\/11\/trust.jpg\" alt=\"Trust German\" width=\"300\" height=\"129\" srcset=\"https:\/\/ograsmarknad.com\/wp-content\/uploads\/2021\/11\/trust.jpg 300w, https:\/\/ograsmarknad.com\/wp-content\/uploads\/2021\/11\/trust-18x8.jpg 18w\" sizes=\"auto, (max-width: 300px) 100vw, 300px\" \/><\/p>","protected":false},"featured_media":9739,"comment_status":"open","ping_status":"closed","template":"","meta":{"_joinchat":[]},"product_cat":[71],"product_tag":[],"class_list":{"0":"post-9771","1":"product","2":"type-product","3":"status-publish","4":"has-post-thumbnail","6":"product_cat-gras-sw","8":"first","9":"instock","10":"shipping-taxable","11":"purchasable","12":"product-type-variable","13":"has-default-attributes"},"yoast_head":"<!-- This site is optimized with the Yoast SEO plugin v26.3 - https:\/\/yoast.com\/wordpress\/plugins\/seo\/ -->\n<title>Sour Diesel Weed-sort till salu \u2013 K\u00f6p Sour Diesel Online<\/title>\n<meta name=\"description\" content=\"K\u00f6p Sour Diesel-w\u00e4issort online fr\u00e5n Ograsmarknad. Sour Diesel till salu k\u00e4nd f\u00f6r sin dieselarom och energigivande sativa-cannabiseffekter.\" \/>\n<meta name=\"robots\" content=\"index, follow, max-snippet:-1, max-image-preview:large, max-video-preview:-1\" \/>\n<link rel=\"canonical\" href=\"https:\/\/ograsmarknad.com\/de\/product\/sour-diesel\/\" \/>\n<meta property=\"og:locale\" content=\"de_DE\" \/>\n<meta property=\"og:type\" content=\"article\" \/>\n<meta property=\"og:title\" content=\"Sour Diesel Weed-sort till salu \u2013 K\u00f6p Sour Diesel Online\" \/>\n<meta property=\"og:description\" content=\"K\u00f6p Sour Diesel-w\u00e4issort online fr\u00e5n Ograsmarknad. Sour Diesel till salu k\u00e4nd f\u00f6r sin dieselarom och energigivande sativa-cannabiseffekter.\" \/>\n<meta property=\"og:url\" content=\"https:\/\/ograsmarknad.com\/de\/product\/sour-diesel\/\" \/>\n<meta property=\"og:site_name\" content=\"Ogras Marknad\" \/>\n<meta property=\"article:modified_time\" content=\"2026-03-16T10:34:10+00:00\" \/>\n<meta property=\"og:image\" content=\"https:\/\/ograsmarknad.com\/wp-content\/uploads\/2021\/11\/blueberry-kush.jpg\" \/>\n\t<meta property=\"og:image:width\" content=\"600\" \/>\n\t<meta property=\"og:image:height\" content=\"600\" \/>\n\t<meta property=\"og:image:type\" content=\"image\/jpeg\" \/>\n<meta name=\"twitter:card\" content=\"summary_large_image\" \/>\n<meta name=\"twitter:label1\" content=\"Gesch\u00e4tzte Lesezeit\" \/>\n\t<meta name=\"twitter:data1\" content=\"2\u00a0Minuten\" \/>\n<!-- \/ Yoast SEO plugin. -->","yoast_head_json":{"title":"Sour Diesel Cannabis-Sorte zu verkaufen \u2013 Sour Diesel online kaufen","description":"Kaufen Sie Sour Diesel Cannabis online bei Ograsmarknad. Sour Diesel ist bekannt f\u00fcr sein Dieselaroma und seine anregende Wirkung als Sativa-Cannabis.","robots":{"index":"index","follow":"follow","max-snippet":"max-snippet:-1","max-image-preview":"max-image-preview:large","max-video-preview":"max-video-preview:-1"},"canonical":"https:\/\/ograsmarknad.com\/de\/product\/sour-diesel\/","og_locale":"de_DE","og_type":"article","og_title":"Sour Diesel Weed-sort till salu \u2013 K\u00f6p Sour Diesel Online","og_description":"K\u00f6p Sour Diesel-w\u00e4issort online fr\u00e5n Ograsmarknad. Sour Diesel till salu k\u00e4nd f\u00f6r sin dieselarom och energigivande sativa-cannabiseffekter.","og_url":"https:\/\/ograsmarknad.com\/de\/product\/sour-diesel\/","og_site_name":"Ogras Marknad","article_modified_time":"2026-03-16T10:34:10+00:00","og_image":[{"width":600,"height":600,"url":"https:\/\/ograsmarknad.com\/wp-content\/uploads\/2021\/11\/blueberry-kush.jpg","type":"image\/jpeg"}],"twitter_card":"summary_large_image","twitter_misc":{"Gesch\u00e4tzte Lesezeit":"2\u00a0Minuten"},"schema":{"@context":"https:\/\/schema.org","@graph":[{"@type":"WebPage","@id":"https:\/\/ograsmarknad.com\/product\/sour-diesel\/","url":"https:\/\/ograsmarknad.com\/product\/sour-diesel\/","name":"Sour Diesel Cannabis-Sorte zu verkaufen \u2013 Sour Diesel online kaufen","isPartOf":{"@id":"https:\/\/ograsmarknad.com\/#website"},"primaryImageOfPage":{"@id":"https:\/\/ograsmarknad.com\/product\/sour-diesel\/#primaryimage"},"image":{"@id":"https:\/\/ograsmarknad.com\/product\/sour-diesel\/#primaryimage"},"thumbnailUrl":"https:\/\/ograsmarknad.com\/wp-content\/uploads\/2021\/11\/blueberry-kush.jpg","datePublished":"2021-11-08T08:52:15+00:00","dateModified":"2026-03-16T10:34:10+00:00","description":"Kaufen Sie Sour Diesel Cannabis online bei Ograsmarknad. Sour Diesel ist bekannt f\u00fcr sein Dieselaroma und seine anregende Wirkung als Sativa-Cannabis.","breadcrumb":{"@id":"https:\/\/ograsmarknad.com\/product\/sour-diesel\/#breadcrumb"},"inLanguage":"de","potentialAction":[{"@type":"ReadAction","target":["https:\/\/ograsmarknad.com\/product\/sour-diesel\/"]}]},{"@type":"ImageObject","inLanguage":"de","@id":"https:\/\/ograsmarknad.com\/product\/sour-diesel\/#primaryimage","url":"https:\/\/ograsmarknad.com\/wp-content\/uploads\/2021\/11\/blueberry-kush.jpg","contentUrl":"https:\/\/ograsmarknad.com\/wp-content\/uploads\/2021\/11\/blueberry-kush.jpg","width":600,"height":600,"caption":"blueberry-kush"},{"@type":"BreadcrumbList","@id":"https:\/\/ograsmarknad.com\/product\/sour-diesel\/#breadcrumb","itemListElement":[{"@type":"ListItem","position":1,"name":"Home","item":"https:\/\/ograsmarknad.com\/"},{"@type":"ListItem","position":2,"name":"Shop","item":"https:\/\/ograsmarknad.com\/shop\/"},{"@type":"ListItem","position":3,"name":"Sour Diesel"}]},{"@type":"WebSite","@id":"https:\/\/ograsmarknad.com\/#website","url":"https:\/\/ograsmarknad.com\/","name":"Ogras Marknad","description":"Ogras Marknad","potentialAction":[{"@type":"SearchAction","target":{"@type":"EntryPoint","urlTemplate":"https:\/\/ograsmarknad.com\/?s={search_term_string}"},"query-input":{"@type":"PropertyValueSpecification","valueRequired":true,"valueName":"search_term_string"}}],"inLanguage":"de"}]}},"_links":{"self":[{"href":"https:\/\/ograsmarknad.com\/de\/wp-json\/wp\/v2\/product\/9771","targetHints":{"allow":["GET"]}}],"collection":[{"href":"https:\/\/ograsmarknad.com\/de\/wp-json\/wp\/v2\/product"}],"about":[{"href":"https:\/\/ograsmarknad.com\/de\/wp-json\/wp\/v2\/types\/product"}],"replies":[{"embeddable":true,"href":"https:\/\/ograsmarknad.com\/de\/wp-json\/wp\/v2\/comments?post=9771"}],"wp:featuredmedia":[{"embeddable":true,"href":"https:\/\/ograsmarknad.com\/de\/wp-json\/wp\/v2\/media\/9739"}],"wp:attachment":[{"href":"https:\/\/ograsmarknad.com\/de\/wp-json\/wp\/v2\/media?parent=9771"}],"wp:term":[{"taxonomy":"product_cat","embeddable":true,"href":"https:\/\/ograsmarknad.com\/de\/wp-json\/wp\/v2\/product_cat?post=9771"},{"taxonomy":"product_tag","embeddable":true,"href":"https:\/\/ograsmarknad.com\/de\/wp-json\/wp\/v2\/product_tag?post=9771"}],"curies":[{"name":"wp","href":"https:\/\/api.w.org\/{rel}","templated":true}]}}