{"id":9776,"date":"2021-11-08T08:54:37","date_gmt":"2021-11-08T08:54:37","guid":{"rendered":"https:\/\/ograsmarknad.com\/?post_type=product&#038;p=9776"},"modified":"2026-03-16T10:33:59","modified_gmt":"2026-03-16T10:33:59","slug":"strawberry-haze","status":"publish","type":"product","link":"https:\/\/ograsmarknad.com\/de\/product\/strawberry-haze\/","title":{"rendered":"Strawberry Haze"},"content":{"rendered":"<h2 style=\"text-align: justify;\">Strawberry Haze online kaufen zu niedrigen Preisen von Ogras Marknad<\/h2>\n<p style=\"text-align: justify;\"><a href=\"https:\/\/ograsmarknad.com\/de\/product\/strawberry-haze\/\">Strawberry Haze<\/a>, auch bekannt als Arjan's Strawberry Haze, ist eine Sativa-dominante Sorte, benannt nach Arjan Roskam, einem prominenten Cannabisproduzenten und Gr\u00fcnder von Green House Seed Co. in den Niederlanden. Strawberry Haze kam urspr\u00fcnglich Mitte der 2000er Jahre auf den Markt und hat einen komplizierten Stammbaum, der angeblich eine Mischung aus Swiss Sativa, Northern Lights #5, Haze und Kali Mist enth\u00e4lt. Strawberry Haze online kaufen in Europa, Schweden, Finnland, \u00c5land, D\u00e4nemark, Estland, Portugal, Norwegen bei Ogras Marknad. <a href=\"https:\/\/ograsmarknad.com\/de\/\">Ogras Marknad<\/a>.<\/p>\n<p style=\"text-align: justify;\">Strawberry Haze zum Verkauf hat ein sch\u00f6nes Aroma von k\u00f6stlichen Erdbeeren mit blumigen Obert\u00f6nen, die in einem s\u00fc\u00dfen und erdigen Geschmack \u00fcbersetzt. Diese Sorte produziert eine bescheidene K\u00f6rpergr\u00f6\u00dfe und starke zerebrale Effekte. Strawberry Haze ist eine verlockende Option f\u00fcr Kiffer, die nach einem kreativen oder geselligen Rausch suchen.<\/p>\n<h3 style=\"text-align: justify;\">Mehr Informationen<\/h3>\n<p style=\"text-align: justify;\"><strong>Strawberry Haze online <\/strong>ist eine hochwachsende Pflanze mit langen \u00c4sten, die sowohl im Haus als auch im Freien angebaut werden kann. Sie ist ein guter Kandidat f\u00fcr die Screen of Green-Methode (ScrOG), bei der ein Schirm aufgestellt wird, um die Lichteinstrahlung zu maximieren. Nach einer 10-w\u00f6chigen Bl\u00fctezeit k\u00f6nnen die Anbauer mit Ertr\u00e4gen von bis zu 600 Gramm pro Quadratmeter im Innenbereich und bis zu 800 Gramm pro Pflanze im Au\u00dfenbereich rechnen. In der n\u00f6rdlichen Hemisph\u00e4re sind \u00e4quatoriale oder tropische Bedingungen ideal f\u00fcr den Anbau im Au\u00dfenbereich, und die Pflanze sollte bis Mitte Oktober in der n\u00f6rdlichen Hemisph\u00e4re und Mitte April in der s\u00fcdlichen Hemisph\u00e4re bl\u00fchen.<\/p>\n<h3 style=\"text-align: justify;\">Vorteile<\/h3>\n<p style=\"text-align: justify;\">Strawberry Haze enth\u00e4lt im Gegensatz zu vielen anderen Hybridsorten etwa 1% CBD, was sie zu einer ausgezeichneten Wahl f\u00fcr die Behandlung von Krankheiten macht. Viele Menschen haben gesagt, dass diese Sorte ihnen hilft, mit Angst und Verzweiflung umzugehen, und dass sie auch bei ADS- oder ADHS-Symptomen helfen kann. Strawberry Haze kann bei einer Vielzahl von k\u00f6rperlichen Beschwerden helfen, darunter Migr\u00e4ne, Muskelkr\u00e4mpfe, Gelenkschmerzen und mehr. Es ist am besten, es mit dieser Sorte ruhig angehen zu lassen, da ihre k\u00f6stlichen Aromen zum \u00dcberessen verleiten k\u00f6nnen.<\/p>\n<p style=\"text-align: justify;\">Bestellen Sie Strawberry Haze in Europa, Schweden, Finnland, Deutschland, D\u00e4nemark, Estland, Norwegen in unserem Online-Shop und erwarten Sie baldige Lieferung!<\/p>","protected":false},"excerpt":{"rendered":"<p>For Wholesale please contact us at<br \/>\nWickr ID: @williamspro<br \/>\nor via Whatsapp<br \/>\n<img loading=\"lazy\" decoding=\"async\" class=\"size-full wp-image-10162 alignleft\" src=\"https:\/\/ograsmarknad.com\/wp-content\/uploads\/2021\/11\/trust.jpg\" alt=\"Trust German\" width=\"300\" height=\"129\" srcset=\"https:\/\/ograsmarknad.com\/wp-content\/uploads\/2021\/11\/trust.jpg 300w, https:\/\/ograsmarknad.com\/wp-content\/uploads\/2021\/11\/trust-18x8.jpg 18w\" sizes=\"auto, (max-width: 300px) 100vw, 300px\" \/><\/p>","protected":false},"featured_media":9781,"comment_status":"open","ping_status":"closed","template":"","meta":{"_joinchat":[]},"product_cat":[71],"product_tag":[],"class_list":{"0":"post-9776","1":"product","2":"type-product","3":"status-publish","4":"has-post-thumbnail","6":"product_cat-gras-sw","8":"first","9":"instock","10":"shipping-taxable","11":"purchasable","12":"product-type-variable","13":"has-default-attributes"},"yoast_head":"<!-- This site is optimized with the Yoast SEO plugin v26.3 - https:\/\/yoast.com\/wordpress\/plugins\/seo\/ -->\n<title>Strawberry Haze ogr\u00e4ssort till salu \u2013 K\u00f6p Strawberry Haze online<\/title>\n<meta name=\"description\" content=\"K\u00f6p Strawberry Haze ogr\u00e4ssort online fr\u00e5n Ograsmarknad. Strawberry Haze till salu med s\u00f6t b\u00e4rsmak och upplyftande sativa-cannabiseffekter.\" \/>\n<meta name=\"robots\" content=\"index, follow, max-snippet:-1, max-image-preview:large, max-video-preview:-1\" \/>\n<link rel=\"canonical\" href=\"https:\/\/ograsmarknad.com\/de\/product\/strawberry-haze\/\" \/>\n<meta property=\"og:locale\" content=\"de_DE\" \/>\n<meta property=\"og:type\" content=\"article\" \/>\n<meta property=\"og:title\" content=\"Strawberry Haze ogr\u00e4ssort till salu \u2013 K\u00f6p Strawberry Haze online\" \/>\n<meta property=\"og:description\" content=\"K\u00f6p Strawberry Haze ogr\u00e4ssort online fr\u00e5n Ograsmarknad. Strawberry Haze till salu med s\u00f6t b\u00e4rsmak och upplyftande sativa-cannabiseffekter.\" \/>\n<meta property=\"og:url\" content=\"https:\/\/ograsmarknad.com\/de\/product\/strawberry-haze\/\" \/>\n<meta property=\"og:site_name\" content=\"Ogras Marknad\" \/>\n<meta property=\"article:modified_time\" content=\"2026-03-16T10:33:59+00:00\" \/>\n<meta property=\"og:image\" content=\"https:\/\/ograsmarknad.com\/wp-content\/uploads\/2021\/11\/strawberry-haze.jpg\" \/>\n\t<meta property=\"og:image:width\" content=\"600\" \/>\n\t<meta property=\"og:image:height\" content=\"600\" \/>\n\t<meta property=\"og:image:type\" content=\"image\/jpeg\" \/>\n<meta name=\"twitter:card\" content=\"summary_large_image\" \/>\n<meta name=\"twitter:label1\" content=\"Gesch\u00e4tzte Lesezeit\" \/>\n\t<meta name=\"twitter:data1\" content=\"2\u00a0Minuten\" \/>\n<!-- \/ Yoast SEO plugin. -->","yoast_head_json":{"title":"Strawberry Haze Cannabis-Sorte zu verkaufen \u2013 Strawberry Haze online kaufen","description":"Strawberry Haze Cannabis-Sorte online bei Ograsmarknad kaufen. Strawberry Haze mit s\u00fc\u00dfem Beerengeschmack und anregender Sativa-Wirkung.","robots":{"index":"index","follow":"follow","max-snippet":"max-snippet:-1","max-image-preview":"max-image-preview:large","max-video-preview":"max-video-preview:-1"},"canonical":"https:\/\/ograsmarknad.com\/de\/product\/strawberry-haze\/","og_locale":"de_DE","og_type":"article","og_title":"Strawberry Haze ogr\u00e4ssort till salu \u2013 K\u00f6p Strawberry Haze online","og_description":"K\u00f6p Strawberry Haze ogr\u00e4ssort online fr\u00e5n Ograsmarknad. Strawberry Haze till salu med s\u00f6t b\u00e4rsmak och upplyftande sativa-cannabiseffekter.","og_url":"https:\/\/ograsmarknad.com\/de\/product\/strawberry-haze\/","og_site_name":"Ogras Marknad","article_modified_time":"2026-03-16T10:33:59+00:00","og_image":[{"width":600,"height":600,"url":"https:\/\/ograsmarknad.com\/wp-content\/uploads\/2021\/11\/strawberry-haze.jpg","type":"image\/jpeg"}],"twitter_card":"summary_large_image","twitter_misc":{"Gesch\u00e4tzte Lesezeit":"2\u00a0Minuten"},"schema":{"@context":"https:\/\/schema.org","@graph":[{"@type":"WebPage","@id":"https:\/\/ograsmarknad.com\/product\/strawberry-haze\/","url":"https:\/\/ograsmarknad.com\/product\/strawberry-haze\/","name":"Strawberry Haze Cannabis-Sorte zu verkaufen \u2013 Strawberry Haze online kaufen","isPartOf":{"@id":"https:\/\/ograsmarknad.com\/#website"},"primaryImageOfPage":{"@id":"https:\/\/ograsmarknad.com\/product\/strawberry-haze\/#primaryimage"},"image":{"@id":"https:\/\/ograsmarknad.com\/product\/strawberry-haze\/#primaryimage"},"thumbnailUrl":"https:\/\/ograsmarknad.com\/wp-content\/uploads\/2021\/11\/strawberry-haze.jpg","datePublished":"2021-11-08T08:54:37+00:00","dateModified":"2026-03-16T10:33:59+00:00","description":"Strawberry Haze Cannabis-Sorte online bei Ograsmarknad kaufen. Strawberry Haze mit s\u00fc\u00dfem Beerengeschmack und anregender Sativa-Wirkung.","breadcrumb":{"@id":"https:\/\/ograsmarknad.com\/product\/strawberry-haze\/#breadcrumb"},"inLanguage":"de","potentialAction":[{"@type":"ReadAction","target":["https:\/\/ograsmarknad.com\/product\/strawberry-haze\/"]}]},{"@type":"ImageObject","inLanguage":"de","@id":"https:\/\/ograsmarknad.com\/product\/strawberry-haze\/#primaryimage","url":"https:\/\/ograsmarknad.com\/wp-content\/uploads\/2021\/11\/strawberry-haze.jpg","contentUrl":"https:\/\/ograsmarknad.com\/wp-content\/uploads\/2021\/11\/strawberry-haze.jpg","width":600,"height":600,"caption":"strawberry-haze"},{"@type":"BreadcrumbList","@id":"https:\/\/ograsmarknad.com\/product\/strawberry-haze\/#breadcrumb","itemListElement":[{"@type":"ListItem","position":1,"name":"Home","item":"https:\/\/ograsmarknad.com\/"},{"@type":"ListItem","position":2,"name":"Shop","item":"https:\/\/ograsmarknad.com\/shop\/"},{"@type":"ListItem","position":3,"name":"Strawberry Haze"}]},{"@type":"WebSite","@id":"https:\/\/ograsmarknad.com\/#website","url":"https:\/\/ograsmarknad.com\/","name":"Ogras Marknad","description":"Ogras Marknad","potentialAction":[{"@type":"SearchAction","target":{"@type":"EntryPoint","urlTemplate":"https:\/\/ograsmarknad.com\/?s={search_term_string}"},"query-input":{"@type":"PropertyValueSpecification","valueRequired":true,"valueName":"search_term_string"}}],"inLanguage":"de"}]}},"_links":{"self":[{"href":"https:\/\/ograsmarknad.com\/de\/wp-json\/wp\/v2\/product\/9776","targetHints":{"allow":["GET"]}}],"collection":[{"href":"https:\/\/ograsmarknad.com\/de\/wp-json\/wp\/v2\/product"}],"about":[{"href":"https:\/\/ograsmarknad.com\/de\/wp-json\/wp\/v2\/types\/product"}],"replies":[{"embeddable":true,"href":"https:\/\/ograsmarknad.com\/de\/wp-json\/wp\/v2\/comments?post=9776"}],"wp:featuredmedia":[{"embeddable":true,"href":"https:\/\/ograsmarknad.com\/de\/wp-json\/wp\/v2\/media\/9781"}],"wp:attachment":[{"href":"https:\/\/ograsmarknad.com\/de\/wp-json\/wp\/v2\/media?parent=9776"}],"wp:term":[{"taxonomy":"product_cat","embeddable":true,"href":"https:\/\/ograsmarknad.com\/de\/wp-json\/wp\/v2\/product_cat?post=9776"},{"taxonomy":"product_tag","embeddable":true,"href":"https:\/\/ograsmarknad.com\/de\/wp-json\/wp\/v2\/product_tag?post=9776"}],"curies":[{"name":"wp","href":"https:\/\/api.w.org\/{rel}","templated":true}]}}