{"id":9782,"date":"2021-11-08T09:02:04","date_gmt":"2021-11-08T09:02:04","guid":{"rendered":"https:\/\/ograsmarknad.com\/?post_type=product&#038;p=9782"},"modified":"2026-03-16T10:33:50","modified_gmt":"2026-03-16T10:33:50","slug":"super-silver-haze","status":"publish","type":"product","link":"https:\/\/ograsmarknad.com\/de\/product\/super-silver-haze\/","title":{"rendered":"Super Silver Haze"},"content":{"rendered":"<h2 style=\"text-align: justify;\">Super Silver Haze Online kaufen zu niedrigen Preisen von Ogras Marknad<\/h2>\n<p style=\"text-align: justify;\"><a href=\"https:\/\/ograsmarknad.com\/de\/product\/super-silver-haze\/\">Super Silver Haze<\/a> ist eine Kreuzung aus Haze, Northern Lights und Skunk-Sorten. Wir haben Super Silver Haze zum Verkauf zu den besten Preisen. Das Endergebnis ist unglaublich und gibt Ihnen die einzigartige Sativa-Erfahrung, die Sie schon immer wollten. Super Silver Haze gibt Ihnen die meisten anregenden K\u00f6rper hoch, dass eine lange Zeit dauert. Sie haben auch einen starken und inspirierenden Einfluss. Wenn Du krank bist oder eine Weile nichts gegessen hast, hast Du bessere Chancen, mit einem hohen Stresslevel fertig zu werden. All dies wird dank Super Silver Haze wiederhergestellt werden. Kaufen Sie Super Silver Haze in Schweden, Finnland, \u00c5land, D\u00e4nemark, Estland, Norwegen jetzt in unserem Shop!<\/p>\n<p style=\"text-align: justify;\">Super Silver Haze online in Europa ist ein Sativa-dominanter Hybrid, der einen lang anhaltenden Rausch erzeugt. Sie hat einen durchschnittlichen THC-Gehalt von 18% und einen CBD-Gehalt von 0,10%. Sie werden sich nicht nur ruhig und entspannt f\u00fchlen, sondern auch in der Lage sein, wichtige Aufgaben w\u00e4hrend des Tages zu erledigen. Dies steht im Gegensatz zu einigen anderen Sorten, bei denen man sich eher wie ein Stubenhocker f\u00fchlt.<\/p>\n<h3 style=\"text-align: justify;\">Vorteile<\/h3>\n<p style=\"text-align: justify;\">Viele Nutzer dieser Sorte haben erkl\u00e4rt, dass sie hervorragende therapeutische Eigenschaften hat. Gew\u00fcrze, Skunk und Zitrusfr\u00fcchte sind allesamt Aromen, die in Super Silver Haze zu finden sind, die starke psychotrope und physische Effekte hat. Im zweiten Teil des langanhaltenden Rausches von Super Silver Haze, der so motivierend wie nur m\u00f6glich ist, beginnt der K\u00f6rper zu entspannen. Die Farben werden heller und die T\u00f6ne sch\u00e4rfer, so dass der Nutzer sie genie\u00dfen kann. F\u00fcr die meisten Nutzer kann die Sorte eine n\u00fctzliche t\u00e4gliche Behandlung f\u00fcr M\u00fcdigkeit, Stimmungsprobleme, \u00dcbelkeit und Migr\u00e4ne sein. Andere erleben vielleicht mehr k\u00f6rperliche Symptome als andere, aber sie kann bei chronischen Krankheiten helfen.<\/p>\n<p style=\"text-align: justify;\">Diese Sorte hat in den letzten Jahren zweifelsohne an Popularit\u00e4t gewonnen. Allerdings haben die Nutzer dieser Sorte immer noch Probleme, Super Silver Haze online zu finden. Das liegt daran, dass die meisten von ihnen es vorziehen, bei Online-Apotheken einzukaufen. Nichtsdestotrotz sind wir immer da, um Ihre Kaufw\u00fcnsche zu erf\u00fcllen. Genie\u00dfen Sie Ihren Tag und haben Sie Spa\u00df beim Einkaufen in unserem Online Shop. Finden Sie Ihre Bestellung zu kaufen Super Silver Haze in Schweden, Finnland, \u00c5land, D\u00e4nemark, Estland, Norwegen heute!<\/p>","protected":false},"excerpt":{"rendered":"<p>For Wholesale please contact us at<br \/>\nWickr ID: @williamspro<br \/>\nor via Whatsapp<br \/>\n<img loading=\"lazy\" decoding=\"async\" class=\"size-full wp-image-10162 alignleft\" src=\"https:\/\/ograsmarknad.com\/wp-content\/uploads\/2021\/11\/trust.jpg\" alt=\"Trust German\" width=\"300\" height=\"129\" srcset=\"https:\/\/ograsmarknad.com\/wp-content\/uploads\/2021\/11\/trust.jpg 300w, https:\/\/ograsmarknad.com\/wp-content\/uploads\/2021\/11\/trust-18x8.jpg 18w\" sizes=\"auto, (max-width: 300px) 100vw, 300px\" \/><\/p>","protected":false},"featured_media":9787,"comment_status":"open","ping_status":"closed","template":"","meta":{"_joinchat":[]},"product_cat":[71],"product_tag":[],"class_list":{"0":"post-9782","1":"product","2":"type-product","3":"status-publish","4":"has-post-thumbnail","6":"product_cat-gras-sw","8":"first","9":"instock","10":"shipping-taxable","11":"purchasable","12":"product-type-variable","13":"has-default-attributes"},"yoast_head":"<!-- This site is optimized with the Yoast SEO plugin v26.3 - https:\/\/yoast.com\/wordpress\/plugins\/seo\/ -->\n<title>Super Silver Haze ogr\u00e4ssort till salu \u2013 K\u00f6p Super Silver Haze online<\/title>\n<meta name=\"description\" content=\"K\u00f6p Super Silver Haze ogr\u00e4ssort online fr\u00e5n Ograsmarknad. Super Silver Haze till salu k\u00e4nd f\u00f6r sina energiska, upplyftande sativa-effekter och citrus-tallarom.\" \/>\n<meta name=\"robots\" content=\"index, follow, max-snippet:-1, max-image-preview:large, max-video-preview:-1\" \/>\n<link rel=\"canonical\" href=\"https:\/\/ograsmarknad.com\/de\/product\/super-silver-haze\/\" \/>\n<meta property=\"og:locale\" content=\"de_DE\" \/>\n<meta property=\"og:type\" content=\"article\" \/>\n<meta property=\"og:title\" content=\"Super Silver Haze ogr\u00e4ssort till salu \u2013 K\u00f6p Super Silver Haze online\" \/>\n<meta property=\"og:description\" content=\"K\u00f6p Super Silver Haze ogr\u00e4ssort online fr\u00e5n Ograsmarknad. Super Silver Haze till salu k\u00e4nd f\u00f6r sina energiska, upplyftande sativa-effekter och citrus-tallarom.\" \/>\n<meta property=\"og:url\" content=\"https:\/\/ograsmarknad.com\/de\/product\/super-silver-haze\/\" \/>\n<meta property=\"og:site_name\" content=\"Ogras Marknad\" \/>\n<meta property=\"article:modified_time\" content=\"2026-03-16T10:33:50+00:00\" \/>\n<meta property=\"og:image\" content=\"https:\/\/ograsmarknad.com\/wp-content\/uploads\/2021\/11\/super-silver-haze.jpg\" \/>\n\t<meta property=\"og:image:width\" content=\"600\" \/>\n\t<meta property=\"og:image:height\" content=\"600\" \/>\n\t<meta property=\"og:image:type\" content=\"image\/jpeg\" \/>\n<meta name=\"twitter:card\" content=\"summary_large_image\" \/>\n<meta name=\"twitter:label1\" content=\"Gesch\u00e4tzte Lesezeit\" \/>\n\t<meta name=\"twitter:data1\" content=\"2\u00a0Minuten\" \/>\n<!-- \/ Yoast SEO plugin. -->","yoast_head_json":{"title":"Super Silver Haze Cannabis-Sorte zu verkaufen \u2013 Super Silver Haze online kaufen","description":"Super Silver Haze, die Cannabissorte, ist online bei Weed Market erh\u00e4ltlich. Super Silver Haze ist bekannt f\u00fcr ihre anregende, stimmungsaufhellende Sativa-Wirkung und ihr Aroma nach Zitrusfr\u00fcchten und Kiefer.","robots":{"index":"index","follow":"follow","max-snippet":"max-snippet:-1","max-image-preview":"max-image-preview:large","max-video-preview":"max-video-preview:-1"},"canonical":"https:\/\/ograsmarknad.com\/de\/product\/super-silver-haze\/","og_locale":"de_DE","og_type":"article","og_title":"Super Silver Haze ogr\u00e4ssort till salu \u2013 K\u00f6p Super Silver Haze online","og_description":"K\u00f6p Super Silver Haze ogr\u00e4ssort online fr\u00e5n Ograsmarknad. Super Silver Haze till salu k\u00e4nd f\u00f6r sina energiska, upplyftande sativa-effekter och citrus-tallarom.","og_url":"https:\/\/ograsmarknad.com\/de\/product\/super-silver-haze\/","og_site_name":"Ogras Marknad","article_modified_time":"2026-03-16T10:33:50+00:00","og_image":[{"width":600,"height":600,"url":"https:\/\/ograsmarknad.com\/wp-content\/uploads\/2021\/11\/super-silver-haze.jpg","type":"image\/jpeg"}],"twitter_card":"summary_large_image","twitter_misc":{"Gesch\u00e4tzte Lesezeit":"2\u00a0Minuten"},"schema":{"@context":"https:\/\/schema.org","@graph":[{"@type":"WebPage","@id":"https:\/\/ograsmarknad.com\/product\/super-silver-haze\/","url":"https:\/\/ograsmarknad.com\/product\/super-silver-haze\/","name":"Super Silver Haze Cannabis-Sorte zu verkaufen \u2013 Super Silver Haze online kaufen","isPartOf":{"@id":"https:\/\/ograsmarknad.com\/#website"},"primaryImageOfPage":{"@id":"https:\/\/ograsmarknad.com\/product\/super-silver-haze\/#primaryimage"},"image":{"@id":"https:\/\/ograsmarknad.com\/product\/super-silver-haze\/#primaryimage"},"thumbnailUrl":"https:\/\/ograsmarknad.com\/wp-content\/uploads\/2021\/11\/super-silver-haze.jpg","datePublished":"2021-11-08T09:02:04+00:00","dateModified":"2026-03-16T10:33:50+00:00","description":"Super Silver Haze, die Cannabissorte, ist online bei Weed Market erh\u00e4ltlich. Super Silver Haze ist bekannt f\u00fcr ihre anregende, stimmungsaufhellende Sativa-Wirkung und ihr Aroma nach Zitrusfr\u00fcchten und Kiefer.","breadcrumb":{"@id":"https:\/\/ograsmarknad.com\/product\/super-silver-haze\/#breadcrumb"},"inLanguage":"de","potentialAction":[{"@type":"ReadAction","target":["https:\/\/ograsmarknad.com\/product\/super-silver-haze\/"]}]},{"@type":"ImageObject","inLanguage":"de","@id":"https:\/\/ograsmarknad.com\/product\/super-silver-haze\/#primaryimage","url":"https:\/\/ograsmarknad.com\/wp-content\/uploads\/2021\/11\/super-silver-haze.jpg","contentUrl":"https:\/\/ograsmarknad.com\/wp-content\/uploads\/2021\/11\/super-silver-haze.jpg","width":600,"height":600,"caption":"super-silver-haze"},{"@type":"BreadcrumbList","@id":"https:\/\/ograsmarknad.com\/product\/super-silver-haze\/#breadcrumb","itemListElement":[{"@type":"ListItem","position":1,"name":"Home","item":"https:\/\/ograsmarknad.com\/"},{"@type":"ListItem","position":2,"name":"Shop","item":"https:\/\/ograsmarknad.com\/shop\/"},{"@type":"ListItem","position":3,"name":"Super Silver Haze"}]},{"@type":"WebSite","@id":"https:\/\/ograsmarknad.com\/#website","url":"https:\/\/ograsmarknad.com\/","name":"Ogras Marknad","description":"Ogras Marknad","potentialAction":[{"@type":"SearchAction","target":{"@type":"EntryPoint","urlTemplate":"https:\/\/ograsmarknad.com\/?s={search_term_string}"},"query-input":{"@type":"PropertyValueSpecification","valueRequired":true,"valueName":"search_term_string"}}],"inLanguage":"de"}]}},"_links":{"self":[{"href":"https:\/\/ograsmarknad.com\/de\/wp-json\/wp\/v2\/product\/9782","targetHints":{"allow":["GET"]}}],"collection":[{"href":"https:\/\/ograsmarknad.com\/de\/wp-json\/wp\/v2\/product"}],"about":[{"href":"https:\/\/ograsmarknad.com\/de\/wp-json\/wp\/v2\/types\/product"}],"replies":[{"embeddable":true,"href":"https:\/\/ograsmarknad.com\/de\/wp-json\/wp\/v2\/comments?post=9782"}],"wp:featuredmedia":[{"embeddable":true,"href":"https:\/\/ograsmarknad.com\/de\/wp-json\/wp\/v2\/media\/9787"}],"wp:attachment":[{"href":"https:\/\/ograsmarknad.com\/de\/wp-json\/wp\/v2\/media?parent=9782"}],"wp:term":[{"taxonomy":"product_cat","embeddable":true,"href":"https:\/\/ograsmarknad.com\/de\/wp-json\/wp\/v2\/product_cat?post=9782"},{"taxonomy":"product_tag","embeddable":true,"href":"https:\/\/ograsmarknad.com\/de\/wp-json\/wp\/v2\/product_tag?post=9782"}],"curies":[{"name":"wp","href":"https:\/\/api.w.org\/{rel}","templated":true}]}}