{"id":9817,"date":"2021-11-08T15:09:58","date_gmt":"2021-11-08T15:09:58","guid":{"rendered":"https:\/\/ograsmarknad.com\/?post_type=product&#038;p=9817"},"modified":"2024-05-31T05:26:05","modified_gmt":"2024-05-31T05:26:05","slug":"lemon-tree-hash","status":"publish","type":"product","link":"https:\/\/ograsmarknad.com\/de\/product\/lemon-tree-hash\/","title":{"rendered":"Lemon Tree Hash"},"content":{"rendered":"<h2 style=\"text-align: justify;\">Lemon Tree Hash zu den besten Preisen bei Ogras Market kaufen!<\/h2>\n<p style=\"text-align: justify;\">Lemon Tree Hash, oder einfach nur \"Lemon Tree\", ist eine 50\/50-Hybridsorte, die durch das Mischen der wunderbaren Lemon Arts- und Sour Diesel-Sorten entstanden ist. Dank seines augen\u00f6ffnenden Geschmacks und seines erstaunlichen durchschnittlichen THC-Gehalts von 20-25 Prozent erhielt dieses Monster den ersten Platz beim Seattle Cannabis Cup 2014 f\u00fcr den besten Hybrid. Wenn Sie Zitronenbaum-Haschisch online in Schweden, Finnland, \u00c5land, D\u00e4nemark, Estland und Norwegen kaufen m\u00f6chten, dann sind wir die beste Wahl f\u00fcr Sie. Bestellen Sie Zitronenbaum noch heute online!<\/p>\n<h3 style=\"text-align: justify;\">Geschmack<\/h3>\n<p style=\"text-align: justify;\">Der zum Verkauf stehende Zitronenbaum hat den sehr sauren Zitronen- und skunkigen Dieselgeschmack, den man von seiner Herkunft erwarten w\u00fcrde. Das Aroma ist ebenso intensiv, mit einem Diesel erdigen Unterton und eine scharfe, saure Skunk und hart, spritzig Zitrone.<\/p>\n<h3 style=\"text-align: justify;\">Erscheinungsbild<\/h3>\n<p style=\"text-align: justify;\">Die Knospen des Zitronenbaums enthalten runde, dunkelolivgr\u00fcne Knospen mit einer dichten Schicht aus hauchd\u00fcnnen, blendend wei\u00dfen Kristalltrichomen und einer dicken Schicht aus gelben Flaumhaaren.<\/p>\n<h3 style=\"text-align: justify;\">Effektor<\/h3>\n<p style=\"text-align: justify;\">Der Zitronenbaum ist ein typischer Hybrid, dessen Wirkung sowohl auf den Geist als auch auf den K\u00f6rper mit unerwarteter Potenz einwirkt und selbst den erfahrensten Nutzer \u00fcberw\u00e4ltigen kann. Zu Beginn des Rausches wirst Du einen euphorischen Rausch erleben, der Deinen Kopf mit gl\u00fccklichen Visionen \u00fcberflutet und Dich beschwingt zur\u00fcckl\u00e4sst. Dein K\u00f6rper wird ein leichtes Kribbeln versp\u00fcren, das sich bald in einen regelrechten Rausch verwandelt, der dich bequem und ein wenig gef\u00fchllos h\u00e4lt, frei von k\u00f6rperlichen Schmerzen, w\u00e4hrend dein geistiger Zustand w\u00e4chst. Zusammen mit dem hohen THC-Gehalt verleihen diese gemischten Effekte dem Zitronenbaum einen Vorteil bei der Behandlung von Beschwerden wie chronischen Schmerzen, Entz\u00fcndungen, M\u00fcdigkeit und Schlaflosigkeit.<\/p>\n<p style=\"text-align: justify;\"><em>Bestellen Sie Zitronenbaum-Haschisch in Schweden, Finnland, \u00c5land, D\u00e4nemark, Estland und Norwegen noch heute online bei Ogras Marknad!<\/em><\/p>","protected":false},"excerpt":{"rendered":"<p>For Wholesale please contact us at<br \/>\nWickr ID: @williamspro<br \/>\nor via Whatsapp<br \/>\n<img loading=\"lazy\" decoding=\"async\" class=\"size-full wp-image-10162 alignleft\" src=\"https:\/\/ograsmarknad.com\/wp-content\/uploads\/2021\/11\/trust.jpg\" alt=\"Trust German\" width=\"300\" height=\"129\" srcset=\"https:\/\/ograsmarknad.com\/wp-content\/uploads\/2021\/11\/trust.jpg 300w, https:\/\/ograsmarknad.com\/wp-content\/uploads\/2021\/11\/trust-18x8.jpg 18w\" sizes=\"auto, (max-width: 300px) 100vw, 300px\" \/><\/p>","protected":false},"featured_media":9822,"comment_status":"open","ping_status":"closed","template":"","meta":{"_joinchat":[]},"product_cat":[72],"product_tag":[],"class_list":{"0":"post-9817","1":"product","2":"type-product","3":"status-publish","4":"has-post-thumbnail","6":"product_cat-hash","8":"first","9":"instock","10":"shipping-taxable","11":"purchasable","12":"product-type-variable","13":"has-default-attributes"},"yoast_head":"<!-- This site is optimized with the Yoast SEO plugin v26.3 - https:\/\/yoast.com\/wordpress\/plugins\/seo\/ -->\n<title>Lemon Tree Hash - Ogras Marknad<\/title>\n<meta name=\"robots\" content=\"index, follow, max-snippet:-1, max-image-preview:large, max-video-preview:-1\" \/>\n<link rel=\"canonical\" href=\"https:\/\/ograsmarknad.com\/de\/product\/lemon-tree-hash\/\" \/>\n<meta property=\"og:locale\" content=\"de_DE\" \/>\n<meta property=\"og:type\" content=\"article\" \/>\n<meta property=\"og:title\" content=\"Lemon Tree Hash - Ogras Marknad\" \/>\n<meta property=\"og:description\" content=\"For Wholesale please contact us at Wickr ID: @williamspro or via Whatsapp\" \/>\n<meta property=\"og:url\" content=\"https:\/\/ograsmarknad.com\/de\/product\/lemon-tree-hash\/\" \/>\n<meta property=\"og:site_name\" content=\"Ogras Marknad\" \/>\n<meta property=\"article:modified_time\" content=\"2024-05-31T05:26:05+00:00\" \/>\n<meta property=\"og:image\" content=\"https:\/\/ograsmarknad.com\/wp-content\/uploads\/2021\/11\/lemon-tree-hash.jpg\" \/>\n\t<meta property=\"og:image:width\" content=\"600\" \/>\n\t<meta property=\"og:image:height\" content=\"600\" \/>\n\t<meta property=\"og:image:type\" content=\"image\/jpeg\" \/>\n<meta name=\"twitter:card\" content=\"summary_large_image\" \/>\n<meta name=\"twitter:label1\" content=\"Gesch\u00e4tzte Lesezeit\" \/>\n\t<meta name=\"twitter:data1\" content=\"2\u00a0Minuten\" \/>\n<!-- \/ Yoast SEO plugin. -->","yoast_head_json":{"title":"Zitronenbaum-Haschisch - OgrasMarknad","robots":{"index":"index","follow":"follow","max-snippet":"max-snippet:-1","max-image-preview":"max-image-preview:large","max-video-preview":"max-video-preview:-1"},"canonical":"https:\/\/ograsmarknad.com\/de\/product\/lemon-tree-hash\/","og_locale":"de_DE","og_type":"article","og_title":"Lemon Tree Hash - Ogras Marknad","og_description":"For Wholesale please contact us at Wickr ID: @williamspro or via Whatsapp","og_url":"https:\/\/ograsmarknad.com\/de\/product\/lemon-tree-hash\/","og_site_name":"Ogras Marknad","article_modified_time":"2024-05-31T05:26:05+00:00","og_image":[{"width":600,"height":600,"url":"https:\/\/ograsmarknad.com\/wp-content\/uploads\/2021\/11\/lemon-tree-hash.jpg","type":"image\/jpeg"}],"twitter_card":"summary_large_image","twitter_misc":{"Gesch\u00e4tzte Lesezeit":"2\u00a0Minuten"},"schema":{"@context":"https:\/\/schema.org","@graph":[{"@type":"WebPage","@id":"https:\/\/ograsmarknad.com\/product\/lemon-tree-hash\/","url":"https:\/\/ograsmarknad.com\/product\/lemon-tree-hash\/","name":"Zitronenbaum-Haschisch - OgrasMarknad","isPartOf":{"@id":"https:\/\/ograsmarknad.com\/#website"},"primaryImageOfPage":{"@id":"https:\/\/ograsmarknad.com\/product\/lemon-tree-hash\/#primaryimage"},"image":{"@id":"https:\/\/ograsmarknad.com\/product\/lemon-tree-hash\/#primaryimage"},"thumbnailUrl":"https:\/\/ograsmarknad.com\/wp-content\/uploads\/2021\/11\/lemon-tree-hash.jpg","datePublished":"2021-11-08T15:09:58+00:00","dateModified":"2024-05-31T05:26:05+00:00","breadcrumb":{"@id":"https:\/\/ograsmarknad.com\/product\/lemon-tree-hash\/#breadcrumb"},"inLanguage":"de","potentialAction":[{"@type":"ReadAction","target":["https:\/\/ograsmarknad.com\/product\/lemon-tree-hash\/"]}]},{"@type":"ImageObject","inLanguage":"de","@id":"https:\/\/ograsmarknad.com\/product\/lemon-tree-hash\/#primaryimage","url":"https:\/\/ograsmarknad.com\/wp-content\/uploads\/2021\/11\/lemon-tree-hash.jpg","contentUrl":"https:\/\/ograsmarknad.com\/wp-content\/uploads\/2021\/11\/lemon-tree-hash.jpg","width":600,"height":600,"caption":"lemon-tree-hash"},{"@type":"BreadcrumbList","@id":"https:\/\/ograsmarknad.com\/product\/lemon-tree-hash\/#breadcrumb","itemListElement":[{"@type":"ListItem","position":1,"name":"Home","item":"https:\/\/ograsmarknad.com\/"},{"@type":"ListItem","position":2,"name":"Shop","item":"https:\/\/ograsmarknad.com\/shop\/"},{"@type":"ListItem","position":3,"name":"Lemon Tree Hash"}]},{"@type":"WebSite","@id":"https:\/\/ograsmarknad.com\/#website","url":"https:\/\/ograsmarknad.com\/","name":"Ogras Marknad","description":"Ogras Marknad","potentialAction":[{"@type":"SearchAction","target":{"@type":"EntryPoint","urlTemplate":"https:\/\/ograsmarknad.com\/?s={search_term_string}"},"query-input":{"@type":"PropertyValueSpecification","valueRequired":true,"valueName":"search_term_string"}}],"inLanguage":"de"}]}},"_links":{"self":[{"href":"https:\/\/ograsmarknad.com\/de\/wp-json\/wp\/v2\/product\/9817","targetHints":{"allow":["GET"]}}],"collection":[{"href":"https:\/\/ograsmarknad.com\/de\/wp-json\/wp\/v2\/product"}],"about":[{"href":"https:\/\/ograsmarknad.com\/de\/wp-json\/wp\/v2\/types\/product"}],"replies":[{"embeddable":true,"href":"https:\/\/ograsmarknad.com\/de\/wp-json\/wp\/v2\/comments?post=9817"}],"wp:featuredmedia":[{"embeddable":true,"href":"https:\/\/ograsmarknad.com\/de\/wp-json\/wp\/v2\/media\/9822"}],"wp:attachment":[{"href":"https:\/\/ograsmarknad.com\/de\/wp-json\/wp\/v2\/media?parent=9817"}],"wp:term":[{"taxonomy":"product_cat","embeddable":true,"href":"https:\/\/ograsmarknad.com\/de\/wp-json\/wp\/v2\/product_cat?post=9817"},{"taxonomy":"product_tag","embeddable":true,"href":"https:\/\/ograsmarknad.com\/de\/wp-json\/wp\/v2\/product_tag?post=9817"}],"curies":[{"name":"wp","href":"https:\/\/api.w.org\/{rel}","templated":true}]}}