{"id":9823,"date":"2021-11-08T15:25:41","date_gmt":"2021-11-08T15:25:41","guid":{"rendered":"https:\/\/ograsmarknad.com\/?post_type=product&#038;p=9823"},"modified":"2026-04-08T07:09:20","modified_gmt":"2026-04-08T07:09:20","slug":"banana-kush-hash","status":"publish","type":"product","link":"https:\/\/ograsmarknad.com\/de\/product\/banana-kush-hash\/","title":{"rendered":"Banana Kush Hash"},"content":{"rendered":"<h2 style=\"text-align: justify;\">Banana Kush Hash - Direkt bei Ogras Market bestellen!<\/h2>\n<p data-start=\"0\" data-end=\"341\"><a href=\"https:\/\/ograsmarknad.com\/de\/product\/banana-kush-hash\/\">Banana Kush Hash<\/a> till salu \u00e4r en v\u00e4stkuststam erk\u00e4nd f\u00f6r sin banan smak och eufori \/ s\u00f6mnighet kombination. Det \u00e4r en hybrid av Ghost Og och Skunk Haze som \u00e4r m\u00e5ttligt sv\u00e5rt att v\u00e4xa och producerar ett l\u00e5gt utbyte. <strong data-start=\"215\" data-end=\"235\">Banana Kush Hash<\/strong>, <strong data-start=\"237\" data-end=\"257\">Banana Kush-sort<\/strong>, <strong data-start=\"259\" data-end=\"283\">Banana Kush cannabis<\/strong>, <strong data-start=\"285\" data-end=\"310\">Banana Kush-marijuana<\/strong>, <strong data-start=\"312\" data-end=\"341\">Banana Kush indica-hybrid<\/strong><\/p>\n<p data-start=\"343\" data-end=\"973\">Ingenting j\u00e4mf\u00f6r med doften av en fin kush-stam. Banana Kush \u00e4r en popul\u00e4r medlem av Ogkush-familjen, med en l\u00e4ckt s\u00f6t och fruktig smak. Denna stam \u00e4r popul\u00e4r f\u00f6r s\u00f6mnrelaterade st\u00f6rningar och psykiska f\u00f6rh\u00e5llanden eftersom det \u00e4r avkopplande, d\u00e5sig och lite goofy. <a href=\"https:\/\/en.wikipedia.org\/wiki\/Kush_(cannabis)\"><strong data-start=\"609\" data-end=\"638\">Avslappnande cannabissort<\/strong><\/a>, <strong data-start=\"640\" data-end=\"656\">Euforisk rus<\/strong>, <strong data-start=\"658\" data-end=\"682\">S\u00f6mnig marijuanasort<\/strong>, <strong data-start=\"684\" data-end=\"705\">Lugnande cannabis<\/strong>, <strong data-start=\"707\" data-end=\"724\">Lugnande hash<\/strong>, <strong data-start=\"726\" data-end=\"750\">Stresslindrande sort<\/strong>, <strong data-start=\"752\" data-end=\"777\">Hum\u00f6rh\u00f6jande cannabis<\/strong> Plocka upp det efter en l\u00e5ng dag eller p\u00e5 en lat helg n\u00e4r du inte har n\u00e5got b\u00e4ttre att g\u00f6ra. K\u00f6p Banana Kush Hash online i Sverige, Finland, \u00c5land, Danmark, Estland och Norge fr\u00e5n v\u00e5r butik idag! <a href=\"https:\/\/ograsmarknad.com\/de\/\"><strong>ograsmarknad<\/strong><\/a><\/p>\n<h3 data-start=\"975\" data-end=\"1006\"><strong data-start=\"975\" data-end=\"1006\">Banana Kush Hash Erfahrung<\/strong><\/h3>\n<p data-start=\"1008\" data-end=\"1361\">Banana Kush Hash zum Verkauf mag ein s\u00fc\u00dfes und unschuldiges Aroma haben, aber lassen Sie sich nicht t\u00e4uschen. Diese Blume ist eine Kraft, mit der man rechnen muss. Banana Kush hat einen beruhigenden Aspekt, der es leicht macht, sie umzuhauen oder sich in ihr zu verfangen. Man hebt sie sich am besten f\u00fcr den Abend oder einen entspannten Wochenendtag auf. Je nach Art der Pflanze kann die schl\u00e4frige Wirkung unterschiedlich sein.<\/p>\n<p data-start=\"1363\" data-end=\"1564\">De sova-inducerande effekterna \u00e4r s\u00e5 starka att de flesta <strong><a href=\"https:\/\/ograsmarknad.com\/de\/product\/blue-dream-hash-oil\/\">marijuanaanv\u00e4ndare sparar<\/a><\/strong> det f\u00f6r strax f\u00f6re s\u00e4ngg\u00e5endet &#8211; \u00e4ven kryddat cannabisanv\u00e4ndare kommer att ha problem med att stanna upp med den h\u00e4r.<\/p>\n<p data-start=\"1566\" data-end=\"1811\">Diese Blume gilt allgemein als fr\u00f6hlich, optimistisch und beruhigend. Obwohl sie am besten verwendet wird, wenn Sie nicht viel zu tun haben, ist diese Blume auch gro\u00dfartig f\u00fcr stressige Situationen, wenn Sie ein wenig zus\u00e4tzliche Hilfe brauchen, um cool und entspannt zu bleiben.<\/p>\n<h3 data-start=\"1813\" data-end=\"1843\"><strong data-start=\"1813\" data-end=\"1843\">Die gesundheitlichen Vorteile von Banana Kush<\/strong><\/h3>\n<p data-start=\"1845\" data-end=\"2307\">Diese Sorte ist eine der mildesten in der und Kush-Familie, was sie bei medizinischen Marihuana-Patienten beliebt macht, die Cannabis noch nicht kennen oder nicht sehr oft rauchen. Die beruhigende und euphorisierende Wirkung von Banana Kush kann Ihnen helfen, die dringend ben\u00f6tigte Ruhe zu finden und kann bei richtiger Anwendung ein positives Gef\u00fchl des Wohlbefindens f\u00f6rdern. <a href=\"https:\/\/mamakana.ie\/blogs\/blog-mama-kana\/variete-banana-kush\"><strong data-start=\"2169\" data-end=\"2196\">Cannabis mot s\u00f6mnl\u00f6shet<\/strong><\/a>, <strong data-start=\"2198\" data-end=\"2226\">Marijuana mot depression<\/strong>, <strong data-start=\"2228\" data-end=\"2258\">Sm\u00e4rtlindring av marijuana<\/strong>, <strong data-start=\"2260\" data-end=\"2284\">\u00c5ngestlindrande sort<\/strong>, <strong data-start=\"2286\" data-end=\"2307\">Medical Kush-sort<\/strong><\/p>\n<ul>\n<li data-start=\"2309\" data-end=\"2613\">Aufgrund ihrer stark beruhigenden Wirkung eignet sich diese Sorte hervorragend f\u00fcr Menschen, die unter Schlaflosigkeit leiden.<\/li>\n<li data-start=\"2309\" data-end=\"2613\">Patienten, die unter Depressionen leiden, werden den erhebenden, euphorischen Rausch, den diese Sorte bietet, zu sch\u00e4tzen wissen.<\/li>\n<li data-start=\"2309\" data-end=\"2613\">Diese Sorte ist aufgrund ihrer starken Indica-Wirkung ideal zur Linderung chronischer Schmerzen.<\/li>\n<\/ul>\n<p data-start=\"2615\" data-end=\"2667\" data-is-last-node=\"\" data-is-only-node=\"\">Banana Kush Hash jetzt online bei Ogras Market bestellen! <a href=\"https:\/\/ograsmarknad.com\/de\/shop\/\"><strong>L\u00e4s mer<\/strong><\/a><\/p>","protected":false},"excerpt":{"rendered":"<p>For Wholesale please contact us at<br \/>\nWickr ID: @williamspro<br \/>\nor via Whatsapp<br \/>\n<img loading=\"lazy\" decoding=\"async\" class=\"size-full wp-image-10162 alignleft\" src=\"https:\/\/ograsmarknad.com\/wp-content\/uploads\/2021\/11\/trust.jpg\" alt=\"Trust German\" width=\"300\" height=\"129\" srcset=\"https:\/\/ograsmarknad.com\/wp-content\/uploads\/2021\/11\/trust.jpg 300w, https:\/\/ograsmarknad.com\/wp-content\/uploads\/2021\/11\/trust-18x8.jpg 18w\" sizes=\"auto, (max-width: 300px) 100vw, 300px\" \/><\/p>","protected":false},"featured_media":9828,"comment_status":"open","ping_status":"closed","template":"","meta":{"_joinchat":[]},"product_cat":[72],"product_tag":[],"class_list":{"0":"post-9823","1":"product","2":"type-product","3":"status-publish","4":"has-post-thumbnail","6":"product_cat-hash","8":"first","9":"instock","10":"shipping-taxable","11":"purchasable","12":"product-type-variable","13":"has-default-attributes"},"yoast_head":"<!-- This site is optimized with the Yoast SEO plugin v26.3 - https:\/\/yoast.com\/wordpress\/plugins\/seo\/ -->\n<title>Banana Kush Hash - Ogras Marknad<\/title>\n<meta name=\"robots\" content=\"index, follow, max-snippet:-1, max-image-preview:large, max-video-preview:-1\" \/>\n<link rel=\"canonical\" href=\"https:\/\/ograsmarknad.com\/de\/product\/banana-kush-hash\/\" \/>\n<meta property=\"og:locale\" content=\"de_DE\" \/>\n<meta property=\"og:type\" content=\"article\" \/>\n<meta property=\"og:title\" content=\"Banana Kush Hash - Ogras Marknad\" \/>\n<meta property=\"og:description\" content=\"For Wholesale please contact us at Wickr ID: @williamspro or via Whatsapp\" \/>\n<meta property=\"og:url\" content=\"https:\/\/ograsmarknad.com\/de\/product\/banana-kush-hash\/\" \/>\n<meta property=\"og:site_name\" content=\"Ogras Marknad\" \/>\n<meta property=\"article:modified_time\" content=\"2026-04-08T07:09:20+00:00\" \/>\n<meta property=\"og:image\" content=\"https:\/\/ograsmarknad.com\/wp-content\/uploads\/2021\/11\/banana-kush-hash.jpg\" \/>\n\t<meta property=\"og:image:width\" content=\"600\" \/>\n\t<meta property=\"og:image:height\" content=\"600\" \/>\n\t<meta property=\"og:image:type\" content=\"image\/jpeg\" \/>\n<meta name=\"twitter:card\" content=\"summary_large_image\" \/>\n<meta name=\"twitter:label1\" content=\"Gesch\u00e4tzte Lesezeit\" \/>\n\t<meta name=\"twitter:data1\" content=\"3\u00a0Minuten\" \/>\n<!-- \/ Yoast SEO plugin. -->","yoast_head_json":{"title":"Banana Kush Hash - Ogras Marknad","robots":{"index":"index","follow":"follow","max-snippet":"max-snippet:-1","max-image-preview":"max-image-preview:large","max-video-preview":"max-video-preview:-1"},"canonical":"https:\/\/ograsmarknad.com\/de\/product\/banana-kush-hash\/","og_locale":"de_DE","og_type":"article","og_title":"Banana Kush Hash - Ogras Marknad","og_description":"For Wholesale please contact us at Wickr ID: @williamspro or via Whatsapp","og_url":"https:\/\/ograsmarknad.com\/de\/product\/banana-kush-hash\/","og_site_name":"Ogras Marknad","article_modified_time":"2026-04-08T07:09:20+00:00","og_image":[{"width":600,"height":600,"url":"https:\/\/ograsmarknad.com\/wp-content\/uploads\/2021\/11\/banana-kush-hash.jpg","type":"image\/jpeg"}],"twitter_card":"summary_large_image","twitter_misc":{"Gesch\u00e4tzte Lesezeit":"3\u00a0Minuten"},"schema":{"@context":"https:\/\/schema.org","@graph":[{"@type":"WebPage","@id":"https:\/\/ograsmarknad.com\/product\/banana-kush-hash\/","url":"https:\/\/ograsmarknad.com\/product\/banana-kush-hash\/","name":"Banana Kush Hash - Ogras Marknad","isPartOf":{"@id":"https:\/\/ograsmarknad.com\/#website"},"primaryImageOfPage":{"@id":"https:\/\/ograsmarknad.com\/product\/banana-kush-hash\/#primaryimage"},"image":{"@id":"https:\/\/ograsmarknad.com\/product\/banana-kush-hash\/#primaryimage"},"thumbnailUrl":"https:\/\/ograsmarknad.com\/wp-content\/uploads\/2021\/11\/banana-kush-hash.jpg","datePublished":"2021-11-08T15:25:41+00:00","dateModified":"2026-04-08T07:09:20+00:00","breadcrumb":{"@id":"https:\/\/ograsmarknad.com\/product\/banana-kush-hash\/#breadcrumb"},"inLanguage":"de","potentialAction":[{"@type":"ReadAction","target":["https:\/\/ograsmarknad.com\/product\/banana-kush-hash\/"]}]},{"@type":"ImageObject","inLanguage":"de","@id":"https:\/\/ograsmarknad.com\/product\/banana-kush-hash\/#primaryimage","url":"https:\/\/ograsmarknad.com\/wp-content\/uploads\/2021\/11\/banana-kush-hash.jpg","contentUrl":"https:\/\/ograsmarknad.com\/wp-content\/uploads\/2021\/11\/banana-kush-hash.jpg","width":600,"height":600,"caption":"banana-kush-hash"},{"@type":"BreadcrumbList","@id":"https:\/\/ograsmarknad.com\/product\/banana-kush-hash\/#breadcrumb","itemListElement":[{"@type":"ListItem","position":1,"name":"Home","item":"https:\/\/ograsmarknad.com\/"},{"@type":"ListItem","position":2,"name":"Shop","item":"https:\/\/ograsmarknad.com\/shop\/"},{"@type":"ListItem","position":3,"name":"Banana Kush Hash"}]},{"@type":"WebSite","@id":"https:\/\/ograsmarknad.com\/#website","url":"https:\/\/ograsmarknad.com\/","name":"Ogras Marknad","description":"Ogras Marknad","potentialAction":[{"@type":"SearchAction","target":{"@type":"EntryPoint","urlTemplate":"https:\/\/ograsmarknad.com\/?s={search_term_string}"},"query-input":{"@type":"PropertyValueSpecification","valueRequired":true,"valueName":"search_term_string"}}],"inLanguage":"de"}]}},"_links":{"self":[{"href":"https:\/\/ograsmarknad.com\/de\/wp-json\/wp\/v2\/product\/9823","targetHints":{"allow":["GET"]}}],"collection":[{"href":"https:\/\/ograsmarknad.com\/de\/wp-json\/wp\/v2\/product"}],"about":[{"href":"https:\/\/ograsmarknad.com\/de\/wp-json\/wp\/v2\/types\/product"}],"replies":[{"embeddable":true,"href":"https:\/\/ograsmarknad.com\/de\/wp-json\/wp\/v2\/comments?post=9823"}],"wp:featuredmedia":[{"embeddable":true,"href":"https:\/\/ograsmarknad.com\/de\/wp-json\/wp\/v2\/media\/9828"}],"wp:attachment":[{"href":"https:\/\/ograsmarknad.com\/de\/wp-json\/wp\/v2\/media?parent=9823"}],"wp:term":[{"taxonomy":"product_cat","embeddable":true,"href":"https:\/\/ograsmarknad.com\/de\/wp-json\/wp\/v2\/product_cat?post=9823"},{"taxonomy":"product_tag","embeddable":true,"href":"https:\/\/ograsmarknad.com\/de\/wp-json\/wp\/v2\/product_tag?post=9823"}],"curies":[{"name":"wp","href":"https:\/\/api.w.org\/{rel}","templated":true}]}}