{"id":9867,"date":"2021-11-09T09:46:58","date_gmt":"2021-11-09T09:46:58","guid":{"rendered":"https:\/\/ograsmarknad.com\/?post_type=product&#038;p=9867"},"modified":"2026-03-16T10:48:49","modified_gmt":"2026-03-16T10:48:49","slug":"thc-olja-i-grossistledet","status":"publish","type":"product","link":"https:\/\/ograsmarknad.com\/de\/product\/thc-olja-i-grossistledet\/","title":{"rendered":"\u00a0THC-\u00d6l im Gro\u00dfhandel"},"content":{"rendered":"<h2 style=\"text-align: justify;\">Kaufen THC \u00d6l zu g\u00fcnstigen Preisen hier - THC \u00d6l zu verkaufen - Ogras Marknad!<\/h2>\n<p style=\"text-align: justify;\">Kvalitet <a href=\"https:\/\/ograsmarknad.com\/de\/product\/thc-olja-i-grossistledet\/\">THC online till salu<\/a>Qualit\u00e4t THC online zu verkaufen, Wenn das Rauchen von Cannabisbl\u00fcten, um THC (Tetrahydrocannabinol) zu erhalten, immer noch die beliebteste Einnahme-Methode ist, bieten Thc-\u00d6le eine neue M\u00f6glichkeit, Cannabis zu genie\u00dfen. THC-\u00d6le werden durch Extraktion des wertvollen THC und anderer Cannabinoide aus der Cannabispflanze hergestellt. Sie k\u00f6nnen auch K2 \u00d6le oder K2 Papers bei uns bestellen <a href=\"https:\/\/en.wikipedia.org\/w\/index.php?search=thc+oil+for+sale+&amp;title=Special%3ASearch&amp;go=Go&amp;ns0=1\">av<\/a> Wir verwenden verschiedene Extraktionsverfahren und l\u00f6sen die Cannabinoide anschlie\u00dfend in einem Tr\u00e4ger\u00f6l wie MCT- oder Hanf\u00f6l. Bei Ogras Marknad erhalten Sie THC-\u00d6l zum Verkauf in Schweden, Finnland, \u00c5land, D\u00e4nemark, Estland und Norwegen. Kontaktieren Sie uns direkt und bestellen Sie unkompliziert.<\/p>\n<h3 style=\"text-align: justify;\">Was ist der beste Weg, um Thc-\u00d6l zu verwenden Cannabis online zum Verkauf online - Wo kann ich Qualit\u00e4t Marihuana online kaufen ?<\/h3>\n<p style=\"text-align: justify;\">Der Gro\u00dfteil des \u00d6ls ist f\u00fcr die Verwendung in Gun Pens oder Carts bestimmt. Einige THC-\u00d6le, insbesondere solche mit einer dickeren Konsistenz, wie RSO-\u00d6l, eignen sich f\u00fcr die Verwendung mit einem DAB-Rig, da sie sich leichter kontrolliert \u00fcber einen erhitzten Nagel tropfen lassen. Nehmen Sie einfach einen vorgef\u00fcllten Stift oder eine Patrone und verwenden Sie sie, wann immer Sie wollen. Tupfen mit <a href=\"https:\/\/ograsmarknad.com\/de\/product\/thc-olja-i-grossistledet\/\">en<\/a> Ein Rig hingegen bietet mehr Kontrolle; Sie k\u00f6nnen die gew\u00fcnschte \u00d6lmenge exakt auf den erhitzten Nagel tropfen. Manche behaupten zudem, dass Dabbing besonders gute Ergebnisse liefert. Kaufen Sie THC-\u00d6l noch heute online in Schweden, Finnland, \u00c5land, D\u00e4nemark, Estland und Norwegen!<\/p>\n<h3 style=\"text-align: justify;\">Ist THC-\u00d6l sicher zu konsumieren? - Cannabis\u00f6l online kaufen<\/h3>\n<p style=\"text-align: justify;\">THC-\u00d6l kann eingenommen werden, obwohl die meisten Menschen die sublinguale Einnahme (unter der Zunge) bevorzugen, da die Wirkung sp\u00fcrbar ist, wenn <a href=\"https:\/\/ograsmarknad.com\/de\/\">15<\/a> bis 30 Minuten, was nur ein paar Minuten l\u00e4nger ist als die Inhalation. Wie bei jeder anderen Art von essbarem Cannabis kann es 30 bis 60 Minuten dauern, bis das \u00d6l seine volle Wirkung entfaltet.<\/p>\n<p style=\"text-align: justify;\">Wir sind hier, um Ihnen zu helfen, Thc \u00d6l online zu g\u00fcnstigen Preisen zu bestellen. Nehmen Sie Kontakt mit unserem Online-Shop auf und teilen Sie uns Ihre W\u00fcnsche mit!<\/p>\n<h3>Verwendung von THC-\u00d6l<\/h3>\n<p>Die THC-Destillat-Spritze ist eine verfeinerte, konzentrierte Version von THC, um sicherzustellen, dass Sie Cannabis in vollen Z\u00fcgen genie\u00dfen k\u00f6nnen. Dar\u00fcber hinaus k\u00f6nnen THC-Destillate f\u00fcr Freizeitzwecke verwendet werden und helfen Ihnen, innerhalb von Minuten aufzustehen. Vielleicht f\u00fchlen Sie sich von der F\u00fclle der verf\u00fcgbaren Informationen \u00fcberw\u00e4ltigt, deshalb hat Cannabud Post im Folgenden einen kurzen Leitfaden zusammengestellt. Die folgenden Informationen sollen Ihnen dabei helfen, ein Profi im Cannabis-Dampfen zu werden, und wir hoffen, dass wir Ihnen vor Ihrer n\u00e4chsten Rauch-Session ein paar Tipps geben k\u00f6nnen.<\/p>\n<p>Wenn Sie das Weed-\u00d6l auf der Zunge behalten wollen, haben sich THC-Destillate als effektive Wahl erwiesen, also probieren Sie sie aus, sehen Sie, wie Sie sich f\u00fchlen und machen Sie dann weiter. THC-Destillate in gro\u00dfen Mengen online kaufen<\/p>\n<p>Auch heute noch sind sich viele unerfahrene Konsumenten nicht sicher \u00fcber die Unterschiede zwischen THC und CBD. Bei destillierten Kartuschen ist es sehr einfach, zwischen hochwirksamen Esswaren mit hohem THC- und niedrigem CBD-Gehalt zu w\u00e4hlen. Bei Konzentraten bevorzugen medizinische Nutzer in der Regel hochwirksame Inhaltsstoffe mit hohem CBD- und\/oder niedrigem THC-Gehalt.<\/p>\n<h3><strong>Gro\u00dfhandel THC \u00d6l online \\ Qualit\u00e4t THC \u00d6l zum Verkauf<\/strong><\/h3>\n<p>Hallo, Menschen in Europa, die t\u00e4glich Thc-\u00d6l verwenden, wir haben gute Nachrichten f\u00fcr Sie. Ograsmarknad bietet Ihnen die besten Cannabis\u00f6le online. Wir vertreiben hochwertiges THC-\u00d6l in ganz Europa, Schweden, D\u00e4nemark, Belgien und dem Rest der Welt. Sie k\u00f6nnen uns f\u00fcr den besten Preis kontaktieren und Ihr THC-\u00d6l gleich jetzt bestellen.<\/p>\n<p>&nbsp;<\/p>","protected":false},"excerpt":{"rendered":"<p>For Wholesale please contact us at<br \/>\nWickr ID: @williamspro<br \/>\nor via Whatsapp<br \/>\n<img loading=\"lazy\" decoding=\"async\" class=\"size-full wp-image-10162 alignleft\" src=\"https:\/\/ograsmarknad.com\/wp-content\/uploads\/2021\/11\/trust.jpg\" alt=\"Trust German\" width=\"300\" height=\"129\" srcset=\"https:\/\/ograsmarknad.com\/wp-content\/uploads\/2021\/11\/trust.jpg 300w, https:\/\/ograsmarknad.com\/wp-content\/uploads\/2021\/11\/trust-18x8.jpg 18w\" sizes=\"auto, (max-width: 300px) 100vw, 300px\" \/><\/p>","protected":false},"featured_media":9872,"comment_status":"open","ping_status":"closed","template":"","meta":{"_joinchat":[]},"product_cat":[74],"product_tag":[],"class_list":{"0":"post-9867","1":"product","2":"type-product","3":"status-publish","4":"has-post-thumbnail","6":"product_cat-thc-olja","8":"first","9":"instock","10":"shipping-taxable","11":"purchasable","12":"product-type-variable","13":"has-default-attributes"},"yoast_head":"<!-- This site is optimized with the Yoast SEO plugin v26.3 - https:\/\/yoast.com\/wordpress\/plugins\/seo\/ -->\n<title>THC-olja grossist till salu \u2013 K\u00f6p THC-olja i Grossistledet online<\/title>\n<meta name=\"description\" content=\"K\u00f6p THC-olja i Grossistledet online fr\u00e5n Ograsmarknad. THC-olja grossist till salu som erbjuder cannabisextrakt i bulk.\" \/>\n<meta name=\"robots\" content=\"index, follow, max-snippet:-1, max-image-preview:large, max-video-preview:-1\" \/>\n<link rel=\"canonical\" href=\"https:\/\/ograsmarknad.com\/de\/product\/thc-olja-i-grossistledet\/\" \/>\n<meta property=\"og:locale\" content=\"de_DE\" \/>\n<meta property=\"og:type\" content=\"article\" \/>\n<meta property=\"og:title\" content=\"THC-olja grossist till salu \u2013 K\u00f6p THC-olja i Grossistledet online\" \/>\n<meta property=\"og:description\" content=\"K\u00f6p THC-olja i Grossistledet online fr\u00e5n Ograsmarknad. THC-olja grossist till salu som erbjuder cannabisextrakt i bulk.\" \/>\n<meta property=\"og:url\" content=\"https:\/\/ograsmarknad.com\/de\/product\/thc-olja-i-grossistledet\/\" \/>\n<meta property=\"og:site_name\" content=\"Ogras Marknad\" \/>\n<meta property=\"article:modified_time\" content=\"2026-03-16T10:48:49+00:00\" \/>\n<meta property=\"og:image\" content=\"https:\/\/ograsmarknad.com\/wp-content\/uploads\/2021\/11\/thc-oil.jpg\" \/>\n\t<meta property=\"og:image:width\" content=\"600\" \/>\n\t<meta property=\"og:image:height\" content=\"600\" \/>\n\t<meta property=\"og:image:type\" content=\"image\/jpeg\" \/>\n<meta name=\"twitter:card\" content=\"summary_large_image\" \/>\n<meta name=\"twitter:label1\" content=\"Gesch\u00e4tzte Lesezeit\" \/>\n\t<meta name=\"twitter:data1\" content=\"3\u00a0Minuten\" \/>\n<!-- \/ Yoast SEO plugin. -->","yoast_head_json":{"title":"THC-\u00d6l im Gro\u00dfhandel kaufen \u2013 THC-\u00d6l online im Gro\u00dfhandel kaufen","description":"Kaufen Sie THC-\u00d6l im Gro\u00dfhandel online bei Ograsmarknad. THC-\u00d6l-Gro\u00dfh\u00e4ndler bietet Cannabisextrakt in gro\u00dfen Mengen an.","robots":{"index":"index","follow":"follow","max-snippet":"max-snippet:-1","max-image-preview":"max-image-preview:large","max-video-preview":"max-video-preview:-1"},"canonical":"https:\/\/ograsmarknad.com\/de\/product\/thc-olja-i-grossistledet\/","og_locale":"de_DE","og_type":"article","og_title":"THC-olja grossist till salu \u2013 K\u00f6p THC-olja i Grossistledet online","og_description":"K\u00f6p THC-olja i Grossistledet online fr\u00e5n Ograsmarknad. THC-olja grossist till salu som erbjuder cannabisextrakt i bulk.","og_url":"https:\/\/ograsmarknad.com\/de\/product\/thc-olja-i-grossistledet\/","og_site_name":"Ogras Marknad","article_modified_time":"2026-03-16T10:48:49+00:00","og_image":[{"width":600,"height":600,"url":"https:\/\/ograsmarknad.com\/wp-content\/uploads\/2021\/11\/thc-oil.jpg","type":"image\/jpeg"}],"twitter_card":"summary_large_image","twitter_misc":{"Gesch\u00e4tzte Lesezeit":"3\u00a0Minuten"},"schema":{"@context":"https:\/\/schema.org","@graph":[{"@type":"WebPage","@id":"https:\/\/ograsmarknad.com\/product\/thc-olja-i-grossistledet\/","url":"https:\/\/ograsmarknad.com\/product\/thc-olja-i-grossistledet\/","name":"THC-\u00d6l im Gro\u00dfhandel kaufen \u2013 THC-\u00d6l online im Gro\u00dfhandel kaufen","isPartOf":{"@id":"https:\/\/ograsmarknad.com\/#website"},"primaryImageOfPage":{"@id":"https:\/\/ograsmarknad.com\/product\/thc-olja-i-grossistledet\/#primaryimage"},"image":{"@id":"https:\/\/ograsmarknad.com\/product\/thc-olja-i-grossistledet\/#primaryimage"},"thumbnailUrl":"https:\/\/ograsmarknad.com\/wp-content\/uploads\/2021\/11\/thc-oil.jpg","datePublished":"2021-11-09T09:46:58+00:00","dateModified":"2026-03-16T10:48:49+00:00","description":"Kaufen Sie THC-\u00d6l im Gro\u00dfhandel online bei Ograsmarknad. THC-\u00d6l-Gro\u00dfh\u00e4ndler bietet Cannabisextrakt in gro\u00dfen Mengen an.","breadcrumb":{"@id":"https:\/\/ograsmarknad.com\/product\/thc-olja-i-grossistledet\/#breadcrumb"},"inLanguage":"de","potentialAction":[{"@type":"ReadAction","target":["https:\/\/ograsmarknad.com\/product\/thc-olja-i-grossistledet\/"]}]},{"@type":"ImageObject","inLanguage":"de","@id":"https:\/\/ograsmarknad.com\/product\/thc-olja-i-grossistledet\/#primaryimage","url":"https:\/\/ograsmarknad.com\/wp-content\/uploads\/2021\/11\/thc-oil.jpg","contentUrl":"https:\/\/ograsmarknad.com\/wp-content\/uploads\/2021\/11\/thc-oil.jpg","width":600,"height":600,"caption":"thc-oil"},{"@type":"BreadcrumbList","@id":"https:\/\/ograsmarknad.com\/product\/thc-olja-i-grossistledet\/#breadcrumb","itemListElement":[{"@type":"ListItem","position":1,"name":"Home","item":"https:\/\/ograsmarknad.com\/"},{"@type":"ListItem","position":2,"name":"Shop","item":"https:\/\/ograsmarknad.com\/shop\/"},{"@type":"ListItem","position":3,"name":"THC-olja i grossistledet"}]},{"@type":"WebSite","@id":"https:\/\/ograsmarknad.com\/#website","url":"https:\/\/ograsmarknad.com\/","name":"Ogras Marknad","description":"Ogras Marknad","potentialAction":[{"@type":"SearchAction","target":{"@type":"EntryPoint","urlTemplate":"https:\/\/ograsmarknad.com\/?s={search_term_string}"},"query-input":{"@type":"PropertyValueSpecification","valueRequired":true,"valueName":"search_term_string"}}],"inLanguage":"de"}]}},"_links":{"self":[{"href":"https:\/\/ograsmarknad.com\/de\/wp-json\/wp\/v2\/product\/9867","targetHints":{"allow":["GET"]}}],"collection":[{"href":"https:\/\/ograsmarknad.com\/de\/wp-json\/wp\/v2\/product"}],"about":[{"href":"https:\/\/ograsmarknad.com\/de\/wp-json\/wp\/v2\/types\/product"}],"replies":[{"embeddable":true,"href":"https:\/\/ograsmarknad.com\/de\/wp-json\/wp\/v2\/comments?post=9867"}],"wp:featuredmedia":[{"embeddable":true,"href":"https:\/\/ograsmarknad.com\/de\/wp-json\/wp\/v2\/media\/9872"}],"wp:attachment":[{"href":"https:\/\/ograsmarknad.com\/de\/wp-json\/wp\/v2\/media?parent=9867"}],"wp:term":[{"taxonomy":"product_cat","embeddable":true,"href":"https:\/\/ograsmarknad.com\/de\/wp-json\/wp\/v2\/product_cat?post=9867"},{"taxonomy":"product_tag","embeddable":true,"href":"https:\/\/ograsmarknad.com\/de\/wp-json\/wp\/v2\/product_tag?post=9867"}],"curies":[{"name":"wp","href":"https:\/\/api.w.org\/{rel}","templated":true}]}}