{"id":10205,"date":"2022-08-04T06:06:02","date_gmt":"2022-08-04T06:06:02","guid":{"rendered":"https:\/\/ograsmarknad.com\/?post_type=product&#038;p=10205"},"modified":"2026-04-02T09:40:25","modified_gmt":"2026-04-02T09:40:25","slug":"ak-48-hashish","status":"publish","type":"product","link":"https:\/\/ograsmarknad.com\/es\/product\/ak-48-hashish\/","title":{"rendered":"Ak-48 Hashish"},"content":{"rendered":"<h2>Comprar hach\u00eds Ak-48 en l\u00ednea<\/h2>\n<p>Aroma: picante<\/p>\n<p>Smak: Kryddig, n\u00e5got h\u00e5rd i halsen. Denna <a href=\"https:\/\/ograsmarknad.com\/es\/\">hasch kan<\/a> orsaka hosta hos oerfarna anv\u00e4ndare.<\/p>\n<p>Consistencia: Firme y granulada, similar al hach\u00eds de burbujas. Efectos: Se inclina hacia los efectos sativa. Potencia: Es un hach\u00eds bastante fuerte con un 32 % de THC.<\/p>\n<p>Efectos: Aunque es un h\u00edbrido, los efectos de AK-48 tienden hacia los efectos t\u00edpicos de sativa. <strong><a href=\"https:\/\/ograsmarknad.com\/es\/product\/ak-48-hashish\/\">AK-48:s h\u00e4rstamning<\/a><\/strong> Es una mezcla de oro colombiano, tailand\u00e9s, mexicano y afgano.<\/p>\n<p>Peso: 180 gramos, 30 gramos, 90 gramos<\/p>\n<h3>AK-48 Haschish Online Snabbt och Njut av \u00d6verl\u00e4gsen Kvalitet med Hemlig Leverans<\/h3>\n<p>F\u00f6rs\u00f6ker du hitta ett snabbt s\u00e4tt att k\u00f6pa\u00a0<strong>AK-48 hasch<\/strong>\u00a0online? Du beh\u00f6ver inte leta l\u00e4ngre \u00e4n till v\u00e5rt\u00a0<strong>p\u00e5litliga online-apotek<\/strong>, d\u00e4r\u00a0<strong>premiumkvalitetshasch<\/strong>\u00a0och h\u00f6gkvalitativ cannabis bara \u00e4r ett klick bort. Vi \u00e4r engagerade i att ge cannabis\u00e4lskare i USA, Kanada, Europa och \u00f6ver hela v\u00e4rlden en smidig och privat k\u00f6pupplevelse. Tack vare v\u00e5rt engagemang f\u00f6r kundn\u00f6jdhet f\u00e5r du kraftfull\u00a0<strong>AK-48 cannabiskoncentrat<\/strong>\u00a0y\u00a0<strong>hybrid hasch<\/strong>\u00a0som har bearbetats och f\u00f6rpackats noggrant f\u00f6r din gl\u00e4dje. V\u00e5r\u00a0<strong>labbbearbetat koncentrat<\/strong>\u00a0levereras i\u00a0<strong>luftt\u00e4t f\u00f6rpackning<\/strong>\u00a0med\u00a0<strong>snabb leverans USA\/Kanada\/Europa<\/strong>\u00a0fr\u00e5n en\u00a0<strong>p\u00e5litlig cannabisk\u00e4lla<\/strong>. Vi erbjuder\u00a0<strong>Premium AK-48-harts<\/strong>\u00a0y\u00a0<strong>h\u00f6gpotent hasch<\/strong>\u00a0f\u00f6r alla kunder. V\u00e5r\u00a0<a href=\"https:\/\/en.wikipedia.org\/wiki\/Hashish\"><strong>AK-48-pollen<\/strong><\/a>\u00a0y\u00a0<strong>klibbig AK-48 hasch<\/strong>\u00a0\u00e4r ett\u00a0<strong>snabbverkande hybridkoncentrat<\/strong>\u00a0som du kommer att \u00e4lska.<\/p>\n<p class=\"ds-markdown-paragraph\">Den v\u00e4lk\u00e4nda hybridstammen<strong> AK-48<\/strong> \u00e4r k\u00e4nd f\u00f6r sin behagliga doft och v\u00e4lbalanserade effekter. Dessa egenskaper koncentreras n\u00e4r de omvandlas till haschish, vilket ger en kraftfullare och mer l\u00e5ngvarig upplevelse. V\u00e5r AK-48 <strong>Haschish<\/strong> \u00e4r en rik, v\u00e4ldoftande och mycket stark produkt som \u00e4r noggrant producerad f\u00f6r att bevara stammens inneboende terpener och <strong>cannabinoider<\/strong>. V\u00e5r AK-48 <strong><a href=\"https:\/\/ograsmarknad.com\/es\/product\/banana-kush\/\">haschish till<\/a> salu garanterar<\/strong> enast\u00e5ende kvalitet, oavsett din erfarenhetsniv\u00e5 med koncentrat.<\/p>\n<h3 class=\"ds-markdown-paragraph\">F\u00f6rdelar med v\u00e5r hasch AK-48<\/h3>\n<p class=\"ds-markdown-paragraph\">Du investerar i en produkt som har flera m\u00f6jliga f\u00f6rdelar n\u00e4r du <strong>k\u00f6per AK-48 hasch online<\/strong>. F\u00f6rutom en mild, lugnande k\u00e4nsla som lindrar sp\u00e4nningar och stress, rapporterar anv\u00e4ndare ofta en m\u00e4rkbar f\u00f6rb\u00e4ttring av hum\u00f6ret. AK-48 \u00e4r ett <strong><a href=\"https:\/\/www.zamnesia.com\/1479-nirvana-seeds-AK48-feminized.html\">utm\u00e4rkt alternativ f\u00f6r konstn\u00e4rliga<\/a><\/strong> syssels\u00e4ttningar, sociala evenemang eller bara f\u00f6r att koppla av efter en kr\u00e4vande dag p\u00e5 grund av dess balanserade hybridkarakt\u00e4r, som vanligtvis ger en euforisk rusning utan den <strong>\u00f6verv\u00e4ldigande sederingen<\/strong>. M\u00e5nga rapporterar att de m\u00e5r b\u00e4ttre \u00f6verlag och ser lindring av mild till sv\u00e5r v\u00e4rk och sm\u00e4rta. Den totala sensoriska njutningen av att konsumera AK-48 hasch f\u00f6rst\u00e4rks av dess smaker, som ofta karakt\u00e4riseras som s\u00f6ta, jordiga och svagt blommiga.\u00a0 <strong><a href=\"https:\/\/ograsmarknad.com\/es\/product\/ak-48-hashish\/\">best\u00e4ll idag<\/a><\/strong><\/p>","protected":false},"excerpt":{"rendered":"<p>F\u00f6r partihandel kontakta oss p\u00e5<br \/>\nWickr ID: @williamspro<br \/>\neller via Whatsapp<br \/>\n<img loading=\"lazy\" decoding=\"async\" class=\"size-full wp-image-10162 alignleft\" src=\"https:\/\/ograsmarknad.com\/wp-content\/uploads\/2021\/11\/trust.jpg\" alt=\"Trust German\" width=\"300\" height=\"129\" srcset=\"https:\/\/ograsmarknad.com\/wp-content\/uploads\/2021\/11\/trust.jpg 300w, https:\/\/ograsmarknad.com\/wp-content\/uploads\/2021\/11\/trust-18x8.jpg 18w\" sizes=\"auto, (max-width: 300px) 100vw, 300px\" \/><\/p>","protected":false},"featured_media":10209,"comment_status":"open","ping_status":"closed","template":"","meta":{"_joinchat":[]},"product_cat":[72],"product_tag":[],"class_list":{"0":"post-10205","1":"product","2":"type-product","3":"status-publish","4":"has-post-thumbnail","6":"product_cat-hash","8":"first","9":"instock","10":"shipping-taxable","11":"purchasable","12":"product-type-variable"},"yoast_head":"<!-- This site is optimized with the Yoast SEO plugin v26.3 - https:\/\/yoast.com\/wordpress\/plugins\/seo\/ -->\n<title>K\u00f6p AK-48 Hashish Online - AK-48 Hashish till salu | OgarsMarknad<\/title>\n<meta name=\"description\" content=\"K\u00f6p AK-48 Hashish online och utforska en hashprodukt som h\u00e4rr\u00f6r fr\u00e5n den popul\u00e4ra AK-48 cannabisgenetiken. AK-48 Hashish till salu med en stark arom och koncentrerad resinkvalitet.\" \/>\n<meta name=\"robots\" content=\"index, follow, max-snippet:-1, max-image-preview:large, max-video-preview:-1\" \/>\n<link rel=\"canonical\" href=\"https:\/\/ograsmarknad.com\/es\/product\/ak-48-hashish\/\" \/>\n<meta property=\"og:locale\" content=\"es_ES\" \/>\n<meta property=\"og:type\" content=\"article\" \/>\n<meta property=\"og:title\" content=\"K\u00f6p AK-48 Hashish Online - AK-48 Hashish till salu | OgarsMarknad\" \/>\n<meta property=\"og:description\" content=\"K\u00f6p AK-48 Hashish online och utforska en hashprodukt som h\u00e4rr\u00f6r fr\u00e5n den popul\u00e4ra AK-48 cannabisgenetiken. AK-48 Hashish till salu med en stark arom och koncentrerad resinkvalitet.\" \/>\n<meta property=\"og:url\" content=\"https:\/\/ograsmarknad.com\/es\/product\/ak-48-hashish\/\" \/>\n<meta property=\"og:site_name\" content=\"Ogras Marknad\" \/>\n<meta property=\"article:modified_time\" content=\"2026-04-02T09:40:25+00:00\" \/>\n<meta property=\"og:image\" content=\"https:\/\/ograsmarknad.com\/wp-content\/uploads\/2022\/08\/AK-48-Hashish.jpg\" \/>\n\t<meta property=\"og:image:width\" content=\"700\" \/>\n\t<meta property=\"og:image:height\" content=\"700\" \/>\n\t<meta property=\"og:image:type\" content=\"image\/jpeg\" \/>\n<meta name=\"twitter:card\" content=\"summary_large_image\" \/>\n<meta name=\"twitter:label1\" content=\"Tiempo de lectura\" \/>\n\t<meta name=\"twitter:data1\" content=\"2 minutos\" \/>\n<!-- \/ Yoast SEO plugin. -->","yoast_head_json":{"title":"K\u00f6p AK-48 Hashish Online - AK-48 Hashish till salu | OgarsMarknad","description":"K\u00f6p AK-48 Hashish online och utforska en hashprodukt som h\u00e4rr\u00f6r fr\u00e5n den popul\u00e4ra AK-48 cannabisgenetiken. AK-48 Hashish till salu med en stark arom och koncentrerad resinkvalitet.","robots":{"index":"index","follow":"follow","max-snippet":"max-snippet:-1","max-image-preview":"max-image-preview:large","max-video-preview":"max-video-preview:-1"},"canonical":"https:\/\/ograsmarknad.com\/es\/product\/ak-48-hashish\/","og_locale":"es_ES","og_type":"article","og_title":"K\u00f6p AK-48 Hashish Online - AK-48 Hashish till salu | OgarsMarknad","og_description":"K\u00f6p AK-48 Hashish online och utforska en hashprodukt som h\u00e4rr\u00f6r fr\u00e5n den popul\u00e4ra AK-48 cannabisgenetiken. AK-48 Hashish till salu med en stark arom och koncentrerad resinkvalitet.","og_url":"https:\/\/ograsmarknad.com\/es\/product\/ak-48-hashish\/","og_site_name":"Ogras Marknad","article_modified_time":"2026-04-02T09:40:25+00:00","og_image":[{"width":700,"height":700,"url":"https:\/\/ograsmarknad.com\/wp-content\/uploads\/2022\/08\/AK-48-Hashish.jpg","type":"image\/jpeg"}],"twitter_card":"summary_large_image","twitter_misc":{"Tiempo de lectura":"2 minutos"},"schema":{"@context":"https:\/\/schema.org","@graph":[{"@type":"WebPage","@id":"https:\/\/ograsmarknad.com\/product\/ak-48-hashish\/","url":"https:\/\/ograsmarknad.com\/product\/ak-48-hashish\/","name":"K\u00f6p AK-48 Hashish Online - AK-48 Hashish till salu | OgarsMarknad","isPartOf":{"@id":"https:\/\/ograsmarknad.com\/#website"},"primaryImageOfPage":{"@id":"https:\/\/ograsmarknad.com\/product\/ak-48-hashish\/#primaryimage"},"image":{"@id":"https:\/\/ograsmarknad.com\/product\/ak-48-hashish\/#primaryimage"},"thumbnailUrl":"https:\/\/ograsmarknad.com\/wp-content\/uploads\/2022\/08\/AK-48-Hashish.jpg","datePublished":"2022-08-04T06:06:02+00:00","dateModified":"2026-04-02T09:40:25+00:00","description":"K\u00f6p AK-48 Hashish online och utforska en hashprodukt som h\u00e4rr\u00f6r fr\u00e5n den popul\u00e4ra AK-48 cannabisgenetiken. AK-48 Hashish till salu med en stark arom och koncentrerad resinkvalitet.","breadcrumb":{"@id":"https:\/\/ograsmarknad.com\/product\/ak-48-hashish\/#breadcrumb"},"inLanguage":"es","potentialAction":[{"@type":"ReadAction","target":["https:\/\/ograsmarknad.com\/product\/ak-48-hashish\/"]}]},{"@type":"ImageObject","inLanguage":"es","@id":"https:\/\/ograsmarknad.com\/product\/ak-48-hashish\/#primaryimage","url":"https:\/\/ograsmarknad.com\/wp-content\/uploads\/2022\/08\/AK-48-Hashish.jpg","contentUrl":"https:\/\/ograsmarknad.com\/wp-content\/uploads\/2022\/08\/AK-48-Hashish.jpg","width":700,"height":700,"caption":"AK-48-Hashish"},{"@type":"BreadcrumbList","@id":"https:\/\/ograsmarknad.com\/product\/ak-48-hashish\/#breadcrumb","itemListElement":[{"@type":"ListItem","position":1,"name":"Home","item":"https:\/\/ograsmarknad.com\/"},{"@type":"ListItem","position":2,"name":"Shop","item":"https:\/\/ograsmarknad.com\/shop\/"},{"@type":"ListItem","position":3,"name":"Ak-48 Hashish"}]},{"@type":"WebSite","@id":"https:\/\/ograsmarknad.com\/#website","url":"https:\/\/ograsmarknad.com\/","name":"Ogras Marknad","description":"Ogras Marknad","potentialAction":[{"@type":"SearchAction","target":{"@type":"EntryPoint","urlTemplate":"https:\/\/ograsmarknad.com\/?s={search_term_string}"},"query-input":{"@type":"PropertyValueSpecification","valueRequired":true,"valueName":"search_term_string"}}],"inLanguage":"es"}]}},"_links":{"self":[{"href":"https:\/\/ograsmarknad.com\/es\/wp-json\/wp\/v2\/product\/10205","targetHints":{"allow":["GET"]}}],"collection":[{"href":"https:\/\/ograsmarknad.com\/es\/wp-json\/wp\/v2\/product"}],"about":[{"href":"https:\/\/ograsmarknad.com\/es\/wp-json\/wp\/v2\/types\/product"}],"replies":[{"embeddable":true,"href":"https:\/\/ograsmarknad.com\/es\/wp-json\/wp\/v2\/comments?post=10205"}],"wp:featuredmedia":[{"embeddable":true,"href":"https:\/\/ograsmarknad.com\/es\/wp-json\/wp\/v2\/media\/10209"}],"wp:attachment":[{"href":"https:\/\/ograsmarknad.com\/es\/wp-json\/wp\/v2\/media?parent=10205"}],"wp:term":[{"taxonomy":"product_cat","embeddable":true,"href":"https:\/\/ograsmarknad.com\/es\/wp-json\/wp\/v2\/product_cat?post=10205"},{"taxonomy":"product_tag","embeddable":true,"href":"https:\/\/ograsmarknad.com\/es\/wp-json\/wp\/v2\/product_tag?post=10205"}],"curies":[{"name":"wp","href":"https:\/\/api.w.org\/{rel}","templated":true}]}}