{"id":10235,"date":"2022-08-04T06:39:25","date_gmt":"2022-08-04T06:39:25","guid":{"rendered":"https:\/\/ograsmarknad.com\/?post_type=product&#038;p=10235"},"modified":"2026-04-08T08:27:29","modified_gmt":"2026-04-08T08:27:29","slug":"blue-dream-hash-oil","status":"publish","type":"product","link":"https:\/\/ograsmarknad.com\/es\/product\/blue-dream-hash-oil\/","title":{"rendered":"Blue Dream Hash Oil"},"content":{"rendered":"<h2 data-section-id=\"11rdyrh\" data-start=\"0\" data-end=\"33\">K\u00f6p Blue Dream Hash Oil Online<\/h2>\n<p data-start=\"194\" data-end=\"762\"><a href=\"https:\/\/ograsmarknad.com\/es\/product\/blue-dream-hash-oil\/\"><strong data-start=\"194\" data-end=\"222\">Blue Dream marijuanaolja<\/strong><\/a> till salu \u00e4r ett <strong data-start=\"240\" data-end=\"271\">premium marijuanakoncentrat<\/strong> framst\u00e4llt fr\u00e5n den ikoniska Blue Dream-stammen, en <strong data-start=\"324\" data-end=\"361\">Blue Dream sativa-dominant hybrid<\/strong> med ursprung i <strong data-start=\"377\" data-end=\"404\">Blueberry x Haze hybrid<\/strong>. Denna h\u00f6gkvalitativa <strong data-start=\"427\" data-end=\"458\">Blue Dream sativakoncentrat<\/strong> \u00e4r k\u00e4nd f\u00f6r sin balans mellan upplyftande och avslappnande effekter, vilket g\u00f6r den till ett popul\u00e4rt val bland b\u00e5de medicinska och rekreativa anv\u00e4ndare. F\u00f6r dig som vill k\u00f6pa <strong data-start=\"635\" data-end=\"663\">Blue Dream sativaextrakt<\/strong> online erbjuder denna produkt en ren, potent och snabbverkande upplevelse med konsekvent kvalitet. <a href=\"https:\/\/ograsmarknad.com\/es\/\"><strong>ograsmarknad<\/strong><\/a><\/p>\n<h3 data-section-id=\"1e3pc2r\" data-start=\"764\" data-end=\"798\">Effekter av Blue Dream Hash Oil<\/h3>\n<p data-start=\"800\" data-end=\"1343\"><strong data-start=\"800\" data-end=\"826\">Blue Dream hybrid hash<\/strong> levererar en mjuk men kraftfull effektprofil som b\u00f6rjar med en cerebral eufori f\u00f6ljt av en mild kroppslig avslappning. Anv\u00e4ndare rapporterar ofta \u00f6kad kreativitet, f\u00f6rb\u00e4ttrat fokus och en behaglig energikick, vilket g\u00f6r den idealisk f\u00f6r dagtid. Samtidigt hj\u00e4lper den till att minska stress och sp\u00e4nningar utan att orsaka tung sedering, vilket skiljer den fr\u00e5n mer indica-dominerade extrakt. Denna <strong data-start=\"1224\" data-end=\"1254\">Blue Dream ogr\u00e4skoncentrat<\/strong> \u00e4r ocks\u00e5 k\u00e4nd som <strong data-start=\"1273\" data-end=\"1295\"><a href=\"https:\/\/en.wikipedia.org\/wiki\/Hash_oil\">h\u00f6g THC<\/a> Blue Dream<\/strong>, vilket ger en stark och konsekvent upplevelse.<\/p>\n<h3 data-section-id=\"6qb4cl\" data-start=\"1345\" data-end=\"1368\">Uso m\u00e9dico<\/h3>\n<p data-start=\"1370\" data-end=\"1793\">Denna <strong data-start=\"1376\" data-end=\"1402\">hybrid cannabisextrakt<\/strong> anv\u00e4nds ofta f\u00f6r att lindra tillst\u00e5nd som stress, depression, kronisk sm\u00e4rta och tr\u00f6tthet. Tack vare dess balanserade cannabinoidprofil kan den ge b\u00e5de mental klarhet och fysisk lindring. M\u00e5nga anv\u00e4ndare uppskattar <a href=\"https:\/\/www.elevatedmt.com\/blue-dream-strain-guide-montana#:~:text=Blue%20Dream%20is%20a%20Sativa,both%20beginners%20and%20seasoned%20users.\"><strong data-start=\"1618\" data-end=\"1649\">Blue Dream sativakoncentrat<\/strong><\/a> f\u00f6r dess f\u00f6rm\u00e5ga att f\u00f6rb\u00e4ttra hum\u00f6ret samtidigt som den minskar obehag, vilket g\u00f6r den till ett m\u00e5ngsidigt alternativ inom medicinsk cannabis.<\/p>\n<h2 data-section-id=\"8och44\" data-start=\"1795\" data-end=\"1811\">Smak och arom<\/h2>\n<p data-start=\"1813\" data-end=\"2211\"><strong data-start=\"1813\" data-end=\"1841\">Blue Dream marijuanaolja<\/strong> har en distinkt och uppfriskande smakprofil med toner av s\u00f6t b\u00e4righet fr\u00e5n Blueberry och subtila jordiga samt \u00f6rtiga inslag fr\u00e5n Haze. Den lena och aromatiska upplevelsen g\u00f6r den till ett favoritval f\u00f6r anv\u00e4ndare som v\u00e4rdes\u00e4tter b\u00e5de smak och effekt i sina cannabisprodukter. Detta <strong data-start=\"2124\" data-end=\"2153\">f\u00e4rskt cannabiskoncentrat<\/strong> levererar en aromatisk och njutbar upplevelse varje g\u00e5ng.<\/p>\n<h2 data-section-id=\"1g9a914\" data-start=\"2213\" data-end=\"2257\">Varf\u00f6r k\u00f6pa Blue Dream Hash Oil fr\u00e5n oss?<\/h2>\n<p data-start=\"2259\" data-end=\"2774\">Vi erbjuder endast <strong data-start=\"2278\" data-end=\"2304\">h\u00f6gkvalitativ hasholja<\/strong> som \u00e4r noggrant framst\u00e4lld och<a href=\"https:\/\/ograsmarknad.com\/es\/product\/blueberry-kush\/\"> <strong data-start=\"2336\" data-end=\"2370\">laboratorietestad cannabisolja<\/strong><\/a> f\u00f6r att s\u00e4kerst\u00e4lla renhet och styrka. V\u00e5r <strong data-start=\"2414\" data-end=\"2443\">potent Blue Dream-extrakt<\/strong> produceras med fokus p\u00e5 kvalitet och konsistens, vilket garanterar en premiumupplevelse varje g\u00e5ng. Dessutom erbjuder vi diskret och s\u00e4ker leverans i Europa, inklusive Sverige, Finland, Danmark, Norge och fler l\u00e4nder, tillsammans med konkurrenskraftiga priser och professionell kundsupport fr\u00e5n en <strong data-start=\"2742\" data-end=\"2773\">p\u00e5litlig cannabisleverant\u00f6r<\/strong>.<\/p>\n<h2 data-section-id=\"1j4p9ss\" data-start=\"2776\" data-end=\"2818\">Best\u00e4ll Blue Dream Hash Oil online idag<\/h2>\n<p data-start=\"2820\" data-end=\"3168\">Om du letar efter en balanserad och p\u00e5litlig cannabisprodukt \u00e4r <strong data-start=\"2884\" data-end=\"2912\">Blue Dream sativaextrakt<\/strong> ett utm\u00e4rkt val. Med sin unika kombination av eufori, fokus och avslappning passar den b\u00e5de f\u00f6r dagligt bruk och medicinska behov. Best\u00e4ll <strong data-start=\"3052\" data-end=\"3080\">Blue Dream marijuanaolja<\/strong> online idag och f\u00e5 en <strong data-start=\"3103\" data-end=\"3134\">premium marijuanakoncentrat<\/strong> levererad direkt till din d\u00f6rr. <a href=\"https:\/\/ograsmarknad.com\/es\/product\/blue-dream-hash-oil\/\"><strong>Kontrollera tillg\u00e4nglighet<\/strong><\/a><\/p>","protected":false},"excerpt":{"rendered":"<p>F\u00f6r partihandel kontakta oss p\u00e5<br \/>\nWickr ID: @williamspro<br \/>\neller via Whatsapp<br \/>\n<img loading=\"lazy\" decoding=\"async\" class=\"size-full wp-image-10162 alignleft\" src=\"https:\/\/ograsmarknad.com\/wp-content\/uploads\/2021\/11\/trust.jpg\" alt=\"Trust German\" width=\"300\" height=\"129\" srcset=\"https:\/\/ograsmarknad.com\/wp-content\/uploads\/2021\/11\/trust.jpg 300w, https:\/\/ograsmarknad.com\/wp-content\/uploads\/2021\/11\/trust-18x8.jpg 18w\" sizes=\"auto, (max-width: 300px) 100vw, 300px\" \/><\/p>","protected":false},"featured_media":10248,"comment_status":"open","ping_status":"closed","template":"","meta":{"_joinchat":[]},"product_cat":[79],"product_tag":[],"class_list":{"0":"post-10235","1":"product","2":"type-product","3":"status-publish","4":"has-post-thumbnail","6":"product_cat-hascholjor","8":"first","9":"instock","10":"shipping-taxable","11":"purchasable","12":"product-type-variable"},"yoast_head":"<!-- This site is optimized with the Yoast SEO plugin v26.3 - https:\/\/yoast.com\/wordpress\/plugins\/seo\/ -->\n<title>Blue Dream Hash Oil - Ogras Marknad<\/title>\n<meta name=\"robots\" content=\"index, follow, max-snippet:-1, max-image-preview:large, max-video-preview:-1\" \/>\n<link rel=\"canonical\" href=\"https:\/\/ograsmarknad.com\/es\/product\/blue-dream-hash-oil\/\" \/>\n<meta property=\"og:locale\" content=\"es_ES\" \/>\n<meta property=\"og:type\" content=\"article\" \/>\n<meta property=\"og:title\" content=\"Blue Dream Hash Oil - Ogras Marknad\" \/>\n<meta property=\"og:description\" content=\"F\u00f6r partihandel kontakta oss p\u00e5 Wickr ID: @williamspro eller via Whatsapp\" \/>\n<meta property=\"og:url\" content=\"https:\/\/ograsmarknad.com\/es\/product\/blue-dream-hash-oil\/\" \/>\n<meta property=\"og:site_name\" content=\"Ogras Marknad\" \/>\n<meta property=\"article:modified_time\" content=\"2026-04-08T08:27:29+00:00\" \/>\n<meta property=\"og:image\" content=\"https:\/\/ograsmarknad.com\/wp-content\/uploads\/2022\/08\/Blue-Dream-Hash-Oil.jpg\" \/>\n\t<meta property=\"og:image:width\" content=\"700\" \/>\n\t<meta property=\"og:image:height\" content=\"700\" \/>\n\t<meta property=\"og:image:type\" content=\"image\/jpeg\" \/>\n<meta name=\"twitter:card\" content=\"summary_large_image\" \/>\n<meta name=\"twitter:label1\" content=\"Tiempo de lectura\" \/>\n\t<meta name=\"twitter:data1\" content=\"3 minutos\" \/>\n<!-- \/ Yoast SEO plugin. -->","yoast_head_json":{"title":"Blue Dream Hash Oil - Ogras Marknad","robots":{"index":"index","follow":"follow","max-snippet":"max-snippet:-1","max-image-preview":"max-image-preview:large","max-video-preview":"max-video-preview:-1"},"canonical":"https:\/\/ograsmarknad.com\/es\/product\/blue-dream-hash-oil\/","og_locale":"es_ES","og_type":"article","og_title":"Blue Dream Hash Oil - Ogras Marknad","og_description":"F\u00f6r partihandel kontakta oss p\u00e5 Wickr ID: @williamspro eller via Whatsapp","og_url":"https:\/\/ograsmarknad.com\/es\/product\/blue-dream-hash-oil\/","og_site_name":"Ogras Marknad","article_modified_time":"2026-04-08T08:27:29+00:00","og_image":[{"width":700,"height":700,"url":"https:\/\/ograsmarknad.com\/wp-content\/uploads\/2022\/08\/Blue-Dream-Hash-Oil.jpg","type":"image\/jpeg"}],"twitter_card":"summary_large_image","twitter_misc":{"Tiempo de lectura":"3 minutos"},"schema":{"@context":"https:\/\/schema.org","@graph":[{"@type":"WebPage","@id":"https:\/\/ograsmarknad.com\/product\/blue-dream-hash-oil\/","url":"https:\/\/ograsmarknad.com\/product\/blue-dream-hash-oil\/","name":"Blue Dream Hash Oil - Ogras Marknad","isPartOf":{"@id":"https:\/\/ograsmarknad.com\/#website"},"primaryImageOfPage":{"@id":"https:\/\/ograsmarknad.com\/product\/blue-dream-hash-oil\/#primaryimage"},"image":{"@id":"https:\/\/ograsmarknad.com\/product\/blue-dream-hash-oil\/#primaryimage"},"thumbnailUrl":"https:\/\/ograsmarknad.com\/wp-content\/uploads\/2022\/08\/Blue-Dream-Hash-Oil.jpg","datePublished":"2022-08-04T06:39:25+00:00","dateModified":"2026-04-08T08:27:29+00:00","breadcrumb":{"@id":"https:\/\/ograsmarknad.com\/product\/blue-dream-hash-oil\/#breadcrumb"},"inLanguage":"es","potentialAction":[{"@type":"ReadAction","target":["https:\/\/ograsmarknad.com\/product\/blue-dream-hash-oil\/"]}]},{"@type":"ImageObject","inLanguage":"es","@id":"https:\/\/ograsmarknad.com\/product\/blue-dream-hash-oil\/#primaryimage","url":"https:\/\/ograsmarknad.com\/wp-content\/uploads\/2022\/08\/Blue-Dream-Hash-Oil.jpg","contentUrl":"https:\/\/ograsmarknad.com\/wp-content\/uploads\/2022\/08\/Blue-Dream-Hash-Oil.jpg","width":700,"height":700,"caption":"Blue-Dream-Hash-Oil"},{"@type":"BreadcrumbList","@id":"https:\/\/ograsmarknad.com\/product\/blue-dream-hash-oil\/#breadcrumb","itemListElement":[{"@type":"ListItem","position":1,"name":"Home","item":"https:\/\/ograsmarknad.com\/"},{"@type":"ListItem","position":2,"name":"Shop","item":"https:\/\/ograsmarknad.com\/shop\/"},{"@type":"ListItem","position":3,"name":"Blue Dream Hash Oil"}]},{"@type":"WebSite","@id":"https:\/\/ograsmarknad.com\/#website","url":"https:\/\/ograsmarknad.com\/","name":"Ogras Marknad","description":"Ogras Marknad","potentialAction":[{"@type":"SearchAction","target":{"@type":"EntryPoint","urlTemplate":"https:\/\/ograsmarknad.com\/?s={search_term_string}"},"query-input":{"@type":"PropertyValueSpecification","valueRequired":true,"valueName":"search_term_string"}}],"inLanguage":"es"}]}},"_links":{"self":[{"href":"https:\/\/ograsmarknad.com\/es\/wp-json\/wp\/v2\/product\/10235","targetHints":{"allow":["GET"]}}],"collection":[{"href":"https:\/\/ograsmarknad.com\/es\/wp-json\/wp\/v2\/product"}],"about":[{"href":"https:\/\/ograsmarknad.com\/es\/wp-json\/wp\/v2\/types\/product"}],"replies":[{"embeddable":true,"href":"https:\/\/ograsmarknad.com\/es\/wp-json\/wp\/v2\/comments?post=10235"}],"wp:featuredmedia":[{"embeddable":true,"href":"https:\/\/ograsmarknad.com\/es\/wp-json\/wp\/v2\/media\/10248"}],"wp:attachment":[{"href":"https:\/\/ograsmarknad.com\/es\/wp-json\/wp\/v2\/media?parent=10235"}],"wp:term":[{"taxonomy":"product_cat","embeddable":true,"href":"https:\/\/ograsmarknad.com\/es\/wp-json\/wp\/v2\/product_cat?post=10235"},{"taxonomy":"product_tag","embeddable":true,"href":"https:\/\/ograsmarknad.com\/es\/wp-json\/wp\/v2\/product_tag?post=10235"}],"curies":[{"name":"wp","href":"https:\/\/api.w.org\/{rel}","templated":true}]}}