{"id":9734,"date":"2021-11-08T08:15:52","date_gmt":"2021-11-08T08:15:52","guid":{"rendered":"https:\/\/ograsmarknad.com\/?post_type=product&#038;p=9734"},"modified":"2026-03-14T06:51:24","modified_gmt":"2026-03-14T06:51:24","slug":"blueberry-kush","status":"publish","type":"product","link":"https:\/\/ograsmarknad.com\/es\/product\/blueberry-kush\/","title":{"rendered":"Blueberry Kush"},"content":{"rendered":"<h2 style=\"text-align: justify;\">\u00a1Pida Orange Kush online en Europa, Suecia, Finlandia, \u00c5land, Dinamarca, Estonia, Noruega, disponible a los mejores precios hoy en Ogras Market!<\/h2>\n<p style=\"text-align: justify;\">Detta v\u00e4stkustkors av lugnande bl\u00e5b\u00e4r och v\u00e4lk\u00e4nda OG Kush erbjuder djupt lugna, indica-drivna effekter som kan hj\u00e4lpa till med \u00e4ven den mest envisa s\u00f6mnl\u00f6sheten och sm\u00e4rtlindring. Du kan behandla sm\u00e4rta med Blueberry Kush till salu, ett helt naturligt alternativ till receptbelagda opioider och s\u00f6mntabletter som tidigare h\u00f6ll dig vaken. P\u00e5 <a href=\"https:\/\/ograsmarknad.com\/es\/\">Ogras Marknad<\/a> hj\u00e4lper vi dig att k\u00f6pa Blueberry Kush online i Europa, Sverige, Finland, \u00c5land, Danmark, Estland, Norge till \u00f6verkomliga priser. L\u00e4gg en best\u00e4llning nu!<\/p>\n<h3 style=\"text-align: justify;\">Efectos<\/h3>\n<p style=\"text-align: justify;\">Innan du somnar kommer <a href=\"https:\/\/ograsmarknad.com\/es\/product\/blueberry-kush\/\">Blueberry Kush online<\/a> fr\u00e5n v\u00e5r webbutik att f\u00e5 dig att k\u00e4nna dig glad, lugn och lite h\u00f6g. Blueberry Kush cannabis kan bota depression och \u00f6ka stress och sp\u00e4nningar p\u00e5 grund av de medicinska egenskaperna hos CBD och en unik blandning av andra indica cannabinoider. Den l\u00e4tta eufori av denna stam b\u00f6r inte avskr\u00e4cka m\u00e4nniskor som s\u00f6ker medicinsk hj\u00e4lp, eftersom s\u00f6mn snart kommer att f\u00f6lja.<\/p>\n<h3 style=\"text-align: justify;\">Uso m\u00e9dico<\/h3>\n<p style=\"text-align: justify;\">Las semillas de cannabis Blueberry Kush se han utilizado con excelentes resultados para tratar la ansiedad, las migra\u00f1as, las n\u00e1useas, los trastornos del estado de \u00e1nimo y afecciones como el TDAH. Esta variedad afrutada puede aliviar los s\u00edntomas de la quimioterapia, y algunas personas descubren que las cantidades moderadas de CBD les ayudan a evitar calambres y convulsiones.<\/p>\n<h3 style=\"text-align: justify;\">\u00bfPor qu\u00e9 somos la mejor opci\u00f3n para comprar Blueberry Kush?<\/h3>\n<p style=\"text-align: justify;\">Tras la germinaci\u00f3n de las semillas de cannabis Blueberry Kush, deber\u00edas observar plantas de tama\u00f1o mediano. Para cultivarlas con \u00e9xito, se requieren algunos conocimientos. En interior, un ciclo de floraci\u00f3n de seis a nueve semanas deber\u00eda producir una cosecha moderada de cogollos resinosos, de hasta 400 gramos por metro cuadrado.<\/p>\n<p style=\"text-align: justify;\">En exterior, se pueden obtener hasta 600 gramos por planta con un clima ideal. Es posible que la producci\u00f3n sea menor seg\u00fan las condiciones, pero quienes cultivan en casa est\u00e1n m\u00e1s interesados en los potentes efectos de esta excelente variedad medicinal que en una cosecha abundante.<\/p>\n<p style=\"text-align: justify;\">En Ogras Marknad, solo vendemos los mejores productos. Las semillas de cannabis Blueberry Kush son un testimonio m\u00e1s de nuestra dedicaci\u00f3n a la excelencia. Nuestras semillas de cannabis Blueberry Kush se envasan en frascos de vidrio medicinal tras ser analizadas gen\u00e9ticamente en el laboratorio y seleccionadas a mano antes del env\u00edo. Esto mantiene sus semillas lo m\u00e1s frescas y viables posible durante el mayor tiempo posible.<\/p>\n<p style=\"text-align: justify;\">Nuestra Garant\u00eda Antibacteriana del 90% protege cada pedido. Si tiene alguna pregunta sobre este producto premium, p\u00f3ngase en contacto con nuestro amable y profesional equipo de soporte. \u00a1Compre Blueberry Kush en l\u00ednea en Europa, Suecia, Finlandia, \u00c5land, Dinamarca, Estonia y Noruega ahora!<\/p>","protected":false},"excerpt":{"rendered":"<p>For Wholesale please contact us at<br \/>\nWickr ID: @williamspro<br \/>\nor via Whatsapp<br \/>\n<img loading=\"lazy\" decoding=\"async\" class=\"size-full wp-image-10162 alignleft\" src=\"https:\/\/ograsmarknad.com\/wp-content\/uploads\/2021\/11\/trust.jpg\" alt=\"Trust German\" width=\"300\" height=\"129\" srcset=\"https:\/\/ograsmarknad.com\/wp-content\/uploads\/2021\/11\/trust.jpg 300w, https:\/\/ograsmarknad.com\/wp-content\/uploads\/2021\/11\/trust-18x8.jpg 18w\" sizes=\"auto, (max-width: 300px) 100vw, 300px\" \/><\/p>","protected":false},"featured_media":9739,"comment_status":"open","ping_status":"closed","template":"","meta":{"_joinchat":[]},"product_cat":[71],"product_tag":[],"class_list":{"0":"post-9734","1":"product","2":"type-product","3":"status-publish","4":"has-post-thumbnail","6":"product_cat-gras-sw","8":"first","9":"instock","10":"shipping-taxable","11":"purchasable","12":"product-type-variable","13":"has-default-attributes"},"yoast_head":"<!-- This site is optimized with the Yoast SEO plugin v26.3 - https:\/\/yoast.com\/wordpress\/plugins\/seo\/ -->\n<title>Blueberry Kush ogr\u00e4ssort till salu \u2013 K\u00f6p Blueberry Kush online<\/title>\n<meta name=\"description\" content=\"K\u00f6p Blueberry Kush ogr\u00e4ssort online fr\u00e5n Ograsmarknad. Blueberry Kush till salu k\u00e4nd f\u00f6r sin b\u00e4rsmak och djupt avslappnande cannabiseffekter.\" \/>\n<meta name=\"robots\" content=\"index, follow, max-snippet:-1, max-image-preview:large, max-video-preview:-1\" \/>\n<link rel=\"canonical\" href=\"https:\/\/ograsmarknad.com\/es\/product\/blueberry-kush\/\" \/>\n<meta property=\"og:locale\" content=\"es_ES\" \/>\n<meta property=\"og:type\" content=\"article\" \/>\n<meta property=\"og:title\" content=\"Blueberry Kush ogr\u00e4ssort till salu \u2013 K\u00f6p Blueberry Kush online\" \/>\n<meta property=\"og:description\" content=\"K\u00f6p Blueberry Kush ogr\u00e4ssort online fr\u00e5n Ograsmarknad. Blueberry Kush till salu k\u00e4nd f\u00f6r sin b\u00e4rsmak och djupt avslappnande cannabiseffekter.\" \/>\n<meta property=\"og:url\" content=\"https:\/\/ograsmarknad.com\/es\/product\/blueberry-kush\/\" \/>\n<meta property=\"og:site_name\" content=\"Ogras Marknad\" \/>\n<meta property=\"article:modified_time\" content=\"2026-03-14T06:51:24+00:00\" \/>\n<meta property=\"og:image\" content=\"https:\/\/ograsmarknad.com\/wp-content\/uploads\/2021\/11\/blueberry-kush.jpg\" \/>\n\t<meta property=\"og:image:width\" content=\"600\" \/>\n\t<meta property=\"og:image:height\" content=\"600\" \/>\n\t<meta property=\"og:image:type\" content=\"image\/jpeg\" \/>\n<meta name=\"twitter:card\" content=\"summary_large_image\" \/>\n<meta name=\"twitter:label1\" content=\"Tiempo de lectura\" \/>\n\t<meta name=\"twitter:data1\" content=\"2 minutos\" \/>\n<!-- \/ Yoast SEO plugin. -->","yoast_head_json":{"title":"Variedad de marihuana Blueberry Kush a la venta \u2013 Compra Blueberry Kush en l\u00ednea","description":"Compra la variedad de cannabis Blueberry Kush en l\u00ednea en Ograsmarknad. Blueberry Kush a la venta, conocida por su sabor a bayas y sus efectos profundamente relajantes.","robots":{"index":"index","follow":"follow","max-snippet":"max-snippet:-1","max-image-preview":"max-image-preview:large","max-video-preview":"max-video-preview:-1"},"canonical":"https:\/\/ograsmarknad.com\/es\/product\/blueberry-kush\/","og_locale":"es_ES","og_type":"article","og_title":"Blueberry Kush ogr\u00e4ssort till salu \u2013 K\u00f6p Blueberry Kush online","og_description":"K\u00f6p Blueberry Kush ogr\u00e4ssort online fr\u00e5n Ograsmarknad. Blueberry Kush till salu k\u00e4nd f\u00f6r sin b\u00e4rsmak och djupt avslappnande cannabiseffekter.","og_url":"https:\/\/ograsmarknad.com\/es\/product\/blueberry-kush\/","og_site_name":"Ogras Marknad","article_modified_time":"2026-03-14T06:51:24+00:00","og_image":[{"width":600,"height":600,"url":"https:\/\/ograsmarknad.com\/wp-content\/uploads\/2021\/11\/blueberry-kush.jpg","type":"image\/jpeg"}],"twitter_card":"summary_large_image","twitter_misc":{"Tiempo de lectura":"2 minutos"},"schema":{"@context":"https:\/\/schema.org","@graph":[{"@type":"WebPage","@id":"https:\/\/ograsmarknad.com\/product\/blueberry-kush\/","url":"https:\/\/ograsmarknad.com\/product\/blueberry-kush\/","name":"Variedad de marihuana Blueberry Kush a la venta \u2013 Compra Blueberry Kush en l\u00ednea","isPartOf":{"@id":"https:\/\/ograsmarknad.com\/#website"},"primaryImageOfPage":{"@id":"https:\/\/ograsmarknad.com\/product\/blueberry-kush\/#primaryimage"},"image":{"@id":"https:\/\/ograsmarknad.com\/product\/blueberry-kush\/#primaryimage"},"thumbnailUrl":"https:\/\/ograsmarknad.com\/wp-content\/uploads\/2021\/11\/blueberry-kush.jpg","datePublished":"2021-11-08T08:15:52+00:00","dateModified":"2026-03-14T06:51:24+00:00","description":"Compra la variedad de cannabis Blueberry Kush en l\u00ednea en Ograsmarknad. Blueberry Kush a la venta, conocida por su sabor a bayas y sus efectos profundamente relajantes.","breadcrumb":{"@id":"https:\/\/ograsmarknad.com\/product\/blueberry-kush\/#breadcrumb"},"inLanguage":"es","potentialAction":[{"@type":"ReadAction","target":["https:\/\/ograsmarknad.com\/product\/blueberry-kush\/"]}]},{"@type":"ImageObject","inLanguage":"es","@id":"https:\/\/ograsmarknad.com\/product\/blueberry-kush\/#primaryimage","url":"https:\/\/ograsmarknad.com\/wp-content\/uploads\/2021\/11\/blueberry-kush.jpg","contentUrl":"https:\/\/ograsmarknad.com\/wp-content\/uploads\/2021\/11\/blueberry-kush.jpg","width":600,"height":600,"caption":"blueberry-kush"},{"@type":"BreadcrumbList","@id":"https:\/\/ograsmarknad.com\/product\/blueberry-kush\/#breadcrumb","itemListElement":[{"@type":"ListItem","position":1,"name":"Home","item":"https:\/\/ograsmarknad.com\/"},{"@type":"ListItem","position":2,"name":"Shop","item":"https:\/\/ograsmarknad.com\/shop\/"},{"@type":"ListItem","position":3,"name":"Blueberry Kush"}]},{"@type":"WebSite","@id":"https:\/\/ograsmarknad.com\/#website","url":"https:\/\/ograsmarknad.com\/","name":"Ogras Marknad","description":"Ogras Marknad","potentialAction":[{"@type":"SearchAction","target":{"@type":"EntryPoint","urlTemplate":"https:\/\/ograsmarknad.com\/?s={search_term_string}"},"query-input":{"@type":"PropertyValueSpecification","valueRequired":true,"valueName":"search_term_string"}}],"inLanguage":"es"}]}},"_links":{"self":[{"href":"https:\/\/ograsmarknad.com\/es\/wp-json\/wp\/v2\/product\/9734","targetHints":{"allow":["GET"]}}],"collection":[{"href":"https:\/\/ograsmarknad.com\/es\/wp-json\/wp\/v2\/product"}],"about":[{"href":"https:\/\/ograsmarknad.com\/es\/wp-json\/wp\/v2\/types\/product"}],"replies":[{"embeddable":true,"href":"https:\/\/ograsmarknad.com\/es\/wp-json\/wp\/v2\/comments?post=9734"}],"wp:featuredmedia":[{"embeddable":true,"href":"https:\/\/ograsmarknad.com\/es\/wp-json\/wp\/v2\/media\/9739"}],"wp:attachment":[{"href":"https:\/\/ograsmarknad.com\/es\/wp-json\/wp\/v2\/media?parent=9734"}],"wp:term":[{"taxonomy":"product_cat","embeddable":true,"href":"https:\/\/ograsmarknad.com\/es\/wp-json\/wp\/v2\/product_cat?post=9734"},{"taxonomy":"product_tag","embeddable":true,"href":"https:\/\/ograsmarknad.com\/es\/wp-json\/wp\/v2\/product_tag?post=9734"}],"curies":[{"name":"wp","href":"https:\/\/api.w.org\/{rel}","templated":true}]}}