{"id":9746,"date":"2021-11-08T08:24:29","date_gmt":"2021-11-08T08:24:29","guid":{"rendered":"https:\/\/ograsmarknad.com\/?post_type=product&#038;p=9746"},"modified":"2026-03-14T06:51:06","modified_gmt":"2026-03-14T06:51:06","slug":"hawaiian-snow","status":"publish","type":"product","link":"https:\/\/ograsmarknad.com\/es\/product\/hawaiian-snow\/","title":{"rendered":"Hawaiian Snow"},"content":{"rendered":"<h2 style=\"text-align: justify;\">El mejor lugar para comprar Hawaiian Snow Online Suecia, Finlandia, \u00c5land, Dinamarca, Estonia, Noruega a precios econ\u00f3micos: \u00a1Ogras Marknad!<\/h2>\n<p style=\"text-align: justify;\"><strong>Hawaiian Snow, a la venta, es una variedad sativa pura que ha ganado numerosos campeonatos y se ha reportado que tiene un nivel de THC de hasta el 24 %. Debido a sus potentes efectos cerebrales, aturdidos y confusos, esta variedad se clasifica como Haze.<\/strong><\/p>\n<p style=\"text-align: justify;\"><a href=\"https:\/\/ograsmarknad.com\/es\/product\/hawaiian-snow\/\">Hawaiian Snows<\/a> suele ir acompa\u00f1ado de energ\u00eda y originalidad. Estas oleadas de felicidad comienzan en la cabeza y se extienden por todo el cuerpo, calm\u00e1ndolo y relaj\u00e1ndolo. Algunos usuarios experimentan potentes sensaciones, mientras que otros experimentan efectos cerebrales intensos y emocionantes. El aroma de esta variedad incluye notas a pino y florales. Entre los posibles efectos secundarios se incluyen bastoncillos de algod\u00f3n, sequedad ocular, desorientaci\u00f3n, psicosis o miedo. \u00a1Compra Hawaiian Snow online en Europa, Suecia, Finlandia, \u00c5land, Dinamarca, Estonia y Noruega ahora!<\/p>\n<h3 style=\"text-align: justify;\">Propiedades<\/h3>\n<p style=\"text-align: justify;\">La Nieve Hawaiana es excelente durante el d\u00eda y suele recomendarse para personas estresadas, ansiosas o deprimidas. Por otro lado, sus efectos f\u00edsicos pueden ayudar con el dolor cr\u00f3nico, como el dolor articular. La inflamaci\u00f3n tambi\u00e9n puede reducirse mediante la exposici\u00f3n. En ocasiones, los pacientes la usan para tratar las n\u00e1useas y los trastornos alimentarios. Las migra\u00f1as, el glaucoma, los dolores de cabeza y el insomnio se tratan con ella en menor medida.<\/p>\n<p style=\"text-align: justify;\">Las Haze, en concreto la Haze pura, la Hawaiian Haze y la Neville's Haze, son la fuente de la Hawaiian Snow. Green House Seeds desarroll\u00f3 esta variedad, que se puede cultivar tanto en interior como en exterior. En interior, estas plantas pueden producir hasta 700 gramos por metro cuadrado y florecen durante once semanas. Suelen madurar alrededor de junio en el hemisferio sur. En el hemisferio norte, se cultivan entre octubre y noviembre y pueden producir hasta 1200 gramos por planta.<\/p>\n<h3 style=\"text-align: justify;\">\u00a1Comparte los detalles de tu pedido hoy!<\/h3>\n<p style=\"text-align: justify;\"><a href=\"https:\/\/ograsmarknad.com\/es\/\">Ogras Marknad<\/a> est\u00e1 siempre a su disposici\u00f3n si desea comprar Hawaiian Snow en l\u00ednea en Europa, Suecia, Finlandia, \u00c5land, Dinamarca, Estonia y Noruega. Empacaremos su pedido y se lo enviaremos de forma segura en poco tiempo. Puede contactarnos directamente y compartir sus necesidades de Ogras Marknad. Estamos aqu\u00ed para entregarlo a tiempo. \u00a1Haga su pedido ahora!<\/p>","protected":false},"excerpt":{"rendered":"<p>For Wholesale please contact us at<br \/>\nWickr ID: @williamspro<br \/>\nor via Whatsapp<br \/>\n<img loading=\"lazy\" decoding=\"async\" class=\"size-full wp-image-10162 alignleft\" src=\"https:\/\/ograsmarknad.com\/wp-content\/uploads\/2021\/11\/trust.jpg\" alt=\"Trust German\" width=\"300\" height=\"129\" srcset=\"https:\/\/ograsmarknad.com\/wp-content\/uploads\/2021\/11\/trust.jpg 300w, https:\/\/ograsmarknad.com\/wp-content\/uploads\/2021\/11\/trust-18x8.jpg 18w\" sizes=\"auto, (max-width: 300px) 100vw, 300px\" \/><\/p>","protected":false},"featured_media":9751,"comment_status":"open","ping_status":"closed","template":"","meta":{"_joinchat":[]},"product_cat":[71],"product_tag":[],"class_list":{"0":"post-9746","1":"product","2":"type-product","3":"status-publish","4":"has-post-thumbnail","6":"product_cat-gras-sw","8":"first","9":"instock","10":"shipping-taxable","11":"purchasable","12":"product-type-variable","13":"has-default-attributes"},"yoast_head":"<!-- This site is optimized with the Yoast SEO plugin v26.3 - https:\/\/yoast.com\/wordpress\/plugins\/seo\/ -->\n<title>Hawaiian Snow ogr\u00e4ssort till salu \u2013 K\u00f6p Hawaiian Snow online<\/title>\n<meta name=\"description\" content=\"K\u00f6p Hawaiian Snow ogr\u00e4ssort online fr\u00e5n Ograsmarknad. Hawaiian Snow till salu k\u00e4nd f\u00f6r sina upplyftande sativaeffekter och tropiska cannabisarom.\" \/>\n<meta name=\"robots\" content=\"index, follow, max-snippet:-1, max-image-preview:large, max-video-preview:-1\" \/>\n<link rel=\"canonical\" href=\"https:\/\/ograsmarknad.com\/es\/product\/hawaiian-snow\/\" \/>\n<meta property=\"og:locale\" content=\"es_ES\" \/>\n<meta property=\"og:type\" content=\"article\" \/>\n<meta property=\"og:title\" content=\"Hawaiian Snow ogr\u00e4ssort till salu \u2013 K\u00f6p Hawaiian Snow online\" \/>\n<meta property=\"og:description\" content=\"K\u00f6p Hawaiian Snow ogr\u00e4ssort online fr\u00e5n Ograsmarknad. Hawaiian Snow till salu k\u00e4nd f\u00f6r sina upplyftande sativaeffekter och tropiska cannabisarom.\" \/>\n<meta property=\"og:url\" content=\"https:\/\/ograsmarknad.com\/es\/product\/hawaiian-snow\/\" \/>\n<meta property=\"og:site_name\" content=\"Ogras Marknad\" \/>\n<meta property=\"article:modified_time\" content=\"2026-03-14T06:51:06+00:00\" \/>\n<meta property=\"og:image\" content=\"https:\/\/ograsmarknad.com\/wp-content\/uploads\/2021\/11\/hawaiian-snow.jpg\" \/>\n\t<meta property=\"og:image:width\" content=\"600\" \/>\n\t<meta property=\"og:image:height\" content=\"600\" \/>\n\t<meta property=\"og:image:type\" content=\"image\/jpeg\" \/>\n<meta name=\"twitter:card\" content=\"summary_large_image\" \/>\n<meta name=\"twitter:label1\" content=\"Tiempo de lectura\" \/>\n\t<meta name=\"twitter:data1\" content=\"2 minutos\" \/>\n<!-- \/ Yoast SEO plugin. -->","yoast_head_json":{"title":"Variedad de marihuana Hawaiian Snow a la venta \u2013 Compra Hawaiian Snow online","description":"Compra la variedad de cannabis Hawaiian Snow en l\u00ednea en Weed Market. Hawaiian Snow est\u00e1 a la venta y es conocida por sus efectos estimulantes de sativa y su aroma tropical.","robots":{"index":"index","follow":"follow","max-snippet":"max-snippet:-1","max-image-preview":"max-image-preview:large","max-video-preview":"max-video-preview:-1"},"canonical":"https:\/\/ograsmarknad.com\/es\/product\/hawaiian-snow\/","og_locale":"es_ES","og_type":"article","og_title":"Hawaiian Snow ogr\u00e4ssort till salu \u2013 K\u00f6p Hawaiian Snow online","og_description":"K\u00f6p Hawaiian Snow ogr\u00e4ssort online fr\u00e5n Ograsmarknad. Hawaiian Snow till salu k\u00e4nd f\u00f6r sina upplyftande sativaeffekter och tropiska cannabisarom.","og_url":"https:\/\/ograsmarknad.com\/es\/product\/hawaiian-snow\/","og_site_name":"Ogras Marknad","article_modified_time":"2026-03-14T06:51:06+00:00","og_image":[{"width":600,"height":600,"url":"https:\/\/ograsmarknad.com\/wp-content\/uploads\/2021\/11\/hawaiian-snow.jpg","type":"image\/jpeg"}],"twitter_card":"summary_large_image","twitter_misc":{"Tiempo de lectura":"2 minutos"},"schema":{"@context":"https:\/\/schema.org","@graph":[{"@type":"WebPage","@id":"https:\/\/ograsmarknad.com\/product\/hawaiian-snow\/","url":"https:\/\/ograsmarknad.com\/product\/hawaiian-snow\/","name":"Variedad de marihuana Hawaiian Snow a la venta \u2013 Compra Hawaiian Snow online","isPartOf":{"@id":"https:\/\/ograsmarknad.com\/#website"},"primaryImageOfPage":{"@id":"https:\/\/ograsmarknad.com\/product\/hawaiian-snow\/#primaryimage"},"image":{"@id":"https:\/\/ograsmarknad.com\/product\/hawaiian-snow\/#primaryimage"},"thumbnailUrl":"https:\/\/ograsmarknad.com\/wp-content\/uploads\/2021\/11\/hawaiian-snow.jpg","datePublished":"2021-11-08T08:24:29+00:00","dateModified":"2026-03-14T06:51:06+00:00","description":"Compra la variedad de cannabis Hawaiian Snow en l\u00ednea en Weed Market. Hawaiian Snow est\u00e1 a la venta y es conocida por sus efectos estimulantes de sativa y su aroma tropical.","breadcrumb":{"@id":"https:\/\/ograsmarknad.com\/product\/hawaiian-snow\/#breadcrumb"},"inLanguage":"es","potentialAction":[{"@type":"ReadAction","target":["https:\/\/ograsmarknad.com\/product\/hawaiian-snow\/"]}]},{"@type":"ImageObject","inLanguage":"es","@id":"https:\/\/ograsmarknad.com\/product\/hawaiian-snow\/#primaryimage","url":"https:\/\/ograsmarknad.com\/wp-content\/uploads\/2021\/11\/hawaiian-snow.jpg","contentUrl":"https:\/\/ograsmarknad.com\/wp-content\/uploads\/2021\/11\/hawaiian-snow.jpg","width":600,"height":600,"caption":"hawaiian-snow"},{"@type":"BreadcrumbList","@id":"https:\/\/ograsmarknad.com\/product\/hawaiian-snow\/#breadcrumb","itemListElement":[{"@type":"ListItem","position":1,"name":"Home","item":"https:\/\/ograsmarknad.com\/"},{"@type":"ListItem","position":2,"name":"Shop","item":"https:\/\/ograsmarknad.com\/shop\/"},{"@type":"ListItem","position":3,"name":"Hawaiian Snow"}]},{"@type":"WebSite","@id":"https:\/\/ograsmarknad.com\/#website","url":"https:\/\/ograsmarknad.com\/","name":"Ogras Marknad","description":"Ogras Marknad","potentialAction":[{"@type":"SearchAction","target":{"@type":"EntryPoint","urlTemplate":"https:\/\/ograsmarknad.com\/?s={search_term_string}"},"query-input":{"@type":"PropertyValueSpecification","valueRequired":true,"valueName":"search_term_string"}}],"inLanguage":"es"}]}},"_links":{"self":[{"href":"https:\/\/ograsmarknad.com\/es\/wp-json\/wp\/v2\/product\/9746","targetHints":{"allow":["GET"]}}],"collection":[{"href":"https:\/\/ograsmarknad.com\/es\/wp-json\/wp\/v2\/product"}],"about":[{"href":"https:\/\/ograsmarknad.com\/es\/wp-json\/wp\/v2\/types\/product"}],"replies":[{"embeddable":true,"href":"https:\/\/ograsmarknad.com\/es\/wp-json\/wp\/v2\/comments?post=9746"}],"wp:featuredmedia":[{"embeddable":true,"href":"https:\/\/ograsmarknad.com\/es\/wp-json\/wp\/v2\/media\/9751"}],"wp:attachment":[{"href":"https:\/\/ograsmarknad.com\/es\/wp-json\/wp\/v2\/media?parent=9746"}],"wp:term":[{"taxonomy":"product_cat","embeddable":true,"href":"https:\/\/ograsmarknad.com\/es\/wp-json\/wp\/v2\/product_cat?post=9746"},{"taxonomy":"product_tag","embeddable":true,"href":"https:\/\/ograsmarknad.com\/es\/wp-json\/wp\/v2\/product_tag?post=9746"}],"curies":[{"name":"wp","href":"https:\/\/api.w.org\/{rel}","templated":true}]}}