{"id":9782,"date":"2021-11-08T09:02:04","date_gmt":"2021-11-08T09:02:04","guid":{"rendered":"https:\/\/ograsmarknad.com\/?post_type=product&#038;p=9782"},"modified":"2026-03-16T10:33:50","modified_gmt":"2026-03-16T10:33:50","slug":"super-silver-haze","status":"publish","type":"product","link":"https:\/\/ograsmarknad.com\/es\/product\/super-silver-haze\/","title":{"rendered":"Super Silver Haze"},"content":{"rendered":"<h2 style=\"text-align: justify;\">Comprar Super Silver Haze Online a precios bajos en Ogras Marknad<\/h2>\n<p style=\"text-align: justify;\"><a href=\"https:\/\/ograsmarknad.com\/es\/product\/super-silver-haze\/\">Super Silver Haze<\/a> es un h\u00edbrido de las variedades Haze, Northern Lights y Skunk. Tenemos Super Silver Haze a la venta a los mejores precios. El resultado final es incre\u00edble y te da la experiencia Sativa \u00fanica que siempre has querido. La Super Silver Haze te da el subid\u00f3n corporal m\u00e1s energizante que dura mucho tiempo. Tambi\u00e9n tiene una influencia poderosa e inspiradora. Como resultado, si est\u00e1s enfermo o no has comido en un tiempo, tendr\u00e1s m\u00e1s posibilidades de sobrellevar un alto nivel de estr\u00e9s. Todo esto se restablecer\u00e1 gracias a Super Silver Haze. Compra Super Silver Haze en Suecia, Finlandia, \u00c5land, Dinamarca, Estonia y Noruega en nuestra tienda ahora.<\/p>\n<p style=\"text-align: justify;\">La Super Silver Haze online en Europa es un h\u00edbrido de predominancia Sativa que produce un efecto duradero. Tiene un contenido medio de THC del 18% y un contenido de CBD del 0,10%. No s\u00f3lo te sentir\u00e1s tranquilo y relajado, sino que tambi\u00e9n podr\u00e1s realizar tareas importantes durante el d\u00eda. Esto contrasta con algunas otras cepas, que tienden a hacerte sentir como una patata de sof\u00e1.<\/p>\n<h3 style=\"text-align: justify;\">Beneficios<\/h3>\n<p style=\"text-align: justify;\">Muchos usuarios de esta cepa han declarado que tiene excelentes propiedades terap\u00e9uticas. Especias, skunk y c\u00edtricos son todos los sabores que se encuentran en la Super Silver Haze, que tiene fuertes efectos psicotr\u00f3picos y f\u00edsicos. La Super Silver Haze cambia y empieza a relajar el cuerpo en la segunda parte de su duradero subid\u00f3n, que no puede ser m\u00e1s motivador. Los colores se vuelven m\u00e1s brillantes y los tonos se agudizan para que los usuarios puedan disfrutarla. Para la mayor\u00eda de los usuarios, la cepa puede ser un tratamiento diario \u00fatil para la fatiga, los problemas de humor, las n\u00e1useas y las migra\u00f1as. Otros pueden experimentar m\u00e1s s\u00edntomas f\u00edsicos que otros, pero puede ayudar con afecciones cr\u00f3nicas.<\/p>\n<p style=\"text-align: justify;\">Esta cepa ha crecido indudablemente en popularidad en los \u00faltimos a\u00f1os. Sin embargo, los usuarios de esta cepa siguen teniendo problemas para encontrar la Super Silver Haze en l\u00ednea. Esto se debe al hecho de que la mayor\u00eda de ellos prefieren comprar en farmacias online. Sin embargo, siempre estamos ah\u00ed para satisfacer sus necesidades de compra. Disfrute de su d\u00eda y divi\u00e9rtase comprando en nuestra tienda online. Encuentre su pedido para comprar Super Silver Haze en Suecia, Finlandia, \u00c5land, Dinamarca, Estonia y Noruega hoy mismo.<\/p>","protected":false},"excerpt":{"rendered":"<p>For Wholesale please contact us at<br \/>\nWickr ID: @williamspro<br \/>\nor via Whatsapp<br \/>\n<img loading=\"lazy\" decoding=\"async\" class=\"size-full wp-image-10162 alignleft\" src=\"https:\/\/ograsmarknad.com\/wp-content\/uploads\/2021\/11\/trust.jpg\" alt=\"Trust German\" width=\"300\" height=\"129\" srcset=\"https:\/\/ograsmarknad.com\/wp-content\/uploads\/2021\/11\/trust.jpg 300w, https:\/\/ograsmarknad.com\/wp-content\/uploads\/2021\/11\/trust-18x8.jpg 18w\" sizes=\"auto, (max-width: 300px) 100vw, 300px\" \/><\/p>","protected":false},"featured_media":9787,"comment_status":"open","ping_status":"closed","template":"","meta":{"_joinchat":[]},"product_cat":[71],"product_tag":[],"class_list":{"0":"post-9782","1":"product","2":"type-product","3":"status-publish","4":"has-post-thumbnail","6":"product_cat-gras-sw","8":"first","9":"instock","10":"shipping-taxable","11":"purchasable","12":"product-type-variable","13":"has-default-attributes"},"yoast_head":"<!-- This site is optimized with the Yoast SEO plugin v26.3 - https:\/\/yoast.com\/wordpress\/plugins\/seo\/ -->\n<title>Super Silver Haze ogr\u00e4ssort till salu \u2013 K\u00f6p Super Silver Haze online<\/title>\n<meta name=\"description\" content=\"K\u00f6p Super Silver Haze ogr\u00e4ssort online fr\u00e5n Ograsmarknad. Super Silver Haze till salu k\u00e4nd f\u00f6r sina energiska, upplyftande sativa-effekter och citrus-tallarom.\" \/>\n<meta name=\"robots\" content=\"index, follow, max-snippet:-1, max-image-preview:large, max-video-preview:-1\" \/>\n<link rel=\"canonical\" href=\"https:\/\/ograsmarknad.com\/es\/product\/super-silver-haze\/\" \/>\n<meta property=\"og:locale\" content=\"es_ES\" \/>\n<meta property=\"og:type\" content=\"article\" \/>\n<meta property=\"og:title\" content=\"Super Silver Haze ogr\u00e4ssort till salu \u2013 K\u00f6p Super Silver Haze online\" \/>\n<meta property=\"og:description\" content=\"K\u00f6p Super Silver Haze ogr\u00e4ssort online fr\u00e5n Ograsmarknad. Super Silver Haze till salu k\u00e4nd f\u00f6r sina energiska, upplyftande sativa-effekter och citrus-tallarom.\" \/>\n<meta property=\"og:url\" content=\"https:\/\/ograsmarknad.com\/es\/product\/super-silver-haze\/\" \/>\n<meta property=\"og:site_name\" content=\"Ogras Marknad\" \/>\n<meta property=\"article:modified_time\" content=\"2026-03-16T10:33:50+00:00\" \/>\n<meta property=\"og:image\" content=\"https:\/\/ograsmarknad.com\/wp-content\/uploads\/2021\/11\/super-silver-haze.jpg\" \/>\n\t<meta property=\"og:image:width\" content=\"600\" \/>\n\t<meta property=\"og:image:height\" content=\"600\" \/>\n\t<meta property=\"og:image:type\" content=\"image\/jpeg\" \/>\n<meta name=\"twitter:card\" content=\"summary_large_image\" \/>\n<meta name=\"twitter:label1\" content=\"Tiempo de lectura\" \/>\n\t<meta name=\"twitter:data1\" content=\"2 minutos\" \/>\n<!-- \/ Yoast SEO plugin. -->","yoast_head_json":{"title":"Variedad de marihuana Super Silver Haze a la venta \u2013 Compra Super Silver Haze online","description":"Compra la variedad de cannabis Super Silver Haze en l\u00ednea en Weed Market. Super Silver Haze est\u00e1 a la venta y es conocida por sus efectos sativa energizantes y estimulantes, as\u00ed como por su aroma c\u00edtrico y a pino.","robots":{"index":"index","follow":"follow","max-snippet":"max-snippet:-1","max-image-preview":"max-image-preview:large","max-video-preview":"max-video-preview:-1"},"canonical":"https:\/\/ograsmarknad.com\/es\/product\/super-silver-haze\/","og_locale":"es_ES","og_type":"article","og_title":"Super Silver Haze ogr\u00e4ssort till salu \u2013 K\u00f6p Super Silver Haze online","og_description":"K\u00f6p Super Silver Haze ogr\u00e4ssort online fr\u00e5n Ograsmarknad. Super Silver Haze till salu k\u00e4nd f\u00f6r sina energiska, upplyftande sativa-effekter och citrus-tallarom.","og_url":"https:\/\/ograsmarknad.com\/es\/product\/super-silver-haze\/","og_site_name":"Ogras Marknad","article_modified_time":"2026-03-16T10:33:50+00:00","og_image":[{"width":600,"height":600,"url":"https:\/\/ograsmarknad.com\/wp-content\/uploads\/2021\/11\/super-silver-haze.jpg","type":"image\/jpeg"}],"twitter_card":"summary_large_image","twitter_misc":{"Tiempo de lectura":"2 minutos"},"schema":{"@context":"https:\/\/schema.org","@graph":[{"@type":"WebPage","@id":"https:\/\/ograsmarknad.com\/product\/super-silver-haze\/","url":"https:\/\/ograsmarknad.com\/product\/super-silver-haze\/","name":"Variedad de marihuana Super Silver Haze a la venta \u2013 Compra Super Silver Haze online","isPartOf":{"@id":"https:\/\/ograsmarknad.com\/#website"},"primaryImageOfPage":{"@id":"https:\/\/ograsmarknad.com\/product\/super-silver-haze\/#primaryimage"},"image":{"@id":"https:\/\/ograsmarknad.com\/product\/super-silver-haze\/#primaryimage"},"thumbnailUrl":"https:\/\/ograsmarknad.com\/wp-content\/uploads\/2021\/11\/super-silver-haze.jpg","datePublished":"2021-11-08T09:02:04+00:00","dateModified":"2026-03-16T10:33:50+00:00","description":"Compra la variedad de cannabis Super Silver Haze en l\u00ednea en Weed Market. Super Silver Haze est\u00e1 a la venta y es conocida por sus efectos sativa energizantes y estimulantes, as\u00ed como por su aroma c\u00edtrico y a pino.","breadcrumb":{"@id":"https:\/\/ograsmarknad.com\/product\/super-silver-haze\/#breadcrumb"},"inLanguage":"es","potentialAction":[{"@type":"ReadAction","target":["https:\/\/ograsmarknad.com\/product\/super-silver-haze\/"]}]},{"@type":"ImageObject","inLanguage":"es","@id":"https:\/\/ograsmarknad.com\/product\/super-silver-haze\/#primaryimage","url":"https:\/\/ograsmarknad.com\/wp-content\/uploads\/2021\/11\/super-silver-haze.jpg","contentUrl":"https:\/\/ograsmarknad.com\/wp-content\/uploads\/2021\/11\/super-silver-haze.jpg","width":600,"height":600,"caption":"super-silver-haze"},{"@type":"BreadcrumbList","@id":"https:\/\/ograsmarknad.com\/product\/super-silver-haze\/#breadcrumb","itemListElement":[{"@type":"ListItem","position":1,"name":"Home","item":"https:\/\/ograsmarknad.com\/"},{"@type":"ListItem","position":2,"name":"Shop","item":"https:\/\/ograsmarknad.com\/shop\/"},{"@type":"ListItem","position":3,"name":"Super Silver Haze"}]},{"@type":"WebSite","@id":"https:\/\/ograsmarknad.com\/#website","url":"https:\/\/ograsmarknad.com\/","name":"Ogras Marknad","description":"Ogras Marknad","potentialAction":[{"@type":"SearchAction","target":{"@type":"EntryPoint","urlTemplate":"https:\/\/ograsmarknad.com\/?s={search_term_string}"},"query-input":{"@type":"PropertyValueSpecification","valueRequired":true,"valueName":"search_term_string"}}],"inLanguage":"es"}]}},"_links":{"self":[{"href":"https:\/\/ograsmarknad.com\/es\/wp-json\/wp\/v2\/product\/9782","targetHints":{"allow":["GET"]}}],"collection":[{"href":"https:\/\/ograsmarknad.com\/es\/wp-json\/wp\/v2\/product"}],"about":[{"href":"https:\/\/ograsmarknad.com\/es\/wp-json\/wp\/v2\/types\/product"}],"replies":[{"embeddable":true,"href":"https:\/\/ograsmarknad.com\/es\/wp-json\/wp\/v2\/comments?post=9782"}],"wp:featuredmedia":[{"embeddable":true,"href":"https:\/\/ograsmarknad.com\/es\/wp-json\/wp\/v2\/media\/9787"}],"wp:attachment":[{"href":"https:\/\/ograsmarknad.com\/es\/wp-json\/wp\/v2\/media?parent=9782"}],"wp:term":[{"taxonomy":"product_cat","embeddable":true,"href":"https:\/\/ograsmarknad.com\/es\/wp-json\/wp\/v2\/product_cat?post=9782"},{"taxonomy":"product_tag","embeddable":true,"href":"https:\/\/ograsmarknad.com\/es\/wp-json\/wp\/v2\/product_tag?post=9782"}],"curies":[{"name":"wp","href":"https:\/\/api.w.org\/{rel}","templated":true}]}}