{"id":9817,"date":"2021-11-08T15:09:58","date_gmt":"2021-11-08T15:09:58","guid":{"rendered":"https:\/\/ograsmarknad.com\/?post_type=product&#038;p=9817"},"modified":"2024-05-31T05:26:05","modified_gmt":"2024-05-31T05:26:05","slug":"lemon-tree-hash","status":"publish","type":"product","link":"https:\/\/ograsmarknad.com\/es\/product\/lemon-tree-hash\/","title":{"rendered":"Lemon Tree Hash"},"content":{"rendered":"<h2 style=\"text-align: justify;\">\u00a1Comprar Hash de Lim\u00f3n online a los mejores precios en Ogras Market!<\/h2>\n<p style=\"text-align: justify;\">El hach\u00eds de \u00e1rbol de lim\u00f3n, o simplemente \"\u00e1rbol de lim\u00f3n\", es una cepa h\u00edbrida 50\/50 generada al mezclar las maravillosas cepas lemon arts y sour diesel. Gracias a su llamativo sabor y a su asombroso nivel de THC del 20-25 por ciento de media, esta Monster recibi\u00f3 el primer puesto en la Seattle Cannabis Cup de 2014 como mejor h\u00edbrido. Si quieres comprar hach\u00eds de limonero online en Suecia, Finlandia, \u00c5land, Dinamarca, Estonia y Noruega, entonces somos la mejor opci\u00f3n para ti. \u00a1Haz tu pedido de limonero online hoy mismo!<\/p>\n<h3 style=\"text-align: justify;\">Gusto por<\/h3>\n<p style=\"text-align: justify;\">La limonera en venta tiene el sabor a lim\u00f3n muy \u00e1cido y a diesel mofeta que se espera de su origen. El aroma es igualmente intenso, con un trasfondo terroso de diesel y un lim\u00f3n agrio y duro.<\/p>\n<h3 style=\"text-align: justify;\">Apariencia<\/h3>\n<p style=\"text-align: justify;\">Los cogollos del limonero contienen cogollos redondos, de color verde oliva oscuro, con una densa capa de tricomas cristalinos ultrafinos y deslumbrantes y una gruesa capa de pelos amarillos difusos.<\/p>\n<h3 style=\"text-align: justify;\">Efectos<\/h3>\n<p style=\"text-align: justify;\">La lemon tree es un h\u00edbrido t\u00edpico, con efectos que afectan tanto a la mente como al cuerpo con una potencia inesperada, capaz de abrumar incluso al usuario m\u00e1s experimentado. Experimentar\u00e1s un subid\u00f3n euf\u00f3rico al principio del coloc\u00f3n, que inundar\u00e1 tu cabeza de visiones felices y te dejar\u00e1 exultante. Tu cuerpo empezar\u00e1 a experimentar un leve cosquilleo que pronto se convertir\u00e1 en un zumbido completo, manteni\u00e9ndote c\u00f3modo y un poco entumecido, libre de dolores f\u00edsicos mientras tu estado mental crece. Junto con su alto contenido de THC, estos efectos mixtos dan al limonero una ventaja en el tratamiento de dolencias como el dolor cr\u00f3nico, la inflamaci\u00f3n, la fatiga y el insomnio.<\/p>\n<p style=\"text-align: justify;\"><em>Pide hach\u00eds de limonero online en Suecia, Finlandia, \u00c5land, Dinamarca, Estonia y Noruega hoy mismo en Ogras Marknad.<\/em><\/p>","protected":false},"excerpt":{"rendered":"<p>For Wholesale please contact us at<br \/>\nWickr ID: @williamspro<br \/>\nor via Whatsapp<br \/>\n<img loading=\"lazy\" decoding=\"async\" class=\"size-full wp-image-10162 alignleft\" src=\"https:\/\/ograsmarknad.com\/wp-content\/uploads\/2021\/11\/trust.jpg\" alt=\"Trust German\" width=\"300\" height=\"129\" srcset=\"https:\/\/ograsmarknad.com\/wp-content\/uploads\/2021\/11\/trust.jpg 300w, https:\/\/ograsmarknad.com\/wp-content\/uploads\/2021\/11\/trust-18x8.jpg 18w\" sizes=\"auto, (max-width: 300px) 100vw, 300px\" \/><\/p>","protected":false},"featured_media":9822,"comment_status":"open","ping_status":"closed","template":"","meta":{"_joinchat":[]},"product_cat":[72],"product_tag":[],"class_list":{"0":"post-9817","1":"product","2":"type-product","3":"status-publish","4":"has-post-thumbnail","6":"product_cat-hash","8":"first","9":"instock","10":"shipping-taxable","11":"purchasable","12":"product-type-variable","13":"has-default-attributes"},"yoast_head":"<!-- This site is optimized with the Yoast SEO plugin v26.3 - https:\/\/yoast.com\/wordpress\/plugins\/seo\/ -->\n<title>Lemon Tree Hash - Ogras Marknad<\/title>\n<meta name=\"robots\" content=\"index, follow, max-snippet:-1, max-image-preview:large, max-video-preview:-1\" \/>\n<link rel=\"canonical\" href=\"https:\/\/ograsmarknad.com\/es\/product\/lemon-tree-hash\/\" \/>\n<meta property=\"og:locale\" content=\"es_ES\" \/>\n<meta property=\"og:type\" content=\"article\" \/>\n<meta property=\"og:title\" content=\"Lemon Tree Hash - Ogras Marknad\" \/>\n<meta property=\"og:description\" content=\"For Wholesale please contact us at Wickr ID: @williamspro or via Whatsapp\" \/>\n<meta property=\"og:url\" content=\"https:\/\/ograsmarknad.com\/es\/product\/lemon-tree-hash\/\" \/>\n<meta property=\"og:site_name\" content=\"Ogras Marknad\" \/>\n<meta property=\"article:modified_time\" content=\"2024-05-31T05:26:05+00:00\" \/>\n<meta property=\"og:image\" content=\"https:\/\/ograsmarknad.com\/wp-content\/uploads\/2021\/11\/lemon-tree-hash.jpg\" \/>\n\t<meta property=\"og:image:width\" content=\"600\" \/>\n\t<meta property=\"og:image:height\" content=\"600\" \/>\n\t<meta property=\"og:image:type\" content=\"image\/jpeg\" \/>\n<meta name=\"twitter:card\" content=\"summary_large_image\" \/>\n<meta name=\"twitter:label1\" content=\"Tiempo de lectura\" \/>\n\t<meta name=\"twitter:data1\" content=\"2 minutos\" \/>\n<!-- \/ Yoast SEO plugin. -->","yoast_head_json":{"title":"Hach\u00eds de limonero - OgrasMarknad","robots":{"index":"index","follow":"follow","max-snippet":"max-snippet:-1","max-image-preview":"max-image-preview:large","max-video-preview":"max-video-preview:-1"},"canonical":"https:\/\/ograsmarknad.com\/es\/product\/lemon-tree-hash\/","og_locale":"es_ES","og_type":"article","og_title":"Lemon Tree Hash - Ogras Marknad","og_description":"For Wholesale please contact us at Wickr ID: @williamspro or via Whatsapp","og_url":"https:\/\/ograsmarknad.com\/es\/product\/lemon-tree-hash\/","og_site_name":"Ogras Marknad","article_modified_time":"2024-05-31T05:26:05+00:00","og_image":[{"width":600,"height":600,"url":"https:\/\/ograsmarknad.com\/wp-content\/uploads\/2021\/11\/lemon-tree-hash.jpg","type":"image\/jpeg"}],"twitter_card":"summary_large_image","twitter_misc":{"Tiempo de lectura":"2 minutos"},"schema":{"@context":"https:\/\/schema.org","@graph":[{"@type":"WebPage","@id":"https:\/\/ograsmarknad.com\/product\/lemon-tree-hash\/","url":"https:\/\/ograsmarknad.com\/product\/lemon-tree-hash\/","name":"Hach\u00eds de limonero - OgrasMarknad","isPartOf":{"@id":"https:\/\/ograsmarknad.com\/#website"},"primaryImageOfPage":{"@id":"https:\/\/ograsmarknad.com\/product\/lemon-tree-hash\/#primaryimage"},"image":{"@id":"https:\/\/ograsmarknad.com\/product\/lemon-tree-hash\/#primaryimage"},"thumbnailUrl":"https:\/\/ograsmarknad.com\/wp-content\/uploads\/2021\/11\/lemon-tree-hash.jpg","datePublished":"2021-11-08T15:09:58+00:00","dateModified":"2024-05-31T05:26:05+00:00","breadcrumb":{"@id":"https:\/\/ograsmarknad.com\/product\/lemon-tree-hash\/#breadcrumb"},"inLanguage":"es","potentialAction":[{"@type":"ReadAction","target":["https:\/\/ograsmarknad.com\/product\/lemon-tree-hash\/"]}]},{"@type":"ImageObject","inLanguage":"es","@id":"https:\/\/ograsmarknad.com\/product\/lemon-tree-hash\/#primaryimage","url":"https:\/\/ograsmarknad.com\/wp-content\/uploads\/2021\/11\/lemon-tree-hash.jpg","contentUrl":"https:\/\/ograsmarknad.com\/wp-content\/uploads\/2021\/11\/lemon-tree-hash.jpg","width":600,"height":600,"caption":"lemon-tree-hash"},{"@type":"BreadcrumbList","@id":"https:\/\/ograsmarknad.com\/product\/lemon-tree-hash\/#breadcrumb","itemListElement":[{"@type":"ListItem","position":1,"name":"Home","item":"https:\/\/ograsmarknad.com\/"},{"@type":"ListItem","position":2,"name":"Shop","item":"https:\/\/ograsmarknad.com\/shop\/"},{"@type":"ListItem","position":3,"name":"Lemon Tree Hash"}]},{"@type":"WebSite","@id":"https:\/\/ograsmarknad.com\/#website","url":"https:\/\/ograsmarknad.com\/","name":"Ogras Marknad","description":"Ogras Marknad","potentialAction":[{"@type":"SearchAction","target":{"@type":"EntryPoint","urlTemplate":"https:\/\/ograsmarknad.com\/?s={search_term_string}"},"query-input":{"@type":"PropertyValueSpecification","valueRequired":true,"valueName":"search_term_string"}}],"inLanguage":"es"}]}},"_links":{"self":[{"href":"https:\/\/ograsmarknad.com\/es\/wp-json\/wp\/v2\/product\/9817","targetHints":{"allow":["GET"]}}],"collection":[{"href":"https:\/\/ograsmarknad.com\/es\/wp-json\/wp\/v2\/product"}],"about":[{"href":"https:\/\/ograsmarknad.com\/es\/wp-json\/wp\/v2\/types\/product"}],"replies":[{"embeddable":true,"href":"https:\/\/ograsmarknad.com\/es\/wp-json\/wp\/v2\/comments?post=9817"}],"wp:featuredmedia":[{"embeddable":true,"href":"https:\/\/ograsmarknad.com\/es\/wp-json\/wp\/v2\/media\/9822"}],"wp:attachment":[{"href":"https:\/\/ograsmarknad.com\/es\/wp-json\/wp\/v2\/media?parent=9817"}],"wp:term":[{"taxonomy":"product_cat","embeddable":true,"href":"https:\/\/ograsmarknad.com\/es\/wp-json\/wp\/v2\/product_cat?post=9817"},{"taxonomy":"product_tag","embeddable":true,"href":"https:\/\/ograsmarknad.com\/es\/wp-json\/wp\/v2\/product_tag?post=9817"}],"curies":[{"name":"wp","href":"https:\/\/api.w.org\/{rel}","templated":true}]}}