{"id":9867,"date":"2021-11-09T09:46:58","date_gmt":"2021-11-09T09:46:58","guid":{"rendered":"https:\/\/ograsmarknad.com\/?post_type=product&#038;p=9867"},"modified":"2026-03-16T10:48:49","modified_gmt":"2026-03-16T10:48:49","slug":"thc-olja-i-grossistledet","status":"publish","type":"product","link":"https:\/\/ograsmarknad.com\/es\/product\/thc-olja-i-grossistledet\/","title":{"rendered":"\u00a0Aceite de THC al por mayor"},"content":{"rendered":"<h2 style=\"text-align: justify;\">\u00a1Comprar aceite de THC a precios baratos aqu\u00ed - Aceite de THC en venta - Ogras Marknad!<\/h2>\n<p style=\"text-align: justify;\">Kvalitet <a href=\"https:\/\/ograsmarknad.com\/es\/product\/thc-olja-i-grossistledet\/\">THC online till salu<\/a>Venta de THC de calidad online, Cuando fumar flores de cannabis para obtener THC (tetrahidrocannabinol) sigue siendo el m\u00e9todo de ingesti\u00f3n m\u00e1s popular, los aceites de Thc proporcionan una nueva forma de disfrutar del cannabis. Los aceites de THC se producen extrayendo el valioso THC y otros cannabinoides de la planta de cannabis. tambi\u00e9n puedes pedirnos aceites de k2 o papeles de k2 <a href=\"https:\/\/en.wikipedia.org\/w\/index.php?search=thc+oil+for+sale+&amp;title=Special%3ASearch&amp;go=Go&amp;ns0=1\">av<\/a> Tras varios procesos de extracci\u00f3n, los cannabinoides se suspenden en un aceite portador como el MCT o el de c\u00e1\u00f1amo. En Ogras Marknad, disponemos de aceite de THC a la venta en Suecia, Finlandia, \u00c5land, Dinamarca, Estonia y Noruega. Puede contactarnos directamente y realizar su pedido sin complicaciones.<\/p>\n<h3 style=\"text-align: justify;\">\u00bfCu\u00e1l es la mejor manera de utilizar el aceite de thc Cannabis en l\u00ednea para la venta en l\u00ednea - \u00bfD\u00f3nde puedo comprar marihuana de calidad en l\u00ednea?<\/h3>\n<p style=\"text-align: justify;\">El grueso del aceite est\u00e1 dise\u00f1ado para su uso en corrales o carros de armas. Algunos aceites de THC, especialmente los que tienen una consistencia m\u00e1s espesa, como el aceite RSO, son adecuados para su uso con un equipo DAB, ya que son m\u00e1s f\u00e1ciles de gotear sobre un clavo calentado de forma controlada. S\u00f3lo tienes que coger un bol\u00edgrafo o cartucho precargado y utilizarlo cuando quieras. Dabbing con <a href=\"https:\/\/ograsmarknad.com\/es\/product\/thc-olja-i-grossistledet\/\">en<\/a> Por otro lado, el vaporizador te ofrece mayor control; puedes aplicar la cantidad exacta de aceite que desees sobre el clavo caliente. Adem\u00e1s, algunos afirman que el dabbing produce resultados superiores. \u00a1Compra aceite de THC en l\u00ednea hoy mismo en Suecia, Finlandia, \u00c5land, Dinamarca, Estonia y Noruega!<\/p>\n<h3 style=\"text-align: justify;\">\u00bfEs seguro consumir aceite de THC? - Comprar aceite de cannabis en l\u00ednea<\/h3>\n<p style=\"text-align: justify;\">El aceite de THC se puede ingerir, aunque la mayor\u00eda de las personas prefieren la dosis sublingual (bajo la lengua) porque los efectos se pueden sentir si <a href=\"https:\/\/ograsmarknad.com\/es\/\">15<\/a> a 30 minutos, que es s\u00f3lo unos minutos m\u00e1s que la inhalaci\u00f3n. Al igual que cualquier otro tipo de comestible de cannabis, el aceite toma y el consumo puede tomar de 30 a 60 minutos para lograr los beneficios completos.<\/p>\n<p style=\"text-align: justify;\">Estamos aqu\u00ed para ayudarle a ordenar el aceite de Thc en l\u00ednea a precios baratos. \u00a1P\u00f3ngase en contacto con nuestra tienda en l\u00ednea y env\u00ede sus requerimientos!<\/p>\n<h3>uso del aceite de hach\u00eds<\/h3>\n<p>La jeringa de destilado de THC es una versi\u00f3n refinada y concentrada de THC para que puedas disfrutar del cannabis al m\u00e1ximo. Adem\u00e1s, los destilados de THC se pueden utilizar con fines recreativos, ayud\u00e1ndote a levantarte en cuesti\u00f3n de minutos. Puede que te sientas abrumado por la gran cantidad de informaci\u00f3n disponible, as\u00ed que Cannabud Post ha recopilado una breve gu\u00eda a continuaci\u00f3n. La informaci\u00f3n que aparece a continuaci\u00f3n est\u00e1 dise\u00f1ada para ayudarte a convertirte en un profesional del vaping de cannabis y esperamos poder darte algunos consejos antes de tu pr\u00f3xima sesi\u00f3n de fumada.<\/p>\n<p>Si quiere mantener el ACEITE de hierba en su lengua, los destilados de THC han demostrado ser una opci\u00f3n eficaz, as\u00ed que pru\u00e9belos, vea c\u00f3mo se siente y luego contin\u00fae. Comprar destilados de THC a granel en l\u00ednea<\/p>\n<p>Incluso hoy en d\u00eda, muchos consumidores no experimentados no est\u00e1n seguros de las diferencias entre el THC y el CBD. Con los cartuchos destilados es muy f\u00e1cil elegir entre comestibles de alta potencia con alto contenido de THC y bajo contenido de CBD. En el caso de los concentrados, los usuarios medicinales tienden a preferir comestibles de alta potencia, alto CBD y\/o bajo THC.<\/p>\n<h3><strong>Venta al por mayor de aceite de THC en l\u00ednea \\ ~ - Aceite de THC de calidad para la venta<\/strong><\/h3>\n<p>Hola, gente de Europa que usa aceite de thc a diario, tenemos buenas noticias para vosotros. Ograsmarknad os ofrece los mejores aceites de cannabis online. Distribuimos aceite de THC de alta calidad en toda Europa, Suecia, Dinamarca, B\u00e9lgica y el resto del mundo. Puede ponerse en contacto con nosotros para obtener el mejor precio y pedir su aceite de thc ahora mismo.<\/p>\n<p>&nbsp;<\/p>","protected":false},"excerpt":{"rendered":"<p>For Wholesale please contact us at<br \/>\nWickr ID: @williamspro<br \/>\nor via Whatsapp<br \/>\n<img loading=\"lazy\" decoding=\"async\" class=\"size-full wp-image-10162 alignleft\" src=\"https:\/\/ograsmarknad.com\/wp-content\/uploads\/2021\/11\/trust.jpg\" alt=\"Trust German\" width=\"300\" height=\"129\" srcset=\"https:\/\/ograsmarknad.com\/wp-content\/uploads\/2021\/11\/trust.jpg 300w, https:\/\/ograsmarknad.com\/wp-content\/uploads\/2021\/11\/trust-18x8.jpg 18w\" sizes=\"auto, (max-width: 300px) 100vw, 300px\" \/><\/p>","protected":false},"featured_media":9872,"comment_status":"open","ping_status":"closed","template":"","meta":{"_joinchat":[]},"product_cat":[74],"product_tag":[],"class_list":{"0":"post-9867","1":"product","2":"type-product","3":"status-publish","4":"has-post-thumbnail","6":"product_cat-thc-olja","8":"first","9":"instock","10":"shipping-taxable","11":"purchasable","12":"product-type-variable","13":"has-default-attributes"},"yoast_head":"<!-- This site is optimized with the Yoast SEO plugin v26.3 - https:\/\/yoast.com\/wordpress\/plugins\/seo\/ -->\n<title>THC-olja grossist till salu \u2013 K\u00f6p THC-olja i Grossistledet online<\/title>\n<meta name=\"description\" content=\"K\u00f6p THC-olja i Grossistledet online fr\u00e5n Ograsmarknad. THC-olja grossist till salu som erbjuder cannabisextrakt i bulk.\" \/>\n<meta name=\"robots\" content=\"index, follow, max-snippet:-1, max-image-preview:large, max-video-preview:-1\" \/>\n<link rel=\"canonical\" href=\"https:\/\/ograsmarknad.com\/es\/product\/thc-olja-i-grossistledet\/\" \/>\n<meta property=\"og:locale\" content=\"es_ES\" \/>\n<meta property=\"og:type\" content=\"article\" \/>\n<meta property=\"og:title\" content=\"THC-olja grossist till salu \u2013 K\u00f6p THC-olja i Grossistledet online\" \/>\n<meta property=\"og:description\" content=\"K\u00f6p THC-olja i Grossistledet online fr\u00e5n Ograsmarknad. THC-olja grossist till salu som erbjuder cannabisextrakt i bulk.\" \/>\n<meta property=\"og:url\" content=\"https:\/\/ograsmarknad.com\/es\/product\/thc-olja-i-grossistledet\/\" \/>\n<meta property=\"og:site_name\" content=\"Ogras Marknad\" \/>\n<meta property=\"article:modified_time\" content=\"2026-03-16T10:48:49+00:00\" \/>\n<meta property=\"og:image\" content=\"https:\/\/ograsmarknad.com\/wp-content\/uploads\/2021\/11\/thc-oil.jpg\" \/>\n\t<meta property=\"og:image:width\" content=\"600\" \/>\n\t<meta property=\"og:image:height\" content=\"600\" \/>\n\t<meta property=\"og:image:type\" content=\"image\/jpeg\" \/>\n<meta name=\"twitter:card\" content=\"summary_large_image\" \/>\n<meta name=\"twitter:label1\" content=\"Tiempo de lectura\" \/>\n\t<meta name=\"twitter:data1\" content=\"3 minutos\" \/>\n<!-- \/ Yoast SEO plugin. -->","yoast_head_json":{"title":"Aceite de THC al por mayor a la venta \u2013 Compre aceite de THC al por mayor en l\u00ednea","description":"Compra aceite de THC al por mayor online en Ograsmarknad. Mayorista de aceite de THC que ofrece extracto de cannabis a granel.","robots":{"index":"index","follow":"follow","max-snippet":"max-snippet:-1","max-image-preview":"max-image-preview:large","max-video-preview":"max-video-preview:-1"},"canonical":"https:\/\/ograsmarknad.com\/es\/product\/thc-olja-i-grossistledet\/","og_locale":"es_ES","og_type":"article","og_title":"THC-olja grossist till salu \u2013 K\u00f6p THC-olja i Grossistledet online","og_description":"K\u00f6p THC-olja i Grossistledet online fr\u00e5n Ograsmarknad. THC-olja grossist till salu som erbjuder cannabisextrakt i bulk.","og_url":"https:\/\/ograsmarknad.com\/es\/product\/thc-olja-i-grossistledet\/","og_site_name":"Ogras Marknad","article_modified_time":"2026-03-16T10:48:49+00:00","og_image":[{"width":600,"height":600,"url":"https:\/\/ograsmarknad.com\/wp-content\/uploads\/2021\/11\/thc-oil.jpg","type":"image\/jpeg"}],"twitter_card":"summary_large_image","twitter_misc":{"Tiempo de lectura":"3 minutos"},"schema":{"@context":"https:\/\/schema.org","@graph":[{"@type":"WebPage","@id":"https:\/\/ograsmarknad.com\/product\/thc-olja-i-grossistledet\/","url":"https:\/\/ograsmarknad.com\/product\/thc-olja-i-grossistledet\/","name":"Aceite de THC al por mayor a la venta \u2013 Compre aceite de THC al por mayor en l\u00ednea","isPartOf":{"@id":"https:\/\/ograsmarknad.com\/#website"},"primaryImageOfPage":{"@id":"https:\/\/ograsmarknad.com\/product\/thc-olja-i-grossistledet\/#primaryimage"},"image":{"@id":"https:\/\/ograsmarknad.com\/product\/thc-olja-i-grossistledet\/#primaryimage"},"thumbnailUrl":"https:\/\/ograsmarknad.com\/wp-content\/uploads\/2021\/11\/thc-oil.jpg","datePublished":"2021-11-09T09:46:58+00:00","dateModified":"2026-03-16T10:48:49+00:00","description":"Compra aceite de THC al por mayor online en Ograsmarknad. Mayorista de aceite de THC que ofrece extracto de cannabis a granel.","breadcrumb":{"@id":"https:\/\/ograsmarknad.com\/product\/thc-olja-i-grossistledet\/#breadcrumb"},"inLanguage":"es","potentialAction":[{"@type":"ReadAction","target":["https:\/\/ograsmarknad.com\/product\/thc-olja-i-grossistledet\/"]}]},{"@type":"ImageObject","inLanguage":"es","@id":"https:\/\/ograsmarknad.com\/product\/thc-olja-i-grossistledet\/#primaryimage","url":"https:\/\/ograsmarknad.com\/wp-content\/uploads\/2021\/11\/thc-oil.jpg","contentUrl":"https:\/\/ograsmarknad.com\/wp-content\/uploads\/2021\/11\/thc-oil.jpg","width":600,"height":600,"caption":"thc-oil"},{"@type":"BreadcrumbList","@id":"https:\/\/ograsmarknad.com\/product\/thc-olja-i-grossistledet\/#breadcrumb","itemListElement":[{"@type":"ListItem","position":1,"name":"Home","item":"https:\/\/ograsmarknad.com\/"},{"@type":"ListItem","position":2,"name":"Shop","item":"https:\/\/ograsmarknad.com\/shop\/"},{"@type":"ListItem","position":3,"name":"THC-olja i grossistledet"}]},{"@type":"WebSite","@id":"https:\/\/ograsmarknad.com\/#website","url":"https:\/\/ograsmarknad.com\/","name":"Ogras Marknad","description":"Ogras Marknad","potentialAction":[{"@type":"SearchAction","target":{"@type":"EntryPoint","urlTemplate":"https:\/\/ograsmarknad.com\/?s={search_term_string}"},"query-input":{"@type":"PropertyValueSpecification","valueRequired":true,"valueName":"search_term_string"}}],"inLanguage":"es"}]}},"_links":{"self":[{"href":"https:\/\/ograsmarknad.com\/es\/wp-json\/wp\/v2\/product\/9867","targetHints":{"allow":["GET"]}}],"collection":[{"href":"https:\/\/ograsmarknad.com\/es\/wp-json\/wp\/v2\/product"}],"about":[{"href":"https:\/\/ograsmarknad.com\/es\/wp-json\/wp\/v2\/types\/product"}],"replies":[{"embeddable":true,"href":"https:\/\/ograsmarknad.com\/es\/wp-json\/wp\/v2\/comments?post=9867"}],"wp:featuredmedia":[{"embeddable":true,"href":"https:\/\/ograsmarknad.com\/es\/wp-json\/wp\/v2\/media\/9872"}],"wp:attachment":[{"href":"https:\/\/ograsmarknad.com\/es\/wp-json\/wp\/v2\/media?parent=9867"}],"wp:term":[{"taxonomy":"product_cat","embeddable":true,"href":"https:\/\/ograsmarknad.com\/es\/wp-json\/wp\/v2\/product_cat?post=9867"},{"taxonomy":"product_tag","embeddable":true,"href":"https:\/\/ograsmarknad.com\/es\/wp-json\/wp\/v2\/product_tag?post=9867"}],"curies":[{"name":"wp","href":"https:\/\/api.w.org\/{rel}","templated":true}]}}