{"id":9331,"date":"2020-04-24T10:46:46","date_gmt":"2020-04-24T10:46:46","guid":{"rendered":"https:\/\/demo.goodlayers.com\/cannamed\/demo1\/?page_id=9331"},"modified":"2024-12-31T06:24:35","modified_gmt":"2024-12-31T06:24:35","slug":"home-demo-2","status":"publish","type":"page","link":"https:\/\/ograsmarknad.com\/fr\/","title":{"rendered":"Home"},"content":{"rendered":"","protected":false},"excerpt":{"rendered":"","protected":false},"author":1,"featured_media":0,"parent":0,"menu_order":0,"comment_status":"closed","ping_status":"closed","template":"","meta":{"_joinchat":[],"footnotes":""},"class_list":["post-9331","page","type-page","status-publish","hentry"],"yoast_head":"<!-- This site is optimized with the Yoast SEO plugin v26.3 - https:\/\/yoast.com\/wordpress\/plugins\/seo\/ -->\n<title>K\u00f6pa cannabis online - K\u00f6pa gr\u00e4s sverige, K\u00f6pa weed online, K\u00f6pa hasch<\/title>\n<meta name=\"description\" content=\"Ogras Marknad \u00e4r det b\u00e4sta st\u00e4llet att k\u00f6pa cannabis online, k\u00f6pa gr\u00e4s, k\u00f6pa marijuana, k\u00f6pa hash online lagligt i Sverige till de billiga priserna. Best\u00e4ll gr\u00e4s online idag med diskret frakt!\" \/>\n<meta name=\"robots\" content=\"index, follow, max-snippet:-1, max-image-preview:large, max-video-preview:-1\" \/>\n<link rel=\"canonical\" href=\"https:\/\/ograsmarknad.com\/fr\/\" \/>\n<meta property=\"og:locale\" content=\"fr_FR\" \/>\n<meta property=\"og:type\" content=\"article\" \/>\n<meta property=\"og:title\" content=\"K\u00f6pa cannabis online - K\u00f6pa gr\u00e4s sverige, K\u00f6pa weed online, K\u00f6pa hasch\" \/>\n<meta property=\"og:description\" content=\"Ogras Marknad \u00e4r det b\u00e4sta st\u00e4llet att k\u00f6pa cannabis online, k\u00f6pa gr\u00e4s, k\u00f6pa marijuana, k\u00f6pa hash online lagligt i Sverige till de billiga priserna. Best\u00e4ll gr\u00e4s online idag med diskret frakt!\" \/>\n<meta property=\"og:url\" content=\"https:\/\/ograsmarknad.com\/fr\/\" \/>\n<meta property=\"og:site_name\" content=\"Ogras Marknad\" \/>\n<meta property=\"article:modified_time\" content=\"2024-12-31T06:24:35+00:00\" \/>\n<meta name=\"twitter:card\" content=\"summary_large_image\" \/>\n<meta name=\"twitter:label1\" content=\"Dur\u00e9e de lecture estim\u00e9e\" \/>\n\t<meta name=\"twitter:data1\" content=\"13 minutes\" \/>\n<!-- \/ Yoast SEO plugin. -->","yoast_head_json":{"title":"Acheter cannabis en ligne - Acheter l'herbe France, Acheter l'herbe en ligne, Acheter haschisch","description":"Ogras Marknad est le meilleur endroit o\u00f9 acheter du cannabis en ligne, acheter de l'herbe, acheter de la marijuana, acheter du hasch en ligne l\u00e9galement en France \u00e0 des prix bon march\u00e9. Commandez de l'herbe en ligne aujourd'hui avec une livraison discr\u00e8te !","robots":{"index":"index","follow":"follow","max-snippet":"max-snippet:-1","max-image-preview":"max-image-preview:large","max-video-preview":"max-video-preview:-1"},"canonical":"https:\/\/ograsmarknad.com\/fr\/","og_locale":"fr_FR","og_type":"article","og_title":"K\u00f6pa cannabis online - K\u00f6pa gr\u00e4s sverige, K\u00f6pa weed online, K\u00f6pa hasch","og_description":"Ogras Marknad \u00e4r det b\u00e4sta st\u00e4llet att k\u00f6pa cannabis online, k\u00f6pa gr\u00e4s, k\u00f6pa marijuana, k\u00f6pa hash online lagligt i Sverige till de billiga priserna. Best\u00e4ll gr\u00e4s online idag med diskret frakt!","og_url":"https:\/\/ograsmarknad.com\/fr\/","og_site_name":"Ogras Marknad","article_modified_time":"2024-12-31T06:24:35+00:00","twitter_card":"summary_large_image","twitter_misc":{"Dur\u00e9e de lecture estim\u00e9e":"13 minutes"},"schema":{"@context":"https:\/\/schema.org","@graph":[{"@type":"WebPage","@id":"https:\/\/ograsmarknad.com\/","url":"https:\/\/ograsmarknad.com\/","name":"Acheter cannabis en ligne - Acheter l'herbe France, Acheter l'herbe en ligne, Acheter haschisch","isPartOf":{"@id":"https:\/\/ograsmarknad.com\/#website"},"datePublished":"2020-04-24T10:46:46+00:00","dateModified":"2024-12-31T06:24:35+00:00","description":"Ogras Marknad est le meilleur endroit o\u00f9 acheter du cannabis en ligne, acheter de l'herbe, acheter de la marijuana, acheter du hasch en ligne l\u00e9galement en France \u00e0 des prix bon march\u00e9. Commandez de l'herbe en ligne aujourd'hui avec une livraison discr\u00e8te !","breadcrumb":{"@id":"https:\/\/ograsmarknad.com\/#breadcrumb"},"inLanguage":"fr-FR","potentialAction":[{"@type":"ReadAction","target":["https:\/\/ograsmarknad.com\/"]}]},{"@type":"BreadcrumbList","@id":"https:\/\/ograsmarknad.com\/#breadcrumb","itemListElement":[{"@type":"ListItem","position":1,"name":"Home","item":"https:\/\/ograsmarknad.com\/"},{"@type":"ListItem","position":2,"name":"Home"}]},{"@type":"WebSite","@id":"https:\/\/ograsmarknad.com\/#website","url":"https:\/\/ograsmarknad.com\/","name":"Ogras Marknad","description":"Ogras Marknad","potentialAction":[{"@type":"SearchAction","target":{"@type":"EntryPoint","urlTemplate":"https:\/\/ograsmarknad.com\/?s={search_term_string}"},"query-input":{"@type":"PropertyValueSpecification","valueRequired":true,"valueName":"search_term_string"}}],"inLanguage":"fr-FR"}]}},"_links":{"self":[{"href":"https:\/\/ograsmarknad.com\/fr\/wp-json\/wp\/v2\/pages\/9331","targetHints":{"allow":["GET"]}}],"collection":[{"href":"https:\/\/ograsmarknad.com\/fr\/wp-json\/wp\/v2\/pages"}],"about":[{"href":"https:\/\/ograsmarknad.com\/fr\/wp-json\/wp\/v2\/types\/page"}],"author":[{"embeddable":true,"href":"https:\/\/ograsmarknad.com\/fr\/wp-json\/wp\/v2\/users\/1"}],"replies":[{"embeddable":true,"href":"https:\/\/ograsmarknad.com\/fr\/wp-json\/wp\/v2\/comments?post=9331"}],"version-history":[{"count":6,"href":"https:\/\/ograsmarknad.com\/fr\/wp-json\/wp\/v2\/pages\/9331\/revisions"}],"predecessor-version":[{"id":11001,"href":"https:\/\/ograsmarknad.com\/fr\/wp-json\/wp\/v2\/pages\/9331\/revisions\/11001"}],"wp:attachment":[{"href":"https:\/\/ograsmarknad.com\/fr\/wp-json\/wp\/v2\/media?parent=9331"}],"curies":[{"name":"wp","href":"https:\/\/api.w.org\/{rel}","templated":true}]}}