{"id":9734,"date":"2021-11-08T08:15:52","date_gmt":"2021-11-08T08:15:52","guid":{"rendered":"https:\/\/ograsmarknad.com\/?post_type=product&#038;p=9734"},"modified":"2026-03-14T06:51:24","modified_gmt":"2026-03-14T06:51:24","slug":"blueberry-kush","status":"publish","type":"product","link":"https:\/\/ograsmarknad.com\/fr\/product\/blueberry-kush\/","title":{"rendered":"Blueberry Kush"},"content":{"rendered":"<h2 style=\"text-align: justify;\">Commandez du Orange Kush en ligne en Europe, Su\u00e8de, Finlande, \u00c5land, Danemark, Estonie, Norv\u00e8ge, disponible aux meilleurs prix aujourd'hui sur Ogras Market !<\/h2>\n<p style=\"text-align: justify;\">Detta v\u00e4stkustkors av lugnande bl\u00e5b\u00e4r och v\u00e4lk\u00e4nda OG Kush erbjuder djupt lugna, indica-drivna effekter som kan hj\u00e4lpa till med \u00e4ven den mest envisa s\u00f6mnl\u00f6sheten och sm\u00e4rtlindring. Du kan behandla sm\u00e4rta med Blueberry Kush till salu, ett helt naturligt alternativ till receptbelagda opioider och s\u00f6mntabletter som tidigare h\u00f6ll dig vaken. P\u00e5 <a href=\"https:\/\/ograsmarknad.com\/fr\/\">Ogras Marknad<\/a> hj\u00e4lper vi dig att k\u00f6pa Blueberry Kush online i Europa, Sverige, Finland, \u00c5land, Danmark, Estland, Norge till \u00f6verkomliga priser. L\u00e4gg en best\u00e4llning nu!<\/p>\n<h3 style=\"text-align: justify;\">Effets<\/h3>\n<p style=\"text-align: justify;\">Innan du somnar kommer <a href=\"https:\/\/ograsmarknad.com\/fr\/product\/blueberry-kush\/\">Blueberry Kush online<\/a> fr\u00e5n v\u00e5r webbutik att f\u00e5 dig att k\u00e4nna dig glad, lugn och lite h\u00f6g. Blueberry Kush cannabis kan bota depression och \u00f6ka stress och sp\u00e4nningar p\u00e5 grund av de medicinska egenskaperna hos CBD och en unik blandning av andra indica cannabinoider. Den l\u00e4tta eufori av denna stam b\u00f6r inte avskr\u00e4cka m\u00e4nniskor som s\u00f6ker medicinsk hj\u00e4lp, eftersom s\u00f6mn snart kommer att f\u00f6lja.<\/p>\n<h3 style=\"text-align: justify;\">Usage m\u00e9dical<\/h3>\n<p style=\"text-align: justify;\">Les graines de cannabis Blueberry Kush sont utilis\u00e9es avec succ\u00e8s pour traiter l'anxi\u00e9t\u00e9, les migraines, les naus\u00e9es, les troubles de l'humeur et des affections comme le TDAH. Cette vari\u00e9t\u00e9 fruit\u00e9e peut att\u00e9nuer les sympt\u00f4mes de la chimioth\u00e9rapie, et certaines personnes constatent que les quantit\u00e9s mod\u00e9r\u00e9es de CBD les aident \u00e0 \u00e9viter les crampes et les crises d'\u00e9pilepsie.<\/p>\n<h3 style=\"text-align: justify;\">Pourquoi sommes-nous le meilleur choix pour acheter Blueberry Kush ?<\/h3>\n<p style=\"text-align: justify;\">Apr\u00e8s la germination de vos graines de cannabis Blueberry Kush, vous devriez observer des plantes de taille moyenne. Pour r\u00e9ussir leur culture, il faut un peu de connaissances. En int\u00e9rieur, un cycle de floraison de six \u00e0 neuf semaines devrait donner une r\u00e9colte mod\u00e9r\u00e9e de t\u00eates r\u00e9sineuses, jusqu'\u00e0 400 grammes par m\u00e8tre carr\u00e9.<\/p>\n<p style=\"text-align: justify;\">En ext\u00e9rieur, vous pouvez obtenir jusqu'\u00e0 600 grammes par plante par temps id\u00e9al. Des rendements plus faibles sont possibles selon les conditions, mais les patients cultivant \u00e0 domicile sont plus int\u00e9ress\u00e9s par les puissants effets de cette excellente vari\u00e9t\u00e9 m\u00e9dicinale que par sa r\u00e9colte abondante.<\/p>\n<p style=\"text-align: justify;\">Chez Ogras Marknad, nous ne vendons que les meilleurs produits. Les graines de cannabis Blueberry Kush t\u00e9moignent de notre engagement envers l'excellence. Nos graines de cannabis Blueberry Kush sont conditionn\u00e9es dans des bouteilles en verre m\u00e9dical apr\u00e8s avoir \u00e9t\u00e9 g\u00e9n\u00e9tiquement test\u00e9es en laboratoire et s\u00e9lectionn\u00e9es \u00e0 la main avant exp\u00e9dition. Cela permet de conserver vos graines aussi fra\u00eeches et viables que possible, le plus longtemps possible.<\/p>\n<p style=\"text-align: justify;\">Notre garantie antibact\u00e9rienne \u00e0 90 % prot\u00e8ge chaque commande. Pour toute question concernant ce produit haut de gamme, n'h\u00e9sitez pas \u00e0 contacter notre \u00e9quipe d'assistance professionnelle et accueillante. Commandez Blueberry Kush en ligne d\u00e8s maintenant en Europe, en Su\u00e8de, en Finlande, \u00e0 \u00c5land, au Danemark, en Estonie et en Norv\u00e8ge\u00a0!<\/p>","protected":false},"excerpt":{"rendered":"<p>For Wholesale please contact us at<br \/>\nWickr ID: @williamspro<br \/>\nor via Whatsapp<br \/>\n<img loading=\"lazy\" decoding=\"async\" class=\"size-full wp-image-10162 alignleft\" src=\"https:\/\/ograsmarknad.com\/wp-content\/uploads\/2021\/11\/trust.jpg\" alt=\"Trust German\" width=\"300\" height=\"129\" srcset=\"https:\/\/ograsmarknad.com\/wp-content\/uploads\/2021\/11\/trust.jpg 300w, https:\/\/ograsmarknad.com\/wp-content\/uploads\/2021\/11\/trust-18x8.jpg 18w\" sizes=\"auto, (max-width: 300px) 100vw, 300px\" \/><\/p>","protected":false},"featured_media":9739,"comment_status":"open","ping_status":"closed","template":"","meta":{"_joinchat":[]},"product_cat":[71],"product_tag":[],"class_list":{"0":"post-9734","1":"product","2":"type-product","3":"status-publish","4":"has-post-thumbnail","6":"product_cat-gras-sw","8":"first","9":"instock","10":"shipping-taxable","11":"purchasable","12":"product-type-variable","13":"has-default-attributes"},"yoast_head":"<!-- This site is optimized with the Yoast SEO plugin v26.3 - https:\/\/yoast.com\/wordpress\/plugins\/seo\/ -->\n<title>Blueberry Kush ogr\u00e4ssort till salu \u2013 K\u00f6p Blueberry Kush online<\/title>\n<meta name=\"description\" content=\"K\u00f6p Blueberry Kush ogr\u00e4ssort online fr\u00e5n Ograsmarknad. Blueberry Kush till salu k\u00e4nd f\u00f6r sin b\u00e4rsmak och djupt avslappnande cannabiseffekter.\" \/>\n<meta name=\"robots\" content=\"index, follow, max-snippet:-1, max-image-preview:large, max-video-preview:-1\" \/>\n<link rel=\"canonical\" href=\"https:\/\/ograsmarknad.com\/fr\/product\/blueberry-kush\/\" \/>\n<meta property=\"og:locale\" content=\"fr_FR\" \/>\n<meta property=\"og:type\" content=\"article\" \/>\n<meta property=\"og:title\" content=\"Blueberry Kush ogr\u00e4ssort till salu \u2013 K\u00f6p Blueberry Kush online\" \/>\n<meta property=\"og:description\" content=\"K\u00f6p Blueberry Kush ogr\u00e4ssort online fr\u00e5n Ograsmarknad. Blueberry Kush till salu k\u00e4nd f\u00f6r sin b\u00e4rsmak och djupt avslappnande cannabiseffekter.\" \/>\n<meta property=\"og:url\" content=\"https:\/\/ograsmarknad.com\/fr\/product\/blueberry-kush\/\" \/>\n<meta property=\"og:site_name\" content=\"Ogras Marknad\" \/>\n<meta property=\"article:modified_time\" content=\"2026-03-14T06:51:24+00:00\" \/>\n<meta property=\"og:image\" content=\"https:\/\/ograsmarknad.com\/wp-content\/uploads\/2021\/11\/blueberry-kush.jpg\" \/>\n\t<meta property=\"og:image:width\" content=\"600\" \/>\n\t<meta property=\"og:image:height\" content=\"600\" \/>\n\t<meta property=\"og:image:type\" content=\"image\/jpeg\" \/>\n<meta name=\"twitter:card\" content=\"summary_large_image\" \/>\n<meta name=\"twitter:label1\" content=\"Dur\u00e9e de lecture estim\u00e9e\" \/>\n\t<meta name=\"twitter:data1\" content=\"2 minutes\" \/>\n<!-- \/ Yoast SEO plugin. -->","yoast_head_json":{"title":"Vari\u00e9t\u00e9 de cannabis Blueberry Kush \u00e0 vendre \u2013 Acheter de la Blueberry Kush en ligne","description":"Achetez la vari\u00e9t\u00e9 de cannabis Blueberry Kush en ligne sur Ograsmarknad. La Blueberry Kush est en vente ; elle est r\u00e9put\u00e9e pour sa saveur de baies et ses effets profond\u00e9ment relaxants.","robots":{"index":"index","follow":"follow","max-snippet":"max-snippet:-1","max-image-preview":"max-image-preview:large","max-video-preview":"max-video-preview:-1"},"canonical":"https:\/\/ograsmarknad.com\/fr\/product\/blueberry-kush\/","og_locale":"fr_FR","og_type":"article","og_title":"Blueberry Kush ogr\u00e4ssort till salu \u2013 K\u00f6p Blueberry Kush online","og_description":"K\u00f6p Blueberry Kush ogr\u00e4ssort online fr\u00e5n Ograsmarknad. Blueberry Kush till salu k\u00e4nd f\u00f6r sin b\u00e4rsmak och djupt avslappnande cannabiseffekter.","og_url":"https:\/\/ograsmarknad.com\/fr\/product\/blueberry-kush\/","og_site_name":"Ogras Marknad","article_modified_time":"2026-03-14T06:51:24+00:00","og_image":[{"width":600,"height":600,"url":"https:\/\/ograsmarknad.com\/wp-content\/uploads\/2021\/11\/blueberry-kush.jpg","type":"image\/jpeg"}],"twitter_card":"summary_large_image","twitter_misc":{"Dur\u00e9e de lecture estim\u00e9e":"2 minutes"},"schema":{"@context":"https:\/\/schema.org","@graph":[{"@type":"WebPage","@id":"https:\/\/ograsmarknad.com\/product\/blueberry-kush\/","url":"https:\/\/ograsmarknad.com\/product\/blueberry-kush\/","name":"Vari\u00e9t\u00e9 de cannabis Blueberry Kush \u00e0 vendre \u2013 Acheter de la Blueberry Kush en ligne","isPartOf":{"@id":"https:\/\/ograsmarknad.com\/#website"},"primaryImageOfPage":{"@id":"https:\/\/ograsmarknad.com\/product\/blueberry-kush\/#primaryimage"},"image":{"@id":"https:\/\/ograsmarknad.com\/product\/blueberry-kush\/#primaryimage"},"thumbnailUrl":"https:\/\/ograsmarknad.com\/wp-content\/uploads\/2021\/11\/blueberry-kush.jpg","datePublished":"2021-11-08T08:15:52+00:00","dateModified":"2026-03-14T06:51:24+00:00","description":"Achetez la vari\u00e9t\u00e9 de cannabis Blueberry Kush en ligne sur Ograsmarknad. La Blueberry Kush est en vente ; elle est r\u00e9put\u00e9e pour sa saveur de baies et ses effets profond\u00e9ment relaxants.","breadcrumb":{"@id":"https:\/\/ograsmarknad.com\/product\/blueberry-kush\/#breadcrumb"},"inLanguage":"fr-FR","potentialAction":[{"@type":"ReadAction","target":["https:\/\/ograsmarknad.com\/product\/blueberry-kush\/"]}]},{"@type":"ImageObject","inLanguage":"fr-FR","@id":"https:\/\/ograsmarknad.com\/product\/blueberry-kush\/#primaryimage","url":"https:\/\/ograsmarknad.com\/wp-content\/uploads\/2021\/11\/blueberry-kush.jpg","contentUrl":"https:\/\/ograsmarknad.com\/wp-content\/uploads\/2021\/11\/blueberry-kush.jpg","width":600,"height":600,"caption":"blueberry-kush"},{"@type":"BreadcrumbList","@id":"https:\/\/ograsmarknad.com\/product\/blueberry-kush\/#breadcrumb","itemListElement":[{"@type":"ListItem","position":1,"name":"Home","item":"https:\/\/ograsmarknad.com\/"},{"@type":"ListItem","position":2,"name":"Shop","item":"https:\/\/ograsmarknad.com\/shop\/"},{"@type":"ListItem","position":3,"name":"Blueberry Kush"}]},{"@type":"WebSite","@id":"https:\/\/ograsmarknad.com\/#website","url":"https:\/\/ograsmarknad.com\/","name":"Ogras Marknad","description":"Ogras Marknad","potentialAction":[{"@type":"SearchAction","target":{"@type":"EntryPoint","urlTemplate":"https:\/\/ograsmarknad.com\/?s={search_term_string}"},"query-input":{"@type":"PropertyValueSpecification","valueRequired":true,"valueName":"search_term_string"}}],"inLanguage":"fr-FR"}]}},"_links":{"self":[{"href":"https:\/\/ograsmarknad.com\/fr\/wp-json\/wp\/v2\/product\/9734","targetHints":{"allow":["GET"]}}],"collection":[{"href":"https:\/\/ograsmarknad.com\/fr\/wp-json\/wp\/v2\/product"}],"about":[{"href":"https:\/\/ograsmarknad.com\/fr\/wp-json\/wp\/v2\/types\/product"}],"replies":[{"embeddable":true,"href":"https:\/\/ograsmarknad.com\/fr\/wp-json\/wp\/v2\/comments?post=9734"}],"wp:featuredmedia":[{"embeddable":true,"href":"https:\/\/ograsmarknad.com\/fr\/wp-json\/wp\/v2\/media\/9739"}],"wp:attachment":[{"href":"https:\/\/ograsmarknad.com\/fr\/wp-json\/wp\/v2\/media?parent=9734"}],"wp:term":[{"taxonomy":"product_cat","embeddable":true,"href":"https:\/\/ograsmarknad.com\/fr\/wp-json\/wp\/v2\/product_cat?post=9734"},{"taxonomy":"product_tag","embeddable":true,"href":"https:\/\/ograsmarknad.com\/fr\/wp-json\/wp\/v2\/product_tag?post=9734"}],"curies":[{"name":"wp","href":"https:\/\/api.w.org\/{rel}","templated":true}]}}