{"id":9740,"date":"2021-11-08T08:21:35","date_gmt":"2021-11-08T08:21:35","guid":{"rendered":"https:\/\/ograsmarknad.com\/?post_type=product&#038;p=9740"},"modified":"2026-03-14T06:51:15","modified_gmt":"2026-03-14T06:51:15","slug":"cherry-pie","status":"publish","type":"product","link":"https:\/\/ograsmarknad.com\/fr\/product\/cherry-pie\/","title":{"rendered":"Cherry Pie"},"content":{"rendered":"<h2 style=\"text-align: justify;\">Achetez la vari\u00e9t\u00e9 Cherry Pie en ligne en Su\u00e8de, en Finlande, \u00e0 \u00c5land, au Danemark, en Estonie et en Norv\u00e8ge \u00e0 des prix bon march\u00e9 sur Ogras Marknad !<\/h2>\n<p style=\"text-align: justify;\"><a href=\"https:\/\/ograsmarknad.com\/fr\/product\/cherry-pie\/\">Tarte aux cerises \u00e0 vendre<\/a>, un croisement entre Durban Poison et Granddaddy Purple, est un hybride \u00e0 forte dominance indica (jusqu'\u00e0 80 %). Avec des parents aussi talentueux, vous pouvez vous attendre \u00e0 une vari\u00e9t\u00e9 de la plus haute qualit\u00e9, et vous ne serez pas d\u00e9\u00e7u si vous l'achetez aupr\u00e8s d'une source fiable.<\/p>\n<p style=\"text-align: justify;\">Cherry Kush pr\u00e9sente des poils orange p\u00e2le, des t\u00eates robustes et un ar\u00f4me puissant. Avec son c\u0153ur vert fonc\u00e9 entour\u00e9 d'\u00e9pais poils bruns et de cristaux, elle est magnifique. Vous pourrez voir de nouveaux cristaux briller \u00e0 la lumi\u00e8re si vous les percez. <a href=\"https:\/\/ograsmarknad.com\/fr\/\">Nous contacter<\/a> Achetez des tartes aux cerises en ligne en Europe, en Su\u00e8de, en Finlande, aux \u00eeles \u00c5land, au Danemark, en Estonie et en Norv\u00e8ge \u00e0 des prix abordables.<\/p>\n<h3 style=\"text-align: justify;\">Arri\u00e8re-plan<\/h3>\n<p style=\"text-align: justify;\">Grand Daddy Purple a \u00e9t\u00e9 crois\u00e9e avec Durban Poison pour cr\u00e9er Cherry Pie, un hybride \u00e0 dominante indica. Cependant, la v\u00e9ritable vari\u00e9t\u00e9 de cette vari\u00e9t\u00e9 de cannabis m\u00e9dical est difficile \u00e0 trouver. Il est facile de comprendre qu'il s'agit de la meilleure vari\u00e9t\u00e9. Ses t\u00eates denses sont orn\u00e9es de p\u00e9tioles orange et pr\u00e9sentent une l\u00e9g\u00e8re teinte violette. Le nom de ce cultivar de cannabis th\u00e9rapeutique a inspir\u00e9 Cherry Pie. Il d\u00e9gage un ar\u00f4me de tarte aux cerises. Les patients pr\u00e9sentant des sympt\u00f4mes \u00e9vidents de TSPT, d'anxi\u00e9t\u00e9, de trouble bipolaire, de migraines et d'autres troubles li\u00e9s au stress sont les plus susceptibles de la consommer.<\/p>\n<p style=\"text-align: justify;\">Utilis\u00e9e par le patient, elle peut provoquer une s\u00e9cheresse oculaire et buccale. Elle peut procurer un sentiment d'euphorie, d\u00e9tendre le corps et l'esprit, \u00e9lever les \u00e9motions et concentrer la pens\u00e9e. Cela d\u00e9montre sans aucun doute son pouvoir salvateur pour les patients cherchant un rem\u00e8de contre les raideurs musculaires et l'inconfort qui les accompagne. En conclusion, cette vari\u00e9t\u00e9 de cannabis, utile sur le plan m\u00e9dical, est pr\u00e9f\u00e9r\u00e9e \u00e0 toutes les autres, car elle soulage les syndromes mentionn\u00e9s ci-dessus de mani\u00e8re tr\u00e8s relaxante. Et, bien que la s\u00e9dation puisse provoquer une irritation, ses bienfaits sont ind\u00e9niables.<\/p>\n<p style=\"text-align: justify;\">Si vous souhaitez acheter la vari\u00e9t\u00e9 Cherry Pie en ligne, nous sommes la solution id\u00e9ale. Partagez d\u00e8s maintenant les d\u00e9tails de votre commande concernant la vari\u00e9t\u00e9 Cherry Pie disponible en Europe, en Su\u00e8de, en Finlande, \u00e0 \u00c5land, au Danemark, en Estonie et en Norv\u00e8ge\u00a0!<\/p>","protected":false},"excerpt":{"rendered":"<p>For Wholesale please contact us at<br \/>\nWickr ID: @williamspro<br \/>\nor via Whatsapp<br \/>\n<img loading=\"lazy\" decoding=\"async\" class=\"size-full wp-image-10162 alignleft\" src=\"https:\/\/ograsmarknad.com\/wp-content\/uploads\/2021\/11\/trust.jpg\" alt=\"Trust German\" width=\"300\" height=\"129\" srcset=\"https:\/\/ograsmarknad.com\/wp-content\/uploads\/2021\/11\/trust.jpg 300w, https:\/\/ograsmarknad.com\/wp-content\/uploads\/2021\/11\/trust-18x8.jpg 18w\" sizes=\"auto, (max-width: 300px) 100vw, 300px\" \/><\/p>","protected":false},"featured_media":9745,"comment_status":"open","ping_status":"closed","template":"","meta":{"_joinchat":[]},"product_cat":[71],"product_tag":[],"class_list":{"0":"post-9740","1":"product","2":"type-product","3":"status-publish","4":"has-post-thumbnail","6":"product_cat-gras-sw","8":"first","9":"instock","10":"shipping-taxable","11":"purchasable","12":"product-type-variable","13":"has-default-attributes"},"yoast_head":"<!-- This site is optimized with the Yoast SEO plugin v26.3 - https:\/\/yoast.com\/wordpress\/plugins\/seo\/ -->\n<title>Cherry Pie ogr\u00e4ssort till salu \u2013 K\u00f6p Cherry Pie online<\/title>\n<meta name=\"description\" content=\"K\u00f6p Cherry Pie ogr\u00e4ssort online fr\u00e5n Ograsmarknad. Cherry Pie till salu med s\u00f6t k\u00f6rsb\u00e4rssmak och balanserade avslappnande cannabiseffekter.\" \/>\n<meta name=\"robots\" content=\"index, follow, max-snippet:-1, max-image-preview:large, max-video-preview:-1\" \/>\n<link rel=\"canonical\" href=\"https:\/\/ograsmarknad.com\/fr\/product\/cherry-pie\/\" \/>\n<meta property=\"og:locale\" content=\"fr_FR\" \/>\n<meta property=\"og:type\" content=\"article\" \/>\n<meta property=\"og:title\" content=\"Cherry Pie ogr\u00e4ssort till salu \u2013 K\u00f6p Cherry Pie online\" \/>\n<meta property=\"og:description\" content=\"K\u00f6p Cherry Pie ogr\u00e4ssort online fr\u00e5n Ograsmarknad. Cherry Pie till salu med s\u00f6t k\u00f6rsb\u00e4rssmak och balanserade avslappnande cannabiseffekter.\" \/>\n<meta property=\"og:url\" content=\"https:\/\/ograsmarknad.com\/fr\/product\/cherry-pie\/\" \/>\n<meta property=\"og:site_name\" content=\"Ogras Marknad\" \/>\n<meta property=\"article:modified_time\" content=\"2026-03-14T06:51:15+00:00\" \/>\n<meta property=\"og:image\" content=\"https:\/\/ograsmarknad.com\/wp-content\/uploads\/2021\/11\/cheery-pie.jpg\" \/>\n\t<meta property=\"og:image:width\" content=\"600\" \/>\n\t<meta property=\"og:image:height\" content=\"600\" \/>\n\t<meta property=\"og:image:type\" content=\"image\/jpeg\" \/>\n<meta name=\"twitter:card\" content=\"summary_large_image\" \/>\n<meta name=\"twitter:label1\" content=\"Dur\u00e9e de lecture estim\u00e9e\" \/>\n\t<meta name=\"twitter:data1\" content=\"2 minutes\" \/>\n<!-- \/ Yoast SEO plugin. -->","yoast_head_json":{"title":"Vari\u00e9t\u00e9 de cannabis Cherry Pie \u00e0 vendre \u2013 Achetez de la Cherry Pie en ligne","description":"Achetez la vari\u00e9t\u00e9 de cannabis Cherry Pie en ligne sur Ograsmarknad. Cherry Pie en vente : une vari\u00e9t\u00e9 offrant une douce saveur de cerise et des effets relaxants \u00e9quilibr\u00e9s.","robots":{"index":"index","follow":"follow","max-snippet":"max-snippet:-1","max-image-preview":"max-image-preview:large","max-video-preview":"max-video-preview:-1"},"canonical":"https:\/\/ograsmarknad.com\/fr\/product\/cherry-pie\/","og_locale":"fr_FR","og_type":"article","og_title":"Cherry Pie ogr\u00e4ssort till salu \u2013 K\u00f6p Cherry Pie online","og_description":"K\u00f6p Cherry Pie ogr\u00e4ssort online fr\u00e5n Ograsmarknad. Cherry Pie till salu med s\u00f6t k\u00f6rsb\u00e4rssmak och balanserade avslappnande cannabiseffekter.","og_url":"https:\/\/ograsmarknad.com\/fr\/product\/cherry-pie\/","og_site_name":"Ogras Marknad","article_modified_time":"2026-03-14T06:51:15+00:00","og_image":[{"width":600,"height":600,"url":"https:\/\/ograsmarknad.com\/wp-content\/uploads\/2021\/11\/cheery-pie.jpg","type":"image\/jpeg"}],"twitter_card":"summary_large_image","twitter_misc":{"Dur\u00e9e de lecture estim\u00e9e":"2 minutes"},"schema":{"@context":"https:\/\/schema.org","@graph":[{"@type":"WebPage","@id":"https:\/\/ograsmarknad.com\/product\/cherry-pie\/","url":"https:\/\/ograsmarknad.com\/product\/cherry-pie\/","name":"Vari\u00e9t\u00e9 de cannabis Cherry Pie \u00e0 vendre \u2013 Achetez de la Cherry Pie en ligne","isPartOf":{"@id":"https:\/\/ograsmarknad.com\/#website"},"primaryImageOfPage":{"@id":"https:\/\/ograsmarknad.com\/product\/cherry-pie\/#primaryimage"},"image":{"@id":"https:\/\/ograsmarknad.com\/product\/cherry-pie\/#primaryimage"},"thumbnailUrl":"https:\/\/ograsmarknad.com\/wp-content\/uploads\/2021\/11\/cheery-pie.jpg","datePublished":"2021-11-08T08:21:35+00:00","dateModified":"2026-03-14T06:51:15+00:00","description":"Achetez la vari\u00e9t\u00e9 de cannabis Cherry Pie en ligne sur Ograsmarknad. Cherry Pie en vente : une vari\u00e9t\u00e9 offrant une douce saveur de cerise et des effets relaxants \u00e9quilibr\u00e9s.","breadcrumb":{"@id":"https:\/\/ograsmarknad.com\/product\/cherry-pie\/#breadcrumb"},"inLanguage":"fr-FR","potentialAction":[{"@type":"ReadAction","target":["https:\/\/ograsmarknad.com\/product\/cherry-pie\/"]}]},{"@type":"ImageObject","inLanguage":"fr-FR","@id":"https:\/\/ograsmarknad.com\/product\/cherry-pie\/#primaryimage","url":"https:\/\/ograsmarknad.com\/wp-content\/uploads\/2021\/11\/cheery-pie.jpg","contentUrl":"https:\/\/ograsmarknad.com\/wp-content\/uploads\/2021\/11\/cheery-pie.jpg","width":600,"height":600,"caption":"cheery-pie"},{"@type":"BreadcrumbList","@id":"https:\/\/ograsmarknad.com\/product\/cherry-pie\/#breadcrumb","itemListElement":[{"@type":"ListItem","position":1,"name":"Home","item":"https:\/\/ograsmarknad.com\/"},{"@type":"ListItem","position":2,"name":"Shop","item":"https:\/\/ograsmarknad.com\/shop\/"},{"@type":"ListItem","position":3,"name":"Cherry Pie"}]},{"@type":"WebSite","@id":"https:\/\/ograsmarknad.com\/#website","url":"https:\/\/ograsmarknad.com\/","name":"Ogras Marknad","description":"Ogras Marknad","potentialAction":[{"@type":"SearchAction","target":{"@type":"EntryPoint","urlTemplate":"https:\/\/ograsmarknad.com\/?s={search_term_string}"},"query-input":{"@type":"PropertyValueSpecification","valueRequired":true,"valueName":"search_term_string"}}],"inLanguage":"fr-FR"}]}},"_links":{"self":[{"href":"https:\/\/ograsmarknad.com\/fr\/wp-json\/wp\/v2\/product\/9740","targetHints":{"allow":["GET"]}}],"collection":[{"href":"https:\/\/ograsmarknad.com\/fr\/wp-json\/wp\/v2\/product"}],"about":[{"href":"https:\/\/ograsmarknad.com\/fr\/wp-json\/wp\/v2\/types\/product"}],"replies":[{"embeddable":true,"href":"https:\/\/ograsmarknad.com\/fr\/wp-json\/wp\/v2\/comments?post=9740"}],"wp:featuredmedia":[{"embeddable":true,"href":"https:\/\/ograsmarknad.com\/fr\/wp-json\/wp\/v2\/media\/9745"}],"wp:attachment":[{"href":"https:\/\/ograsmarknad.com\/fr\/wp-json\/wp\/v2\/media?parent=9740"}],"wp:term":[{"taxonomy":"product_cat","embeddable":true,"href":"https:\/\/ograsmarknad.com\/fr\/wp-json\/wp\/v2\/product_cat?post=9740"},{"taxonomy":"product_tag","embeddable":true,"href":"https:\/\/ograsmarknad.com\/fr\/wp-json\/wp\/v2\/product_tag?post=9740"}],"curies":[{"name":"wp","href":"https:\/\/api.w.org\/{rel}","templated":true}]}}