{"id":9746,"date":"2021-11-08T08:24:29","date_gmt":"2021-11-08T08:24:29","guid":{"rendered":"https:\/\/ograsmarknad.com\/?post_type=product&#038;p=9746"},"modified":"2026-03-14T06:51:06","modified_gmt":"2026-03-14T06:51:06","slug":"hawaiian-snow","status":"publish","type":"product","link":"https:\/\/ograsmarknad.com\/fr\/product\/hawaiian-snow\/","title":{"rendered":"Hawaiian Snow"},"content":{"rendered":"<h2 style=\"text-align: justify;\">Le meilleur endroit pour acheter de la neige hawa\u00efenne en ligne en Su\u00e8de, en Finlande, \u00e0 \u00c5land, au Danemark, en Estonie, en Norv\u00e8ge \u00e0 des prix bon march\u00e9 \u2013 Ogras Marknad !<\/h2>\n<p style=\"text-align: justify;\"><strong>La Hawaiian Snow, disponible \u00e0 la vente, est une vari\u00e9t\u00e9 purement Sativa ayant remport\u00e9 de nombreux championnats et dont le taux de THC atteindrait jusqu'\u00e0 24 %. En raison de ses effets c\u00e9r\u00e9braux puissants, hazes et confus, cette vari\u00e9t\u00e9 est class\u00e9e comme Haze.<\/strong><\/p>\n<p style=\"text-align: justify;\"><a href=\"https:\/\/ograsmarknad.com\/fr\/product\/hawaiian-snow\/\">Hawaiian Snows<\/a> s'accompagne souvent d'\u00e9nergie et d'originalit\u00e9. Ces vagues de bonheur naissent dans la t\u00eate et se propagent dans tout le corps, le calmant et le relaxant. Certains utilisateurs ressentent de puissants picotements, tandis que d'autres ressentent des effets c\u00e9r\u00e9braux puissants et excitants. L'odeur de cette vari\u00e9t\u00e9 est compos\u00e9e de pin et de fleurs. Des effets secondaires possibles\u00a0: cotons-tiges, yeux secs, d\u00e9sorientation, psychoses ou peur\u00a0\u2013 commandez Hawaiian Snow en ligne d\u00e8s maintenant en Europe, en Su\u00e8de, en Finlande, \u00e0 \u00c5land, au Danemark, en Estonie et en Norv\u00e8ge\u00a0!<\/p>\n<h3 style=\"text-align: justify;\">Caract\u00e9ristiques<\/h3>\n<p style=\"text-align: justify;\">La neige hawa\u00efenne est excellente en journ\u00e9e et est souvent recommand\u00e9e aux personnes stress\u00e9es, anxieuses ou d\u00e9prim\u00e9es. Par ailleurs, ses effets physiques peuvent soulager les douleurs chroniques, comme les douleurs articulaires. L'exposition peut \u00e9galement r\u00e9duire l'inflammation. Les patients l'utilisent parfois pour traiter les naus\u00e9es et les troubles alimentaires. Les migraines, le glaucome, les maux de t\u00eate et l'insomnie sont \u00e9galement trait\u00e9s, dans une moindre mesure.<\/p>\n<p style=\"text-align: justify;\">Les Hazes, plus pr\u00e9cis\u00e9ment les Haze pures, les Hawaiian Haze et les Neville\u2019s Haze, sont \u00e0 l\u2019origine de l\u2019Hawaiian Snow. Green House Seeds a d\u00e9velopp\u00e9 cette vari\u00e9t\u00e9 qui peut \u00eatre cultiv\u00e9e en int\u00e9rieur comme en ext\u00e9rieur. En int\u00e9rieur, ces plantes peuvent produire jusqu\u2019\u00e0 700 grammes par m\u00e8tre carr\u00e9 et fleurir pendant onze semaines. Elles arrivent g\u00e9n\u00e9ralement \u00e0 maturit\u00e9 vers juin dans l\u2019h\u00e9misph\u00e8re sud. Dans l\u2019h\u00e9misph\u00e8re nord, elles sont cultiv\u00e9es entre octobre et novembre et peuvent produire jusqu\u2019\u00e0 1\u00a0200 grammes par plante.<\/p>\n<h3 style=\"text-align: justify;\">Partagez les d\u00e9tails de votre commande d\u00e8s aujourd'hui\u00a0!<\/h3>\n<p style=\"text-align: justify;\"><a href=\"https:\/\/ograsmarknad.com\/fr\/\">Ogras Marknad<\/a> est toujours \u00e0 votre disposition pour acheter de la neige hawa\u00efenne en ligne en Europe, en Su\u00e8de, en Finlande, \u00e0 \u00c5land, au Danemark, en Estonie et en Norv\u00e8ge. Nous emballerons votre commande et vous l'exp\u00e9dierons en toute s\u00e9curit\u00e9 dans les plus brefs d\u00e9lais. Contactez-nous directement pour nous faire part de vos besoins en mati\u00e8re de neige hawa\u00efenne. Nous nous engageons \u00e0 vous livrer \u00e0 temps. Commandez d\u00e8s maintenant\u00a0!<\/p>","protected":false},"excerpt":{"rendered":"<p>For Wholesale please contact us at<br \/>\nWickr ID: @williamspro<br \/>\nor via Whatsapp<br \/>\n<img loading=\"lazy\" decoding=\"async\" class=\"size-full wp-image-10162 alignleft\" src=\"https:\/\/ograsmarknad.com\/wp-content\/uploads\/2021\/11\/trust.jpg\" alt=\"Trust German\" width=\"300\" height=\"129\" srcset=\"https:\/\/ograsmarknad.com\/wp-content\/uploads\/2021\/11\/trust.jpg 300w, https:\/\/ograsmarknad.com\/wp-content\/uploads\/2021\/11\/trust-18x8.jpg 18w\" sizes=\"auto, (max-width: 300px) 100vw, 300px\" \/><\/p>","protected":false},"featured_media":9751,"comment_status":"open","ping_status":"closed","template":"","meta":{"_joinchat":[]},"product_cat":[71],"product_tag":[],"class_list":{"0":"post-9746","1":"product","2":"type-product","3":"status-publish","4":"has-post-thumbnail","6":"product_cat-gras-sw","8":"first","9":"instock","10":"shipping-taxable","11":"purchasable","12":"product-type-variable","13":"has-default-attributes"},"yoast_head":"<!-- This site is optimized with the Yoast SEO plugin v26.3 - https:\/\/yoast.com\/wordpress\/plugins\/seo\/ -->\n<title>Hawaiian Snow ogr\u00e4ssort till salu \u2013 K\u00f6p Hawaiian Snow online<\/title>\n<meta name=\"description\" content=\"K\u00f6p Hawaiian Snow ogr\u00e4ssort online fr\u00e5n Ograsmarknad. Hawaiian Snow till salu k\u00e4nd f\u00f6r sina upplyftande sativaeffekter och tropiska cannabisarom.\" \/>\n<meta name=\"robots\" content=\"index, follow, max-snippet:-1, max-image-preview:large, max-video-preview:-1\" \/>\n<link rel=\"canonical\" href=\"https:\/\/ograsmarknad.com\/fr\/product\/hawaiian-snow\/\" \/>\n<meta property=\"og:locale\" content=\"fr_FR\" \/>\n<meta property=\"og:type\" content=\"article\" \/>\n<meta property=\"og:title\" content=\"Hawaiian Snow ogr\u00e4ssort till salu \u2013 K\u00f6p Hawaiian Snow online\" \/>\n<meta property=\"og:description\" content=\"K\u00f6p Hawaiian Snow ogr\u00e4ssort online fr\u00e5n Ograsmarknad. Hawaiian Snow till salu k\u00e4nd f\u00f6r sina upplyftande sativaeffekter och tropiska cannabisarom.\" \/>\n<meta property=\"og:url\" content=\"https:\/\/ograsmarknad.com\/fr\/product\/hawaiian-snow\/\" \/>\n<meta property=\"og:site_name\" content=\"Ogras Marknad\" \/>\n<meta property=\"article:modified_time\" content=\"2026-03-14T06:51:06+00:00\" \/>\n<meta property=\"og:image\" content=\"https:\/\/ograsmarknad.com\/wp-content\/uploads\/2021\/11\/hawaiian-snow.jpg\" \/>\n\t<meta property=\"og:image:width\" content=\"600\" \/>\n\t<meta property=\"og:image:height\" content=\"600\" \/>\n\t<meta property=\"og:image:type\" content=\"image\/jpeg\" \/>\n<meta name=\"twitter:card\" content=\"summary_large_image\" \/>\n<meta name=\"twitter:label1\" content=\"Dur\u00e9e de lecture estim\u00e9e\" \/>\n\t<meta name=\"twitter:data1\" content=\"2 minutes\" \/>\n<!-- \/ Yoast SEO plugin. -->","yoast_head_json":{"title":"Vari\u00e9t\u00e9 de cannabis Hawaiian Snow \u00e0 vendre \u2013 Achetez Hawaiian Snow en ligne","description":"Achetez la vari\u00e9t\u00e9 de cannabis Hawaiian Snow en ligne sur Weed Market. La Hawaiian Snow, disponible \u00e0 la vente, est r\u00e9put\u00e9e pour ses effets stimulants de type sativa et son ar\u00f4me tropical.","robots":{"index":"index","follow":"follow","max-snippet":"max-snippet:-1","max-image-preview":"max-image-preview:large","max-video-preview":"max-video-preview:-1"},"canonical":"https:\/\/ograsmarknad.com\/fr\/product\/hawaiian-snow\/","og_locale":"fr_FR","og_type":"article","og_title":"Hawaiian Snow ogr\u00e4ssort till salu \u2013 K\u00f6p Hawaiian Snow online","og_description":"K\u00f6p Hawaiian Snow ogr\u00e4ssort online fr\u00e5n Ograsmarknad. Hawaiian Snow till salu k\u00e4nd f\u00f6r sina upplyftande sativaeffekter och tropiska cannabisarom.","og_url":"https:\/\/ograsmarknad.com\/fr\/product\/hawaiian-snow\/","og_site_name":"Ogras Marknad","article_modified_time":"2026-03-14T06:51:06+00:00","og_image":[{"width":600,"height":600,"url":"https:\/\/ograsmarknad.com\/wp-content\/uploads\/2021\/11\/hawaiian-snow.jpg","type":"image\/jpeg"}],"twitter_card":"summary_large_image","twitter_misc":{"Dur\u00e9e de lecture estim\u00e9e":"2 minutes"},"schema":{"@context":"https:\/\/schema.org","@graph":[{"@type":"WebPage","@id":"https:\/\/ograsmarknad.com\/product\/hawaiian-snow\/","url":"https:\/\/ograsmarknad.com\/product\/hawaiian-snow\/","name":"Vari\u00e9t\u00e9 de cannabis Hawaiian Snow \u00e0 vendre \u2013 Achetez Hawaiian Snow en ligne","isPartOf":{"@id":"https:\/\/ograsmarknad.com\/#website"},"primaryImageOfPage":{"@id":"https:\/\/ograsmarknad.com\/product\/hawaiian-snow\/#primaryimage"},"image":{"@id":"https:\/\/ograsmarknad.com\/product\/hawaiian-snow\/#primaryimage"},"thumbnailUrl":"https:\/\/ograsmarknad.com\/wp-content\/uploads\/2021\/11\/hawaiian-snow.jpg","datePublished":"2021-11-08T08:24:29+00:00","dateModified":"2026-03-14T06:51:06+00:00","description":"Achetez la vari\u00e9t\u00e9 de cannabis Hawaiian Snow en ligne sur Weed Market. La Hawaiian Snow, disponible \u00e0 la vente, est r\u00e9put\u00e9e pour ses effets stimulants de type sativa et son ar\u00f4me tropical.","breadcrumb":{"@id":"https:\/\/ograsmarknad.com\/product\/hawaiian-snow\/#breadcrumb"},"inLanguage":"fr-FR","potentialAction":[{"@type":"ReadAction","target":["https:\/\/ograsmarknad.com\/product\/hawaiian-snow\/"]}]},{"@type":"ImageObject","inLanguage":"fr-FR","@id":"https:\/\/ograsmarknad.com\/product\/hawaiian-snow\/#primaryimage","url":"https:\/\/ograsmarknad.com\/wp-content\/uploads\/2021\/11\/hawaiian-snow.jpg","contentUrl":"https:\/\/ograsmarknad.com\/wp-content\/uploads\/2021\/11\/hawaiian-snow.jpg","width":600,"height":600,"caption":"hawaiian-snow"},{"@type":"BreadcrumbList","@id":"https:\/\/ograsmarknad.com\/product\/hawaiian-snow\/#breadcrumb","itemListElement":[{"@type":"ListItem","position":1,"name":"Home","item":"https:\/\/ograsmarknad.com\/"},{"@type":"ListItem","position":2,"name":"Shop","item":"https:\/\/ograsmarknad.com\/shop\/"},{"@type":"ListItem","position":3,"name":"Hawaiian Snow"}]},{"@type":"WebSite","@id":"https:\/\/ograsmarknad.com\/#website","url":"https:\/\/ograsmarknad.com\/","name":"Ogras Marknad","description":"Ogras Marknad","potentialAction":[{"@type":"SearchAction","target":{"@type":"EntryPoint","urlTemplate":"https:\/\/ograsmarknad.com\/?s={search_term_string}"},"query-input":{"@type":"PropertyValueSpecification","valueRequired":true,"valueName":"search_term_string"}}],"inLanguage":"fr-FR"}]}},"_links":{"self":[{"href":"https:\/\/ograsmarknad.com\/fr\/wp-json\/wp\/v2\/product\/9746","targetHints":{"allow":["GET"]}}],"collection":[{"href":"https:\/\/ograsmarknad.com\/fr\/wp-json\/wp\/v2\/product"}],"about":[{"href":"https:\/\/ograsmarknad.com\/fr\/wp-json\/wp\/v2\/types\/product"}],"replies":[{"embeddable":true,"href":"https:\/\/ograsmarknad.com\/fr\/wp-json\/wp\/v2\/comments?post=9746"}],"wp:featuredmedia":[{"embeddable":true,"href":"https:\/\/ograsmarknad.com\/fr\/wp-json\/wp\/v2\/media\/9751"}],"wp:attachment":[{"href":"https:\/\/ograsmarknad.com\/fr\/wp-json\/wp\/v2\/media?parent=9746"}],"wp:term":[{"taxonomy":"product_cat","embeddable":true,"href":"https:\/\/ograsmarknad.com\/fr\/wp-json\/wp\/v2\/product_cat?post=9746"},{"taxonomy":"product_tag","embeddable":true,"href":"https:\/\/ograsmarknad.com\/fr\/wp-json\/wp\/v2\/product_tag?post=9746"}],"curies":[{"name":"wp","href":"https:\/\/api.w.org\/{rel}","templated":true}]}}