{"id":9752,"date":"2021-11-08T08:26:11","date_gmt":"2021-11-08T08:26:11","guid":{"rendered":"https:\/\/ograsmarknad.com\/?post_type=product&#038;p=9752"},"modified":"2026-03-14T06:50:54","modified_gmt":"2026-03-14T06:50:54","slug":"lemon-haze","status":"publish","type":"product","link":"https:\/\/ograsmarknad.com\/fr\/product\/lemon-haze\/","title":{"rendered":"Lemon Haze"},"content":{"rendered":"<h2 style=\"text-align: justify;\">Achetez Lemon Haze en ligne Su\u00e8de, Finlande, \u00c5land, Danemark, Estonie, Norv\u00e8ge aux meilleurs prix sur Ogras Marknad !<\/h2>\n<p style=\"text-align: justify;\"><a href=\"https:\/\/ograsmarknad.com\/fr\/product\/lemon-haze\/\">Lemon Haze \u00e0 vendre<\/a> disponible \u00e0 la vente, est une vari\u00e9t\u00e9 californienne profond\u00e9ment ancr\u00e9e dans la culture du cannabis de la c\u00f4te ouest. La Silver Haze et la Lemon Skunk ont \u00e9t\u00e9 crois\u00e9es pour cr\u00e9er cet adorable hybride \u00e0 dominante Sativa. Son ar\u00f4me et son go\u00fbt acidul\u00e9s, citronn\u00e9s et de pin, associ\u00e9s \u00e0 son c\u00f4t\u00e9 joyeux et stimulant, en ont fait un favori mondial. Achetez la Lemon Haze en ligne d\u00e8s aujourd'hui dans notre boutique en ligne en Europe, en Su\u00e8de, en Finlande, \u00e0 \u00c5land, au Danemark, en Estonie et en Norv\u00e8ge\u00a0!<\/p>\n<h3 style=\"text-align: justify;\">G\u00e9n\u00e9tique<\/h3>\n<p style=\"text-align: justify;\">Lemon Skunk et Super Silver Haze ont \u00e9t\u00e9 crois\u00e9s pour cr\u00e9er cette vari\u00e9t\u00e9 de cannabis.<\/p>\n<h3 style=\"text-align: justify;\">Effets de Lemon Haze<\/h3>\n<p style=\"text-align: justify;\">Des tests en laboratoire ont d\u00e9montr\u00e9 la puissance de cette vari\u00e9t\u00e9 pour un hybride parfait. Sa teneur moyenne en THC est de 15 \u00e0 18 %, un niveau assez \u00e9lev\u00e9 pour un hybride \u00e0 dominante Sativa. Le fort taux de THC et le faible taux de CBD (1 %) de la Lemon Haze produisent un effet psych\u00e9d\u00e9lique enivrant, empli de joie et de sourires.<\/p>\n<p style=\"text-align: justify;\">Les propri\u00e9t\u00e9s c\u00e9r\u00e9brales et stimulantes de cette vari\u00e9t\u00e9 en font un excellent traitement contre l'anxi\u00e9t\u00e9, la d\u00e9pression et le stress g\u00e9n\u00e9ral du quotidien. Elle est donc id\u00e9ale \u00e0 consommer toute la journ\u00e9e, favorisant la concentration et l'engagement social. Ses effets analg\u00e9siques et s\u00e9datifs sont mod\u00e9r\u00e9s, typiques des vari\u00e9t\u00e9s \u00e0 dominante Sativa.<\/p>\n<h3 style=\"text-align: justify;\">Aspect et ar\u00f4me<\/h3>\n<p style=\"text-align: justify;\">La principale caract\u00e9ristique de la Lemon Haze est son ar\u00f4me envo\u00fbtant, rappelant la limonade fra\u00eechement press\u00e9e\u00a0: un zeste d'agrumes juteux se m\u00eale \u00e0 une note sucr\u00e9e et pinc\u00e9e pour cr\u00e9er un ar\u00f4me agr\u00e9able. Les t\u00eates coniques sont denses et pr\u00e9sentent de nombreux trichomes duveteux et visibles. Quelques pistils orange p\u00e2le se nichent soigneusement dans les fleurs vert clair, et lorsqu'ils se brisent, les t\u00eates lib\u00e8rent encore plus de THC.<\/p>\n<p style=\"text-align: justify;\">Cette vari\u00e9t\u00e9 de cannabis provoque une euphorie c\u00e9r\u00e9brale suivie d'un effet clouant au canap\u00e9. Elle augmente le niveau d'\u00e9nergie, favorise le rire, les liens sociaux, soulage le stress, la tristesse et les naus\u00e9es, soulage mod\u00e9r\u00e9ment la douleur et stimule l'app\u00e9tit.<\/p>\n<p style=\"text-align: justify;\"><a href=\"https:\/\/ograsmarknad.com\/fr\/\">Nous contacter<\/a> chez Ogras Marknad et partagez vos informations de commande de Lemon Haze \u00e0 prix abordables. Commandez Lemon Haze en ligne d\u00e8s maintenant en Europe, en Su\u00e8de, en Finlande, \u00e0 \u00c5land, au Danemark, en Estonie et en Norv\u00e8ge\u00a0!<\/p>","protected":false},"excerpt":{"rendered":"<p>For Wholesale please contact us at<br \/>\nWickr ID: @williamspro<br \/>\nor via Whatsapp<br \/>\n<img loading=\"lazy\" decoding=\"async\" class=\"size-full wp-image-10162 alignleft\" src=\"https:\/\/ograsmarknad.com\/wp-content\/uploads\/2021\/11\/trust.jpg\" alt=\"Trust German\" width=\"300\" height=\"129\" srcset=\"https:\/\/ograsmarknad.com\/wp-content\/uploads\/2021\/11\/trust.jpg 300w, https:\/\/ograsmarknad.com\/wp-content\/uploads\/2021\/11\/trust-18x8.jpg 18w\" sizes=\"auto, (max-width: 300px) 100vw, 300px\" \/><\/p>","protected":false},"featured_media":9757,"comment_status":"open","ping_status":"closed","template":"","meta":{"_joinchat":[]},"product_cat":[71],"product_tag":[],"class_list":{"0":"post-9752","1":"product","2":"type-product","3":"status-publish","4":"has-post-thumbnail","6":"product_cat-gras-sw","8":"first","9":"instock","10":"shipping-taxable","11":"purchasable","12":"product-type-variable","13":"has-default-attributes"},"yoast_head":"<!-- This site is optimized with the Yoast SEO plugin v26.3 - https:\/\/yoast.com\/wordpress\/plugins\/seo\/ -->\n<title>Lemon Haze ogr\u00e4ssort till salu \u2013 K\u00f6p Lemon Haze online<\/title>\n<meta name=\"description\" content=\"K\u00f6p Lemon Haze ogr\u00e4ssort online fr\u00e5n Ograsmarknad. Lemon Haze till salu med citruscitronsmak och upplyftande energiska cannabiseffekter.\" \/>\n<meta name=\"robots\" content=\"index, follow, max-snippet:-1, max-image-preview:large, max-video-preview:-1\" \/>\n<link rel=\"canonical\" href=\"https:\/\/ograsmarknad.com\/fr\/product\/lemon-haze\/\" \/>\n<meta property=\"og:locale\" content=\"fr_FR\" \/>\n<meta property=\"og:type\" content=\"article\" \/>\n<meta property=\"og:title\" content=\"Lemon Haze ogr\u00e4ssort till salu \u2013 K\u00f6p Lemon Haze online\" \/>\n<meta property=\"og:description\" content=\"K\u00f6p Lemon Haze ogr\u00e4ssort online fr\u00e5n Ograsmarknad. Lemon Haze till salu med citruscitronsmak och upplyftande energiska cannabiseffekter.\" \/>\n<meta property=\"og:url\" content=\"https:\/\/ograsmarknad.com\/fr\/product\/lemon-haze\/\" \/>\n<meta property=\"og:site_name\" content=\"Ogras Marknad\" \/>\n<meta property=\"article:modified_time\" content=\"2026-03-14T06:50:54+00:00\" \/>\n<meta property=\"og:image\" content=\"https:\/\/ograsmarknad.com\/wp-content\/uploads\/2021\/11\/lemon-haze.jpg\" \/>\n\t<meta property=\"og:image:width\" content=\"600\" \/>\n\t<meta property=\"og:image:height\" content=\"600\" \/>\n\t<meta property=\"og:image:type\" content=\"image\/jpeg\" \/>\n<meta name=\"twitter:card\" content=\"summary_large_image\" \/>\n<meta name=\"twitter:label1\" content=\"Dur\u00e9e de lecture estim\u00e9e\" \/>\n\t<meta name=\"twitter:data1\" content=\"2 minutes\" \/>\n<!-- \/ Yoast SEO plugin. -->","yoast_head_json":{"title":"Vari\u00e9t\u00e9 de cannabis Lemon Haze \u00e0 vendre \u2013 Achetez de la Lemon Haze en ligne","description":"Achetez la vari\u00e9t\u00e9 de cannabis Lemon Haze en ligne chez Ograsmarknad. Lemon Haze \u00e0 vendre\u00a0: saveur citronn\u00e9e et effets \u00e9nergisants et stimulants.","robots":{"index":"index","follow":"follow","max-snippet":"max-snippet:-1","max-image-preview":"max-image-preview:large","max-video-preview":"max-video-preview:-1"},"canonical":"https:\/\/ograsmarknad.com\/fr\/product\/lemon-haze\/","og_locale":"fr_FR","og_type":"article","og_title":"Lemon Haze ogr\u00e4ssort till salu \u2013 K\u00f6p Lemon Haze online","og_description":"K\u00f6p Lemon Haze ogr\u00e4ssort online fr\u00e5n Ograsmarknad. Lemon Haze till salu med citruscitronsmak och upplyftande energiska cannabiseffekter.","og_url":"https:\/\/ograsmarknad.com\/fr\/product\/lemon-haze\/","og_site_name":"Ogras Marknad","article_modified_time":"2026-03-14T06:50:54+00:00","og_image":[{"width":600,"height":600,"url":"https:\/\/ograsmarknad.com\/wp-content\/uploads\/2021\/11\/lemon-haze.jpg","type":"image\/jpeg"}],"twitter_card":"summary_large_image","twitter_misc":{"Dur\u00e9e de lecture estim\u00e9e":"2 minutes"},"schema":{"@context":"https:\/\/schema.org","@graph":[{"@type":"WebPage","@id":"https:\/\/ograsmarknad.com\/product\/lemon-haze\/","url":"https:\/\/ograsmarknad.com\/product\/lemon-haze\/","name":"Vari\u00e9t\u00e9 de cannabis Lemon Haze \u00e0 vendre \u2013 Achetez de la Lemon Haze en ligne","isPartOf":{"@id":"https:\/\/ograsmarknad.com\/#website"},"primaryImageOfPage":{"@id":"https:\/\/ograsmarknad.com\/product\/lemon-haze\/#primaryimage"},"image":{"@id":"https:\/\/ograsmarknad.com\/product\/lemon-haze\/#primaryimage"},"thumbnailUrl":"https:\/\/ograsmarknad.com\/wp-content\/uploads\/2021\/11\/lemon-haze.jpg","datePublished":"2021-11-08T08:26:11+00:00","dateModified":"2026-03-14T06:50:54+00:00","description":"Achetez la vari\u00e9t\u00e9 de cannabis Lemon Haze en ligne chez Ograsmarknad. Lemon Haze \u00e0 vendre\u00a0: saveur citronn\u00e9e et effets \u00e9nergisants et stimulants.","breadcrumb":{"@id":"https:\/\/ograsmarknad.com\/product\/lemon-haze\/#breadcrumb"},"inLanguage":"fr-FR","potentialAction":[{"@type":"ReadAction","target":["https:\/\/ograsmarknad.com\/product\/lemon-haze\/"]}]},{"@type":"ImageObject","inLanguage":"fr-FR","@id":"https:\/\/ograsmarknad.com\/product\/lemon-haze\/#primaryimage","url":"https:\/\/ograsmarknad.com\/wp-content\/uploads\/2021\/11\/lemon-haze.jpg","contentUrl":"https:\/\/ograsmarknad.com\/wp-content\/uploads\/2021\/11\/lemon-haze.jpg","width":600,"height":600,"caption":"lemon-haze"},{"@type":"BreadcrumbList","@id":"https:\/\/ograsmarknad.com\/product\/lemon-haze\/#breadcrumb","itemListElement":[{"@type":"ListItem","position":1,"name":"Home","item":"https:\/\/ograsmarknad.com\/"},{"@type":"ListItem","position":2,"name":"Shop","item":"https:\/\/ograsmarknad.com\/shop\/"},{"@type":"ListItem","position":3,"name":"Lemon Haze"}]},{"@type":"WebSite","@id":"https:\/\/ograsmarknad.com\/#website","url":"https:\/\/ograsmarknad.com\/","name":"Ogras Marknad","description":"Ogras Marknad","potentialAction":[{"@type":"SearchAction","target":{"@type":"EntryPoint","urlTemplate":"https:\/\/ograsmarknad.com\/?s={search_term_string}"},"query-input":{"@type":"PropertyValueSpecification","valueRequired":true,"valueName":"search_term_string"}}],"inLanguage":"fr-FR"}]}},"_links":{"self":[{"href":"https:\/\/ograsmarknad.com\/fr\/wp-json\/wp\/v2\/product\/9752","targetHints":{"allow":["GET"]}}],"collection":[{"href":"https:\/\/ograsmarknad.com\/fr\/wp-json\/wp\/v2\/product"}],"about":[{"href":"https:\/\/ograsmarknad.com\/fr\/wp-json\/wp\/v2\/types\/product"}],"replies":[{"embeddable":true,"href":"https:\/\/ograsmarknad.com\/fr\/wp-json\/wp\/v2\/comments?post=9752"}],"wp:featuredmedia":[{"embeddable":true,"href":"https:\/\/ograsmarknad.com\/fr\/wp-json\/wp\/v2\/media\/9757"}],"wp:attachment":[{"href":"https:\/\/ograsmarknad.com\/fr\/wp-json\/wp\/v2\/media?parent=9752"}],"wp:term":[{"taxonomy":"product_cat","embeddable":true,"href":"https:\/\/ograsmarknad.com\/fr\/wp-json\/wp\/v2\/product_cat?post=9752"},{"taxonomy":"product_tag","embeddable":true,"href":"https:\/\/ograsmarknad.com\/fr\/wp-json\/wp\/v2\/product_tag?post=9752"}],"curies":[{"name":"wp","href":"https:\/\/api.w.org\/{rel}","templated":true}]}}