{"id":9759,"date":"2021-11-08T08:46:54","date_gmt":"2021-11-08T08:46:54","guid":{"rendered":"https:\/\/ograsmarknad.com\/?post_type=product&#038;p=9759"},"modified":"2026-03-16T10:34:58","modified_gmt":"2026-03-16T10:34:58","slug":"orange-kush","status":"publish","type":"product","link":"https:\/\/ograsmarknad.com\/fr\/product\/orange-kush\/","title":{"rendered":"Orange Kush"},"content":{"rendered":"<h2 style=\"text-align: justify;\">Commandez du Orange Kush en ligne en Europe, Su\u00e8de, Finlande, \u00c5land, Danemark, Estonie, Norv\u00e8ge, disponible aux meilleurs prix aujourd'hui sur Ogras Market !<\/h2>\n<p style=\"text-align: justify;\">Green Devil Genetics a cr\u00e9\u00e9 l'Orange Kush, qui est issue du croisement entre l'Orange Bud et l'Orange Kush. <a href=\"https:\/\/ograsmarknad.com\/fr\/product\/orange-kush\/\">OG Kush<\/a>. Elle a une saveur d'agrumes douce et \u00e9pic\u00e9e qui calme le corps et \u00e9l\u00e8ve l'esprit. Cette vari\u00e9t\u00e9 a des t\u00eates longues et denses avec beaucoup de poils orange et de cristaux de trichomes. Elle est r\u00e9sistante \u00e0 la plupart des parasites et des moisissures. Achetez Orange Kush en ligne en Europe, Su\u00e8de, Finlande, \u00c5land, Danemark, Estonie, Norv\u00e8ge sur notre boutique en ligne d\u00e8s aujourd'hui.<\/p>\n<p style=\"text-align: justify;\">L'Orange Kush \u00e0 vendre est la prog\u00e9niture de l'Orange Bud et de l'OG Kush. Elle a une saveur d'agrumes douce et \u00e9pic\u00e9e qui calme le corps et \u00e9l\u00e8ve l'esprit. Cette vari\u00e9t\u00e9 a des t\u00eates longues et denses avec beaucoup de poils orange et de cristaux de trichomes. Elle est r\u00e9sistante \u00e0 la plupart des parasites et des moisissures.<\/p>\n<p style=\"text-align: justify;\">Cette vari\u00e9t\u00e9 de marijuana hybride \u00e0 dominante sativa a \u00e9t\u00e9 cr\u00e9\u00e9e pour \u00eatre un cultivateur durable et fiable. Les plantes Organic Kush descendent des parents OG Kush et SAGE et, comme beaucoup de sativas, prennent 10 \u00e0 11 semaines pour fleurir. Ces plantes ont de nombreuses feuilles vertes fonc\u00e9es sur leurs branches, mais leurs bourgeons sont vert clair et sentent les c\u00f4nes fra\u00eechement coup\u00e9s. L'Organic Kush est un excellent choix pour un high c\u00e9r\u00e9bral qui peut vous inspirer \u00e0 \u00eatre plus cr\u00e9atif.<\/p>\n<h3 style=\"text-align: justify;\">Apparition<\/h3>\n<p style=\"text-align: justify;\">Il est vert clair avec des poils orange \u00e9pais et brillants. Les cristaux qu'il porte brillent \u00e9galement \u00e0 la lumi\u00e8re.<\/p>\n<h3 style=\"text-align: justify;\">Aroma<\/h3>\n<p style=\"text-align: justify;\">Il y a une l\u00e9g\u00e8re odeur d'herbes terreuses mais pas d'autres odeurs. En secret, bien s\u00fbr.<\/p>\n<h3 style=\"text-align: justify;\">Go\u00fbter<\/h3>\n<p style=\"text-align: justify;\">Il n'y a pas beaucoup de go\u00fbt non plus, de la m\u00eame mani\u00e8re qu'il n'y a pas beaucoup d'odeur. Il a une saveur douce, l\u00e9g\u00e8rement terreuse et herbac\u00e9e.<\/p>\n<h3 style=\"text-align: justify;\">Effets<\/h3>\n<p style=\"text-align: justify;\">Il est pr\u00e9f\u00e9rable de l'utiliser la nuit. Elle a de forts effets indica avec une t\u00eate assez claire. Elle est efficace contre la douleur et la pr\u00e9sence secr\u00e8te.<\/p>\n<h3 style=\"text-align: justify;\">Avantages<\/h3>\n<p style=\"text-align: justify;\">Orange Kush aide \u00e0 augmenter l'app\u00e9tit et est bon pour les naus\u00e9es, le soulagement de la douleur l\u00e9g\u00e8re, le stress, l'asthme et la relaxation. Si vous souhaitez acheter Orange Kush en ligne en Europe, Su\u00e8de, Finlande, \u00c5land, Danemark, Estonie, Norv\u00e8ge, veuillez nous contacter directement et nous faire part des d\u00e9tails de votre commande. Contactez-nous d\u00e8s aujourd'hui !<\/p>","protected":false},"excerpt":{"rendered":"<p>For Wholesale please contact us at<br \/>\nWickr ID: @williamspro<br \/>\nor via Whatsapp<br \/>\n<img loading=\"lazy\" decoding=\"async\" class=\"size-full wp-image-10162 alignleft\" src=\"https:\/\/ograsmarknad.com\/wp-content\/uploads\/2021\/11\/trust.jpg\" alt=\"Trust German\" width=\"300\" height=\"129\" srcset=\"https:\/\/ograsmarknad.com\/wp-content\/uploads\/2021\/11\/trust.jpg 300w, https:\/\/ograsmarknad.com\/wp-content\/uploads\/2021\/11\/trust-18x8.jpg 18w\" sizes=\"auto, (max-width: 300px) 100vw, 300px\" \/><\/p>","protected":false},"featured_media":9764,"comment_status":"open","ping_status":"closed","template":"","meta":{"_joinchat":[]},"product_cat":[71],"product_tag":[],"class_list":{"0":"post-9759","1":"product","2":"type-product","3":"status-publish","4":"has-post-thumbnail","6":"product_cat-gras-sw","8":"first","9":"instock","10":"shipping-taxable","11":"purchasable","12":"product-type-variable","13":"has-default-attributes"},"yoast_head":"<!-- This site is optimized with the Yoast SEO plugin v26.3 - https:\/\/yoast.com\/wordpress\/plugins\/seo\/ -->\n<title>Orange Kush ogr\u00e4ssort till salu \u2013 K\u00f6p Orange Kush online<\/title>\n<meta name=\"description\" content=\"K\u00f6p Orange Kush ogr\u00e4ssort online fr\u00e5n Ograsmarknad. Orange Kush till salu med citrusarom och avslappnande indica-dominanta cannabiseffekter.\" \/>\n<meta name=\"robots\" content=\"index, follow, max-snippet:-1, max-image-preview:large, max-video-preview:-1\" \/>\n<link rel=\"canonical\" href=\"https:\/\/ograsmarknad.com\/fr\/product\/orange-kush\/\" \/>\n<meta property=\"og:locale\" content=\"fr_FR\" \/>\n<meta property=\"og:type\" content=\"article\" \/>\n<meta property=\"og:title\" content=\"Orange Kush ogr\u00e4ssort till salu \u2013 K\u00f6p Orange Kush online\" \/>\n<meta property=\"og:description\" content=\"K\u00f6p Orange Kush ogr\u00e4ssort online fr\u00e5n Ograsmarknad. Orange Kush till salu med citrusarom och avslappnande indica-dominanta cannabiseffekter.\" \/>\n<meta property=\"og:url\" content=\"https:\/\/ograsmarknad.com\/fr\/product\/orange-kush\/\" \/>\n<meta property=\"og:site_name\" content=\"Ogras Marknad\" \/>\n<meta property=\"article:modified_time\" content=\"2026-03-16T10:34:58+00:00\" \/>\n<meta property=\"og:image\" content=\"https:\/\/ograsmarknad.com\/wp-content\/uploads\/2021\/11\/orange-kush.jpg\" \/>\n\t<meta property=\"og:image:width\" content=\"600\" \/>\n\t<meta property=\"og:image:height\" content=\"600\" \/>\n\t<meta property=\"og:image:type\" content=\"image\/jpeg\" \/>\n<meta name=\"twitter:card\" content=\"summary_large_image\" \/>\n<meta name=\"twitter:label1\" content=\"Dur\u00e9e de lecture estim\u00e9e\" \/>\n\t<meta name=\"twitter:data1\" content=\"2 minutes\" \/>\n<!-- \/ Yoast SEO plugin. -->","yoast_head_json":{"title":"Vari\u00e9t\u00e9 de cannabis Orange Kush \u00e0 vendre \u2013 Achetez de l'Orange Kush en ligne","description":"Achetez la vari\u00e9t\u00e9 de cannabis Orange Kush en ligne chez Ograsmarknad. Orange Kush \u00e0 vendre\u00a0: ar\u00f4me d'agrumes et effets relaxants \u00e0 dominance indica.","robots":{"index":"index","follow":"follow","max-snippet":"max-snippet:-1","max-image-preview":"max-image-preview:large","max-video-preview":"max-video-preview:-1"},"canonical":"https:\/\/ograsmarknad.com\/fr\/product\/orange-kush\/","og_locale":"fr_FR","og_type":"article","og_title":"Orange Kush ogr\u00e4ssort till salu \u2013 K\u00f6p Orange Kush online","og_description":"K\u00f6p Orange Kush ogr\u00e4ssort online fr\u00e5n Ograsmarknad. Orange Kush till salu med citrusarom och avslappnande indica-dominanta cannabiseffekter.","og_url":"https:\/\/ograsmarknad.com\/fr\/product\/orange-kush\/","og_site_name":"Ogras Marknad","article_modified_time":"2026-03-16T10:34:58+00:00","og_image":[{"width":600,"height":600,"url":"https:\/\/ograsmarknad.com\/wp-content\/uploads\/2021\/11\/orange-kush.jpg","type":"image\/jpeg"}],"twitter_card":"summary_large_image","twitter_misc":{"Dur\u00e9e de lecture estim\u00e9e":"2 minutes"},"schema":{"@context":"https:\/\/schema.org","@graph":[{"@type":"WebPage","@id":"https:\/\/ograsmarknad.com\/product\/orange-kush\/","url":"https:\/\/ograsmarknad.com\/product\/orange-kush\/","name":"Vari\u00e9t\u00e9 de cannabis Orange Kush \u00e0 vendre \u2013 Achetez de l'Orange Kush en ligne","isPartOf":{"@id":"https:\/\/ograsmarknad.com\/#website"},"primaryImageOfPage":{"@id":"https:\/\/ograsmarknad.com\/product\/orange-kush\/#primaryimage"},"image":{"@id":"https:\/\/ograsmarknad.com\/product\/orange-kush\/#primaryimage"},"thumbnailUrl":"https:\/\/ograsmarknad.com\/wp-content\/uploads\/2021\/11\/orange-kush.jpg","datePublished":"2021-11-08T08:46:54+00:00","dateModified":"2026-03-16T10:34:58+00:00","description":"Achetez la vari\u00e9t\u00e9 de cannabis Orange Kush en ligne chez Ograsmarknad. Orange Kush \u00e0 vendre\u00a0: ar\u00f4me d'agrumes et effets relaxants \u00e0 dominance indica.","breadcrumb":{"@id":"https:\/\/ograsmarknad.com\/product\/orange-kush\/#breadcrumb"},"inLanguage":"fr-FR","potentialAction":[{"@type":"ReadAction","target":["https:\/\/ograsmarknad.com\/product\/orange-kush\/"]}]},{"@type":"ImageObject","inLanguage":"fr-FR","@id":"https:\/\/ograsmarknad.com\/product\/orange-kush\/#primaryimage","url":"https:\/\/ograsmarknad.com\/wp-content\/uploads\/2021\/11\/orange-kush.jpg","contentUrl":"https:\/\/ograsmarknad.com\/wp-content\/uploads\/2021\/11\/orange-kush.jpg","width":600,"height":600,"caption":"orange-kush"},{"@type":"BreadcrumbList","@id":"https:\/\/ograsmarknad.com\/product\/orange-kush\/#breadcrumb","itemListElement":[{"@type":"ListItem","position":1,"name":"Home","item":"https:\/\/ograsmarknad.com\/"},{"@type":"ListItem","position":2,"name":"Shop","item":"https:\/\/ograsmarknad.com\/shop\/"},{"@type":"ListItem","position":3,"name":"Orange Kush"}]},{"@type":"WebSite","@id":"https:\/\/ograsmarknad.com\/#website","url":"https:\/\/ograsmarknad.com\/","name":"Ogras Marknad","description":"Ogras Marknad","potentialAction":[{"@type":"SearchAction","target":{"@type":"EntryPoint","urlTemplate":"https:\/\/ograsmarknad.com\/?s={search_term_string}"},"query-input":{"@type":"PropertyValueSpecification","valueRequired":true,"valueName":"search_term_string"}}],"inLanguage":"fr-FR"}]}},"_links":{"self":[{"href":"https:\/\/ograsmarknad.com\/fr\/wp-json\/wp\/v2\/product\/9759","targetHints":{"allow":["GET"]}}],"collection":[{"href":"https:\/\/ograsmarknad.com\/fr\/wp-json\/wp\/v2\/product"}],"about":[{"href":"https:\/\/ograsmarknad.com\/fr\/wp-json\/wp\/v2\/types\/product"}],"replies":[{"embeddable":true,"href":"https:\/\/ograsmarknad.com\/fr\/wp-json\/wp\/v2\/comments?post=9759"}],"wp:featuredmedia":[{"embeddable":true,"href":"https:\/\/ograsmarknad.com\/fr\/wp-json\/wp\/v2\/media\/9764"}],"wp:attachment":[{"href":"https:\/\/ograsmarknad.com\/fr\/wp-json\/wp\/v2\/media?parent=9759"}],"wp:term":[{"taxonomy":"product_cat","embeddable":true,"href":"https:\/\/ograsmarknad.com\/fr\/wp-json\/wp\/v2\/product_cat?post=9759"},{"taxonomy":"product_tag","embeddable":true,"href":"https:\/\/ograsmarknad.com\/fr\/wp-json\/wp\/v2\/product_tag?post=9759"}],"curies":[{"name":"wp","href":"https:\/\/api.w.org\/{rel}","templated":true}]}}