{"id":9771,"date":"2021-11-08T08:52:15","date_gmt":"2021-11-08T08:52:15","guid":{"rendered":"https:\/\/ograsmarknad.com\/?post_type=product&#038;p=9771"},"modified":"2026-03-16T10:34:10","modified_gmt":"2026-03-16T10:34:10","slug":"sour-diesel","status":"publish","type":"product","link":"https:\/\/ograsmarknad.com\/fr\/product\/sour-diesel\/","title":{"rendered":"Sour Diesel"},"content":{"rendered":"<h2 style=\"text-align: justify;\">Obtenez du Sour Diesel d'Europe, \u00e0 des prix avantageux, chez Ogras Marknad !<\/h2>\n<p style=\"text-align: justify;\">Av en bra anledning \u00e4r <a href=\"https:\/\/ograsmarknad.com\/fr\/product\/sour-diesel\/\">Sour Diesel till salu<\/a> est connue pour \u00eatre l'une des souches les plus piquantes de tous les temps. Une odeur piquante de skunk, d'essence et de citron en \u00e9mane. Alors, m\u00eame si elle n'est pas la plus savoureuse (\u00e0 moins que vous ne pr\u00e9f\u00e9riez les souches dank), elle a certainement du punch quand il s'agit d'effets. En raison de son extraordinaire pouvoir de stimulation et d'\u00e9l\u00e9vation, Sour Diesel est un excellent choix pour les personnes souffrant de troubles de l'humeur comme la d\u00e9pression ou les troubles bipolaires. Achetez Sour Diesel en ligne en Europe, Su\u00e8de, Finlande, \u00c5land, Danemark, Estonie, Norv\u00e8ge dans notre magasin aujourd'hui !<\/p>\n<h3 style=\"text-align: justify;\">Odeur, go\u00fbt et apparence du diesel acide<\/h3>\n<p style=\"text-align: justify;\">Le mot \"diesel\" appara\u00eet dans le nom de la vari\u00e9t\u00e9 Sour Diesel dans un but tr\u00e8s pr\u00e9cis. La Sour Diesel poss\u00e8de les ar\u00f4mes les plus piquants de toute marijuana, ce qui est l'une des raisons de son succ\u00e8s mondial et de son nom.<\/p>\n<p style=\"text-align: justify;\">Elle a un ar\u00f4me piquant et skunky, mais elle a aussi des nuances d'\u00e9corce de citron et d'autres agrumes dans le go\u00fbt, ce qui explique probablement pourquoi elle est appel\u00e9e \"Sour\". Le go\u00fbt de cette vari\u00e9t\u00e9 de marijuana est terreux et parfois m\u00e9lang\u00e9 \u00e0 un soup\u00e7on d'agrumes lorsqu'elle est fum\u00e9e. Plus important encore, attendez-vous \u00e0 ce que la qualit\u00e9 cr\u00e9pusculaire et piquante de la Sour Diesel domine les autres saveurs du m\u00e9lange, laissant les agrumes et les \u00e9pices sur le c\u00f4t\u00e9.<\/p>\n<p style=\"text-align: justify;\">La Sour Diesel en ligne a un aspect de pot classique, avec des feuilles de sucre vertes luxuriantes et des pistils l\u00e9g\u00e8rement rose-orange qui ajoutent de la couleur et du dynamisme \u00e0 l'image de cette r\u00e9colte froide. Les p\u00e9pites de Sour Diesel sont souvent givr\u00e9es, avec une pl\u00e9thore de minuscules cristaux scintillants, le tout symbolisant l'immense pouvoir de la Sour Diesel.<\/p>\n<p style=\"text-align: justify;\">M\u00eame apr\u00e8s avoir fini de fumer, l'odeur de la marijuana Sour Diesel persiste. Si vous essayez d'\u00eatre discret avec votre consommation, gardez cela \u00e0 l'esprit. Apr\u00e8s quelques bouff\u00e9es, vous devriez \u00eatre capable de go\u00fbter la marijuana dans votre bouche.<\/p>\n<p style=\"text-align: justify;\">Commandez du Sour Diesel en ligne en Europe, Su\u00e8de, Finlande, \u00c5land, Danemark, Estonie, Norv\u00e8ge, disponible aux meilleurs prix aujourd'hui sur <a href=\"https:\/\/ograsmarknad.com\/fr\/\">Ogras Marknad!<\/a><\/p>","protected":false},"excerpt":{"rendered":"<p>For Wholesale please contact us at<br \/>\nWickr ID: @williamspro<br \/>\nor via Whatsapp<br \/>\n<img loading=\"lazy\" decoding=\"async\" class=\"size-full wp-image-10162 alignleft\" src=\"https:\/\/ograsmarknad.com\/wp-content\/uploads\/2021\/11\/trust.jpg\" alt=\"Trust German\" width=\"300\" height=\"129\" srcset=\"https:\/\/ograsmarknad.com\/wp-content\/uploads\/2021\/11\/trust.jpg 300w, https:\/\/ograsmarknad.com\/wp-content\/uploads\/2021\/11\/trust-18x8.jpg 18w\" sizes=\"auto, (max-width: 300px) 100vw, 300px\" \/><\/p>","protected":false},"featured_media":9739,"comment_status":"open","ping_status":"closed","template":"","meta":{"_joinchat":[]},"product_cat":[71],"product_tag":[],"class_list":{"0":"post-9771","1":"product","2":"type-product","3":"status-publish","4":"has-post-thumbnail","6":"product_cat-gras-sw","8":"first","9":"instock","10":"shipping-taxable","11":"purchasable","12":"product-type-variable","13":"has-default-attributes"},"yoast_head":"<!-- This site is optimized with the Yoast SEO plugin v26.3 - https:\/\/yoast.com\/wordpress\/plugins\/seo\/ -->\n<title>Sour Diesel Weed-sort till salu \u2013 K\u00f6p Sour Diesel Online<\/title>\n<meta name=\"description\" content=\"K\u00f6p Sour Diesel-w\u00e4issort online fr\u00e5n Ograsmarknad. Sour Diesel till salu k\u00e4nd f\u00f6r sin dieselarom och energigivande sativa-cannabiseffekter.\" \/>\n<meta name=\"robots\" content=\"index, follow, max-snippet:-1, max-image-preview:large, max-video-preview:-1\" \/>\n<link rel=\"canonical\" href=\"https:\/\/ograsmarknad.com\/fr\/product\/sour-diesel\/\" \/>\n<meta property=\"og:locale\" content=\"fr_FR\" \/>\n<meta property=\"og:type\" content=\"article\" \/>\n<meta property=\"og:title\" content=\"Sour Diesel Weed-sort till salu \u2013 K\u00f6p Sour Diesel Online\" \/>\n<meta property=\"og:description\" content=\"K\u00f6p Sour Diesel-w\u00e4issort online fr\u00e5n Ograsmarknad. Sour Diesel till salu k\u00e4nd f\u00f6r sin dieselarom och energigivande sativa-cannabiseffekter.\" \/>\n<meta property=\"og:url\" content=\"https:\/\/ograsmarknad.com\/fr\/product\/sour-diesel\/\" \/>\n<meta property=\"og:site_name\" content=\"Ogras Marknad\" \/>\n<meta property=\"article:modified_time\" content=\"2026-03-16T10:34:10+00:00\" \/>\n<meta property=\"og:image\" content=\"https:\/\/ograsmarknad.com\/wp-content\/uploads\/2021\/11\/blueberry-kush.jpg\" \/>\n\t<meta property=\"og:image:width\" content=\"600\" \/>\n\t<meta property=\"og:image:height\" content=\"600\" \/>\n\t<meta property=\"og:image:type\" content=\"image\/jpeg\" \/>\n<meta name=\"twitter:card\" content=\"summary_large_image\" \/>\n<meta name=\"twitter:label1\" content=\"Dur\u00e9e de lecture estim\u00e9e\" \/>\n\t<meta name=\"twitter:data1\" content=\"2 minutes\" \/>\n<!-- \/ Yoast SEO plugin. -->","yoast_head_json":{"title":"Vari\u00e9t\u00e9 de cannabis Sour Diesel \u00e0 vendre \u2013 Achetez Sour Diesel en ligne","description":"Achetez de la Sour Diesel en ligne sur Ograsmarknad. La Sour Diesel, r\u00e9put\u00e9e pour son ar\u00f4me de diesel et ses effets \u00e9nergisants de cannabis sativa, est disponible \u00e0 la vente.","robots":{"index":"index","follow":"follow","max-snippet":"max-snippet:-1","max-image-preview":"max-image-preview:large","max-video-preview":"max-video-preview:-1"},"canonical":"https:\/\/ograsmarknad.com\/fr\/product\/sour-diesel\/","og_locale":"fr_FR","og_type":"article","og_title":"Sour Diesel Weed-sort till salu \u2013 K\u00f6p Sour Diesel Online","og_description":"K\u00f6p Sour Diesel-w\u00e4issort online fr\u00e5n Ograsmarknad. Sour Diesel till salu k\u00e4nd f\u00f6r sin dieselarom och energigivande sativa-cannabiseffekter.","og_url":"https:\/\/ograsmarknad.com\/fr\/product\/sour-diesel\/","og_site_name":"Ogras Marknad","article_modified_time":"2026-03-16T10:34:10+00:00","og_image":[{"width":600,"height":600,"url":"https:\/\/ograsmarknad.com\/wp-content\/uploads\/2021\/11\/blueberry-kush.jpg","type":"image\/jpeg"}],"twitter_card":"summary_large_image","twitter_misc":{"Dur\u00e9e de lecture estim\u00e9e":"2 minutes"},"schema":{"@context":"https:\/\/schema.org","@graph":[{"@type":"WebPage","@id":"https:\/\/ograsmarknad.com\/product\/sour-diesel\/","url":"https:\/\/ograsmarknad.com\/product\/sour-diesel\/","name":"Vari\u00e9t\u00e9 de cannabis Sour Diesel \u00e0 vendre \u2013 Achetez Sour Diesel en ligne","isPartOf":{"@id":"https:\/\/ograsmarknad.com\/#website"},"primaryImageOfPage":{"@id":"https:\/\/ograsmarknad.com\/product\/sour-diesel\/#primaryimage"},"image":{"@id":"https:\/\/ograsmarknad.com\/product\/sour-diesel\/#primaryimage"},"thumbnailUrl":"https:\/\/ograsmarknad.com\/wp-content\/uploads\/2021\/11\/blueberry-kush.jpg","datePublished":"2021-11-08T08:52:15+00:00","dateModified":"2026-03-16T10:34:10+00:00","description":"Achetez de la Sour Diesel en ligne sur Ograsmarknad. La Sour Diesel, r\u00e9put\u00e9e pour son ar\u00f4me de diesel et ses effets \u00e9nergisants de cannabis sativa, est disponible \u00e0 la vente.","breadcrumb":{"@id":"https:\/\/ograsmarknad.com\/product\/sour-diesel\/#breadcrumb"},"inLanguage":"fr-FR","potentialAction":[{"@type":"ReadAction","target":["https:\/\/ograsmarknad.com\/product\/sour-diesel\/"]}]},{"@type":"ImageObject","inLanguage":"fr-FR","@id":"https:\/\/ograsmarknad.com\/product\/sour-diesel\/#primaryimage","url":"https:\/\/ograsmarknad.com\/wp-content\/uploads\/2021\/11\/blueberry-kush.jpg","contentUrl":"https:\/\/ograsmarknad.com\/wp-content\/uploads\/2021\/11\/blueberry-kush.jpg","width":600,"height":600,"caption":"blueberry-kush"},{"@type":"BreadcrumbList","@id":"https:\/\/ograsmarknad.com\/product\/sour-diesel\/#breadcrumb","itemListElement":[{"@type":"ListItem","position":1,"name":"Home","item":"https:\/\/ograsmarknad.com\/"},{"@type":"ListItem","position":2,"name":"Shop","item":"https:\/\/ograsmarknad.com\/shop\/"},{"@type":"ListItem","position":3,"name":"Sour Diesel"}]},{"@type":"WebSite","@id":"https:\/\/ograsmarknad.com\/#website","url":"https:\/\/ograsmarknad.com\/","name":"Ogras Marknad","description":"Ogras Marknad","potentialAction":[{"@type":"SearchAction","target":{"@type":"EntryPoint","urlTemplate":"https:\/\/ograsmarknad.com\/?s={search_term_string}"},"query-input":{"@type":"PropertyValueSpecification","valueRequired":true,"valueName":"search_term_string"}}],"inLanguage":"fr-FR"}]}},"_links":{"self":[{"href":"https:\/\/ograsmarknad.com\/fr\/wp-json\/wp\/v2\/product\/9771","targetHints":{"allow":["GET"]}}],"collection":[{"href":"https:\/\/ograsmarknad.com\/fr\/wp-json\/wp\/v2\/product"}],"about":[{"href":"https:\/\/ograsmarknad.com\/fr\/wp-json\/wp\/v2\/types\/product"}],"replies":[{"embeddable":true,"href":"https:\/\/ograsmarknad.com\/fr\/wp-json\/wp\/v2\/comments?post=9771"}],"wp:featuredmedia":[{"embeddable":true,"href":"https:\/\/ograsmarknad.com\/fr\/wp-json\/wp\/v2\/media\/9739"}],"wp:attachment":[{"href":"https:\/\/ograsmarknad.com\/fr\/wp-json\/wp\/v2\/media?parent=9771"}],"wp:term":[{"taxonomy":"product_cat","embeddable":true,"href":"https:\/\/ograsmarknad.com\/fr\/wp-json\/wp\/v2\/product_cat?post=9771"},{"taxonomy":"product_tag","embeddable":true,"href":"https:\/\/ograsmarknad.com\/fr\/wp-json\/wp\/v2\/product_tag?post=9771"}],"curies":[{"name":"wp","href":"https:\/\/api.w.org\/{rel}","templated":true}]}}