{"id":9776,"date":"2021-11-08T08:54:37","date_gmt":"2021-11-08T08:54:37","guid":{"rendered":"https:\/\/ograsmarknad.com\/?post_type=product&#038;p=9776"},"modified":"2026-03-16T10:33:59","modified_gmt":"2026-03-16T10:33:59","slug":"strawberry-haze","status":"publish","type":"product","link":"https:\/\/ograsmarknad.com\/fr\/product\/strawberry-haze\/","title":{"rendered":"Strawberry Haze"},"content":{"rendered":"<h2 style=\"text-align: justify;\">Acheter Strawberry Haze \u00e0 bas prix sur Ogras Marknad<\/h2>\n<p style=\"text-align: justify;\"><a href=\"https:\/\/ograsmarknad.com\/fr\/product\/strawberry-haze\/\">Strawberry Haze<\/a>, \u00e9galement connue sous le nom de Arjan's Strawberry Haze, est un cultivar \u00e0 dominance Sativa nomm\u00e9 d'apr\u00e8s Arjan Roskam, un \u00e9minent producteur de cannabis et fondateur de Green House Seed Co. aux Pays-Bas. La Strawberry Haze est apparue sur le march\u00e9 au milieu des ann\u00e9es 2000, avec un pedigree complexe qui comprendrait un m\u00e9lange de Swiss Sativa, Northern Lights #5, Haze et Kali Mist. Achetez Strawberry Haze en ligne en Europe, Su\u00e8de, Finlande, \u00c5land, Danemark, Estonie, Portugal, Norv\u00e8ge chez Ogras Marknad. <a href=\"https:\/\/ograsmarknad.com\/fr\/\">Ogras Marknad<\/a>.<\/p>\n<p style=\"text-align: justify;\">La Strawberry Haze \u00e0 vendre a un ar\u00f4me agr\u00e9able de fraises d\u00e9licieuses avec des nuances florales, qui se traduit par un go\u00fbt doux et terreux. Cette souche produit une hauteur de corps modeste et de forts effets c\u00e9r\u00e9braux. La Strawberry Haze en fait une option s\u00e9duisante pour les amateurs qui recherchent un buzz cr\u00e9atif ou sociable.<\/p>\n<h3 style=\"text-align: justify;\">Plus d'informations<\/h3>\n<p style=\"text-align: justify;\"><strong>Strawberry Haze online <\/strong>est une plante haute avec de longues branches qui peut \u00eatre cultiv\u00e9e \u00e0 l'int\u00e9rieur ou \u00e0 l'ext\u00e9rieur, ce qui en fait un bon candidat pour la m\u00e9thode Screen of Green (ScrOG), qui consiste \u00e0 mettre en place un \u00e9cran pour maximiser l'exposition \u00e0 la lumi\u00e8re. Les producteurs peuvent s'attendre \u00e0 des rendements allant jusqu'\u00e0 600 grammes par m\u00e8tre carr\u00e9 en int\u00e9rieur et jusqu'\u00e0 800 grammes par plante en ext\u00e9rieur apr\u00e8s une p\u00e9riode de floraison de 10 semaines. Dans l'h\u00e9misph\u00e8re nord, les conditions \u00e9quatoriales ou tropicales sont id\u00e9ales pour la culture en ext\u00e9rieur, et la plante devrait fleurir \u00e0 la mi-octobre dans l'h\u00e9misph\u00e8re nord et \u00e0 la mi-avril dans l'h\u00e9misph\u00e8re sud.<\/p>\n<h3 style=\"text-align: justify;\">Avantages<\/h3>\n<p style=\"text-align: justify;\">Na rozd\u00edl od mnoha jin\u00fdch hybridn\u00edch odr\u016fd obsahuje Strawberry Haze p\u0159ibli\u017en\u011b 1 % CBD, co\u017e z n\u00ed \u010din\u00ed vynikaj\u00edc\u00ed volbu pro l\u00e9\u010dbu zdravotn\u00edch pot\u00ed\u017e\u00ed. Mnoho lid\u00ed uvedlo, \u017ee jim tento kmen pom\u00e1h\u00e1 vyrovnat se s \u00fazkost\u00ed a zoufalstv\u00edm a \u017ee m\u016f\u017ee tak\u00e9 pomoci s p\u0159\u00edznaky ADD nebo ADHD. Strawberry Haze m\u016f\u017ee pomoci p\u0159i r\u016fzn\u00fdch t\u011blesn\u00fdch bolestech, v\u010detn\u011b migr\u00e9ny, svalov\u00fdch k\u0159e\u010d\u00ed, bolesti kloub\u016f a dal\u0161\u00edch. S t\u00edmto kmenem je lep\u0161\u00ed se m\u00edrnit, proto\u017ee jeho lahodn\u00e1 chu\u0165 v\u00e1s m\u016f\u017ee sv\u00e1d\u011bt k p\u0159ej\u00edd\u00e1n\u00ed.<\/p>\n<p style=\"text-align: justify;\">Commandez Strawberry Haze en Europe, Su\u00e8de, Finlande, Allemagne Danemark, Estonie, Norv\u00e8ge dans notre magasin en ligne et attendez la livraison bient\u00f4t !<\/p>","protected":false},"excerpt":{"rendered":"<p>For Wholesale please contact us at<br \/>\nWickr ID: @williamspro<br \/>\nor via Whatsapp<br \/>\n<img loading=\"lazy\" decoding=\"async\" class=\"size-full wp-image-10162 alignleft\" src=\"https:\/\/ograsmarknad.com\/wp-content\/uploads\/2021\/11\/trust.jpg\" alt=\"Trust German\" width=\"300\" height=\"129\" srcset=\"https:\/\/ograsmarknad.com\/wp-content\/uploads\/2021\/11\/trust.jpg 300w, https:\/\/ograsmarknad.com\/wp-content\/uploads\/2021\/11\/trust-18x8.jpg 18w\" sizes=\"auto, (max-width: 300px) 100vw, 300px\" \/><\/p>","protected":false},"featured_media":9781,"comment_status":"open","ping_status":"closed","template":"","meta":{"_joinchat":[]},"product_cat":[71],"product_tag":[],"class_list":{"0":"post-9776","1":"product","2":"type-product","3":"status-publish","4":"has-post-thumbnail","6":"product_cat-gras-sw","8":"first","9":"instock","10":"shipping-taxable","11":"purchasable","12":"product-type-variable","13":"has-default-attributes"},"yoast_head":"<!-- This site is optimized with the Yoast SEO plugin v26.3 - https:\/\/yoast.com\/wordpress\/plugins\/seo\/ -->\n<title>Strawberry Haze ogr\u00e4ssort till salu \u2013 K\u00f6p Strawberry Haze online<\/title>\n<meta name=\"description\" content=\"K\u00f6p Strawberry Haze ogr\u00e4ssort online fr\u00e5n Ograsmarknad. Strawberry Haze till salu med s\u00f6t b\u00e4rsmak och upplyftande sativa-cannabiseffekter.\" \/>\n<meta name=\"robots\" content=\"index, follow, max-snippet:-1, max-image-preview:large, max-video-preview:-1\" \/>\n<link rel=\"canonical\" href=\"https:\/\/ograsmarknad.com\/fr\/product\/strawberry-haze\/\" \/>\n<meta property=\"og:locale\" content=\"fr_FR\" \/>\n<meta property=\"og:type\" content=\"article\" \/>\n<meta property=\"og:title\" content=\"Strawberry Haze ogr\u00e4ssort till salu \u2013 K\u00f6p Strawberry Haze online\" \/>\n<meta property=\"og:description\" content=\"K\u00f6p Strawberry Haze ogr\u00e4ssort online fr\u00e5n Ograsmarknad. Strawberry Haze till salu med s\u00f6t b\u00e4rsmak och upplyftande sativa-cannabiseffekter.\" \/>\n<meta property=\"og:url\" content=\"https:\/\/ograsmarknad.com\/fr\/product\/strawberry-haze\/\" \/>\n<meta property=\"og:site_name\" content=\"Ogras Marknad\" \/>\n<meta property=\"article:modified_time\" content=\"2026-03-16T10:33:59+00:00\" \/>\n<meta property=\"og:image\" content=\"https:\/\/ograsmarknad.com\/wp-content\/uploads\/2021\/11\/strawberry-haze.jpg\" \/>\n\t<meta property=\"og:image:width\" content=\"600\" \/>\n\t<meta property=\"og:image:height\" content=\"600\" \/>\n\t<meta property=\"og:image:type\" content=\"image\/jpeg\" \/>\n<meta name=\"twitter:card\" content=\"summary_large_image\" \/>\n<meta name=\"twitter:label1\" content=\"Dur\u00e9e de lecture estim\u00e9e\" \/>\n\t<meta name=\"twitter:data1\" content=\"2 minutes\" \/>\n<!-- \/ Yoast SEO plugin. -->","yoast_head_json":{"title":"Vari\u00e9t\u00e9 de cannabis Strawberry Haze \u00e0 vendre \u2013 Achetez de la Strawberry Haze en ligne","description":"Achetez la vari\u00e9t\u00e9 de cannabis Strawberry Haze en ligne chez Ograsmarknad. Strawberry Haze \u00e0 vendre\u00a0: saveur sucr\u00e9e de baies et effets stimulants typiques des sativas.","robots":{"index":"index","follow":"follow","max-snippet":"max-snippet:-1","max-image-preview":"max-image-preview:large","max-video-preview":"max-video-preview:-1"},"canonical":"https:\/\/ograsmarknad.com\/fr\/product\/strawberry-haze\/","og_locale":"fr_FR","og_type":"article","og_title":"Strawberry Haze ogr\u00e4ssort till salu \u2013 K\u00f6p Strawberry Haze online","og_description":"K\u00f6p Strawberry Haze ogr\u00e4ssort online fr\u00e5n Ograsmarknad. Strawberry Haze till salu med s\u00f6t b\u00e4rsmak och upplyftande sativa-cannabiseffekter.","og_url":"https:\/\/ograsmarknad.com\/fr\/product\/strawberry-haze\/","og_site_name":"Ogras Marknad","article_modified_time":"2026-03-16T10:33:59+00:00","og_image":[{"width":600,"height":600,"url":"https:\/\/ograsmarknad.com\/wp-content\/uploads\/2021\/11\/strawberry-haze.jpg","type":"image\/jpeg"}],"twitter_card":"summary_large_image","twitter_misc":{"Dur\u00e9e de lecture estim\u00e9e":"2 minutes"},"schema":{"@context":"https:\/\/schema.org","@graph":[{"@type":"WebPage","@id":"https:\/\/ograsmarknad.com\/product\/strawberry-haze\/","url":"https:\/\/ograsmarknad.com\/product\/strawberry-haze\/","name":"Vari\u00e9t\u00e9 de cannabis Strawberry Haze \u00e0 vendre \u2013 Achetez de la Strawberry Haze en ligne","isPartOf":{"@id":"https:\/\/ograsmarknad.com\/#website"},"primaryImageOfPage":{"@id":"https:\/\/ograsmarknad.com\/product\/strawberry-haze\/#primaryimage"},"image":{"@id":"https:\/\/ograsmarknad.com\/product\/strawberry-haze\/#primaryimage"},"thumbnailUrl":"https:\/\/ograsmarknad.com\/wp-content\/uploads\/2021\/11\/strawberry-haze.jpg","datePublished":"2021-11-08T08:54:37+00:00","dateModified":"2026-03-16T10:33:59+00:00","description":"Achetez la vari\u00e9t\u00e9 de cannabis Strawberry Haze en ligne chez Ograsmarknad. Strawberry Haze \u00e0 vendre\u00a0: saveur sucr\u00e9e de baies et effets stimulants typiques des sativas.","breadcrumb":{"@id":"https:\/\/ograsmarknad.com\/product\/strawberry-haze\/#breadcrumb"},"inLanguage":"fr-FR","potentialAction":[{"@type":"ReadAction","target":["https:\/\/ograsmarknad.com\/product\/strawberry-haze\/"]}]},{"@type":"ImageObject","inLanguage":"fr-FR","@id":"https:\/\/ograsmarknad.com\/product\/strawberry-haze\/#primaryimage","url":"https:\/\/ograsmarknad.com\/wp-content\/uploads\/2021\/11\/strawberry-haze.jpg","contentUrl":"https:\/\/ograsmarknad.com\/wp-content\/uploads\/2021\/11\/strawberry-haze.jpg","width":600,"height":600,"caption":"strawberry-haze"},{"@type":"BreadcrumbList","@id":"https:\/\/ograsmarknad.com\/product\/strawberry-haze\/#breadcrumb","itemListElement":[{"@type":"ListItem","position":1,"name":"Home","item":"https:\/\/ograsmarknad.com\/"},{"@type":"ListItem","position":2,"name":"Shop","item":"https:\/\/ograsmarknad.com\/shop\/"},{"@type":"ListItem","position":3,"name":"Strawberry Haze"}]},{"@type":"WebSite","@id":"https:\/\/ograsmarknad.com\/#website","url":"https:\/\/ograsmarknad.com\/","name":"Ogras Marknad","description":"Ogras Marknad","potentialAction":[{"@type":"SearchAction","target":{"@type":"EntryPoint","urlTemplate":"https:\/\/ograsmarknad.com\/?s={search_term_string}"},"query-input":{"@type":"PropertyValueSpecification","valueRequired":true,"valueName":"search_term_string"}}],"inLanguage":"fr-FR"}]}},"_links":{"self":[{"href":"https:\/\/ograsmarknad.com\/fr\/wp-json\/wp\/v2\/product\/9776","targetHints":{"allow":["GET"]}}],"collection":[{"href":"https:\/\/ograsmarknad.com\/fr\/wp-json\/wp\/v2\/product"}],"about":[{"href":"https:\/\/ograsmarknad.com\/fr\/wp-json\/wp\/v2\/types\/product"}],"replies":[{"embeddable":true,"href":"https:\/\/ograsmarknad.com\/fr\/wp-json\/wp\/v2\/comments?post=9776"}],"wp:featuredmedia":[{"embeddable":true,"href":"https:\/\/ograsmarknad.com\/fr\/wp-json\/wp\/v2\/media\/9781"}],"wp:attachment":[{"href":"https:\/\/ograsmarknad.com\/fr\/wp-json\/wp\/v2\/media?parent=9776"}],"wp:term":[{"taxonomy":"product_cat","embeddable":true,"href":"https:\/\/ograsmarknad.com\/fr\/wp-json\/wp\/v2\/product_cat?post=9776"},{"taxonomy":"product_tag","embeddable":true,"href":"https:\/\/ograsmarknad.com\/fr\/wp-json\/wp\/v2\/product_tag?post=9776"}],"curies":[{"name":"wp","href":"https:\/\/api.w.org\/{rel}","templated":true}]}}