{"id":9782,"date":"2021-11-08T09:02:04","date_gmt":"2021-11-08T09:02:04","guid":{"rendered":"https:\/\/ograsmarknad.com\/?post_type=product&#038;p=9782"},"modified":"2026-03-16T10:33:50","modified_gmt":"2026-03-16T10:33:50","slug":"super-silver-haze","status":"publish","type":"product","link":"https:\/\/ograsmarknad.com\/fr\/product\/super-silver-haze\/","title":{"rendered":"Super Silver Haze"},"content":{"rendered":"<h2 style=\"text-align: justify;\">Acheter Super Silver Haze  \u00e0 bas prix sur Ogras Marknad<\/h2>\n<p style=\"text-align: justify;\"><a href=\"https:\/\/ograsmarknad.com\/fr\/product\/super-silver-haze\/\">Super Silver Haze<\/a> est un hybride des souches Haze, Northern Lights et Skunk. Nous avons Super Silver Haze \u00e0 vendre aux meilleurs prix. Le r\u00e9sultat final est incroyable et vous donne l'exp\u00e9rience unique Sativa que vous avez toujours voulu. Super Silver Haze vous donne le plus \u00e9nergisant des highs corporels qui dure longtemps. Elles ont \u00e9galement une influence puissante et inspirante. Par cons\u00e9quent, si vous \u00eates malade ou si vous n'avez pas mang\u00e9 depuis un moment, vous aurez plus de chance de faire face \u00e0 un niveau de stress \u00e9lev\u00e9. Tout cela sera r\u00e9tabli gr\u00e2ce \u00e0 Super Silver Haze. Achetez Super Silver Haze en Su\u00e8de, Finlande, \u00c5land, Danemark, Estonie, Norv\u00e8ge dans notre magasin maintenant !<\/p>\n<p style=\"text-align: justify;\">La Super Silver Haze en ligne en Europe est un hybride \u00e0 dominante Sativa qui produit un high de longue dur\u00e9e. Elle a une teneur moyenne en THC de 18% et une teneur en CBD de 0,10%. Non seulement vous vous sentirez calme et d\u00e9tendu, mais vous serez \u00e9galement en mesure d'accomplir des t\u00e2ches importantes pendant la journ\u00e9e. Ceci est en contraste avec d'autres souches, qui ont tendance \u00e0 vous faire sentir comme une patate de canap\u00e9.<\/p>\n<h3 style=\"text-align: justify;\">Avantages<\/h3>\n<p style=\"text-align: justify;\">De nombreux utilisateurs de cette vari\u00e9t\u00e9 ont d\u00e9clar\u00e9 qu'elle avait d'excellentes propri\u00e9t\u00e9s th\u00e9rapeutiques. \u00c9pices, skunk et agrumes sont autant de saveurs que l'on retrouve dans la Super Silver Haze, qui a de forts effets psychotropes et physiques. La Super Silver Haze se transforme et commence \u00e0 d\u00e9tendre le corps dans la deuxi\u00e8me partie de son high de longue dur\u00e9e, qui est aussi motivant que possible. Les couleurs deviennent plus vives et les tons plus aigus pour que les utilisateurs puissent en profiter. Pour la plupart des utilisateurs, cette vari\u00e9t\u00e9 peut \u00eatre un traitement quotidien utile contre la fatigue, les probl\u00e8mes d'humeur, les naus\u00e9es et les migraines. D'autres peuvent ressentir plus de sympt\u00f4mes physiques que d'autres, mais elle peut aider avec les conditions chroniques.<\/p>\n<p style=\"text-align: justify;\">Cette vari\u00e9t\u00e9 a incontestablement gagn\u00e9 en popularit\u00e9 ces derni\u00e8res ann\u00e9es. Cependant, les utilisateurs de cette vari\u00e9t\u00e9 ont encore des difficult\u00e9s \u00e0 trouver le Super Silver Haze en ligne. Cela est d\u00fb au fait que la majorit\u00e9 d'entre eux pr\u00e9f\u00e8rent faire leurs achats dans des pharmacies en ligne. N\u00e9anmoins, nous sommes toujours l\u00e0 pour r\u00e9pondre \u00e0 vos besoins d'achat. Profitez de votre journ\u00e9e et prenez du plaisir \u00e0 faire vos achats dans notre boutique en ligne. Trouvez d\u00e8s aujourd'hui votre commande pour acheter Super Silver Haze en Su\u00e8de, Finlande, \u00c5land, Danemark, Estonie, Norv\u00e8ge !<\/p>","protected":false},"excerpt":{"rendered":"<p>For Wholesale please contact us at<br \/>\nWickr ID: @williamspro<br \/>\nor via Whatsapp<br \/>\n<img loading=\"lazy\" decoding=\"async\" class=\"size-full wp-image-10162 alignleft\" src=\"https:\/\/ograsmarknad.com\/wp-content\/uploads\/2021\/11\/trust.jpg\" alt=\"Trust German\" width=\"300\" height=\"129\" srcset=\"https:\/\/ograsmarknad.com\/wp-content\/uploads\/2021\/11\/trust.jpg 300w, https:\/\/ograsmarknad.com\/wp-content\/uploads\/2021\/11\/trust-18x8.jpg 18w\" sizes=\"auto, (max-width: 300px) 100vw, 300px\" \/><\/p>","protected":false},"featured_media":9787,"comment_status":"open","ping_status":"closed","template":"","meta":{"_joinchat":[]},"product_cat":[71],"product_tag":[],"class_list":{"0":"post-9782","1":"product","2":"type-product","3":"status-publish","4":"has-post-thumbnail","6":"product_cat-gras-sw","8":"first","9":"instock","10":"shipping-taxable","11":"purchasable","12":"product-type-variable","13":"has-default-attributes"},"yoast_head":"<!-- This site is optimized with the Yoast SEO plugin v26.3 - https:\/\/yoast.com\/wordpress\/plugins\/seo\/ -->\n<title>Super Silver Haze ogr\u00e4ssort till salu \u2013 K\u00f6p Super Silver Haze online<\/title>\n<meta name=\"description\" content=\"K\u00f6p Super Silver Haze ogr\u00e4ssort online fr\u00e5n Ograsmarknad. Super Silver Haze till salu k\u00e4nd f\u00f6r sina energiska, upplyftande sativa-effekter och citrus-tallarom.\" \/>\n<meta name=\"robots\" content=\"index, follow, max-snippet:-1, max-image-preview:large, max-video-preview:-1\" \/>\n<link rel=\"canonical\" href=\"https:\/\/ograsmarknad.com\/fr\/product\/super-silver-haze\/\" \/>\n<meta property=\"og:locale\" content=\"fr_FR\" \/>\n<meta property=\"og:type\" content=\"article\" \/>\n<meta property=\"og:title\" content=\"Super Silver Haze ogr\u00e4ssort till salu \u2013 K\u00f6p Super Silver Haze online\" \/>\n<meta property=\"og:description\" content=\"K\u00f6p Super Silver Haze ogr\u00e4ssort online fr\u00e5n Ograsmarknad. Super Silver Haze till salu k\u00e4nd f\u00f6r sina energiska, upplyftande sativa-effekter och citrus-tallarom.\" \/>\n<meta property=\"og:url\" content=\"https:\/\/ograsmarknad.com\/fr\/product\/super-silver-haze\/\" \/>\n<meta property=\"og:site_name\" content=\"Ogras Marknad\" \/>\n<meta property=\"article:modified_time\" content=\"2026-03-16T10:33:50+00:00\" \/>\n<meta property=\"og:image\" content=\"https:\/\/ograsmarknad.com\/wp-content\/uploads\/2021\/11\/super-silver-haze.jpg\" \/>\n\t<meta property=\"og:image:width\" content=\"600\" \/>\n\t<meta property=\"og:image:height\" content=\"600\" \/>\n\t<meta property=\"og:image:type\" content=\"image\/jpeg\" \/>\n<meta name=\"twitter:card\" content=\"summary_large_image\" \/>\n<meta name=\"twitter:label1\" content=\"Dur\u00e9e de lecture estim\u00e9e\" \/>\n\t<meta name=\"twitter:data1\" content=\"2 minutes\" \/>\n<!-- \/ Yoast SEO plugin. -->","yoast_head_json":{"title":"Vari\u00e9t\u00e9 de cannabis Super Silver Haze en vente \u2013 Achetez Super Silver Haze en ligne","description":"Achetez la vari\u00e9t\u00e9 de cannabis Super Silver Haze en ligne sur Weed Market. La Super Silver Haze est r\u00e9put\u00e9e pour ses effets sativa \u00e9nergisants et stimulants, ainsi que pour son ar\u00f4me d'agrumes et de pin.","robots":{"index":"index","follow":"follow","max-snippet":"max-snippet:-1","max-image-preview":"max-image-preview:large","max-video-preview":"max-video-preview:-1"},"canonical":"https:\/\/ograsmarknad.com\/fr\/product\/super-silver-haze\/","og_locale":"fr_FR","og_type":"article","og_title":"Super Silver Haze ogr\u00e4ssort till salu \u2013 K\u00f6p Super Silver Haze online","og_description":"K\u00f6p Super Silver Haze ogr\u00e4ssort online fr\u00e5n Ograsmarknad. Super Silver Haze till salu k\u00e4nd f\u00f6r sina energiska, upplyftande sativa-effekter och citrus-tallarom.","og_url":"https:\/\/ograsmarknad.com\/fr\/product\/super-silver-haze\/","og_site_name":"Ogras Marknad","article_modified_time":"2026-03-16T10:33:50+00:00","og_image":[{"width":600,"height":600,"url":"https:\/\/ograsmarknad.com\/wp-content\/uploads\/2021\/11\/super-silver-haze.jpg","type":"image\/jpeg"}],"twitter_card":"summary_large_image","twitter_misc":{"Dur\u00e9e de lecture estim\u00e9e":"2 minutes"},"schema":{"@context":"https:\/\/schema.org","@graph":[{"@type":"WebPage","@id":"https:\/\/ograsmarknad.com\/product\/super-silver-haze\/","url":"https:\/\/ograsmarknad.com\/product\/super-silver-haze\/","name":"Vari\u00e9t\u00e9 de cannabis Super Silver Haze en vente \u2013 Achetez Super Silver Haze en ligne","isPartOf":{"@id":"https:\/\/ograsmarknad.com\/#website"},"primaryImageOfPage":{"@id":"https:\/\/ograsmarknad.com\/product\/super-silver-haze\/#primaryimage"},"image":{"@id":"https:\/\/ograsmarknad.com\/product\/super-silver-haze\/#primaryimage"},"thumbnailUrl":"https:\/\/ograsmarknad.com\/wp-content\/uploads\/2021\/11\/super-silver-haze.jpg","datePublished":"2021-11-08T09:02:04+00:00","dateModified":"2026-03-16T10:33:50+00:00","description":"Achetez la vari\u00e9t\u00e9 de cannabis Super Silver Haze en ligne sur Weed Market. La Super Silver Haze est r\u00e9put\u00e9e pour ses effets sativa \u00e9nergisants et stimulants, ainsi que pour son ar\u00f4me d'agrumes et de pin.","breadcrumb":{"@id":"https:\/\/ograsmarknad.com\/product\/super-silver-haze\/#breadcrumb"},"inLanguage":"fr-FR","potentialAction":[{"@type":"ReadAction","target":["https:\/\/ograsmarknad.com\/product\/super-silver-haze\/"]}]},{"@type":"ImageObject","inLanguage":"fr-FR","@id":"https:\/\/ograsmarknad.com\/product\/super-silver-haze\/#primaryimage","url":"https:\/\/ograsmarknad.com\/wp-content\/uploads\/2021\/11\/super-silver-haze.jpg","contentUrl":"https:\/\/ograsmarknad.com\/wp-content\/uploads\/2021\/11\/super-silver-haze.jpg","width":600,"height":600,"caption":"super-silver-haze"},{"@type":"BreadcrumbList","@id":"https:\/\/ograsmarknad.com\/product\/super-silver-haze\/#breadcrumb","itemListElement":[{"@type":"ListItem","position":1,"name":"Home","item":"https:\/\/ograsmarknad.com\/"},{"@type":"ListItem","position":2,"name":"Shop","item":"https:\/\/ograsmarknad.com\/shop\/"},{"@type":"ListItem","position":3,"name":"Super Silver Haze"}]},{"@type":"WebSite","@id":"https:\/\/ograsmarknad.com\/#website","url":"https:\/\/ograsmarknad.com\/","name":"Ogras Marknad","description":"Ogras Marknad","potentialAction":[{"@type":"SearchAction","target":{"@type":"EntryPoint","urlTemplate":"https:\/\/ograsmarknad.com\/?s={search_term_string}"},"query-input":{"@type":"PropertyValueSpecification","valueRequired":true,"valueName":"search_term_string"}}],"inLanguage":"fr-FR"}]}},"_links":{"self":[{"href":"https:\/\/ograsmarknad.com\/fr\/wp-json\/wp\/v2\/product\/9782","targetHints":{"allow":["GET"]}}],"collection":[{"href":"https:\/\/ograsmarknad.com\/fr\/wp-json\/wp\/v2\/product"}],"about":[{"href":"https:\/\/ograsmarknad.com\/fr\/wp-json\/wp\/v2\/types\/product"}],"replies":[{"embeddable":true,"href":"https:\/\/ograsmarknad.com\/fr\/wp-json\/wp\/v2\/comments?post=9782"}],"wp:featuredmedia":[{"embeddable":true,"href":"https:\/\/ograsmarknad.com\/fr\/wp-json\/wp\/v2\/media\/9787"}],"wp:attachment":[{"href":"https:\/\/ograsmarknad.com\/fr\/wp-json\/wp\/v2\/media?parent=9782"}],"wp:term":[{"taxonomy":"product_cat","embeddable":true,"href":"https:\/\/ograsmarknad.com\/fr\/wp-json\/wp\/v2\/product_cat?post=9782"},{"taxonomy":"product_tag","embeddable":true,"href":"https:\/\/ograsmarknad.com\/fr\/wp-json\/wp\/v2\/product_tag?post=9782"}],"curies":[{"name":"wp","href":"https:\/\/api.w.org\/{rel}","templated":true}]}}