{"id":9823,"date":"2021-11-08T15:25:41","date_gmt":"2021-11-08T15:25:41","guid":{"rendered":"https:\/\/ograsmarknad.com\/?post_type=product&#038;p=9823"},"modified":"2024-05-31T05:23:51","modified_gmt":"2024-05-31T05:23:51","slug":"banana-kush-hash","status":"publish","type":"product","link":"https:\/\/ograsmarknad.com\/fr\/product\/banana-kush-hash\/","title":{"rendered":"Banana Kush Hash"},"content":{"rendered":"<h2 style=\"text-align: justify;\">Banana Kush Hash - Commandez directement \u00e0 Ogras Market !<\/h2>\n<p style=\"text-align: justify;\">La Banana Kush Hash \u00e0 vendre est une vari\u00e9t\u00e9 de la c\u00f4te ouest reconnue pour sa saveur de banane et sa combinaison d'euphorie et de somnolence. C'est un hybride de Ghost Og et de Skunk Haze qui est mod\u00e9r\u00e9ment difficile \u00e0 cultiver et produit un faible rendement.<\/p>\n<p style=\"text-align: justify;\">Rien n'est comparable \u00e0 l'odeur d'une bonne vari\u00e9t\u00e9 de kush. La Banana Kush est un membre populaire de la famille Ogkush, avec un go\u00fbt d\u00e9licieusement sucr\u00e9 et fruit\u00e9. Cette vari\u00e9t\u00e9 est populaire pour les troubles du sommeil et les conditions psychologiques car elle est relaxante, somnolente et un peu loufoque. Prenez-le apr\u00e8s une longue journ\u00e9e ou lors d'un week-end paresseux o\u00f9 vous n'avez rien de mieux \u00e0 faire. Achetez Banana Kush Hash en ligne en Su\u00e8de, Finlande, \u00c5land, Danemark, Estonie et Norv\u00e8ge dans notre magasin aujourd'hui !<\/p>\n<h3 style=\"text-align: justify;\">L'exp\u00e9rience Banana Kush Hash<\/h3>\n<p style=\"text-align: justify;\">La Banana Kush Hash \u00e0 vendre peut avoir un ar\u00f4me doux et innocent, mais ne vous laissez pas berner. Cette fleur est une force avec laquelle il faut compter. La Banana Kush a un aspect calmant qui fait qu'il est facile de s'assommer ou de se rattraper. Il est pr\u00e9f\u00e9rable de la garder pour le soir ou pour une journ\u00e9e de week-end relaxante. Selon le type de plante que vous rencontrez, les effets somnif\u00e8res peuvent \u00eatre diff\u00e9rents.<\/p>\n<p style=\"text-align: justify;\">Gli effetti che inducono il sonno sono cos\u00ec forti che la maggior parte dei consumatori di marijuana la conserva solo prima di andare a letto: anche i consumatori di cannabis pi\u00f9 esperti avranno problemi a rimanere svegli con questa sostanza.<\/p>\n<p style=\"text-align: justify;\">Cette fleur est g\u00e9n\u00e9ralement consid\u00e9r\u00e9e comme joyeuse, optimiste et calmante. Bien qu'il soit pr\u00e9f\u00e9rable de l'utiliser lorsque vous n'avez pas grand-chose \u00e0 faire, cette fleur est \u00e9galement id\u00e9ale dans les situations stressantes, lorsque vous avez besoin d'un coup de pouce suppl\u00e9mentaire pour rester calme et d\u00e9tendu.<\/p>\n<h3 style=\"text-align: justify;\">Les avantages pour la sant\u00e9 de la Banana Kush<\/h3>\n<p style=\"text-align: justify;\">Cette vari\u00e9t\u00e9 est l'une des plus douces de la famille des kushs, ce qui la rend populaire aupr\u00e8s des patients de marijuana m\u00e9dicale qui sont nouveaux au cannabis ou qui ne fument pas tr\u00e8s souvent. Les effets calmants et euphorisants de Banana Kush peuvent vous aider \u00e0 obtenir un repos bien n\u00e9cessaire et, lorsqu'ils sont appropri\u00e9s, peuvent promouvoir un sentiment positif de bien-\u00eatre.<\/p>\n<ul style=\"text-align: justify;\">\n<li>En raison de ses forts effets s\u00e9datifs, cette vari\u00e9t\u00e9 est excellente pour les personnes qui souffrent d'insomnie.<\/li>\n<li>Les patients souffrant de d\u00e9pression appr\u00e9cieront l'effet euphorisant et stimulant de cette vari\u00e9t\u00e9.<\/li>\n<li>Cette vari\u00e9t\u00e9 est id\u00e9ale pour soulager les douleurs chroniques gr\u00e2ce \u00e0 ses puissants effets indica.<\/li>\n<\/ul>\n<p style=\"text-align: justify;\">Commandez Banana Kush Hash en ligne \u00e0 Ogras Market maintenant !<\/p>","protected":false},"excerpt":{"rendered":"<p>For Wholesale please contact us at<br \/>\nWickr ID: @williamspro<br \/>\nor via Whatsapp<br \/>\n<img loading=\"lazy\" decoding=\"async\" class=\"size-full wp-image-10162 alignleft\" src=\"https:\/\/ograsmarknad.com\/wp-content\/uploads\/2021\/11\/trust.jpg\" alt=\"Trust German\" width=\"300\" height=\"129\" srcset=\"https:\/\/ograsmarknad.com\/wp-content\/uploads\/2021\/11\/trust.jpg 300w, https:\/\/ograsmarknad.com\/wp-content\/uploads\/2021\/11\/trust-18x8.jpg 18w\" sizes=\"auto, (max-width: 300px) 100vw, 300px\" \/><\/p>","protected":false},"featured_media":9828,"comment_status":"open","ping_status":"closed","template":"","meta":{"_joinchat":[]},"product_cat":[72],"product_tag":[],"class_list":{"0":"post-9823","1":"product","2":"type-product","3":"status-publish","4":"has-post-thumbnail","6":"product_cat-hash","8":"first","9":"instock","10":"shipping-taxable","11":"purchasable","12":"product-type-variable","13":"has-default-attributes"},"yoast_head":"<!-- This site is optimized with the Yoast SEO plugin v26.3 - https:\/\/yoast.com\/wordpress\/plugins\/seo\/ -->\n<title>Banana Kush Hash - Ogras Marknad<\/title>\n<meta name=\"robots\" content=\"index, follow, max-snippet:-1, max-image-preview:large, max-video-preview:-1\" \/>\n<link rel=\"canonical\" href=\"https:\/\/ograsmarknad.com\/fr\/product\/banana-kush-hash\/\" \/>\n<meta property=\"og:locale\" content=\"fr_FR\" \/>\n<meta property=\"og:type\" content=\"article\" \/>\n<meta property=\"og:title\" content=\"Banana Kush Hash - Ogras Marknad\" \/>\n<meta property=\"og:description\" content=\"For Wholesale please contact us at Wickr ID: @williamspro or via Whatsapp\" \/>\n<meta property=\"og:url\" content=\"https:\/\/ograsmarknad.com\/fr\/product\/banana-kush-hash\/\" \/>\n<meta property=\"og:site_name\" content=\"Ogras Marknad\" \/>\n<meta property=\"article:modified_time\" content=\"2024-05-31T05:23:51+00:00\" \/>\n<meta property=\"og:image\" content=\"https:\/\/ograsmarknad.com\/wp-content\/uploads\/2021\/11\/banana-kush-hash.jpg\" \/>\n\t<meta property=\"og:image:width\" content=\"600\" \/>\n\t<meta property=\"og:image:height\" content=\"600\" \/>\n\t<meta property=\"og:image:type\" content=\"image\/jpeg\" \/>\n<meta name=\"twitter:card\" content=\"summary_large_image\" \/>\n<meta name=\"twitter:label1\" content=\"Dur\u00e9e de lecture estim\u00e9e\" \/>\n\t<meta name=\"twitter:data1\" content=\"2 minutes\" \/>\n<!-- \/ Yoast SEO plugin. -->","yoast_head_json":{"title":"Banana Kush Hash - Ogras Marknad","robots":{"index":"index","follow":"follow","max-snippet":"max-snippet:-1","max-image-preview":"max-image-preview:large","max-video-preview":"max-video-preview:-1"},"canonical":"https:\/\/ograsmarknad.com\/fr\/product\/banana-kush-hash\/","og_locale":"fr_FR","og_type":"article","og_title":"Banana Kush Hash - Ogras Marknad","og_description":"For Wholesale please contact us at Wickr ID: @williamspro or via Whatsapp","og_url":"https:\/\/ograsmarknad.com\/fr\/product\/banana-kush-hash\/","og_site_name":"Ogras Marknad","article_modified_time":"2024-05-31T05:23:51+00:00","og_image":[{"width":600,"height":600,"url":"https:\/\/ograsmarknad.com\/wp-content\/uploads\/2021\/11\/banana-kush-hash.jpg","type":"image\/jpeg"}],"twitter_card":"summary_large_image","twitter_misc":{"Dur\u00e9e de lecture estim\u00e9e":"2 minutes"},"schema":{"@context":"https:\/\/schema.org","@graph":[{"@type":"WebPage","@id":"https:\/\/ograsmarknad.com\/product\/banana-kush-hash\/","url":"https:\/\/ograsmarknad.com\/product\/banana-kush-hash\/","name":"Banana Kush Hash - Ogras Marknad","isPartOf":{"@id":"https:\/\/ograsmarknad.com\/#website"},"primaryImageOfPage":{"@id":"https:\/\/ograsmarknad.com\/product\/banana-kush-hash\/#primaryimage"},"image":{"@id":"https:\/\/ograsmarknad.com\/product\/banana-kush-hash\/#primaryimage"},"thumbnailUrl":"https:\/\/ograsmarknad.com\/wp-content\/uploads\/2021\/11\/banana-kush-hash.jpg","datePublished":"2021-11-08T15:25:41+00:00","dateModified":"2024-05-31T05:23:51+00:00","breadcrumb":{"@id":"https:\/\/ograsmarknad.com\/product\/banana-kush-hash\/#breadcrumb"},"inLanguage":"fr-FR","potentialAction":[{"@type":"ReadAction","target":["https:\/\/ograsmarknad.com\/product\/banana-kush-hash\/"]}]},{"@type":"ImageObject","inLanguage":"fr-FR","@id":"https:\/\/ograsmarknad.com\/product\/banana-kush-hash\/#primaryimage","url":"https:\/\/ograsmarknad.com\/wp-content\/uploads\/2021\/11\/banana-kush-hash.jpg","contentUrl":"https:\/\/ograsmarknad.com\/wp-content\/uploads\/2021\/11\/banana-kush-hash.jpg","width":600,"height":600,"caption":"banana-kush-hash"},{"@type":"BreadcrumbList","@id":"https:\/\/ograsmarknad.com\/product\/banana-kush-hash\/#breadcrumb","itemListElement":[{"@type":"ListItem","position":1,"name":"Home","item":"https:\/\/ograsmarknad.com\/"},{"@type":"ListItem","position":2,"name":"Shop","item":"https:\/\/ograsmarknad.com\/shop\/"},{"@type":"ListItem","position":3,"name":"Banana Kush Hash"}]},{"@type":"WebSite","@id":"https:\/\/ograsmarknad.com\/#website","url":"https:\/\/ograsmarknad.com\/","name":"Ogras Marknad","description":"Ogras Marknad","potentialAction":[{"@type":"SearchAction","target":{"@type":"EntryPoint","urlTemplate":"https:\/\/ograsmarknad.com\/?s={search_term_string}"},"query-input":{"@type":"PropertyValueSpecification","valueRequired":true,"valueName":"search_term_string"}}],"inLanguage":"fr-FR"}]}},"_links":{"self":[{"href":"https:\/\/ograsmarknad.com\/fr\/wp-json\/wp\/v2\/product\/9823","targetHints":{"allow":["GET"]}}],"collection":[{"href":"https:\/\/ograsmarknad.com\/fr\/wp-json\/wp\/v2\/product"}],"about":[{"href":"https:\/\/ograsmarknad.com\/fr\/wp-json\/wp\/v2\/types\/product"}],"replies":[{"embeddable":true,"href":"https:\/\/ograsmarknad.com\/fr\/wp-json\/wp\/v2\/comments?post=9823"}],"wp:featuredmedia":[{"embeddable":true,"href":"https:\/\/ograsmarknad.com\/fr\/wp-json\/wp\/v2\/media\/9828"}],"wp:attachment":[{"href":"https:\/\/ograsmarknad.com\/fr\/wp-json\/wp\/v2\/media?parent=9823"}],"wp:term":[{"taxonomy":"product_cat","embeddable":true,"href":"https:\/\/ograsmarknad.com\/fr\/wp-json\/wp\/v2\/product_cat?post=9823"},{"taxonomy":"product_tag","embeddable":true,"href":"https:\/\/ograsmarknad.com\/fr\/wp-json\/wp\/v2\/product_tag?post=9823"}],"curies":[{"name":"wp","href":"https:\/\/api.w.org\/{rel}","templated":true}]}}