{"id":9867,"date":"2021-11-09T09:46:58","date_gmt":"2021-11-09T09:46:58","guid":{"rendered":"https:\/\/ograsmarknad.com\/?post_type=product&#038;p=9867"},"modified":"2026-03-16T10:48:49","modified_gmt":"2026-03-16T10:48:49","slug":"thc-olja-i-grossistledet","status":"publish","type":"product","link":"https:\/\/ograsmarknad.com\/fr\/product\/thc-olja-i-grossistledet\/","title":{"rendered":"\u00a0Huile de THC en gros"},"content":{"rendered":"<h2 style=\"text-align: justify;\">Achetez de l'huile de THC \u00e0 bas prix ici - Huile de THC \u00e0 vendre - Ogras Marknad !<\/h2>\n<p style=\"text-align: justify;\">Kvalitet <a href=\"https:\/\/ograsmarknad.com\/fr\/product\/thc-olja-i-grossistledet\/\">THC online till salu<\/a>THC de qualit\u00e9 \u00e0 vendre en ligne, Alors que fumer des fleurs de cannabis pour obtenir du THC (t\u00e9trahydrocannabinol) reste la m\u00e9thode d'ingestion la plus populaire, les huiles de THC offrent une nouvelle fa\u00e7on de profiter du cannabis. Les huiles de THC sont produites en extrayant le pr\u00e9cieux THC et d'autres cannabino\u00efdes de la plante de cannabis. Vous pouvez \u00e9galement commander des huiles de k2 ou des papiers de k2 chez nous. <a href=\"https:\/\/en.wikipedia.org\/w\/index.php?search=thc+oil+for+sale+&amp;title=Special%3ASearch&amp;go=Go&amp;ns0=1\">av<\/a> Divers proc\u00e9d\u00e9s d'extraction permettent d'obtenir des cannabino\u00efdes en suspension dans une huile de support, comme l'huile MCT ou l'huile de chanvre. Chez Ogras Marknad, nous proposons de l'huile de THC \u00e0 la vente en Su\u00e8de, en Finlande, aux \u00eeles \u00c5land, au Danemark, en Estonie et en Norv\u00e8ge. Contactez-nous directement pour passer votre commande en toute simplicit\u00e9.<\/p>\n<h3 style=\"text-align: justify;\">Quelle est la meilleure fa\u00e7on d'utiliser l'huile de thc ? Cannabis en ligne \u00e0 vendre en ligne - O\u00f9 puis-je acheter de la marijuana de qualit\u00e9 en ligne ?<\/h3>\n<p style=\"text-align: justify;\">La majeure partie de l'huile est con\u00e7ue pour \u00eatre utilis\u00e9e dans des stylos ou des chariots pour armes \u00e0 feu. Certaines huiles de THC, en particulier celles qui ont une consistance plus \u00e9paisse, comme l'huile RSO, conviennent \u00e0 l'utilisation d'un appareil DAB, car elles sont plus faciles \u00e0 faire couler sur un clou chauff\u00e9 de mani\u00e8re contr\u00f4l\u00e9e. Il suffit de prendre un stylo ou une cartouche pr\u00e9remplie et de l'utiliser quand vous le souhaitez. Tamponner avec <a href=\"https:\/\/ograsmarknad.com\/fr\/product\/thc-olja-i-grossistledet\/\">en<\/a> En revanche, le vaporisateur \u00e0 clou chauff\u00e9 offre un meilleur contr\u00f4le\u00a0: vous pouvez d\u00e9poser la quantit\u00e9 exacte d'huile souhait\u00e9e sur votre clou chauff\u00e9. De plus, certains affirment que le dabbing donne de meilleurs r\u00e9sultats. Achetez de l'huile de THC en ligne d\u00e8s aujourd'hui en Su\u00e8de, en Finlande, aux \u00eeles \u00c5land, au Danemark, en Estonie et en Norv\u00e8ge\u00a0!<\/p>\n<h3 style=\"text-align: justify;\">L'huile de THC peut-elle \u00eatre consomm\u00e9e sans danger ? - Acheter de l'huile de cannabis en ligne<\/h3>\n<p style=\"text-align: justify;\">L'huile de THC peut \u00eatre ing\u00e9r\u00e9e, bien que la plupart des personnes pr\u00e9f\u00e8rent un dosage sublingual (sous la langue) car les effets peuvent \u00eatre ressentis si <a href=\"https:\/\/ograsmarknad.com\/fr\/\">15<\/a> \u00e0 30 minutes, ce qui n'est que quelques minutes de plus que l'inhalation. Comme tout autre type de produit comestible \u00e0 base de cannabis, l'huile et sa consommation peuvent prendre de 30 \u00e0 60 minutes pour obtenir tous les avantages.<\/p>\n<p style=\"text-align: justify;\">Nous sommes l\u00e0 pour vous aider \u00e0 commander Thc Oil en ligne \u00e0 des prix avantageux. Entrez en contact avec notre boutique en ligne et soumettez vos besoins !<\/p>\n<h3>Us de l'huile de THC<\/h3>\n<p>La seringue de distillat de THC est une version raffin\u00e9e et concentr\u00e9e du THC pour vous permettre de profiter pleinement du cannabis. En outre, les distillats de THC peuvent \u00eatre utilis\u00e9s \u00e0 des fins r\u00e9cr\u00e9atives, vous aidant \u00e0 vous lever en quelques minutes. Vous pouvez vous sentir d\u00e9pass\u00e9 par la grande quantit\u00e9 d'informations disponibles, c'est pourquoi le Cannabud Post a compil\u00e9 un bref guide ci-dessous. Les informations ci-dessous sont con\u00e7ues pour vous aider \u00e0 devenir un pro du vapotage du cannabis et nous esp\u00e9rons pouvoir vous donner quelques conseils avant votre prochaine s\u00e9ance de fumage.<\/p>\n<p>Si vous voulez garder l'HUILE d'herbe sur votre langue, les distillats de THC se sont av\u00e9r\u00e9s \u00eatre un choix efficace, alors essayez-les, voyez comment vous vous sentez et continuez. Acheter des distillats de THC en vrac en ligne<\/p>\n<p>Aujourd'hui encore, de nombreux consommateurs non exp\u00e9riment\u00e9s ne sont pas certains des diff\u00e9rences entre le THC et le CBD. Avec les cartouches distill\u00e9es, il est tr\u00e8s facile de choisir entre des edibles tr\u00e8s puissants \u00e0 forte teneur en THC et \u00e0 faible teneur en CBD. Pour les concentr\u00e9s, les utilisateurs m\u00e9dicaux ont tendance \u00e0 pr\u00e9f\u00e9rer les edibles \u00e0 forte puissance, \u00e0 forte teneur en CBD et\/ou \u00e0 faible teneur en THC.<\/p>\n<h3><strong>Vente en gros d'huile de THC en ligne - Qualit\u00e9 d'huile de THC \u00e0 vendre<\/strong><\/h3>\n<p>Bonjour, les personnes en Europe qui utilisent l'huile de thc quotidiennement, nous avons de bonnes nouvelles pour vous. Ograsmarknad vous offre les meilleures huiles de cannabis en ligne. Nous distribuons de l'huile de THC de haute qualit\u00e9 dans toute l'Europe, en Su\u00e8de, au Danemark, en Belgique et dans le reste du monde. Vous pouvez nous contacter pour obtenir le meilleur prix et commander votre huile de thc d\u00e8s maintenant.<\/p>\n<p>&nbsp;<\/p>","protected":false},"excerpt":{"rendered":"<p>For Wholesale please contact us at<br \/>\nWickr ID: @williamspro<br \/>\nor via Whatsapp<br \/>\n<img loading=\"lazy\" decoding=\"async\" class=\"size-full wp-image-10162 alignleft\" src=\"https:\/\/ograsmarknad.com\/wp-content\/uploads\/2021\/11\/trust.jpg\" alt=\"Trust German\" width=\"300\" height=\"129\" srcset=\"https:\/\/ograsmarknad.com\/wp-content\/uploads\/2021\/11\/trust.jpg 300w, https:\/\/ograsmarknad.com\/wp-content\/uploads\/2021\/11\/trust-18x8.jpg 18w\" sizes=\"auto, (max-width: 300px) 100vw, 300px\" \/><\/p>","protected":false},"featured_media":9872,"comment_status":"open","ping_status":"closed","template":"","meta":{"_joinchat":[]},"product_cat":[74],"product_tag":[],"class_list":{"0":"post-9867","1":"product","2":"type-product","3":"status-publish","4":"has-post-thumbnail","6":"product_cat-thc-olja","8":"first","9":"instock","10":"shipping-taxable","11":"purchasable","12":"product-type-variable","13":"has-default-attributes"},"yoast_head":"<!-- This site is optimized with the Yoast SEO plugin v26.3 - https:\/\/yoast.com\/wordpress\/plugins\/seo\/ -->\n<title>THC-olja grossist till salu \u2013 K\u00f6p THC-olja i Grossistledet online<\/title>\n<meta name=\"description\" content=\"K\u00f6p THC-olja i Grossistledet online fr\u00e5n Ograsmarknad. THC-olja grossist till salu som erbjuder cannabisextrakt i bulk.\" \/>\n<meta name=\"robots\" content=\"index, follow, max-snippet:-1, max-image-preview:large, max-video-preview:-1\" \/>\n<link rel=\"canonical\" href=\"https:\/\/ograsmarknad.com\/fr\/product\/thc-olja-i-grossistledet\/\" \/>\n<meta property=\"og:locale\" content=\"fr_FR\" \/>\n<meta property=\"og:type\" content=\"article\" \/>\n<meta property=\"og:title\" content=\"THC-olja grossist till salu \u2013 K\u00f6p THC-olja i Grossistledet online\" \/>\n<meta property=\"og:description\" content=\"K\u00f6p THC-olja i Grossistledet online fr\u00e5n Ograsmarknad. THC-olja grossist till salu som erbjuder cannabisextrakt i bulk.\" \/>\n<meta property=\"og:url\" content=\"https:\/\/ograsmarknad.com\/fr\/product\/thc-olja-i-grossistledet\/\" \/>\n<meta property=\"og:site_name\" content=\"Ogras Marknad\" \/>\n<meta property=\"article:modified_time\" content=\"2026-03-16T10:48:49+00:00\" \/>\n<meta property=\"og:image\" content=\"https:\/\/ograsmarknad.com\/wp-content\/uploads\/2021\/11\/thc-oil.jpg\" \/>\n\t<meta property=\"og:image:width\" content=\"600\" \/>\n\t<meta property=\"og:image:height\" content=\"600\" \/>\n\t<meta property=\"og:image:type\" content=\"image\/jpeg\" \/>\n<meta name=\"twitter:card\" content=\"summary_large_image\" \/>\n<meta name=\"twitter:label1\" content=\"Dur\u00e9e de lecture estim\u00e9e\" \/>\n\t<meta name=\"twitter:data1\" content=\"3 minutes\" \/>\n<!-- \/ Yoast SEO plugin. -->","yoast_head_json":{"title":"Huile de THC en gros \u2013 Achetez de l'huile de THC en gros en ligne","description":"Achetez de l'huile de THC en gros en ligne chez Ograsmarknad. Grossiste en huile de THC proposant de l'extrait de cannabis en vrac.","robots":{"index":"index","follow":"follow","max-snippet":"max-snippet:-1","max-image-preview":"max-image-preview:large","max-video-preview":"max-video-preview:-1"},"canonical":"https:\/\/ograsmarknad.com\/fr\/product\/thc-olja-i-grossistledet\/","og_locale":"fr_FR","og_type":"article","og_title":"THC-olja grossist till salu \u2013 K\u00f6p THC-olja i Grossistledet online","og_description":"K\u00f6p THC-olja i Grossistledet online fr\u00e5n Ograsmarknad. THC-olja grossist till salu som erbjuder cannabisextrakt i bulk.","og_url":"https:\/\/ograsmarknad.com\/fr\/product\/thc-olja-i-grossistledet\/","og_site_name":"Ogras Marknad","article_modified_time":"2026-03-16T10:48:49+00:00","og_image":[{"width":600,"height":600,"url":"https:\/\/ograsmarknad.com\/wp-content\/uploads\/2021\/11\/thc-oil.jpg","type":"image\/jpeg"}],"twitter_card":"summary_large_image","twitter_misc":{"Dur\u00e9e de lecture estim\u00e9e":"3 minutes"},"schema":{"@context":"https:\/\/schema.org","@graph":[{"@type":"WebPage","@id":"https:\/\/ograsmarknad.com\/product\/thc-olja-i-grossistledet\/","url":"https:\/\/ograsmarknad.com\/product\/thc-olja-i-grossistledet\/","name":"Huile de THC en gros \u2013 Achetez de l'huile de THC en gros en ligne","isPartOf":{"@id":"https:\/\/ograsmarknad.com\/#website"},"primaryImageOfPage":{"@id":"https:\/\/ograsmarknad.com\/product\/thc-olja-i-grossistledet\/#primaryimage"},"image":{"@id":"https:\/\/ograsmarknad.com\/product\/thc-olja-i-grossistledet\/#primaryimage"},"thumbnailUrl":"https:\/\/ograsmarknad.com\/wp-content\/uploads\/2021\/11\/thc-oil.jpg","datePublished":"2021-11-09T09:46:58+00:00","dateModified":"2026-03-16T10:48:49+00:00","description":"Achetez de l'huile de THC en gros en ligne chez Ograsmarknad. Grossiste en huile de THC proposant de l'extrait de cannabis en vrac.","breadcrumb":{"@id":"https:\/\/ograsmarknad.com\/product\/thc-olja-i-grossistledet\/#breadcrumb"},"inLanguage":"fr-FR","potentialAction":[{"@type":"ReadAction","target":["https:\/\/ograsmarknad.com\/product\/thc-olja-i-grossistledet\/"]}]},{"@type":"ImageObject","inLanguage":"fr-FR","@id":"https:\/\/ograsmarknad.com\/product\/thc-olja-i-grossistledet\/#primaryimage","url":"https:\/\/ograsmarknad.com\/wp-content\/uploads\/2021\/11\/thc-oil.jpg","contentUrl":"https:\/\/ograsmarknad.com\/wp-content\/uploads\/2021\/11\/thc-oil.jpg","width":600,"height":600,"caption":"thc-oil"},{"@type":"BreadcrumbList","@id":"https:\/\/ograsmarknad.com\/product\/thc-olja-i-grossistledet\/#breadcrumb","itemListElement":[{"@type":"ListItem","position":1,"name":"Home","item":"https:\/\/ograsmarknad.com\/"},{"@type":"ListItem","position":2,"name":"Shop","item":"https:\/\/ograsmarknad.com\/shop\/"},{"@type":"ListItem","position":3,"name":"THC-olja i grossistledet"}]},{"@type":"WebSite","@id":"https:\/\/ograsmarknad.com\/#website","url":"https:\/\/ograsmarknad.com\/","name":"Ogras Marknad","description":"Ogras Marknad","potentialAction":[{"@type":"SearchAction","target":{"@type":"EntryPoint","urlTemplate":"https:\/\/ograsmarknad.com\/?s={search_term_string}"},"query-input":{"@type":"PropertyValueSpecification","valueRequired":true,"valueName":"search_term_string"}}],"inLanguage":"fr-FR"}]}},"_links":{"self":[{"href":"https:\/\/ograsmarknad.com\/fr\/wp-json\/wp\/v2\/product\/9867","targetHints":{"allow":["GET"]}}],"collection":[{"href":"https:\/\/ograsmarknad.com\/fr\/wp-json\/wp\/v2\/product"}],"about":[{"href":"https:\/\/ograsmarknad.com\/fr\/wp-json\/wp\/v2\/types\/product"}],"replies":[{"embeddable":true,"href":"https:\/\/ograsmarknad.com\/fr\/wp-json\/wp\/v2\/comments?post=9867"}],"wp:featuredmedia":[{"embeddable":true,"href":"https:\/\/ograsmarknad.com\/fr\/wp-json\/wp\/v2\/media\/9872"}],"wp:attachment":[{"href":"https:\/\/ograsmarknad.com\/fr\/wp-json\/wp\/v2\/media?parent=9867"}],"wp:term":[{"taxonomy":"product_cat","embeddable":true,"href":"https:\/\/ograsmarknad.com\/fr\/wp-json\/wp\/v2\/product_cat?post=9867"},{"taxonomy":"product_tag","embeddable":true,"href":"https:\/\/ograsmarknad.com\/fr\/wp-json\/wp\/v2\/product_tag?post=9867"}],"curies":[{"name":"wp","href":"https:\/\/api.w.org\/{rel}","templated":true}]}}