{"id":10282,"date":"2022-08-04T09:28:37","date_gmt":"2022-08-04T09:28:37","guid":{"rendered":"https:\/\/ograsmarknad.com\/?post_type=product&#038;p=10282"},"modified":"2026-03-16T10:34:26","modified_gmt":"2026-03-16T10:34:26","slug":"rabatterat-mixpaket-80g","status":"publish","type":"product","link":"https:\/\/ograsmarknad.com\/ga\/product\/rabatterat-mixpaket-80g\/","title":{"rendered":"Rabatterat Mixpaket 80G"},"content":{"rendered":"<p><a href=\"https:\/\/ograsmarknad.com\/ga\/product\/rabatterat-mixpaket-80g\/\">Rabatterat Mixpaket 80G<\/a><\/p>\n<p>10G Afghan Black Hash<\/p>\n<p>5 Gras Paket:<br \/>\n10G Banana Kush<br \/>\n10G Blueberry Kush<br \/>\n10G Cherry Pie<br \/>\n10G Ghost Train Haze<br \/>\n10G Orange Kush<\/p>\n<p>10G OG Kush Cannabisolja<\/p>\n<p>10G Goly Grail OG Wax Marijuana Wax &amp; Shatter<\/p>","protected":false},"excerpt":{"rendered":"<p>Rabatterat Mixpaket 80G<\/p>\n<p>10G Afghan Black Hash<\/p>\n<p>5 Gras Paket:<br \/>\n10G Banana Kush<br \/>\n10G Blueberry Kush<br \/>\n10G Cherry Pie<br \/>\n10G Ghost Train Haze<br \/>\n10G Orange Kush<\/p>\n<p>10G OG Kush Cannabisolja<\/p>\n<p>10G Goly Grail OG Wax Marijuana Wax &amp; Shatter<\/p>\n<p><img loading=\"lazy\" decoding=\"async\" class=\"alignnone size-full wp-image-10162\" src=\"https:\/\/ograsmarknad.com\/wp-content\/uploads\/2021\/11\/trust.jpg\" alt=\"Trust German\" width=\"300\" height=\"129\" srcset=\"https:\/\/ograsmarknad.com\/wp-content\/uploads\/2021\/11\/trust.jpg 300w, https:\/\/ograsmarknad.com\/wp-content\/uploads\/2021\/11\/trust-18x8.jpg 18w\" sizes=\"auto, (max-width: 300px) 100vw, 300px\" \/><\/p>","protected":false},"featured_media":10283,"comment_status":"open","ping_status":"closed","template":"","meta":{"_joinchat":[]},"product_cat":[71],"product_tag":[],"class_list":{"0":"post-10282","1":"product","2":"type-product","3":"status-publish","4":"has-post-thumbnail","6":"product_cat-gras-sw","8":"first","9":"instock","10":"featured","11":"shipping-taxable","12":"purchasable","13":"product-type-simple"},"yoast_head":"<!-- This site is optimized with the Yoast SEO plugin v26.3 - https:\/\/yoast.com\/wordpress\/plugins\/seo\/ -->\n<title>Rabatterat Mixpaket 80g till salu \u2013 K\u00f6p Cannabis Mix Pack Online<\/title>\n<meta name=\"description\" content=\"K\u00f6p Rabatterat Mixpaket 80g online fr\u00e5n Ograsmarknad. Mixpaket 80g till salu med ett rabatterat urval av premium cannabissorter.\" \/>\n<meta name=\"robots\" content=\"index, follow, max-snippet:-1, max-image-preview:large, max-video-preview:-1\" \/>\n<link rel=\"canonical\" href=\"https:\/\/ograsmarknad.com\/ga\/product\/rabatterat-mixpaket-80g\/\" \/>\n<meta property=\"og:locale\" content=\"en_US\" \/>\n<meta property=\"og:type\" content=\"article\" \/>\n<meta property=\"og:title\" content=\"Rabatterat Mixpaket 80g till salu \u2013 K\u00f6p Cannabis Mix Pack Online\" \/>\n<meta property=\"og:description\" content=\"K\u00f6p Rabatterat Mixpaket 80g online fr\u00e5n Ograsmarknad. Mixpaket 80g till salu med ett rabatterat urval av premium cannabissorter.\" \/>\n<meta property=\"og:url\" content=\"https:\/\/ograsmarknad.com\/ga\/product\/rabatterat-mixpaket-80g\/\" \/>\n<meta property=\"og:site_name\" content=\"Ogras Marknad\" \/>\n<meta property=\"article:modified_time\" content=\"2026-03-16T10:34:26+00:00\" \/>\n<meta property=\"og:image\" content=\"https:\/\/ograsmarknad.com\/wp-content\/uploads\/2022\/08\/Blandningspaket.jpg\" \/>\n\t<meta property=\"og:image:width\" content=\"600\" \/>\n\t<meta property=\"og:image:height\" content=\"600\" \/>\n\t<meta property=\"og:image:type\" content=\"image\/jpeg\" \/>\n<meta name=\"twitter:card\" content=\"summary_large_image\" \/>\n<meta name=\"twitter:label1\" content=\"Est. reading time\" \/>\n\t<meta name=\"twitter:data1\" content=\"1 minute\" \/>\n<!-- \/ Yoast SEO plugin. -->","yoast_head_json":{"title":"Pac\u00e1iste Measc\u00e1in Lascainithe 80g ar d\u00edol \u2013 Ceannaigh Pac\u00e1iste Measc\u00e1in Cannabais Ar L\u00edne","description":"Ceannaigh Pac\u00e1iste Measc\u00e1in Lascainithe 80g ar l\u00edne \u00f3 Ograsmarknad. Pac\u00e1iste Measc\u00e1in 80g ar d\u00edol le rogha lascainithe de chine\u00e1lacha cannabais pr\u00e9imhe.","robots":{"index":"index","follow":"follow","max-snippet":"max-snippet:-1","max-image-preview":"max-image-preview:large","max-video-preview":"max-video-preview:-1"},"canonical":"https:\/\/ograsmarknad.com\/ga\/product\/rabatterat-mixpaket-80g\/","og_locale":"en_US","og_type":"article","og_title":"Rabatterat Mixpaket 80g till salu \u2013 K\u00f6p Cannabis Mix Pack Online","og_description":"K\u00f6p Rabatterat Mixpaket 80g online fr\u00e5n Ograsmarknad. Mixpaket 80g till salu med ett rabatterat urval av premium cannabissorter.","og_url":"https:\/\/ograsmarknad.com\/ga\/product\/rabatterat-mixpaket-80g\/","og_site_name":"Ogras Marknad","article_modified_time":"2026-03-16T10:34:26+00:00","og_image":[{"width":600,"height":600,"url":"https:\/\/ograsmarknad.com\/wp-content\/uploads\/2022\/08\/Blandningspaket.jpg","type":"image\/jpeg"}],"twitter_card":"summary_large_image","twitter_misc":{"Est. reading time":"1 minute"},"schema":{"@context":"https:\/\/schema.org","@graph":[{"@type":"WebPage","@id":"https:\/\/ograsmarknad.com\/product\/rabatterat-mixpaket-80g\/","url":"https:\/\/ograsmarknad.com\/product\/rabatterat-mixpaket-80g\/","name":"Pac\u00e1iste Measc\u00e1in Lascainithe 80g ar d\u00edol \u2013 Ceannaigh Pac\u00e1iste Measc\u00e1in Cannabais Ar L\u00edne","isPartOf":{"@id":"https:\/\/ograsmarknad.com\/#website"},"primaryImageOfPage":{"@id":"https:\/\/ograsmarknad.com\/product\/rabatterat-mixpaket-80g\/#primaryimage"},"image":{"@id":"https:\/\/ograsmarknad.com\/product\/rabatterat-mixpaket-80g\/#primaryimage"},"thumbnailUrl":"https:\/\/ograsmarknad.com\/wp-content\/uploads\/2022\/08\/Blandningspaket.jpg","datePublished":"2022-08-04T09:28:37+00:00","dateModified":"2026-03-16T10:34:26+00:00","description":"Ceannaigh Pac\u00e1iste Measc\u00e1in Lascainithe 80g ar l\u00edne \u00f3 Ograsmarknad. Pac\u00e1iste Measc\u00e1in 80g ar d\u00edol le rogha lascainithe de chine\u00e1lacha cannabais pr\u00e9imhe.","breadcrumb":{"@id":"https:\/\/ograsmarknad.com\/product\/rabatterat-mixpaket-80g\/#breadcrumb"},"inLanguage":"ga","potentialAction":[{"@type":"ReadAction","target":["https:\/\/ograsmarknad.com\/product\/rabatterat-mixpaket-80g\/"]}]},{"@type":"ImageObject","inLanguage":"ga","@id":"https:\/\/ograsmarknad.com\/product\/rabatterat-mixpaket-80g\/#primaryimage","url":"https:\/\/ograsmarknad.com\/wp-content\/uploads\/2022\/08\/Blandningspaket.jpg","contentUrl":"https:\/\/ograsmarknad.com\/wp-content\/uploads\/2022\/08\/Blandningspaket.jpg","width":600,"height":600,"caption":"Mix Product"},{"@type":"BreadcrumbList","@id":"https:\/\/ograsmarknad.com\/product\/rabatterat-mixpaket-80g\/#breadcrumb","itemListElement":[{"@type":"ListItem","position":1,"name":"Home","item":"https:\/\/ograsmarknad.com\/"},{"@type":"ListItem","position":2,"name":"Shop","item":"https:\/\/ograsmarknad.com\/shop\/"},{"@type":"ListItem","position":3,"name":"Rabatterat Mixpaket 80G"}]},{"@type":"WebSite","@id":"https:\/\/ograsmarknad.com\/#website","url":"https:\/\/ograsmarknad.com\/","name":"Ogras Marknad","description":"Ogras Marknad","potentialAction":[{"@type":"SearchAction","target":{"@type":"EntryPoint","urlTemplate":"https:\/\/ograsmarknad.com\/?s={search_term_string}"},"query-input":{"@type":"PropertyValueSpecification","valueRequired":true,"valueName":"search_term_string"}}],"inLanguage":"ga"}]}},"_links":{"self":[{"href":"https:\/\/ograsmarknad.com\/ga\/wp-json\/wp\/v2\/product\/10282","targetHints":{"allow":["GET"]}}],"collection":[{"href":"https:\/\/ograsmarknad.com\/ga\/wp-json\/wp\/v2\/product"}],"about":[{"href":"https:\/\/ograsmarknad.com\/ga\/wp-json\/wp\/v2\/types\/product"}],"replies":[{"embeddable":true,"href":"https:\/\/ograsmarknad.com\/ga\/wp-json\/wp\/v2\/comments?post=10282"}],"wp:featuredmedia":[{"embeddable":true,"href":"https:\/\/ograsmarknad.com\/ga\/wp-json\/wp\/v2\/media\/10283"}],"wp:attachment":[{"href":"https:\/\/ograsmarknad.com\/ga\/wp-json\/wp\/v2\/media?parent=10282"}],"wp:term":[{"taxonomy":"product_cat","embeddable":true,"href":"https:\/\/ograsmarknad.com\/ga\/wp-json\/wp\/v2\/product_cat?post=10282"},{"taxonomy":"product_tag","embeddable":true,"href":"https:\/\/ograsmarknad.com\/ga\/wp-json\/wp\/v2\/product_tag?post=10282"}],"curies":[{"name":"wp","href":"https:\/\/api.w.org\/{rel}","templated":true}]}}