{"id":9740,"date":"2021-11-08T08:21:35","date_gmt":"2021-11-08T08:21:35","guid":{"rendered":"https:\/\/ograsmarknad.com\/?post_type=product&#038;p=9740"},"modified":"2026-03-14T06:51:15","modified_gmt":"2026-03-14T06:51:15","slug":"cherry-pie","status":"publish","type":"product","link":"https:\/\/ograsmarknad.com\/ga\/product\/cherry-pie\/","title":{"rendered":"Cherry Pie"},"content":{"rendered":"<h2 style=\"text-align: justify;\">Ceannaigh Strain Cherry Pie Ar L\u00edne sa tSualainn, san Fhionlainn, in \u00c5land, sa Danmhairg, san East\u00f3in, san Iorua ar phraghsanna saora ar Ogras Marknad!<\/h2>\n<p style=\"text-align: justify;\"><a href=\"https:\/\/ograsmarknad.com\/ga\/product\/cherry-pie\/\">Pi\u00f3g Sil\u00edn\u00ed ar d\u00edol<\/a>Cros idir Durban Poison agus Granddaddy Purple at\u00e1 ar d\u00edol, is hibrideach an-cheannasach indica (suas le 80%) \u00e9 Cherry Pie. Le tuismitheoir\u00ed chomh rac-cheoil sin, is f\u00e9idir leat a bheith ag s\u00fail go mbeidh an cine\u00e1l seo den chaighde\u00e1n is airde, agus n\u00ed bheidh d\u00edom\u00e1 ort m\u00e1 cheanna\u00edonn t\u00fa \u00e9 \u00f3n bhfoinse cheart.<\/p>\n<p style=\"text-align: justify;\">T\u00e1 rib\u00ed or\u00e1iste \u00e9adroma, bachl\u00f3g l\u00e1idir agus boladh l\u00e1idir ag Cherry Kush. Le l\u00e1r dorcha glas timpeallaithe ag rib\u00ed tiubha donn agus criostail, t\u00e1 cuma iontach air. Is f\u00e9idir leat criostail nua a fheice\u00e1il nach lonra\u00edonn sa solas ach amh\u00e1in m\u00e1 bhriseann t\u00fa isteach i mbachl\u00f3g. <a href=\"https:\/\/ograsmarknad.com\/ga\/\">Glaoigh<\/a> linn agus ceannaigh Cherry Pie ar l\u00edne san Eoraip, sa tSualainn, san Fhionlainn, in \u00c5land, sa Danmhairg, san East\u00f3in, san Iorua ar phraghsanna r\u00e9as\u00fanta.<\/p>\n<h3 style=\"text-align: justify;\">C\u00falra<\/h3>\n<p style=\"text-align: justify;\">Cros\u00e1ladh Grand Daddy Purple le Durban Poison chun Cherry Pie a chruth\u00fa, hibrideach at\u00e1 ceannasach \u00f3 thaobh indica de. Mar sin f\u00e9in, t\u00e1 s\u00e9 deacair teacht ar fh\u00edor-\u00e9ags\u00falacht an chine\u00e1il marijuana leighis seo. N\u00ed bheidh s\u00e9 deacair a thuiscint gurb \u00e9 seo an cine\u00e1l is fearr. T\u00e1 bachl\u00f3ga dl\u00fatha air le rib\u00ed or\u00e1iste agus dath beag corcra ina strucht\u00far strucht\u00farach. D'fh\u00f3in ainm an chult\u00fair marijuana teiripigh seo mar inspior\u00e1id. T\u00e1 boladh pi\u00f3g sil\u00edn\u00ed ar Cherry Pie. Is iad othair a bhfuil comhartha\u00ed soil\u00e9ire PTSD, imn\u00ed, neamhord d\u00e9pholach, migraines, agus neamhoird eile a bhaineann le strus orthu is d\u00f3ich\u00ed a \u00fas\u00e1idfidh \u00e9.<\/p>\n<p style=\"text-align: justify;\">Nuair a \u00fas\u00e1ideann an t-othar \u00e9, is f\u00e9idir leis s\u00faile agus b\u00e9al tirim a spreagadh. Is f\u00e9idir leis cabhr\u00fa leat moth\u00fa euphoric, do chorp agus d'intinn a sc\u00edth a ligean, do chuid moth\u00fach\u00e1n a ard\u00fa, agus do chuid smaointeoireachta a dh\u00edri\u00fa. Gan amhras, is f\u00e9idir leis seo a chumhacht s\u00e1bh\u00e1la a bhun\u00fa d'othair at\u00e1 ag lorg rud \u00e9igin chun stiffness mat\u00e1in agus an m\u00edchompord a ghabhann leis a mhaol\u00fa. Mar fhocal scoir, is fearr le daoine an cine\u00e1l seo de shraith marijuana at\u00e1 \u00fas\u00e1ideach \u00f3 thaobh na m\u00edochaine de thar aon cheann eile toisc go bhfaigheann s\u00e9 faoiseamh \u00f3 na siondr\u00f3im thuasluaite san ord is suaimhn\u00ed, agus c\u00e9 gur f\u00e9idir leis an suaimhneas greann\u00fa a chruth\u00fa, n\u00ed f\u00e9idir a sh\u00e9anadh go bhfuil an tairbhe ann.<\/p>\n<p style=\"text-align: justify;\">M\u00e1s mian leat Strain Cherry Pie a cheannach ar l\u00edne, is muidne an \u00e1it is fearr duit. Roinn sonra\u00ed d\u2019ordaithe maidir le Strain Cherry Pie at\u00e1 ar d\u00edol san Eoraip, sa tSualainn, san Fhionlainn, in \u00c5land, sa Danmhairg, san East\u00f3in, san Iorua anois!<\/p>","protected":false},"excerpt":{"rendered":"<p>For Wholesale please contact us at<br \/>\nWickr ID: @williamspro<br \/>\nor via Whatsapp<br \/>\n<img loading=\"lazy\" decoding=\"async\" class=\"size-full wp-image-10162 alignleft\" src=\"https:\/\/ograsmarknad.com\/wp-content\/uploads\/2021\/11\/trust.jpg\" alt=\"Trust German\" width=\"300\" height=\"129\" srcset=\"https:\/\/ograsmarknad.com\/wp-content\/uploads\/2021\/11\/trust.jpg 300w, https:\/\/ograsmarknad.com\/wp-content\/uploads\/2021\/11\/trust-18x8.jpg 18w\" sizes=\"auto, (max-width: 300px) 100vw, 300px\" \/><\/p>","protected":false},"featured_media":9745,"comment_status":"open","ping_status":"closed","template":"","meta":{"_joinchat":[]},"product_cat":[71],"product_tag":[],"class_list":{"0":"post-9740","1":"product","2":"type-product","3":"status-publish","4":"has-post-thumbnail","6":"product_cat-gras-sw","8":"first","9":"instock","10":"shipping-taxable","11":"purchasable","12":"product-type-variable","13":"has-default-attributes"},"yoast_head":"<!-- This site is optimized with the Yoast SEO plugin v26.3 - https:\/\/yoast.com\/wordpress\/plugins\/seo\/ -->\n<title>Cherry Pie ogr\u00e4ssort till salu \u2013 K\u00f6p Cherry Pie online<\/title>\n<meta name=\"description\" content=\"K\u00f6p Cherry Pie ogr\u00e4ssort online fr\u00e5n Ograsmarknad. Cherry Pie till salu med s\u00f6t k\u00f6rsb\u00e4rssmak och balanserade avslappnande cannabiseffekter.\" \/>\n<meta name=\"robots\" content=\"index, follow, max-snippet:-1, max-image-preview:large, max-video-preview:-1\" \/>\n<link rel=\"canonical\" href=\"https:\/\/ograsmarknad.com\/ga\/product\/cherry-pie\/\" \/>\n<meta property=\"og:locale\" content=\"en_US\" \/>\n<meta property=\"og:type\" content=\"article\" \/>\n<meta property=\"og:title\" content=\"Cherry Pie ogr\u00e4ssort till salu \u2013 K\u00f6p Cherry Pie online\" \/>\n<meta property=\"og:description\" content=\"K\u00f6p Cherry Pie ogr\u00e4ssort online fr\u00e5n Ograsmarknad. Cherry Pie till salu med s\u00f6t k\u00f6rsb\u00e4rssmak och balanserade avslappnande cannabiseffekter.\" \/>\n<meta property=\"og:url\" content=\"https:\/\/ograsmarknad.com\/ga\/product\/cherry-pie\/\" \/>\n<meta property=\"og:site_name\" content=\"Ogras Marknad\" \/>\n<meta property=\"article:modified_time\" content=\"2026-03-14T06:51:15+00:00\" \/>\n<meta property=\"og:image\" content=\"https:\/\/ograsmarknad.com\/wp-content\/uploads\/2021\/11\/cheery-pie.jpg\" \/>\n\t<meta property=\"og:image:width\" content=\"600\" \/>\n\t<meta property=\"og:image:height\" content=\"600\" \/>\n\t<meta property=\"og:image:type\" content=\"image\/jpeg\" \/>\n<meta name=\"twitter:card\" content=\"summary_large_image\" \/>\n<meta name=\"twitter:label1\" content=\"Est. reading time\" \/>\n\t<meta name=\"twitter:data1\" content=\"2 minutes\" \/>\n<!-- \/ Yoast SEO plugin. -->","yoast_head_json":{"title":"Cine\u00e1l fiail\u00ed Cherry Pie ar d\u00edol \u2013 Ceannaigh Cherry Pie ar l\u00edne","description":"Ceannaigh cine\u00e1l fiail\u00ed Cherry Pie ar l\u00edne \u00f3 Ograsmarknad. Cherry Pie ar d\u00edol le blas sil\u00edn\u00ed milis agus \u00e9ifeachta\u00ed cannabais suaimhneacha cothroma.","robots":{"index":"index","follow":"follow","max-snippet":"max-snippet:-1","max-image-preview":"max-image-preview:large","max-video-preview":"max-video-preview:-1"},"canonical":"https:\/\/ograsmarknad.com\/ga\/product\/cherry-pie\/","og_locale":"en_US","og_type":"article","og_title":"Cherry Pie ogr\u00e4ssort till salu \u2013 K\u00f6p Cherry Pie online","og_description":"K\u00f6p Cherry Pie ogr\u00e4ssort online fr\u00e5n Ograsmarknad. Cherry Pie till salu med s\u00f6t k\u00f6rsb\u00e4rssmak och balanserade avslappnande cannabiseffekter.","og_url":"https:\/\/ograsmarknad.com\/ga\/product\/cherry-pie\/","og_site_name":"Ogras Marknad","article_modified_time":"2026-03-14T06:51:15+00:00","og_image":[{"width":600,"height":600,"url":"https:\/\/ograsmarknad.com\/wp-content\/uploads\/2021\/11\/cheery-pie.jpg","type":"image\/jpeg"}],"twitter_card":"summary_large_image","twitter_misc":{"Est. reading time":"2 minutes"},"schema":{"@context":"https:\/\/schema.org","@graph":[{"@type":"WebPage","@id":"https:\/\/ograsmarknad.com\/product\/cherry-pie\/","url":"https:\/\/ograsmarknad.com\/product\/cherry-pie\/","name":"Cine\u00e1l fiail\u00ed Cherry Pie ar d\u00edol \u2013 Ceannaigh Cherry Pie ar l\u00edne","isPartOf":{"@id":"https:\/\/ograsmarknad.com\/#website"},"primaryImageOfPage":{"@id":"https:\/\/ograsmarknad.com\/product\/cherry-pie\/#primaryimage"},"image":{"@id":"https:\/\/ograsmarknad.com\/product\/cherry-pie\/#primaryimage"},"thumbnailUrl":"https:\/\/ograsmarknad.com\/wp-content\/uploads\/2021\/11\/cheery-pie.jpg","datePublished":"2021-11-08T08:21:35+00:00","dateModified":"2026-03-14T06:51:15+00:00","description":"Ceannaigh cine\u00e1l fiail\u00ed Cherry Pie ar l\u00edne \u00f3 Ograsmarknad. Cherry Pie ar d\u00edol le blas sil\u00edn\u00ed milis agus \u00e9ifeachta\u00ed cannabais suaimhneacha cothroma.","breadcrumb":{"@id":"https:\/\/ograsmarknad.com\/product\/cherry-pie\/#breadcrumb"},"inLanguage":"ga","potentialAction":[{"@type":"ReadAction","target":["https:\/\/ograsmarknad.com\/product\/cherry-pie\/"]}]},{"@type":"ImageObject","inLanguage":"ga","@id":"https:\/\/ograsmarknad.com\/product\/cherry-pie\/#primaryimage","url":"https:\/\/ograsmarknad.com\/wp-content\/uploads\/2021\/11\/cheery-pie.jpg","contentUrl":"https:\/\/ograsmarknad.com\/wp-content\/uploads\/2021\/11\/cheery-pie.jpg","width":600,"height":600,"caption":"cheery-pie"},{"@type":"BreadcrumbList","@id":"https:\/\/ograsmarknad.com\/product\/cherry-pie\/#breadcrumb","itemListElement":[{"@type":"ListItem","position":1,"name":"Home","item":"https:\/\/ograsmarknad.com\/"},{"@type":"ListItem","position":2,"name":"Shop","item":"https:\/\/ograsmarknad.com\/shop\/"},{"@type":"ListItem","position":3,"name":"Cherry Pie"}]},{"@type":"WebSite","@id":"https:\/\/ograsmarknad.com\/#website","url":"https:\/\/ograsmarknad.com\/","name":"Ogras Marknad","description":"Ogras Marknad","potentialAction":[{"@type":"SearchAction","target":{"@type":"EntryPoint","urlTemplate":"https:\/\/ograsmarknad.com\/?s={search_term_string}"},"query-input":{"@type":"PropertyValueSpecification","valueRequired":true,"valueName":"search_term_string"}}],"inLanguage":"ga"}]}},"_links":{"self":[{"href":"https:\/\/ograsmarknad.com\/ga\/wp-json\/wp\/v2\/product\/9740","targetHints":{"allow":["GET"]}}],"collection":[{"href":"https:\/\/ograsmarknad.com\/ga\/wp-json\/wp\/v2\/product"}],"about":[{"href":"https:\/\/ograsmarknad.com\/ga\/wp-json\/wp\/v2\/types\/product"}],"replies":[{"embeddable":true,"href":"https:\/\/ograsmarknad.com\/ga\/wp-json\/wp\/v2\/comments?post=9740"}],"wp:featuredmedia":[{"embeddable":true,"href":"https:\/\/ograsmarknad.com\/ga\/wp-json\/wp\/v2\/media\/9745"}],"wp:attachment":[{"href":"https:\/\/ograsmarknad.com\/ga\/wp-json\/wp\/v2\/media?parent=9740"}],"wp:term":[{"taxonomy":"product_cat","embeddable":true,"href":"https:\/\/ograsmarknad.com\/ga\/wp-json\/wp\/v2\/product_cat?post=9740"},{"taxonomy":"product_tag","embeddable":true,"href":"https:\/\/ograsmarknad.com\/ga\/wp-json\/wp\/v2\/product_tag?post=9740"}],"curies":[{"name":"wp","href":"https:\/\/api.w.org\/{rel}","templated":true}]}}